{"id":611101,"date":"2013-10-31T09:35:06","date_gmt":"2013-10-31T08:35:06","guid":{"rendered":"https:\/\/taboofashion.com\/tabu-outlet\/"},"modified":"2023-03-10T21:12:38","modified_gmt":"2023-03-10T20:12:38","slug":"tabu-outlet","status":"publish","type":"page","link":"https:\/\/taboofashion.com\/hu\/tabu-outlet\/","title":{"rendered":"Tabu Outlet"},"content":{"rendered":"<section class=\"wpb-content-wrapper\">[vc_row][vc_column][vc_column_text]<strong>TABOO OUTLET <\/strong><\/p>\n<p>Nyitva tart\u00e1s:<\/p>\n<ul>\n<li>H\u00e9tf\u0151: 9:00 &#8211; 16:00;<\/li>\n<li>Kedd: 9:00 &#8211; 16:00;<\/li>\n<li>H\u00e9t: 9:00 &#8211; 16:00;<\/li>\n<li>Cs: 9:00 &#8211; 16:00;<\/li>\n<li>P\u00e9ntek: 9:00 &#8211; 16:00;<\/li>\n<li>Sat:z\u00e1rva;<\/li>\n<li>Nap:z\u00e1rva.<\/li>\n<\/ul>\n<p>Mobil: +36205789789<\/p>\n<p>E-mail c\u00edm: taboo@taboofashion.com[\/vc_column_text][vc_row_inner][vc_column_inner][vc_column_text]<iframe loading=\"lazy\" style=\"border: 0;\" src=\"https:\/\/www.google.com\/maps\/embed?pb=!1m18!1m12!1m3!1d306.64535172262435!2d19.092569433129682!3d47.5603762965509!2m3!1f0!2f0!3f0!3m2!1i1024!2i768!4f13.1!3m3!1m2!1s0x4741da3637bcb3dd%3A0x173a41b1df8d8c01!2sTaboo%20Outlet%20Taboo%20Hungary%20Kft!5e1!3m2!1shu!2shu!4v1669217585461!5m2!1shu!2shu\" width=\"100%\" height=\"500\" allowfullscreen=\"allowfullscreen\"><\/iframe>[\/vc_column_text][\/vc_column_inner][\/vc_row_inner][\/vc_column][\/vc_row]\n<\/section>","protected":false},"excerpt":{"rendered":"<p>[vc_row][vc_column][vc_column_text]TABOO OUTLET Nyitva tart\u00e1s: H\u00e9tf\u0151: 9:00 &#8211; 16:00; Kedd: 9:00 &#8211; 16:00; H\u00e9t: 9:00 &#8211; 16:00; Cs: 9:00 &#8211; 16:00; P\u00e9ntek: 9:00 &#8211; 16:00; Sat:z\u00e1rva; Nap:z\u00e1rva. Mobil: +36205789789 E-mail c\u00edm: taboo@taboofashion.com[\/vc_column_text][vc_row_inner][vc_column_inner][vc_column_text][\/vc_column_text][\/vc_column_inner][\/vc_row_inner][\/vc_column][\/vc_row]<\/p>\n","protected":false},"author":6,"featured_media":0,"parent":0,"menu_order":0,"comment_status":"open","ping_status":"closed","template":"template-home.php","meta":{"footnotes":""},"class_list":["post-611101","page","type-page","status-publish","hentry"],"yoast_head":"<!-- This site is optimized with the Yoast SEO plugin v21.8 - https:\/\/yoast.com\/wordpress\/plugins\/seo\/ -->\n<title>Tabu Outlet &#8211; Fashion shop<\/title>\n<meta name=\"robots\" content=\"index, follow, max-snippet:-1, max-image-preview:large, max-video-preview:-1\" \/>\n<link rel=\"canonical\" href=\"https:\/\/taboofashion.com\/de\/tabu-outlet\/\" \/>\n<meta property=\"og:locale\" content=\"de_DE\" \/>\n<meta property=\"og:type\" content=\"article\" \/>\n<meta property=\"og:title\" content=\"Tabu Outlet &#8211; Fashion shop\" \/>\n<meta property=\"og:description\" content=\"[vc_row][vc_column][vc_column_text]TABOO OUTLET Nyitva tart\u00e1s: H\u00e9tf\u0151: 9:00 &#8211; 16:00; Kedd: 9:00 &#8211; 16:00; H\u00e9t: 9:00 &#8211; 16:00; Cs: 9:00 &#8211; 16:00; P\u00e9ntek: 9:00 &#8211; 16:00; Sat:z\u00e1rva; Nap:z\u00e1rva. Mobil: +36205789789 E-mail c\u00edm: taboo@taboofashion.com[\/vc_column_text][vc_row_inner][vc_column_inner][vc_column_text][\/vc_column_text][\/vc_column_inner][\/vc_row_inner][\/vc_column][\/vc_row]\" \/>\n<meta property=\"og:url\" content=\"https:\/\/taboofashion.com\/hu\/tabu-outlet\/\" \/>\n<meta property=\"og:site_name\" content=\"Fashion shop\" \/>\n<meta property=\"article:publisher\" content=\"https:\/\/www.facebook.com\/TabooSlovakia\" \/>\n<meta property=\"article:modified_time\" content=\"2023-03-10T20:12:38+00:00\" \/>\n<meta name=\"twitter:card\" content=\"summary_large_image\" \/>\n<script type=\"application\/ld+json\" class=\"yoast-schema-graph\">{\"@context\":\"https:\/\/schema.org\",\"@graph\":[{\"@type\":\"WebPage\",\"@id\":\"https:\/\/taboofashion.com\/hu\/tabu-outlet\/\",\"url\":\"https:\/\/taboofashion.com\/hu\/tabu-outlet\/\",\"name\":\"Tabu Outlet &#8211; Fashion shop\",\"isPartOf\":{\"@id\":\"https:\/\/taboofashion.com\/de\/#website\"},\"datePublished\":\"2013-10-31T08:35:06+00:00\",\"dateModified\":\"2023-03-10T20:12:38+00:00\",\"breadcrumb\":{\"@id\":\"https:\/\/taboofashion.com\/hu\/tabu-outlet\/#breadcrumb\"},\"inLanguage\":\"de\",\"potentialAction\":[{\"@type\":\"ReadAction\",\"target\":[\"https:\/\/taboofashion.com\/hu\/tabu-outlet\/\"]}]},{\"@type\":\"BreadcrumbList\",\"@id\":\"https:\/\/taboofashion.com\/hu\/tabu-outlet\/#breadcrumb\",\"itemListElement\":[{\"@type\":\"ListItem\",\"position\":1,\"name\":\"Home\",\"item\":\"https:\/\/taboofashion.com\/de\/shop\/\"},{\"@type\":\"ListItem\",\"position\":2,\"name\":\"Tabu Outlet\"}]},{\"@type\":\"WebSite\",\"@id\":\"https:\/\/taboofashion.com\/de\/#website\",\"url\":\"https:\/\/taboofashion.com\/de\/\",\"name\":\"Fashion shop\",\"description\":\"\",\"publisher\":{\"@id\":\"https:\/\/taboofashion.com\/de\/#organization\"},\"potentialAction\":[{\"@type\":\"SearchAction\",\"target\":{\"@type\":\"EntryPoint\",\"urlTemplate\":\"https:\/\/taboofashion.com\/de\/?s={search_term_string}\"},\"query-input\":\"required name=search_term_string\"}],\"inLanguage\":\"de\"},{\"@type\":\"Organization\",\"@id\":\"https:\/\/taboofashion.com\/de\/#organization\",\"name\":\"Taboo Slovakia s.r.o.\",\"url\":\"https:\/\/taboofashion.com\/de\/\",\"logo\":{\"@type\":\"ImageObject\",\"inLanguage\":\"de\",\"@id\":\"https:\/\/taboofashion.com\/de\/#\/schema\/logo\/image\/\",\"url\":\"https:\/\/taboofashion.com\/wp-content\/uploads\/2022\/12\/taboologo2100-002.png\",\"contentUrl\":\"https:\/\/taboofashion.com\/wp-content\/uploads\/2022\/12\/taboologo2100-002.png\",\"width\":2100,\"height\":1050,\"caption\":\"Taboo Slovakia s.r.o.\"},\"image\":{\"@id\":\"https:\/\/taboofashion.com\/de\/#\/schema\/logo\/image\/\"},\"sameAs\":[\"https:\/\/www.facebook.com\/TabooSlovakia\",\"https:\/\/www.linkedin.com\/company\/541747\/\",\"https:\/\/www.instagram.com\/taboofashion.com1\/\"]}]}<\/script>\n<!-- \/ Yoast SEO plugin. -->","yoast_head_json":{"title":"Tabu Outlet &#8211; Fashion shop","robots":{"index":"index","follow":"follow","max-snippet":"max-snippet:-1","max-image-preview":"max-image-preview:large","max-video-preview":"max-video-preview:-1"},"canonical":"https:\/\/taboofashion.com\/de\/tabu-outlet\/","og_locale":"de_DE","og_type":"article","og_title":"Tabu Outlet &#8211; Fashion shop","og_description":"[vc_row][vc_column][vc_column_text]TABOO OUTLET Nyitva tart\u00e1s: H\u00e9tf\u0151: 9:00 &#8211; 16:00; Kedd: 9:00 &#8211; 16:00; H\u00e9t: 9:00 &#8211; 16:00; Cs: 9:00 &#8211; 16:00; P\u00e9ntek: 9:00 &#8211; 16:00; Sat:z\u00e1rva; Nap:z\u00e1rva. Mobil: +36205789789 E-mail c\u00edm: taboo@taboofashion.com[\/vc_column_text][vc_row_inner][vc_column_inner][vc_column_text][\/vc_column_text][\/vc_column_inner][\/vc_row_inner][\/vc_column][\/vc_row]","og_url":"https:\/\/taboofashion.com\/hu\/tabu-outlet\/","og_site_name":"Fashion shop","article_publisher":"https:\/\/www.facebook.com\/TabooSlovakia","article_modified_time":"2023-03-10T20:12:38+00:00","twitter_card":"summary_large_image","schema":{"@context":"https:\/\/schema.org","@graph":[{"@type":"WebPage","@id":"https:\/\/taboofashion.com\/hu\/tabu-outlet\/","url":"https:\/\/taboofashion.com\/hu\/tabu-outlet\/","name":"Tabu Outlet &#8211; Fashion shop","isPartOf":{"@id":"https:\/\/taboofashion.com\/de\/#website"},"datePublished":"2013-10-31T08:35:06+00:00","dateModified":"2023-03-10T20:12:38+00:00","breadcrumb":{"@id":"https:\/\/taboofashion.com\/hu\/tabu-outlet\/#breadcrumb"},"inLanguage":"de","potentialAction":[{"@type":"ReadAction","target":["https:\/\/taboofashion.com\/hu\/tabu-outlet\/"]}]},{"@type":"BreadcrumbList","@id":"https:\/\/taboofashion.com\/hu\/tabu-outlet\/#breadcrumb","itemListElement":[{"@type":"ListItem","position":1,"name":"Home","item":"https:\/\/taboofashion.com\/de\/shop\/"},{"@type":"ListItem","position":2,"name":"Tabu Outlet"}]},{"@type":"WebSite","@id":"https:\/\/taboofashion.com\/de\/#website","url":"https:\/\/taboofashion.com\/de\/","name":"Fashion shop","description":"","publisher":{"@id":"https:\/\/taboofashion.com\/de\/#organization"},"potentialAction":[{"@type":"SearchAction","target":{"@type":"EntryPoint","urlTemplate":"https:\/\/taboofashion.com\/de\/?s={search_term_string}"},"query-input":"required name=search_term_string"}],"inLanguage":"de"},{"@type":"Organization","@id":"https:\/\/taboofashion.com\/de\/#organization","name":"Taboo Slovakia s.r.o.","url":"https:\/\/taboofashion.com\/de\/","logo":{"@type":"ImageObject","inLanguage":"de","@id":"https:\/\/taboofashion.com\/de\/#\/schema\/logo\/image\/","url":"https:\/\/taboofashion.com\/wp-content\/uploads\/2022\/12\/taboologo2100-002.png","contentUrl":"https:\/\/taboofashion.com\/wp-content\/uploads\/2022\/12\/taboologo2100-002.png","width":2100,"height":1050,"caption":"Taboo Slovakia s.r.o."},"image":{"@id":"https:\/\/taboofashion.com\/de\/#\/schema\/logo\/image\/"},"sameAs":["https:\/\/www.facebook.com\/TabooSlovakia","https:\/\/www.linkedin.com\/company\/541747\/","https:\/\/www.instagram.com\/taboofashion.com1\/"]}]}},"_links":{"self":[{"href":"https:\/\/taboofashion.com\/de\/wp-json\/wp\/v2\/pages\/611101","targetHints":{"allow":["GET"]}}],"collection":[{"href":"https:\/\/taboofashion.com\/de\/wp-json\/wp\/v2\/pages"}],"about":[{"href":"https:\/\/taboofashion.com\/de\/wp-json\/wp\/v2\/types\/page"}],"author":[{"embeddable":true,"href":"https:\/\/taboofashion.com\/de\/wp-json\/wp\/v2\/users\/6"}],"replies":[{"embeddable":true,"href":"https:\/\/taboofashion.com\/de\/wp-json\/wp\/v2\/comments?post=611101"}],"version-history":[{"count":6,"href":"https:\/\/taboofashion.com\/de\/wp-json\/wp\/v2\/pages\/611101\/revisions"}],"predecessor-version":[{"id":706241,"href":"https:\/\/taboofashion.com\/de\/wp-json\/wp\/v2\/pages\/611101\/revisions\/706241"}],"wp:attachment":[{"href":"https:\/\/taboofashion.com\/de\/wp-json\/wp\/v2\/media?parent=611101"}],"curies":[{"name":"wp","href":"https:\/\/api.w.org\/{rel}","templated":true}]}}