{"id":730463,"date":"2013-11-06T18:13:54","date_gmt":"2013-11-06T17:13:54","guid":{"rendered":"https:\/\/taboofashion.com\/ueber-uns\/"},"modified":"2023-03-17T14:31:53","modified_gmt":"2023-03-17T13:31:53","slug":"ueber-uns","status":"publish","type":"page","link":"https:\/\/taboofashion.com\/de\/ueber-uns\/","title":{"rendered":"\u00dcber uns"},"content":{"rendered":"<section class=\"wpb-content-wrapper\">[vc_row enable_parallax=&#8220;&#8220; parallax_speed=&#8220;0.5&#8243; css=&#8220;.vc_custom_1435544778009{padding-top: 120px !important;padding-bottom: 120px !important;}&#8220;][vc_column][vc_custom_heading text=&#8220;TEAMMITGLIEDER&#8220; font_container=&#8220;tag:div|font_size:42|text_align:center|color:%23050505|line_height:1.2&#8243; google_fonts=&#8220;font_family:Playfair%20Display%3Aregular%2Citalic%2C700%2C700italic%2C900%2C900italic|font_style:400%20regular%3A400%3Anormal&#8220;][vc_empty_space height=&#8220;40px&#8220;][vc_column_text]\n<p id=\"tw-target-text\" class=\"tw-data-text tw-text-large tw-ta\" dir=\"ltr\" data-placeholder=\"Ford\u00edt\u00e1s\"><span class=\"Y2IQFc\" lang=\"en\">Taboo Fashion House befasst sich seit mehr als drei\u00dfig Jahren mit dem Design, der Herstellung und dem Vertrieb von Hemden und Anz\u00fcgen und anderen Bekleidungsprodukten und ist daher seit mehreren Jahrzehnten im Bereich der formellen Kleidung und der Berufsbekleidung zu Hause und bem\u00fcht sich, Ihnen eine wirklich lohnende Alternative zu bieten, mit der Sie letztendlich wirklich zufrieden sein k\u00f6nnen.  <\/span>Wir sind bestrebt, zu erkl\u00e4ren und aufzukl\u00e4ren, aber wir passen uns auch den Bed\u00fcrfnissen unserer Kunden an, denn sie stehen an erster Stelle.<\/p>\n[\/vc_column_text][\/vc_column][\/vc_row][vc_row enable_parallax=&#8220;&#8220; parallax_speed=&#8220;0.5&#8243;][vc_column width=&#8220;1\/4&#8243;]<div class=\"member\"><div class=\"member-image\"><img decoding=\"async\" src=\"https:\/\/taboofashion.com\/wp-content\/uploads\/2022\/10\/Eva-Tasi2.jpg\" \/><\/div>\r\n        <h3 class=\"title-sc member-name\">\u00c9va Tasi<\/h3>\r\n        <p> <em>Sales Director<\/em> <\/p><p>Zusammenarbeit mit den leitenden Angestellten, um den Betrieb des Unternehmens und der Organisation zu \u00fcberwachen. Kn\u00fcpfen neuer Gesch\u00e4ftskontakte, Interaktion mit Kunden. Entwicklung von Verkaufsstrategien und -pl\u00e4nen. Koordinierung der Bem\u00fchungen verschiedener Abteilungen, wie z. B. Marketing und Vertrieb, um die Unternehmensziele zu erreichen.<\/p><div class=\"member-social\"><ul><li style=\"background-color:#000\"><a href=\"mailto:eva.botka@taboofashion.com\" class=\"ico-mail\" title=\"Mail\" style=\"color:#ffffff\"><\/a><\/li><li style=\"background-color:#000\"><a href=\"https:\/\/www.facebook.com\/profile.php?id=100057165233163\" target=\"_blank\"class=\"ico-facebook\" title=\"Facebook\" style=\"color:#ffffff\"><\/a><\/li><\/ul><\/div><\/div>[vc_empty_space height=&#8220;20px&#8220;][\/vc_column][vc_column width=&#8220;1\/4&#8243;]<div class=\"member\"><div class=\"member-image\"><img decoding=\"async\" src=\"https:\/\/taboofashion.com\/wp-content\/uploads\/2022\/10\/Botka-Agnes2.jpg\" \/><\/div>\r\n        <h3 class=\"title-sc member-name\">Agnes Botka<\/h3>\r\n        <p> <em>Marketing<\/em> <\/p><p>Verantwortlich f\u00fcr die Planung, Erstellung und Durchf\u00fchrung von Marketingkampagnen zur Erweiterung der Reichweite des Unternehmens und der potenziellen Kundenpipeline. Marketing, Kommunikation, Digital Media Design, Buchhaltung und viele andere Bereiche wie Content Writing oder Marketingstrategien.<\/p><div class=\"member-social\"><ul><li style=\"background-color:#000\"><a href=\"mailto:taboo@taboofashion.com\" class=\"ico-mail\" title=\"Mail\" style=\"color:#ffffff\"><\/a><\/li><li style=\"background-color:#000\"><a href=\"https:\/\/www.facebook.com\/Taboohungary\" target=\"_blank\"class=\"ico-facebook\" title=\"Facebook\" style=\"color:#ffffff\"><\/a><\/li><\/ul><\/div><\/div>[vc_empty_space height=&#8220;20px&#8220;][\/vc_column][vc_column width=&#8220;1\/4&#8243;]<div class=\"member\"><div class=\"member-image\"><img decoding=\"async\" src=\"https:\/\/taboofashion.com\/wp-content\/uploads\/2022\/10\/customer-service.jpg\" \/><\/div>\r\n        <h3 class=\"title-sc member-name\">Eva Kalmar<\/h3>\r\n        <p> <em>Customer Service Representative<\/em> <\/p><p>Mit Kunden kommunizieren, wenn sie ein Problem haben, Beschwerden bearbeiten, ihnen geeignete L\u00f6sungen anbieten, Fragen der Kunden zu Produkten und Dienstleistungen beantworten, Bestellungen entgegennehmen und R\u00fccksendungen bearbeiten, Aufzeichnungen \u00fcber Kundenkontakte f\u00fchren.<\/p><div class=\"member-social\"><ul><li style=\"background-color:#000\"><a href=\"mailto:taboo@taboofashion.com\" class=\"ico-mail\" title=\"Mail\" style=\"color:#ffffff\"><\/a><\/li><li style=\"background-color:#000\"><a href=\"https:\/\/www.facebook.com\/FormaruhaMunkaruha\" target=\"_blank\"class=\"ico-facebook\" title=\"Facebook\" style=\"color:#ffffff\"><\/a><\/li><\/ul><\/div><\/div>[vc_empty_space height=&#8220;20px&#8220;][\/vc_column][vc_column width=&#8220;1\/4&#8243;]<div class=\"member\"><div class=\"member-image\"><img decoding=\"async\" src=\"https:\/\/taboofashion.com\/wp-content\/uploads\/2022\/11\/BotkaZoltan-b-w-1.jpg\" \/><\/div>\r\n        <h3 class=\"title-sc member-name\">Zoltan Botka<\/h3>\r\n        <p> <em>Photographer, Online Marketing<\/em> <\/p><p>Arbeitet an einer Vielzahl von digitalen Marketingprogrammen und steuert eine Reihe verschiedener digitaler Marketingkomponenten, wie z. B. Content, E-Mail, Mobile, Social Media, SEO, Paid Search. Verantwortlich f\u00fcr das Fotografieren von Kleidung, Accessoires und Modemodellen sowie f\u00fcr die Zusammenarbeit mit Haar- und Modestylisten.<\/p><div class=\"member-social\"><ul><li style=\"background-color:#000\"><a href=\"mailto:zoltan.botka@taboofashion.com\" class=\"ico-mail\" title=\"Mail\" style=\"color:#ffffff\"><\/a><\/li><li style=\"background-color:#000\"><a href=\"https:\/\/www.facebook.com\/BotkaZoltan\" target=\"_blank\"class=\"ico-facebook\" title=\"Facebook\" style=\"color:#ffffff\"><\/a><\/li><\/ul><\/div><\/div>[\/vc_column][\/vc_row][vc_row full_width=&#8220;stretch_row&#8220; parallax=&#8220;content-moving&#8220; enable_parallax=&#8220;false&#8220; parallax_speed=&#8220;0.25&#8243; css=&#8220;.vc_custom_1666524112224{margin-top: 120px !important;padding-top: 180px !important;padding-bottom: 180px !important;background-image: url(https:\/\/taboofashion.com\/wp-content\/uploads\/2022\/10\/shutterstock_640438393-OK.jpg?id=515431) !important;}&#8220;][vc_column][vc_custom_heading text=&#8220;&#8220; font_container=&#8220;tag:div|font_size:42|text_align:center|color:%23000000|line_height:1.2&#8243; google_fonts=&#8220;font_family:Playfair%20Display%3Aregular%2Citalic%2C700%2C700italic%2C900%2C900italic|font_style:400%20regular%3A400%3Anormal&#8220;][\/vc_column][\/vc_row][vc_row enable_parallax=&#8220;&#8220; parallax_speed=&#8220;0.5&#8243; css=&#8220;.vc_custom_1435544778009{padding-top: 120px !important;padding-bottom: 120px !important;}&#8220;][vc_column][vc_custom_heading text=&#8220;BRANDS&#8220; font_container=&#8220;tag:div|font_size:42|text_align:center|color:%23050505|line_height:1.2&#8243; google_fonts=&#8220;font_family:Playfair%20Display%3Aregular%2Citalic%2C700%2C700italic%2C900%2C900italic|font_style:400%20regular%3A400%3Anormal&#8220;][vc_empty_space height=&#8220;40px&#8220;][vc_column_text]Atlantis Headwear, B&amp;C, Babybugt, BagBase, Beechfield, DARE2B, Elite\/Edit, Fare, Flexfit, Fruit of th Loom, Halfar, HRM, James &amp; Nicholson, Kariban, Kariban ProAct, Kimood, Korntex, Mantis, Myrtle Beach, NEOBLUE, Neutral, Premier, Promodoro, Quadra, Result, Result Headwear, RTP, Russell, Seidensticker, SOL&#8217;S, Spiro, Stedman, Tee Jays, The One Towelling, Westford Mill<\/p>\n[\/vc_column_text][\/vc_column][\/vc_row][vc_row enable_parallax=&#8220;&#8220; parallax_speed=&#8220;0.5&#8243;][vc_column width=&#8220;1\/3&#8243;]<div class=\"shortcode_our_services\" style=\"text-align:left\"><div class=\"shortcode_our_services_icon\"><div class=\"style1\" style=\"background:#0c0c0c;\"><em class=\"fa fa-smile-o \" style=\"color:#ffffff\"><\/em><\/div><\/div><div class=\"shortcode_our_services_content\"><h2 class=\"title-sc\">Unsere Referenzen<\/h2><p>Einige unserer Referenzen im Bereich der Gastfreundschaft &#8211; Parisi Udvar Hotel, Ritz-Carlton Hotel, Marriott Hotel, Aria Hotel Budapest, Airport Hotel Budapest, Corinthia Hotel Budapest, MEININGER Budapest Gro\u00dfe Markthalle, Erzs\u00e9bet Nagy Sz\u00e1lloda Paks.<\/p><a href=\"https:\/\/munkaruhazat.com\/\" target=\"_blank\" style=\"color:\" >Learn More<\/a><\/div><\/div>[vc_empty_space height=&#8220;40px&#8220;][\/vc_column][vc_column width=&#8220;1\/3&#8243;]<div class=\"shortcode_our_services\" style=\"text-align:left\"><div class=\"shortcode_our_services_icon\"><div class=\"style1\" style=\"background:#0c0c0c;\"><em class=\"fa fa-certificate \" style=\"color:#ffffff\"><\/em><\/div><\/div><div class=\"shortcode_our_services_content\"><h2 class=\"title-sc\">James &amp; Nicholson<\/h2><p>James &amp; Nicholson stellt Kleidung in stilvollem und modernem Design her. Sie sind bekannt f\u00fcr gute Qualit\u00e4t zu vern\u00fcnftigen Preisen. Werbekleidung f\u00fcr jede Art von Veranstaltung. Die Marke geh\u00f6rt zu dem deutschen Konzern Daiber mit mehr als 100 Jahren Erfahrung in der Textilindustrie.<\/p><a href=\"\" target=\"_self\" style=\"color:\" ><\/a><\/div><\/div>[vc_empty_space height=&#8220;40px&#8220;][\/vc_column][vc_column width=&#8220;1\/3&#8243;]<div class=\"shortcode_our_services\" style=\"text-align:left\"><div class=\"shortcode_our_services_icon\"><div class=\"style1\" style=\"background:#0c0c0c;\"><em class=\"fa fa-heart-o \" style=\"color:#ffffff\"><\/em><\/div><\/div><div class=\"shortcode_our_services_content\"><h2 class=\"title-sc\">Corporate Wear<\/h2><p>Die Art und Weise, wie Mitarbeiter das Unternehmen, die Waren oder Dienstleistungen repr\u00e4sentieren und positionieren, kann oft entscheidend f\u00fcr den Gesch\u00e4ftserfolg eines Unternehmens sein. Konsistenz ist wichtig. Egal, ob es sich um eine Branche handelt, die von der Gastronomie \u00fcber die Maschinenindustrie bis hin zu Dienstleistungen reicht, ob man auf die Baustelle geht, in der Fabrik arbeitet oder sogar in einer Arztpraxis. Da wir am meisten mit den Menschen verbunden sind, ist ihr Aussehen am wichtigsten.<\/p><a href=\"https:\/\/www.formaruha-munkaruha.hu\/\" target=\"_blank\" style=\"color:\" >Learn More<\/a><\/div><\/div>[vc_empty_space height=&#8220;40px&#8220;][\/vc_column][\/vc_row][vc_row enable_parallax=&#8220;&#8220; parallax_speed=&#8220;0.5&#8243;][vc_column width=&#8220;1\/3&#8243;]<div class=\"shortcode_our_services\" style=\"text-align:left\"><div class=\"shortcode_our_services_icon\"><div class=\"style1\" style=\"background:#0c0c0c;\"><em class=\"fa fa-shopping-cart \" style=\"color:#ffffff\"><\/em><\/div><\/div><div class=\"shortcode_our_services_content\"><h2 class=\"title-sc\">Webshop<\/h2><p>Der Webshop enth\u00e4lt mehr als 30 verschiedene Marken und Kategorien. Unabh\u00e4ngig vom Alter finden Sie im Webshop Damen-, Herren-, Kinder- und Babykleidung.<\/p><a href=\"https:\/\/taboofashion.com\/shop\/\" target=\"_self\" style=\"color:\" >Learn More<\/a><\/div><\/div>[vc_empty_space height=&#8220;40px&#8220;][\/vc_column][vc_column width=&#8220;1\/3&#8243;]<div class=\"shortcode_our_services\" style=\"text-align:left\"><div class=\"shortcode_our_services_icon\"><div class=\"style1\" style=\"background:#0c0c0c;\"><em class=\"fa fa-recycle \" style=\"color:#ffffff\"><\/em><\/div><\/div><div class=\"shortcode_our_services_content\"><h2 class=\"title-sc\">Nachhaltigkeit<\/h2><p>Es ist noch nicht klar, wie unsere nachhaltige Zukunft aussehen wird, aber mit den neuen Technologien und der Verbesserung \u00e4lterer, sauberer Brennstoffquellen blicken viele Menschen jetzt auf eine Welt ohne fossile Brennstoffe.<\/p><a href=\"\" target=\"_self\" style=\"color:\" ><\/a><\/div><\/div>[vc_empty_space height=&#8220;40px&#8220;][\/vc_column][vc_column width=&#8220;1\/3&#8243;]<div class=\"shortcode_our_services\" style=\"text-align:left\"><div class=\"shortcode_our_services_icon\"><div class=\"style1\" style=\"background:#0c0c0c;\"><em class=\"fa fa-heart \" style=\"color:#ffffff\"><\/em><\/div><\/div><div class=\"shortcode_our_services_content\"><h2 class=\"title-sc\">TABOO Mode<\/h2><p>Unter Mitwirkung bekannter Modedesigner arbeiten wir st\u00e4ndig an den Entw\u00fcrfen und ber\u00fccksichtigen dabei die Erfahrung und Marktkenntnis unseres Teams.<\/p><a href=\"https:\/\/www.taboo-hungary.eu\/\" target=\"_blank\" style=\"color:\" >Learn More<\/a><\/div><\/div>[vc_empty_space height=&#8220;40px&#8220;][\/vc_column][\/vc_row][vc_row enable_parallax=&#8220;&#8220; parallax_speed=&#8220;0.5&#8243; css=&#8220;.vc_custom_1435547281264{padding-top: 120px !important;padding-bottom: 40px !important;}&#8220;][vc_column width=&#8220;1\/3&#8243; css=&#8220;.vc_custom_1666616345568{padding-top: 180px !important;padding-bottom: 180px !important;background-image: url(https:\/\/taboofashion.com\/wp-content\/uploads\/2022\/10\/slide_jakets3-1.jpg?id=515618) !important;}&#8220;][vc_custom_heading text=&#8220;JACKEN&#8220; font_container=&#8220;tag:div|font_size:24|text_align:center|color:%23ffffff|line_height:1.2&#8243; google_fonts=&#8220;font_family:Playfair%20Display%3Aregular%2Citalic%2C700%2C700italic%2C900%2C900italic|font_style:400%20regular%3A400%3Anormal&#8220; css=&#8220;.vc_custom_1676987311441{padding: 30px !important;}&#8220; link=&#8220;url:https%3A%2F%2Ftaboofashion.com%2Fshop%2F%3Fwpf_filter_cat_0%3D125%26wpf_fbv%3D1|title:Jacken|target:_blank|&#8220;][vc_btn title=&#8220;JETZT EINKAUFEN&#8220; style=&#8220;outline&#8220; shape=&#8220;square&#8220; size=&#8220;sm&#8220; align=&#8220;center&#8220; link=&#8220;url:https%3A%2F%2Ftaboofashion.com%2Ftermek%2Fjames-nicholson-jn-1082-mens-down-jacket%2F|title:JN%201082%20Herren%20Daunenjacke|target:_blank|&#8220;][\/vc_column][vc_column width=&#8220;1\/3&#8243; css=&#8220;.vc_custom_1666815685123{padding-top: 180px !important;padding-bottom: 180px !important;background-image: url(https:\/\/taboofashion.com\/wp-content\/uploads\/2022\/10\/Slide_1workwear.jpg?id=516214) !important;background-position: center !important;background-repeat: no-repeat !important;background-size: cover !important;}&#8220;][vc_custom_heading text=&#8220;ARBEITSKLEIDUNG&#8220; font_container=&#8220;tag:div|font_size:24|text_align:center|color:%23ffffff|line_height:1.2&#8243; google_fonts=&#8220;font_family:Playfair%20Display%3Aregular%2Citalic%2C700%2C700italic%2C900%2C900italic|font_style:400%20regular%3A400%3Anormal&#8220; css=&#8220;.vc_custom_1668031760963{padding-top: 30px !important;padding-bottom: 30px !important;}&#8220; link=&#8220;url:https%3A%2F%2Ftaboofashion.com%2Fshop%2F%3Fwpf_filter_cat_0%3D126%26wpf_fbv%3D1|title:Berufsbekleidung|target:_blank|&#8220;][vc_btn title=&#8220;JETZT EINKAUFEN&#8220; style=&#8220;outline&#8220; shape=&#8220;square&#8220; size=&#8220;sm&#8220; align=&#8220;center&#8220; link=&#8220;url:https%3A%2F%2Ftaboofashion.com%2Ftermek%2Fjames-nicholson-jn-1832-42-60-workwear-pants-modern-style-strong%2F|title:JN%201832%20%2842-60%29%20Workwear-Hose%20%22Modern%20Style%22%20-%20Stark|target:_blank|&#8220;][\/vc_column][vc_column width=&#8220;1\/3&#8243; css=&#8220;.vc_custom_1666816164286{padding-top: 180px !important;padding-bottom: 180px !important;background-image: url(https:\/\/taboofashion.com\/wp-content\/uploads\/2022\/10\/shirts-4.jpg?id=516230) !important;background-position: center !important;background-repeat: no-repeat !important;background-size: cover !important;}&#8220;][vc_custom_heading text=&#8220;SHIRTS&#8220; font_container=&#8220;tag:div|font_size:24|text_align:center|color:%23ffffff|line_height:1.2&#8243; google_fonts=&#8220;font_family:Playfair%20Display%3Aregular%2Citalic%2C700%2C700italic%2C900%2C900italic|font_style:400%20regular%3A400%3Anormal&#8220; css=&#8220;.vc_custom_1668031859418{padding-top: 30px !important;padding-bottom: 30px !important;}&#8220; link=&#8220;url:https%3A%2F%2Ftaboofashion.com%2Fshop%2F%3Fwpf_filter_cat_0%3D155%26wpf_fbv%3D1|title:Hemden|target:_blank|&#8220;][vc_btn title=&#8220;JETZT EINKAUFEN&#8220; style=&#8220;outline&#8220; shape=&#8220;square&#8220; size=&#8220;sm&#8220; align=&#8220;center&#8220; link=&#8220;url:https%3A%2F%2Ftaboofashion.com%2Ftermek%2Fjames-nicholson-jn-682-micro-twill-shirt-long-sleeve%2F|title:JN%20682%20Micro-Twill%20Hemd%20lang%C3%A4rmlig|target:_blank|&#8220;][\/vc_column][\/vc_row]\n<\/section>","protected":false},"excerpt":{"rendered":"<p>[vc_row enable_parallax=&#8220;&#8220; parallax_speed=&#8220;0.5&#8243; css=&#8220;.vc_custom_1435544778009{padding-top: 120px !important;padding-bottom: 120px !important;}&#8220;][vc_column][vc_custom_heading text=&#8220;TEAMMITGLIEDER&#8220; font_container=&#8220;tag:div|font_size:42|text_align:center|color:%23050505|line_height:1.2&#8243; google_fonts=&#8220;font_family:Playfair%20Display%3Aregular%2Citalic%2C700%2C700italic%2C900%2C900italic|font_style:400%20regular%3A400%3Anormal&#8220;][vc_empty_space height=&#8220;40px&#8220;][vc_column_text] Taboo Fashion House befasst sich seit mehr als drei\u00dfig Jahren mit dem Design, der Herstellung und dem Vertrieb von Hemden und Anz\u00fcgen und anderen Bekleidungsprodukten und ist daher seit mehreren Jahrzehnten im Bereich der formellen Kleidung und der Berufsbekleidung zu Hause und bem\u00fcht [&hellip;]<\/p>\n","protected":false},"author":6,"featured_media":0,"parent":0,"menu_order":0,"comment_status":"closed","ping_status":"closed","template":"template-home.php","meta":{"footnotes":""},"class_list":["post-730463","page","type-page","status-publish","hentry"],"yoast_head":"<!-- This site is optimized with the Yoast SEO plugin v21.8 - https:\/\/yoast.com\/wordpress\/plugins\/seo\/ -->\n<title>\u00dcber uns &#8211; Fashion shop<\/title>\n<meta name=\"robots\" content=\"index, follow, max-snippet:-1, max-image-preview:large, max-video-preview:-1\" \/>\n<link rel=\"canonical\" href=\"https:\/\/taboofashion.com\/de\/ueber-uns\/\" \/>\n<meta property=\"og:locale\" content=\"de_DE\" \/>\n<meta property=\"og:type\" content=\"article\" \/>\n<meta property=\"og:title\" content=\"\u00dcber uns &#8211; Fashion shop\" \/>\n<meta property=\"og:description\" content=\"[vc_row enable_parallax=&#8220;&#8220; parallax_speed=&#8220;0.5&#8243; css=&#8220;.vc_custom_1435544778009{padding-top: 120px !important;padding-bottom: 120px !important;}&#8220;][vc_column][vc_custom_heading text=&#8220;TEAMMITGLIEDER&#8220; font_container=&#8220;tag:div|font_size:42|text_align:center|color:%23050505|line_height:1.2&#8243; google_fonts=&#8220;font_family:Playfair%20Display%3Aregular%2Citalic%2C700%2C700italic%2C900%2C900italic|font_style:400%20regular%3A400%3Anormal&#8220;][vc_empty_space height=&#8220;40px&#8220;][vc_column_text] Taboo Fashion House befasst sich seit mehr als drei\u00dfig Jahren mit dem Design, der Herstellung und dem Vertrieb von Hemden und Anz\u00fcgen und anderen Bekleidungsprodukten und ist daher seit mehreren Jahrzehnten im Bereich der formellen Kleidung und der Berufsbekleidung zu Hause und bem\u00fcht [&hellip;]\" \/>\n<meta property=\"og:url\" content=\"https:\/\/taboofashion.com\/de\/ueber-uns\/\" \/>\n<meta property=\"og:site_name\" content=\"Fashion shop\" \/>\n<meta property=\"article:publisher\" content=\"https:\/\/www.facebook.com\/TabooSlovakia\" \/>\n<meta property=\"article:modified_time\" content=\"2023-03-17T13:31:53+00:00\" \/>\n<meta name=\"twitter:card\" content=\"summary_large_image\" \/>\n<script type=\"application\/ld+json\" class=\"yoast-schema-graph\">{\"@context\":\"https:\/\/schema.org\",\"@graph\":[{\"@type\":\"WebPage\",\"@id\":\"https:\/\/taboofashion.com\/de\/ueber-uns\/\",\"url\":\"https:\/\/taboofashion.com\/de\/ueber-uns\/\",\"name\":\"\u00dcber uns &#8211; Fashion shop\",\"isPartOf\":{\"@id\":\"https:\/\/taboofashion.com\/de\/#website\"},\"datePublished\":\"2013-11-06T17:13:54+00:00\",\"dateModified\":\"2023-03-17T13:31:53+00:00\",\"breadcrumb\":{\"@id\":\"https:\/\/taboofashion.com\/de\/ueber-uns\/#breadcrumb\"},\"inLanguage\":\"de\",\"potentialAction\":[{\"@type\":\"ReadAction\",\"target\":[\"https:\/\/taboofashion.com\/de\/ueber-uns\/\"]}]},{\"@type\":\"BreadcrumbList\",\"@id\":\"https:\/\/taboofashion.com\/de\/ueber-uns\/#breadcrumb\",\"itemListElement\":[{\"@type\":\"ListItem\",\"position\":1,\"name\":\"Home\",\"item\":\"https:\/\/taboofashion.com\/de\/shop\/\"},{\"@type\":\"ListItem\",\"position\":2,\"name\":\"\u00dcber uns\"}]},{\"@type\":\"WebSite\",\"@id\":\"https:\/\/taboofashion.com\/de\/#website\",\"url\":\"https:\/\/taboofashion.com\/de\/\",\"name\":\"Fashion shop\",\"description\":\"\",\"publisher\":{\"@id\":\"https:\/\/taboofashion.com\/de\/#organization\"},\"potentialAction\":[{\"@type\":\"SearchAction\",\"target\":{\"@type\":\"EntryPoint\",\"urlTemplate\":\"https:\/\/taboofashion.com\/de\/?s={search_term_string}\"},\"query-input\":\"required name=search_term_string\"}],\"inLanguage\":\"de\"},{\"@type\":\"Organization\",\"@id\":\"https:\/\/taboofashion.com\/de\/#organization\",\"name\":\"Taboo Slovakia s.r.o.\",\"url\":\"https:\/\/taboofashion.com\/de\/\",\"logo\":{\"@type\":\"ImageObject\",\"inLanguage\":\"de\",\"@id\":\"https:\/\/taboofashion.com\/de\/#\/schema\/logo\/image\/\",\"url\":\"https:\/\/taboofashion.com\/wp-content\/uploads\/2022\/12\/taboologo2100-002.png\",\"contentUrl\":\"https:\/\/taboofashion.com\/wp-content\/uploads\/2022\/12\/taboologo2100-002.png\",\"width\":2100,\"height\":1050,\"caption\":\"Taboo Slovakia s.r.o.\"},\"image\":{\"@id\":\"https:\/\/taboofashion.com\/de\/#\/schema\/logo\/image\/\"},\"sameAs\":[\"https:\/\/www.facebook.com\/TabooSlovakia\",\"https:\/\/www.linkedin.com\/company\/541747\/\",\"https:\/\/www.instagram.com\/taboofashion.com1\/\"]}]}<\/script>\n<!-- \/ Yoast SEO plugin. -->","yoast_head_json":{"title":"\u00dcber uns &#8211; Fashion shop","robots":{"index":"index","follow":"follow","max-snippet":"max-snippet:-1","max-image-preview":"max-image-preview:large","max-video-preview":"max-video-preview:-1"},"canonical":"https:\/\/taboofashion.com\/de\/ueber-uns\/","og_locale":"de_DE","og_type":"article","og_title":"\u00dcber uns &#8211; Fashion shop","og_description":"[vc_row enable_parallax=&#8220;&#8220; parallax_speed=&#8220;0.5&#8243; css=&#8220;.vc_custom_1435544778009{padding-top: 120px !important;padding-bottom: 120px !important;}&#8220;][vc_column][vc_custom_heading text=&#8220;TEAMMITGLIEDER&#8220; font_container=&#8220;tag:div|font_size:42|text_align:center|color:%23050505|line_height:1.2&#8243; google_fonts=&#8220;font_family:Playfair%20Display%3Aregular%2Citalic%2C700%2C700italic%2C900%2C900italic|font_style:400%20regular%3A400%3Anormal&#8220;][vc_empty_space height=&#8220;40px&#8220;][vc_column_text] Taboo Fashion House befasst sich seit mehr als drei\u00dfig Jahren mit dem Design, der Herstellung und dem Vertrieb von Hemden und Anz\u00fcgen und anderen Bekleidungsprodukten und ist daher seit mehreren Jahrzehnten im Bereich der formellen Kleidung und der Berufsbekleidung zu Hause und bem\u00fcht [&hellip;]","og_url":"https:\/\/taboofashion.com\/de\/ueber-uns\/","og_site_name":"Fashion shop","article_publisher":"https:\/\/www.facebook.com\/TabooSlovakia","article_modified_time":"2023-03-17T13:31:53+00:00","twitter_card":"summary_large_image","schema":{"@context":"https:\/\/schema.org","@graph":[{"@type":"WebPage","@id":"https:\/\/taboofashion.com\/de\/ueber-uns\/","url":"https:\/\/taboofashion.com\/de\/ueber-uns\/","name":"\u00dcber uns &#8211; Fashion shop","isPartOf":{"@id":"https:\/\/taboofashion.com\/de\/#website"},"datePublished":"2013-11-06T17:13:54+00:00","dateModified":"2023-03-17T13:31:53+00:00","breadcrumb":{"@id":"https:\/\/taboofashion.com\/de\/ueber-uns\/#breadcrumb"},"inLanguage":"de","potentialAction":[{"@type":"ReadAction","target":["https:\/\/taboofashion.com\/de\/ueber-uns\/"]}]},{"@type":"BreadcrumbList","@id":"https:\/\/taboofashion.com\/de\/ueber-uns\/#breadcrumb","itemListElement":[{"@type":"ListItem","position":1,"name":"Home","item":"https:\/\/taboofashion.com\/de\/shop\/"},{"@type":"ListItem","position":2,"name":"\u00dcber uns"}]},{"@type":"WebSite","@id":"https:\/\/taboofashion.com\/de\/#website","url":"https:\/\/taboofashion.com\/de\/","name":"Fashion shop","description":"","publisher":{"@id":"https:\/\/taboofashion.com\/de\/#organization"},"potentialAction":[{"@type":"SearchAction","target":{"@type":"EntryPoint","urlTemplate":"https:\/\/taboofashion.com\/de\/?s={search_term_string}"},"query-input":"required name=search_term_string"}],"inLanguage":"de"},{"@type":"Organization","@id":"https:\/\/taboofashion.com\/de\/#organization","name":"Taboo Slovakia s.r.o.","url":"https:\/\/taboofashion.com\/de\/","logo":{"@type":"ImageObject","inLanguage":"de","@id":"https:\/\/taboofashion.com\/de\/#\/schema\/logo\/image\/","url":"https:\/\/taboofashion.com\/wp-content\/uploads\/2022\/12\/taboologo2100-002.png","contentUrl":"https:\/\/taboofashion.com\/wp-content\/uploads\/2022\/12\/taboologo2100-002.png","width":2100,"height":1050,"caption":"Taboo Slovakia s.r.o."},"image":{"@id":"https:\/\/taboofashion.com\/de\/#\/schema\/logo\/image\/"},"sameAs":["https:\/\/www.facebook.com\/TabooSlovakia","https:\/\/www.linkedin.com\/company\/541747\/","https:\/\/www.instagram.com\/taboofashion.com1\/"]}]}},"_links":{"self":[{"href":"https:\/\/taboofashion.com\/de\/wp-json\/wp\/v2\/pages\/730463","targetHints":{"allow":["GET"]}}],"collection":[{"href":"https:\/\/taboofashion.com\/de\/wp-json\/wp\/v2\/pages"}],"about":[{"href":"https:\/\/taboofashion.com\/de\/wp-json\/wp\/v2\/types\/page"}],"author":[{"embeddable":true,"href":"https:\/\/taboofashion.com\/de\/wp-json\/wp\/v2\/users\/6"}],"replies":[{"embeddable":true,"href":"https:\/\/taboofashion.com\/de\/wp-json\/wp\/v2\/comments?post=730463"}],"version-history":[{"count":4,"href":"https:\/\/taboofashion.com\/de\/wp-json\/wp\/v2\/pages\/730463\/revisions"}],"predecessor-version":[{"id":730497,"href":"https:\/\/taboofashion.com\/de\/wp-json\/wp\/v2\/pages\/730463\/revisions\/730497"}],"wp:attachment":[{"href":"https:\/\/taboofashion.com\/de\/wp-json\/wp\/v2\/media?parent=730463"}],"curies":[{"name":"wp","href":"https:\/\/api.w.org\/{rel}","templated":true}]}}