{"id":734271,"date":"2022-08-24T21:09:54","date_gmt":"2022-08-24T19:09:54","guid":{"rendered":"https:\/\/taboofashion.com\/shop\/bc-set-in-herrenpullover\/"},"modified":"2023-04-03T16:39:00","modified_gmt":"2023-04-03T14:39:00","slug":"bc-set-in-herrenpullover","status":"publish","type":"product","link":"https:\/\/taboofashion.com\/de\/produkt\/bc-set-in-herrenpullover\/","title":{"rendered":"#Set In Herrenpullover"},"content":{"rendered":"<p>Gerader Schnitt, klassisches Rundhals-Sweatshirt, Single-Jersey-Halbmond auf der R\u00fcckeninnenseite, optimale Druckfl\u00e4che, neutrales Gr\u00f6\u00dfenetikett<\/p>\n","protected":false},"excerpt":{"rendered":"<p>280g\/m\u00b2, 80% einlaufvorbehandelte ringgesponnene Baumwolle, 20% Polyester, grau meliert: 92% Baumwolle, 8% Viskose, andere meliert: 60% Baumwolle, 40% Polyester, French Terry (innen nicht angeraut)<\/p>\n","protected":false},"featured_media":729436,"template":"","meta":[],"product_cat":[2168],"product_tag":[],"class_list":{"0":"post-734271","1":"product","2":"type-product","3":"status-publish","4":"has-post-thumbnail","6":"product_cat-laessiger-pullover-de","7":"pa_brand-bc-collection-de","8":"pa_colour-asphalt-de","9":"pa_colour-bonbonrosa","10":"pa_colour-elefant-grau","11":"pa_colour-erika-dunkelgrun","12":"pa_colour-erika-lila","13":"pa_colour-erikarot","14":"pa_colour-grau-meliert","15":"pa_colour-grauer-zahn","16":"pa_colour-hawaiianisches-blau","17":"pa_colour-heide-marine","18":"pa_colour-heideasphalt","19":"pa_colour-kelly-green-de","20":"pa_colour-konigsblau-meliert","21":"pa_colour-lavendel","22":"pa_colour-leichte-jade","23":"pa_colour-melone-orange","24":"pa_colour-mittelgrau-meliert","25":"pa_colour-nackt","26":"pa_colour-navy-blau","27":"pa_colour-pale-pink-de","28":"pa_colour-pale-yellow-de","29":"pa_colour-red-de","30":"pa_colour-rein-orange","31":"pa_colour-reiner-himmel","32":"pa_colour-rosa-sprudel","33":"pa_colour-royal-blue-de","34":"pa_colour-salbei","35":"pa_colour-schwarz-rein","36":"pa_colour-sonnengelb","37":"pa_colour-strahlendes-lila","38":"pa_colour-tausendjahriges-khaki","39":"pa_colour-waldgrun","40":"pa_colour-wein","41":"pa_colour-white-de","42":"pa_colour-wuste","43":"pa_size-3xl-de","44":"pa_size-4xl-de","45":"pa_size-5xl-de","46":"pa_size-l-de","47":"pa_size-m-de","48":"pa_size-s-de","49":"pa_size-xl-de","50":"pa_size-xs-de","51":"pa_size-xxl-de","53":"first","54":"instock","55":"taxable","56":"shipping-taxable","57":"purchasable","58":"product-type-variable","59":"has-default-attributes"},"yoast_head":"<!-- This site is optimized with the Yoast SEO plugin v21.8 - https:\/\/yoast.com\/wordpress\/plugins\/seo\/ -->\n<title>#Set In Herrenpullover &#8211; Fashion shop<\/title>\n<meta name=\"robots\" content=\"index, follow, max-snippet:-1, max-image-preview:large, max-video-preview:-1\" \/>\n<link rel=\"canonical\" href=\"https:\/\/taboofashion.com\/de\/produkt\/bc-set-in-herrenpullover\/\" \/>\n<meta property=\"og:locale\" content=\"de_DE\" \/>\n<meta property=\"og:type\" content=\"article\" \/>\n<meta property=\"og:title\" content=\"#Set In Herrenpullover &#8211; Fashion shop\" \/>\n<meta property=\"og:description\" content=\"280g\/m\u00b2, 80% einlaufvorbehandelte ringgesponnene Baumwolle, 20% Polyester, grau meliert: 92% Baumwolle, 8% Viskose, andere meliert: 60% Baumwolle, 40% Polyester, French Terry (innen nicht angeraut)\" \/>\n<meta property=\"og:url\" content=\"https:\/\/taboofashion.com\/de\/produkt\/bc-set-in-herrenpullover\/\" \/>\n<meta property=\"og:site_name\" content=\"Fashion shop\" \/>\n<meta property=\"article:publisher\" content=\"https:\/\/www.facebook.com\/TabooSlovakia\" \/>\n<meta property=\"article:modified_time\" content=\"2023-04-03T14:39:00+00:00\" \/>\n<meta property=\"og:image\" content=\"https:\/\/taboofashion.com\/wp-content\/uploads\/2022\/08\/LS-01.0600-BC-Set-In-1.jpg\" \/>\n\t<meta property=\"og:image:width\" content=\"1000\" \/>\n\t<meta property=\"og:image:height\" content=\"1000\" \/>\n\t<meta property=\"og:image:type\" content=\"image\/jpeg\" \/>\n<meta name=\"twitter:card\" content=\"summary_large_image\" \/>\n<script type=\"application\/ld+json\" class=\"yoast-schema-graph\">{\"@context\":\"https:\/\/schema.org\",\"@graph\":[{\"@type\":\"WebPage\",\"@id\":\"https:\/\/taboofashion.com\/de\/produkt\/bc-set-in-herrenpullover\/\",\"url\":\"https:\/\/taboofashion.com\/de\/produkt\/bc-set-in-herrenpullover\/\",\"name\":\"#Set In Herrenpullover &#8211; Fashion shop\",\"isPartOf\":{\"@id\":\"https:\/\/taboofashion.com\/de\/#website\"},\"datePublished\":\"2022-08-24T19:09:54+00:00\",\"dateModified\":\"2023-04-03T14:39:00+00:00\",\"breadcrumb\":{\"@id\":\"https:\/\/taboofashion.com\/de\/produkt\/bc-set-in-herrenpullover\/#breadcrumb\"},\"inLanguage\":\"de\",\"potentialAction\":[{\"@type\":\"ReadAction\",\"target\":[\"https:\/\/taboofashion.com\/de\/produkt\/bc-set-in-herrenpullover\/\"]}]},{\"@type\":\"BreadcrumbList\",\"@id\":\"https:\/\/taboofashion.com\/de\/produkt\/bc-set-in-herrenpullover\/#breadcrumb\",\"itemListElement\":[{\"@type\":\"ListItem\",\"position\":1,\"name\":\"Home\",\"item\":\"https:\/\/taboofashion.com\/de\/shop\/\"},{\"@type\":\"ListItem\",\"position\":2,\"name\":\"Shop\",\"item\":\"https:\/\/taboofashion.com\/shop\/\"},{\"@type\":\"ListItem\",\"position\":3,\"name\":\"#Set In Herrenpullover\"}]},{\"@type\":\"WebSite\",\"@id\":\"https:\/\/taboofashion.com\/de\/#website\",\"url\":\"https:\/\/taboofashion.com\/de\/\",\"name\":\"Fashion shop\",\"description\":\"\",\"publisher\":{\"@id\":\"https:\/\/taboofashion.com\/de\/#organization\"},\"potentialAction\":[{\"@type\":\"SearchAction\",\"target\":{\"@type\":\"EntryPoint\",\"urlTemplate\":\"https:\/\/taboofashion.com\/de\/?s={search_term_string}\"},\"query-input\":\"required name=search_term_string\"}],\"inLanguage\":\"de\"},{\"@type\":\"Organization\",\"@id\":\"https:\/\/taboofashion.com\/de\/#organization\",\"name\":\"Taboo Slovakia s.r.o.\",\"url\":\"https:\/\/taboofashion.com\/de\/\",\"logo\":{\"@type\":\"ImageObject\",\"inLanguage\":\"de\",\"@id\":\"https:\/\/taboofashion.com\/de\/#\/schema\/logo\/image\/\",\"url\":\"https:\/\/taboofashion.com\/wp-content\/uploads\/2022\/12\/taboologo2100-002.png\",\"contentUrl\":\"https:\/\/taboofashion.com\/wp-content\/uploads\/2022\/12\/taboologo2100-002.png\",\"width\":2100,\"height\":1050,\"caption\":\"Taboo Slovakia s.r.o.\"},\"image\":{\"@id\":\"https:\/\/taboofashion.com\/de\/#\/schema\/logo\/image\/\"},\"sameAs\":[\"https:\/\/www.facebook.com\/TabooSlovakia\",\"https:\/\/www.linkedin.com\/company\/541747\/\",\"https:\/\/www.instagram.com\/taboofashion.com1\/\"]}]}<\/script>\n<meta property=\"product:brand\" content=\"B&amp;C Collection\" \/>\n<meta property=\"og:availability\" content=\"instock\" \/>\n<meta property=\"product:availability\" content=\"instock\" \/>\n<meta property=\"product:retailer_item_id\" content=\"01U01W00100\" \/>\n<meta property=\"product:condition\" content=\"new\" \/>\n<!-- \/ Yoast SEO plugin. -->","yoast_head_json":{"title":"#Set In Herrenpullover &#8211; Fashion shop","robots":{"index":"index","follow":"follow","max-snippet":"max-snippet:-1","max-image-preview":"max-image-preview:large","max-video-preview":"max-video-preview:-1"},"canonical":"https:\/\/taboofashion.com\/de\/produkt\/bc-set-in-herrenpullover\/","og_locale":"de_DE","og_type":"article","og_title":"#Set In Herrenpullover &#8211; Fashion shop","og_description":"280g\/m\u00b2, 80% einlaufvorbehandelte ringgesponnene Baumwolle, 20% Polyester, grau meliert: 92% Baumwolle, 8% Viskose, andere meliert: 60% Baumwolle, 40% Polyester, French Terry (innen nicht angeraut)","og_url":"https:\/\/taboofashion.com\/de\/produkt\/bc-set-in-herrenpullover\/","og_site_name":"Fashion shop","article_publisher":"https:\/\/www.facebook.com\/TabooSlovakia","article_modified_time":"2023-04-03T14:39:00+00:00","og_image":[{"width":1000,"height":1000,"url":"https:\/\/taboofashion.com\/wp-content\/uploads\/2022\/08\/LS-01.0600-BC-Set-In-1.jpg","type":"image\/jpeg"}],"twitter_card":"summary_large_image","schema":{"@context":"https:\/\/schema.org","@graph":[{"@type":"WebPage","@id":"https:\/\/taboofashion.com\/de\/produkt\/bc-set-in-herrenpullover\/","url":"https:\/\/taboofashion.com\/de\/produkt\/bc-set-in-herrenpullover\/","name":"#Set In Herrenpullover &#8211; Fashion shop","isPartOf":{"@id":"https:\/\/taboofashion.com\/de\/#website"},"datePublished":"2022-08-24T19:09:54+00:00","dateModified":"2023-04-03T14:39:00+00:00","breadcrumb":{"@id":"https:\/\/taboofashion.com\/de\/produkt\/bc-set-in-herrenpullover\/#breadcrumb"},"inLanguage":"de","potentialAction":[{"@type":"ReadAction","target":["https:\/\/taboofashion.com\/de\/produkt\/bc-set-in-herrenpullover\/"]}]},{"@type":"BreadcrumbList","@id":"https:\/\/taboofashion.com\/de\/produkt\/bc-set-in-herrenpullover\/#breadcrumb","itemListElement":[{"@type":"ListItem","position":1,"name":"Home","item":"https:\/\/taboofashion.com\/de\/shop\/"},{"@type":"ListItem","position":2,"name":"Shop","item":"https:\/\/taboofashion.com\/shop\/"},{"@type":"ListItem","position":3,"name":"#Set In Herrenpullover"}]},{"@type":"WebSite","@id":"https:\/\/taboofashion.com\/de\/#website","url":"https:\/\/taboofashion.com\/de\/","name":"Fashion shop","description":"","publisher":{"@id":"https:\/\/taboofashion.com\/de\/#organization"},"potentialAction":[{"@type":"SearchAction","target":{"@type":"EntryPoint","urlTemplate":"https:\/\/taboofashion.com\/de\/?s={search_term_string}"},"query-input":"required name=search_term_string"}],"inLanguage":"de"},{"@type":"Organization","@id":"https:\/\/taboofashion.com\/de\/#organization","name":"Taboo Slovakia s.r.o.","url":"https:\/\/taboofashion.com\/de\/","logo":{"@type":"ImageObject","inLanguage":"de","@id":"https:\/\/taboofashion.com\/de\/#\/schema\/logo\/image\/","url":"https:\/\/taboofashion.com\/wp-content\/uploads\/2022\/12\/taboologo2100-002.png","contentUrl":"https:\/\/taboofashion.com\/wp-content\/uploads\/2022\/12\/taboologo2100-002.png","width":2100,"height":1050,"caption":"Taboo Slovakia s.r.o."},"image":{"@id":"https:\/\/taboofashion.com\/de\/#\/schema\/logo\/image\/"},"sameAs":["https:\/\/www.facebook.com\/TabooSlovakia","https:\/\/www.linkedin.com\/company\/541747\/","https:\/\/www.instagram.com\/taboofashion.com1\/"]}]},"product_brand":"B&amp;C Collection","og_availability":"instock","product_availability":"instock","product_retailer_item_id":"01U01W00100","product_condition":"new"},"_links":{"self":[{"href":"https:\/\/taboofashion.com\/de\/wp-json\/wp\/v2\/product\/734271","targetHints":{"allow":["GET"]}}],"collection":[{"href":"https:\/\/taboofashion.com\/de\/wp-json\/wp\/v2\/product"}],"about":[{"href":"https:\/\/taboofashion.com\/de\/wp-json\/wp\/v2\/types\/product"}],"wp:featuredmedia":[{"embeddable":true,"href":"https:\/\/taboofashion.com\/de\/wp-json\/wp\/v2\/media\/729436"}],"wp:attachment":[{"href":"https:\/\/taboofashion.com\/de\/wp-json\/wp\/v2\/media?parent=734271"}],"wp:term":[{"taxonomy":"product_cat","embeddable":true,"href":"https:\/\/taboofashion.com\/de\/wp-json\/wp\/v2\/product_cat?post=734271"},{"taxonomy":"product_tag","embeddable":true,"href":"https:\/\/taboofashion.com\/de\/wp-json\/wp\/v2\/product_tag?post=734271"}],"curies":[{"name":"wp","href":"https:\/\/api.w.org\/{rel}","templated":true}]}}