{"id":736942,"date":"2022-08-24T20:57:36","date_gmt":"2022-08-24T18:57:36","guid":{"rendered":"https:\/\/taboofashion.com\/shop\/bc-inspire-e150_-mens-organic-t-shirt\/"},"modified":"2022-08-24T20:57:36","modified_gmt":"2022-08-24T18:57:36","slug":"bc-inspire-e150_-mens-organic-t-shirt","status":"publish","type":"product","link":"https:\/\/taboofashion.com\/de\/produkt\/bc-inspire-e150_-mens-organic-t-shirt\/","title":{"rendered":"#Inspire E150_\u00b0 Bio-T-Shirt f\u00fcr M\u00e4nner"},"content":{"rendered":"<p>Laufende Produktaktualisierung in Arbeit, Vorg\u00e4ngerversion: sichtbares Etikett mit Aufschrift \u201eHi! I\u2019m Organic\u201c, gerader Schnitt, r\u00f6hrenf\u00f6rmige Konstruktion, schmaler Rundhalsausschnitt in Rippstrick, Nackenband, neutrales Gr\u00f6\u00dfenetikett, TearAway-Etikett im hinteren unteren Saum<\/p>\n","protected":false},"excerpt":{"rendered":"<p>145 g\/m\u00b2, 100 % einlaufvorbehandelte, gek\u00e4mmte, ringgesponnene, zertifizierte Bio-Baumwolle, Bio-Baumwolle oder in Umstellung auf Bio (in Umstellungs-Baumwolle), grau meliert: 90 % Baumwolle, 10 % Viskose<\/p>\n","protected":false},"featured_media":729665,"template":"","meta":[],"product_cat":[2161],"product_tag":[7379],"class_list":{"0":"post-736942","1":"product","2":"type-product","3":"status-publish","4":"has-post-thumbnail","6":"product_cat-t-shirts-de","7":"product_tag-bc_01_u01b_herren","8":"pa_brand-bc-collection-de","9":"pa_colour-apple-green-de","10":"pa_colour-asphalt-de","11":"pa_colour-blauer-nebel","12":"pa_colour-burgundy-de","13":"pa_colour-gelber-sprudel","14":"pa_colour-grau-meliert","15":"pa_colour-lime-de","16":"pa_colour-magenta-rosa","17":"pa_colour-mokka-de","18":"pa_colour-navy-blau","19":"pa_colour-nicht-gerade-weiss","20":"pa_colour-red-de","21":"pa_colour-rein-orange","22":"pa_colour-royal-blue-de","23":"pa_colour-salbei","24":"pa_colour-schwarz-rein","25":"pa_colour-strahlendes-lila","26":"pa_colour-waldgrun","27":"pa_colour-weiche-rose","28":"pa_colour-white-de","29":"pa_size-xs-de","30":"pa_size-s-de","31":"pa_size-m-de","32":"pa_size-l-de","33":"pa_size-xl-de","34":"pa_size-xxl-de","35":"pa_size-3xl-de","36":"pa_size-4xl-de","37":"pa_size-5xl-de","39":"first","40":"instock","41":"taxable","42":"shipping-taxable","43":"purchasable","44":"product-type-variable","45":"has-default-attributes"},"yoast_head":"<!-- This site is optimized with the Yoast SEO plugin v21.8 - https:\/\/yoast.com\/wordpress\/plugins\/seo\/ -->\n<title>#Inspire E150_\u00b0 Bio-T-Shirt f\u00fcr M\u00e4nner &#8211; Fashion shop<\/title>\n<meta name=\"robots\" content=\"index, follow, max-snippet:-1, max-image-preview:large, max-video-preview:-1\" \/>\n<link rel=\"canonical\" href=\"https:\/\/taboofashion.com\/de\/produkt\/bc-inspire-e150_-mens-organic-t-shirt\/\" \/>\n<meta property=\"og:locale\" content=\"de_DE\" \/>\n<meta property=\"og:type\" content=\"article\" \/>\n<meta property=\"og:title\" content=\"#Inspire E150_\u00b0 Bio-T-Shirt f\u00fcr M\u00e4nner &#8211; Fashion shop\" \/>\n<meta property=\"og:description\" content=\"145 g\/m\u00b2, 100 % einlaufvorbehandelte, gek\u00e4mmte, ringgesponnene, zertifizierte Bio-Baumwolle, Bio-Baumwolle oder in Umstellung auf Bio (in Umstellungs-Baumwolle), grau meliert: 90 % Baumwolle, 10 % Viskose\" \/>\n<meta property=\"og:url\" content=\"https:\/\/taboofashion.com\/de\/produkt\/bc-inspire-e150_-mens-organic-t-shirt\/\" \/>\n<meta property=\"og:site_name\" content=\"Fashion shop\" \/>\n<meta property=\"article:publisher\" content=\"https:\/\/www.facebook.com\/TabooSlovakia\" \/>\n<meta name=\"twitter:card\" content=\"summary_large_image\" \/>\n<script type=\"application\/ld+json\" class=\"yoast-schema-graph\">{\"@context\":\"https:\/\/schema.org\",\"@graph\":[{\"@type\":\"WebPage\",\"@id\":\"https:\/\/taboofashion.com\/de\/produkt\/bc-inspire-e150_-mens-organic-t-shirt\/\",\"url\":\"https:\/\/taboofashion.com\/de\/produkt\/bc-inspire-e150_-mens-organic-t-shirt\/\",\"name\":\"#Inspire E150_\u00b0 Bio-T-Shirt f\u00fcr M\u00e4nner &#8211; Fashion shop\",\"isPartOf\":{\"@id\":\"https:\/\/taboofashion.com\/de\/#website\"},\"datePublished\":\"2022-08-24T18:57:36+00:00\",\"dateModified\":\"2022-08-24T18:57:36+00:00\",\"breadcrumb\":{\"@id\":\"https:\/\/taboofashion.com\/de\/produkt\/bc-inspire-e150_-mens-organic-t-shirt\/#breadcrumb\"},\"inLanguage\":\"de\",\"potentialAction\":[{\"@type\":\"ReadAction\",\"target\":[\"https:\/\/taboofashion.com\/de\/produkt\/bc-inspire-e150_-mens-organic-t-shirt\/\"]}]},{\"@type\":\"BreadcrumbList\",\"@id\":\"https:\/\/taboofashion.com\/de\/produkt\/bc-inspire-e150_-mens-organic-t-shirt\/#breadcrumb\",\"itemListElement\":[{\"@type\":\"ListItem\",\"position\":1,\"name\":\"Home\",\"item\":\"https:\/\/taboofashion.com\/de\/shop\/\"},{\"@type\":\"ListItem\",\"position\":2,\"name\":\"Shop\",\"item\":\"https:\/\/taboofashion.com\/shop\/\"},{\"@type\":\"ListItem\",\"position\":3,\"name\":\"#Inspire E150_\u00b0 Bio-T-Shirt f\u00fcr M\u00e4nner\"}]},{\"@type\":\"WebSite\",\"@id\":\"https:\/\/taboofashion.com\/de\/#website\",\"url\":\"https:\/\/taboofashion.com\/de\/\",\"name\":\"Fashion shop\",\"description\":\"\",\"publisher\":{\"@id\":\"https:\/\/taboofashion.com\/de\/#organization\"},\"potentialAction\":[{\"@type\":\"SearchAction\",\"target\":{\"@type\":\"EntryPoint\",\"urlTemplate\":\"https:\/\/taboofashion.com\/de\/?s={search_term_string}\"},\"query-input\":\"required name=search_term_string\"}],\"inLanguage\":\"de\"},{\"@type\":\"Organization\",\"@id\":\"https:\/\/taboofashion.com\/de\/#organization\",\"name\":\"Taboo Slovakia s.r.o.\",\"url\":\"https:\/\/taboofashion.com\/de\/\",\"logo\":{\"@type\":\"ImageObject\",\"inLanguage\":\"de\",\"@id\":\"https:\/\/taboofashion.com\/de\/#\/schema\/logo\/image\/\",\"url\":\"https:\/\/taboofashion.com\/wp-content\/uploads\/2022\/12\/taboologo2100-002.png\",\"contentUrl\":\"https:\/\/taboofashion.com\/wp-content\/uploads\/2022\/12\/taboologo2100-002.png\",\"width\":2100,\"height\":1050,\"caption\":\"Taboo Slovakia s.r.o.\"},\"image\":{\"@id\":\"https:\/\/taboofashion.com\/de\/#\/schema\/logo\/image\/\"},\"sameAs\":[\"https:\/\/www.facebook.com\/TabooSlovakia\",\"https:\/\/www.linkedin.com\/company\/541747\/\",\"https:\/\/www.instagram.com\/taboofashion.com1\/\"]}]}<\/script>\n<meta property=\"product:brand\" content=\"B&amp;C Collection\" \/>\n<meta property=\"og:availability\" content=\"instock\" \/>\n<meta property=\"product:availability\" content=\"instock\" \/>\n<meta property=\"product:retailer_item_id\" content=\"01U01B00100\" \/>\n<meta property=\"product:condition\" content=\"new\" \/>\n<!-- \/ Yoast SEO plugin. -->","yoast_head_json":{"title":"#Inspire E150_\u00b0 Bio-T-Shirt f\u00fcr M\u00e4nner &#8211; Fashion shop","robots":{"index":"index","follow":"follow","max-snippet":"max-snippet:-1","max-image-preview":"max-image-preview:large","max-video-preview":"max-video-preview:-1"},"canonical":"https:\/\/taboofashion.com\/de\/produkt\/bc-inspire-e150_-mens-organic-t-shirt\/","og_locale":"de_DE","og_type":"article","og_title":"#Inspire E150_\u00b0 Bio-T-Shirt f\u00fcr M\u00e4nner &#8211; Fashion shop","og_description":"145 g\/m\u00b2, 100 % einlaufvorbehandelte, gek\u00e4mmte, ringgesponnene, zertifizierte Bio-Baumwolle, Bio-Baumwolle oder in Umstellung auf Bio (in Umstellungs-Baumwolle), grau meliert: 90 % Baumwolle, 10 % Viskose","og_url":"https:\/\/taboofashion.com\/de\/produkt\/bc-inspire-e150_-mens-organic-t-shirt\/","og_site_name":"Fashion shop","article_publisher":"https:\/\/www.facebook.com\/TabooSlovakia","twitter_card":"summary_large_image","schema":{"@context":"https:\/\/schema.org","@graph":[{"@type":"WebPage","@id":"https:\/\/taboofashion.com\/de\/produkt\/bc-inspire-e150_-mens-organic-t-shirt\/","url":"https:\/\/taboofashion.com\/de\/produkt\/bc-inspire-e150_-mens-organic-t-shirt\/","name":"#Inspire E150_\u00b0 Bio-T-Shirt f\u00fcr M\u00e4nner &#8211; Fashion shop","isPartOf":{"@id":"https:\/\/taboofashion.com\/de\/#website"},"datePublished":"2022-08-24T18:57:36+00:00","dateModified":"2022-08-24T18:57:36+00:00","breadcrumb":{"@id":"https:\/\/taboofashion.com\/de\/produkt\/bc-inspire-e150_-mens-organic-t-shirt\/#breadcrumb"},"inLanguage":"de","potentialAction":[{"@type":"ReadAction","target":["https:\/\/taboofashion.com\/de\/produkt\/bc-inspire-e150_-mens-organic-t-shirt\/"]}]},{"@type":"BreadcrumbList","@id":"https:\/\/taboofashion.com\/de\/produkt\/bc-inspire-e150_-mens-organic-t-shirt\/#breadcrumb","itemListElement":[{"@type":"ListItem","position":1,"name":"Home","item":"https:\/\/taboofashion.com\/de\/shop\/"},{"@type":"ListItem","position":2,"name":"Shop","item":"https:\/\/taboofashion.com\/shop\/"},{"@type":"ListItem","position":3,"name":"#Inspire E150_\u00b0 Bio-T-Shirt f\u00fcr M\u00e4nner"}]},{"@type":"WebSite","@id":"https:\/\/taboofashion.com\/de\/#website","url":"https:\/\/taboofashion.com\/de\/","name":"Fashion shop","description":"","publisher":{"@id":"https:\/\/taboofashion.com\/de\/#organization"},"potentialAction":[{"@type":"SearchAction","target":{"@type":"EntryPoint","urlTemplate":"https:\/\/taboofashion.com\/de\/?s={search_term_string}"},"query-input":"required name=search_term_string"}],"inLanguage":"de"},{"@type":"Organization","@id":"https:\/\/taboofashion.com\/de\/#organization","name":"Taboo Slovakia s.r.o.","url":"https:\/\/taboofashion.com\/de\/","logo":{"@type":"ImageObject","inLanguage":"de","@id":"https:\/\/taboofashion.com\/de\/#\/schema\/logo\/image\/","url":"https:\/\/taboofashion.com\/wp-content\/uploads\/2022\/12\/taboologo2100-002.png","contentUrl":"https:\/\/taboofashion.com\/wp-content\/uploads\/2022\/12\/taboologo2100-002.png","width":2100,"height":1050,"caption":"Taboo Slovakia s.r.o."},"image":{"@id":"https:\/\/taboofashion.com\/de\/#\/schema\/logo\/image\/"},"sameAs":["https:\/\/www.facebook.com\/TabooSlovakia","https:\/\/www.linkedin.com\/company\/541747\/","https:\/\/www.instagram.com\/taboofashion.com1\/"]}]},"product_brand":"B&amp;C Collection","og_availability":"instock","product_availability":"instock","product_retailer_item_id":"01U01B00100","product_condition":"new"},"_links":{"self":[{"href":"https:\/\/taboofashion.com\/de\/wp-json\/wp\/v2\/product\/736942","targetHints":{"allow":["GET"]}}],"collection":[{"href":"https:\/\/taboofashion.com\/de\/wp-json\/wp\/v2\/product"}],"about":[{"href":"https:\/\/taboofashion.com\/de\/wp-json\/wp\/v2\/types\/product"}],"wp:featuredmedia":[{"embeddable":true,"href":"https:\/\/taboofashion.com\/de\/wp-json\/wp\/v2\/media\/729665"}],"wp:attachment":[{"href":"https:\/\/taboofashion.com\/de\/wp-json\/wp\/v2\/media?parent=736942"}],"wp:term":[{"taxonomy":"product_cat","embeddable":true,"href":"https:\/\/taboofashion.com\/de\/wp-json\/wp\/v2\/product_cat?post=736942"},{"taxonomy":"product_tag","embeddable":true,"href":"https:\/\/taboofashion.com\/de\/wp-json\/wp\/v2\/product_tag?post=736942"}],"curies":[{"name":"wp","href":"https:\/\/api.w.org\/{rel}","templated":true}]}}