{"id":737823,"date":"2022-08-24T21:51:18","date_gmt":"2022-08-24T19:51:18","guid":{"rendered":"https:\/\/taboofashion.com\/shop\/bc-shelter-pro-workwear-jacke\/"},"modified":"2022-08-24T21:51:18","modified_gmt":"2022-08-24T19:51:18","slug":"bc-shelter-pro-workwear-jacke","status":"publish","type":"product","link":"https:\/\/taboofashion.com\/de\/produkt\/bc-shelter-pro-workwear-jacke\/","title":{"rendered":"Shelter Pro Arbeitsjacke"},"content":{"rendered":"<p>Funktionelle, schwere Workwear-Jacke, verdeckte ergonomische Kapuze, verstellbare \u00c4rmelb\u00fcndchen mit Klettverschluss, 12 Multifunktionstaschen, 1 leicht zug\u00e4ngliche Smartphone-Tasche mit Klettverschluss au\u00dfen, 1 \u00c4rmeltasche mit Rei\u00dfverschluss, 3 zus\u00e4tzliche Stifttaschen au\u00dfen, 2 Vordertaschen mit Fleece-Eingriff f\u00fcr Handw\u00e4rmer sowie Patte mit Klettverschluss, 1 aufgesetzte Innentasche mit Klettverschluss, l\u00e4ngerer R\u00fcckenausschnitt, Deko-Eingriffe auf R\u00fccken und Brust<\/p>\n","protected":false},"excerpt":{"rendered":"<p>230 g\/m\u00b2, Futter: 200 g\/m\u00b2, Au\u00dfenseite: 100 % Ripstop-Polyester-Seide, 100 % Polyester-Wattierung<\/p>\n","protected":false},"featured_media":728799,"template":"","meta":[],"product_cat":[2163,2164],"product_tag":[],"class_list":{"0":"post-737823","1":"product","2":"type-product","3":"status-publish","4":"has-post-thumbnail","6":"product_cat-jacken","7":"product_cat-arbeitskleidung-sicherheit","8":"pa_brand-bc-collection-de","9":"pa_colour-black-de","10":"pa_colour-dark-grey-de","11":"pa_colour-navy-de","12":"pa_size-s-de","13":"pa_size-m-de","14":"pa_size-l-de","15":"pa_size-xl-de","16":"pa_size-xxl-de","17":"pa_size-3xl-de","18":"pa_size-4xl-de","20":"first","21":"instock","22":"taxable","23":"shipping-taxable","24":"purchasable","25":"product-type-variable","26":"has-default-attributes"},"yoast_head":"<!-- This site is optimized with the Yoast SEO plugin v21.8 - https:\/\/yoast.com\/wordpress\/plugins\/seo\/ -->\n<title>Shelter Pro Arbeitsjacke &#8211; Fashion shop<\/title>\n<meta name=\"robots\" content=\"index, follow, max-snippet:-1, max-image-preview:large, max-video-preview:-1\" \/>\n<link rel=\"canonical\" href=\"https:\/\/taboofashion.com\/de\/produkt\/bc-shelter-pro-workwear-jacke\/\" \/>\n<meta property=\"og:locale\" content=\"de_DE\" \/>\n<meta property=\"og:type\" content=\"article\" \/>\n<meta property=\"og:title\" content=\"Shelter Pro Arbeitsjacke &#8211; Fashion shop\" \/>\n<meta property=\"og:description\" content=\"230 g\/m\u00b2, Futter: 200 g\/m\u00b2, Au\u00dfenseite: 100 % Ripstop-Polyester-Seide, 100 % Polyester-Wattierung\" \/>\n<meta property=\"og:url\" content=\"https:\/\/taboofashion.com\/de\/produkt\/bc-shelter-pro-workwear-jacke\/\" \/>\n<meta property=\"og:site_name\" content=\"Fashion shop\" \/>\n<meta property=\"article:publisher\" content=\"https:\/\/www.facebook.com\/TabooSlovakia\" \/>\n<meta name=\"twitter:card\" content=\"summary_large_image\" \/>\n<script type=\"application\/ld+json\" class=\"yoast-schema-graph\">{\"@context\":\"https:\/\/schema.org\",\"@graph\":[{\"@type\":\"WebPage\",\"@id\":\"https:\/\/taboofashion.com\/de\/produkt\/bc-shelter-pro-workwear-jacke\/\",\"url\":\"https:\/\/taboofashion.com\/de\/produkt\/bc-shelter-pro-workwear-jacke\/\",\"name\":\"Shelter Pro Arbeitsjacke &#8211; Fashion shop\",\"isPartOf\":{\"@id\":\"https:\/\/taboofashion.com\/de\/#website\"},\"datePublished\":\"2022-08-24T19:51:18+00:00\",\"dateModified\":\"2022-08-24T19:51:18+00:00\",\"breadcrumb\":{\"@id\":\"https:\/\/taboofashion.com\/de\/produkt\/bc-shelter-pro-workwear-jacke\/#breadcrumb\"},\"inLanguage\":\"de\",\"potentialAction\":[{\"@type\":\"ReadAction\",\"target\":[\"https:\/\/taboofashion.com\/de\/produkt\/bc-shelter-pro-workwear-jacke\/\"]}]},{\"@type\":\"BreadcrumbList\",\"@id\":\"https:\/\/taboofashion.com\/de\/produkt\/bc-shelter-pro-workwear-jacke\/#breadcrumb\",\"itemListElement\":[{\"@type\":\"ListItem\",\"position\":1,\"name\":\"Home\",\"item\":\"https:\/\/taboofashion.com\/de\/shop\/\"},{\"@type\":\"ListItem\",\"position\":2,\"name\":\"Shop\",\"item\":\"https:\/\/taboofashion.com\/shop\/\"},{\"@type\":\"ListItem\",\"position\":3,\"name\":\"Shelter Pro Arbeitsjacke\"}]},{\"@type\":\"WebSite\",\"@id\":\"https:\/\/taboofashion.com\/de\/#website\",\"url\":\"https:\/\/taboofashion.com\/de\/\",\"name\":\"Fashion shop\",\"description\":\"\",\"publisher\":{\"@id\":\"https:\/\/taboofashion.com\/de\/#organization\"},\"potentialAction\":[{\"@type\":\"SearchAction\",\"target\":{\"@type\":\"EntryPoint\",\"urlTemplate\":\"https:\/\/taboofashion.com\/de\/?s={search_term_string}\"},\"query-input\":\"required name=search_term_string\"}],\"inLanguage\":\"de\"},{\"@type\":\"Organization\",\"@id\":\"https:\/\/taboofashion.com\/de\/#organization\",\"name\":\"Taboo Slovakia s.r.o.\",\"url\":\"https:\/\/taboofashion.com\/de\/\",\"logo\":{\"@type\":\"ImageObject\",\"inLanguage\":\"de\",\"@id\":\"https:\/\/taboofashion.com\/de\/#\/schema\/logo\/image\/\",\"url\":\"https:\/\/taboofashion.com\/wp-content\/uploads\/2022\/12\/taboologo2100-002.png\",\"contentUrl\":\"https:\/\/taboofashion.com\/wp-content\/uploads\/2022\/12\/taboologo2100-002.png\",\"width\":2100,\"height\":1050,\"caption\":\"Taboo Slovakia s.r.o.\"},\"image\":{\"@id\":\"https:\/\/taboofashion.com\/de\/#\/schema\/logo\/image\/\"},\"sameAs\":[\"https:\/\/www.facebook.com\/TabooSlovakia\",\"https:\/\/www.linkedin.com\/company\/541747\/\",\"https:\/\/www.instagram.com\/taboofashion.com1\/\"]}]}<\/script>\n<meta property=\"product:brand\" content=\"B&amp;C Collection\" \/>\n<meta property=\"og:availability\" content=\"instock\" \/>\n<meta property=\"product:availability\" content=\"instock\" \/>\n<meta property=\"product:retailer_item_id\" content=\"01UC4100201\" \/>\n<meta property=\"product:condition\" content=\"new\" \/>\n<!-- \/ Yoast SEO plugin. -->","yoast_head_json":{"title":"Shelter Pro Arbeitsjacke &#8211; Fashion shop","robots":{"index":"index","follow":"follow","max-snippet":"max-snippet:-1","max-image-preview":"max-image-preview:large","max-video-preview":"max-video-preview:-1"},"canonical":"https:\/\/taboofashion.com\/de\/produkt\/bc-shelter-pro-workwear-jacke\/","og_locale":"de_DE","og_type":"article","og_title":"Shelter Pro Arbeitsjacke &#8211; Fashion shop","og_description":"230 g\/m\u00b2, Futter: 200 g\/m\u00b2, Au\u00dfenseite: 100 % Ripstop-Polyester-Seide, 100 % Polyester-Wattierung","og_url":"https:\/\/taboofashion.com\/de\/produkt\/bc-shelter-pro-workwear-jacke\/","og_site_name":"Fashion shop","article_publisher":"https:\/\/www.facebook.com\/TabooSlovakia","twitter_card":"summary_large_image","schema":{"@context":"https:\/\/schema.org","@graph":[{"@type":"WebPage","@id":"https:\/\/taboofashion.com\/de\/produkt\/bc-shelter-pro-workwear-jacke\/","url":"https:\/\/taboofashion.com\/de\/produkt\/bc-shelter-pro-workwear-jacke\/","name":"Shelter Pro Arbeitsjacke &#8211; Fashion shop","isPartOf":{"@id":"https:\/\/taboofashion.com\/de\/#website"},"datePublished":"2022-08-24T19:51:18+00:00","dateModified":"2022-08-24T19:51:18+00:00","breadcrumb":{"@id":"https:\/\/taboofashion.com\/de\/produkt\/bc-shelter-pro-workwear-jacke\/#breadcrumb"},"inLanguage":"de","potentialAction":[{"@type":"ReadAction","target":["https:\/\/taboofashion.com\/de\/produkt\/bc-shelter-pro-workwear-jacke\/"]}]},{"@type":"BreadcrumbList","@id":"https:\/\/taboofashion.com\/de\/produkt\/bc-shelter-pro-workwear-jacke\/#breadcrumb","itemListElement":[{"@type":"ListItem","position":1,"name":"Home","item":"https:\/\/taboofashion.com\/de\/shop\/"},{"@type":"ListItem","position":2,"name":"Shop","item":"https:\/\/taboofashion.com\/shop\/"},{"@type":"ListItem","position":3,"name":"Shelter Pro Arbeitsjacke"}]},{"@type":"WebSite","@id":"https:\/\/taboofashion.com\/de\/#website","url":"https:\/\/taboofashion.com\/de\/","name":"Fashion shop","description":"","publisher":{"@id":"https:\/\/taboofashion.com\/de\/#organization"},"potentialAction":[{"@type":"SearchAction","target":{"@type":"EntryPoint","urlTemplate":"https:\/\/taboofashion.com\/de\/?s={search_term_string}"},"query-input":"required name=search_term_string"}],"inLanguage":"de"},{"@type":"Organization","@id":"https:\/\/taboofashion.com\/de\/#organization","name":"Taboo Slovakia s.r.o.","url":"https:\/\/taboofashion.com\/de\/","logo":{"@type":"ImageObject","inLanguage":"de","@id":"https:\/\/taboofashion.com\/de\/#\/schema\/logo\/image\/","url":"https:\/\/taboofashion.com\/wp-content\/uploads\/2022\/12\/taboologo2100-002.png","contentUrl":"https:\/\/taboofashion.com\/wp-content\/uploads\/2022\/12\/taboologo2100-002.png","width":2100,"height":1050,"caption":"Taboo Slovakia s.r.o."},"image":{"@id":"https:\/\/taboofashion.com\/de\/#\/schema\/logo\/image\/"},"sameAs":["https:\/\/www.facebook.com\/TabooSlovakia","https:\/\/www.linkedin.com\/company\/541747\/","https:\/\/www.instagram.com\/taboofashion.com1\/"]}]},"product_brand":"B&amp;C Collection","og_availability":"instock","product_availability":"instock","product_retailer_item_id":"01UC4100201","product_condition":"new"},"_links":{"self":[{"href":"https:\/\/taboofashion.com\/de\/wp-json\/wp\/v2\/product\/737823","targetHints":{"allow":["GET"]}}],"collection":[{"href":"https:\/\/taboofashion.com\/de\/wp-json\/wp\/v2\/product"}],"about":[{"href":"https:\/\/taboofashion.com\/de\/wp-json\/wp\/v2\/types\/product"}],"wp:featuredmedia":[{"embeddable":true,"href":"https:\/\/taboofashion.com\/de\/wp-json\/wp\/v2\/media\/728799"}],"wp:attachment":[{"href":"https:\/\/taboofashion.com\/de\/wp-json\/wp\/v2\/media?parent=737823"}],"wp:term":[{"taxonomy":"product_cat","embeddable":true,"href":"https:\/\/taboofashion.com\/de\/wp-json\/wp\/v2\/product_cat?post=737823"},{"taxonomy":"product_tag","embeddable":true,"href":"https:\/\/taboofashion.com\/de\/wp-json\/wp\/v2\/product_tag?post=737823"}],"curies":[{"name":"wp","href":"https:\/\/api.w.org\/{rel}","templated":true}]}}