{"id":738974,"date":"2022-08-25T04:10:43","date_gmt":"2022-08-25T02:10:43","guid":{"rendered":"https:\/\/taboofashion.com\/shop\/bc-inspire-zipped-hood-women_-damen-organic-hooded-sweatjacke\/"},"modified":"2023-04-04T09:01:36","modified_gmt":"2023-04-04T07:01:36","slug":"bc-inspire-zipped-hood-women_-damen-organic-hooded-sweatjacke","status":"publish","type":"product","link":"https:\/\/taboofashion.com\/de\/produkt\/bc-inspire-zipped-hood-women_-damen-organic-hooded-sweatjacke\/","title":{"rendered":"Inspire Zipped Hood \/women_\u00b0 Bio-Kapuzen-Sweatjacke f\u00fcr Damen"},"content":{"rendered":"<p>Laufende Produktaktualisierung in Arbeit, Vorg\u00e4ngerversion: sichtbares Etikett mit Aufschrift \u201eHi! I\u2019m Organic\u201c, Kapuze mit Single-Jersey-Futter, Kordelzug, Fischgr\u00e4t-Nackenband, Single-Jersey-Halbmond auf Innenr\u00fccken, Oberfl\u00e4che aus 100% Baumwolle, TearAway-Label innen Seitennaht, neutrales Gr\u00f6\u00dfenetikett<\/p>\n","protected":false},"excerpt":{"rendered":"<p>280 g\/m\u00b2, 80 % einlaufvorbehandelte, gek\u00e4mmte, ringgesponnene, zertifizierte Bio-Baumwolle, 20 % recyceltes Polyester, grau meliert: 71 %, einlaufvorbehandelte, gek\u00e4mmte, ringgesponnene, zertifizierte Bio-Baumwolle, 25 % recyceltes Polyester, 4 % Viskose, Bio-Baumwolle oder in Umstellung auf Bio (in Umstellung Baumwolle), French Terry (innen nicht aufgerauht)<\/p>\n","protected":false},"featured_media":729424,"template":"","meta":[],"product_cat":[2168],"product_tag":[],"class_list":{"0":"post-738974","1":"product","2":"type-product","3":"status-publish","4":"has-post-thumbnail","6":"product_cat-laessiger-pullover-de","7":"pa_brand-bc-collection-de","8":"pa_colour-asphalt-de","9":"pa_colour-grau-meliert","10":"pa_colour-navy-blau","11":"pa_colour-nicht-gerade-weiss","12":"pa_colour-red-de","13":"pa_colour-royal-blue-de","14":"pa_colour-salbei","15":"pa_colour-schwarz-rein","16":"pa_colour-weiche-rose","17":"pa_colour-white-de","18":"pa_size-xs-de","19":"pa_size-s-de","20":"pa_size-m-de","21":"pa_size-l-de","22":"pa_size-xl-de","23":"pa_size-xxl-de","25":"first","26":"instock","27":"taxable","28":"shipping-taxable","29":"purchasable","30":"product-type-variable","31":"has-default-attributes"},"yoast_head":"<!-- This site is optimized with the Yoast SEO plugin v21.8 - https:\/\/yoast.com\/wordpress\/plugins\/seo\/ -->\n<title>Inspire Zipped Hood \/women_\u00b0 Bio-Kapuzen-Sweatjacke f\u00fcr Damen &#8211; Fashion shop<\/title>\n<meta name=\"robots\" content=\"index, follow, max-snippet:-1, max-image-preview:large, max-video-preview:-1\" \/>\n<link rel=\"canonical\" href=\"https:\/\/taboofashion.com\/de\/produkt\/bc-inspire-zipped-hood-women_-damen-organic-hooded-sweatjacke\/\" \/>\n<meta property=\"og:locale\" content=\"de_DE\" \/>\n<meta property=\"og:type\" content=\"article\" \/>\n<meta property=\"og:title\" content=\"Inspire Zipped Hood \/women_\u00b0 Bio-Kapuzen-Sweatjacke f\u00fcr Damen &#8211; Fashion shop\" \/>\n<meta property=\"og:description\" content=\"280 g\/m\u00b2, 80 % einlaufvorbehandelte, gek\u00e4mmte, ringgesponnene, zertifizierte Bio-Baumwolle, 20 % recyceltes Polyester, grau meliert: 71 %, einlaufvorbehandelte, gek\u00e4mmte, ringgesponnene, zertifizierte Bio-Baumwolle, 25 % recyceltes Polyester, 4 % Viskose, Bio-Baumwolle oder in Umstellung auf Bio (in Umstellung Baumwolle), French Terry (innen nicht aufgerauht)\" \/>\n<meta property=\"og:url\" content=\"https:\/\/taboofashion.com\/de\/produkt\/bc-inspire-zipped-hood-women_-damen-organic-hooded-sweatjacke\/\" \/>\n<meta property=\"og:site_name\" content=\"Fashion shop\" \/>\n<meta property=\"article:publisher\" content=\"https:\/\/www.facebook.com\/TabooSlovakia\" \/>\n<meta property=\"article:modified_time\" content=\"2023-04-04T07:01:36+00:00\" \/>\n<meta property=\"og:image\" content=\"https:\/\/taboofashion.com\/wp-content\/uploads\/2022\/08\/LS-01.W36B-BC-Inspire-Zipped-Hood-women_\u00b0-1.jpg\" \/>\n\t<meta property=\"og:image:width\" content=\"1000\" \/>\n\t<meta property=\"og:image:height\" content=\"1000\" \/>\n\t<meta property=\"og:image:type\" content=\"image\/jpeg\" \/>\n<meta name=\"twitter:card\" content=\"summary_large_image\" \/>\n<script type=\"application\/ld+json\" class=\"yoast-schema-graph\">{\"@context\":\"https:\/\/schema.org\",\"@graph\":[{\"@type\":\"WebPage\",\"@id\":\"https:\/\/taboofashion.com\/de\/produkt\/bc-inspire-zipped-hood-women_-damen-organic-hooded-sweatjacke\/\",\"url\":\"https:\/\/taboofashion.com\/de\/produkt\/bc-inspire-zipped-hood-women_-damen-organic-hooded-sweatjacke\/\",\"name\":\"Inspire Zipped Hood \/women_\u00b0 Bio-Kapuzen-Sweatjacke f\u00fcr Damen &#8211; Fashion shop\",\"isPartOf\":{\"@id\":\"https:\/\/taboofashion.com\/de\/#website\"},\"datePublished\":\"2022-08-25T02:10:43+00:00\",\"dateModified\":\"2023-04-04T07:01:36+00:00\",\"breadcrumb\":{\"@id\":\"https:\/\/taboofashion.com\/de\/produkt\/bc-inspire-zipped-hood-women_-damen-organic-hooded-sweatjacke\/#breadcrumb\"},\"inLanguage\":\"de\",\"potentialAction\":[{\"@type\":\"ReadAction\",\"target\":[\"https:\/\/taboofashion.com\/de\/produkt\/bc-inspire-zipped-hood-women_-damen-organic-hooded-sweatjacke\/\"]}]},{\"@type\":\"BreadcrumbList\",\"@id\":\"https:\/\/taboofashion.com\/de\/produkt\/bc-inspire-zipped-hood-women_-damen-organic-hooded-sweatjacke\/#breadcrumb\",\"itemListElement\":[{\"@type\":\"ListItem\",\"position\":1,\"name\":\"Home\",\"item\":\"https:\/\/taboofashion.com\/de\/shop\/\"},{\"@type\":\"ListItem\",\"position\":2,\"name\":\"Shop\",\"item\":\"https:\/\/taboofashion.com\/shop\/\"},{\"@type\":\"ListItem\",\"position\":3,\"name\":\"Inspire Zipped Hood \/women_\u00b0 Bio-Kapuzen-Sweatjacke f\u00fcr Damen\"}]},{\"@type\":\"WebSite\",\"@id\":\"https:\/\/taboofashion.com\/de\/#website\",\"url\":\"https:\/\/taboofashion.com\/de\/\",\"name\":\"Fashion shop\",\"description\":\"\",\"publisher\":{\"@id\":\"https:\/\/taboofashion.com\/de\/#organization\"},\"potentialAction\":[{\"@type\":\"SearchAction\",\"target\":{\"@type\":\"EntryPoint\",\"urlTemplate\":\"https:\/\/taboofashion.com\/de\/?s={search_term_string}\"},\"query-input\":\"required name=search_term_string\"}],\"inLanguage\":\"de\"},{\"@type\":\"Organization\",\"@id\":\"https:\/\/taboofashion.com\/de\/#organization\",\"name\":\"Taboo Slovakia s.r.o.\",\"url\":\"https:\/\/taboofashion.com\/de\/\",\"logo\":{\"@type\":\"ImageObject\",\"inLanguage\":\"de\",\"@id\":\"https:\/\/taboofashion.com\/de\/#\/schema\/logo\/image\/\",\"url\":\"https:\/\/taboofashion.com\/wp-content\/uploads\/2022\/12\/taboologo2100-002.png\",\"contentUrl\":\"https:\/\/taboofashion.com\/wp-content\/uploads\/2022\/12\/taboologo2100-002.png\",\"width\":2100,\"height\":1050,\"caption\":\"Taboo Slovakia s.r.o.\"},\"image\":{\"@id\":\"https:\/\/taboofashion.com\/de\/#\/schema\/logo\/image\/\"},\"sameAs\":[\"https:\/\/www.facebook.com\/TabooSlovakia\",\"https:\/\/www.linkedin.com\/company\/541747\/\",\"https:\/\/www.instagram.com\/taboofashion.com1\/\"]}]}<\/script>\n<meta property=\"product:brand\" content=\"B&amp;C Collection\" \/>\n<meta property=\"og:availability\" content=\"instock\" \/>\n<meta property=\"product:availability\" content=\"instock\" \/>\n<meta property=\"product:retailer_item_id\" content=\"01W36B00100\" \/>\n<meta property=\"product:condition\" content=\"new\" \/>\n<!-- \/ Yoast SEO plugin. -->","yoast_head_json":{"title":"Inspire Zipped Hood \/women_\u00b0 Bio-Kapuzen-Sweatjacke f\u00fcr Damen &#8211; Fashion shop","robots":{"index":"index","follow":"follow","max-snippet":"max-snippet:-1","max-image-preview":"max-image-preview:large","max-video-preview":"max-video-preview:-1"},"canonical":"https:\/\/taboofashion.com\/de\/produkt\/bc-inspire-zipped-hood-women_-damen-organic-hooded-sweatjacke\/","og_locale":"de_DE","og_type":"article","og_title":"Inspire Zipped Hood \/women_\u00b0 Bio-Kapuzen-Sweatjacke f\u00fcr Damen &#8211; Fashion shop","og_description":"280 g\/m\u00b2, 80 % einlaufvorbehandelte, gek\u00e4mmte, ringgesponnene, zertifizierte Bio-Baumwolle, 20 % recyceltes Polyester, grau meliert: 71 %, einlaufvorbehandelte, gek\u00e4mmte, ringgesponnene, zertifizierte Bio-Baumwolle, 25 % recyceltes Polyester, 4 % Viskose, Bio-Baumwolle oder in Umstellung auf Bio (in Umstellung Baumwolle), French Terry (innen nicht aufgerauht)","og_url":"https:\/\/taboofashion.com\/de\/produkt\/bc-inspire-zipped-hood-women_-damen-organic-hooded-sweatjacke\/","og_site_name":"Fashion shop","article_publisher":"https:\/\/www.facebook.com\/TabooSlovakia","article_modified_time":"2023-04-04T07:01:36+00:00","og_image":[{"width":1000,"height":1000,"url":"https:\/\/taboofashion.com\/wp-content\/uploads\/2022\/08\/LS-01.W36B-BC-Inspire-Zipped-Hood-women_\u00b0-1.jpg","type":"image\/jpeg"}],"twitter_card":"summary_large_image","schema":{"@context":"https:\/\/schema.org","@graph":[{"@type":"WebPage","@id":"https:\/\/taboofashion.com\/de\/produkt\/bc-inspire-zipped-hood-women_-damen-organic-hooded-sweatjacke\/","url":"https:\/\/taboofashion.com\/de\/produkt\/bc-inspire-zipped-hood-women_-damen-organic-hooded-sweatjacke\/","name":"Inspire Zipped Hood \/women_\u00b0 Bio-Kapuzen-Sweatjacke f\u00fcr Damen &#8211; Fashion shop","isPartOf":{"@id":"https:\/\/taboofashion.com\/de\/#website"},"datePublished":"2022-08-25T02:10:43+00:00","dateModified":"2023-04-04T07:01:36+00:00","breadcrumb":{"@id":"https:\/\/taboofashion.com\/de\/produkt\/bc-inspire-zipped-hood-women_-damen-organic-hooded-sweatjacke\/#breadcrumb"},"inLanguage":"de","potentialAction":[{"@type":"ReadAction","target":["https:\/\/taboofashion.com\/de\/produkt\/bc-inspire-zipped-hood-women_-damen-organic-hooded-sweatjacke\/"]}]},{"@type":"BreadcrumbList","@id":"https:\/\/taboofashion.com\/de\/produkt\/bc-inspire-zipped-hood-women_-damen-organic-hooded-sweatjacke\/#breadcrumb","itemListElement":[{"@type":"ListItem","position":1,"name":"Home","item":"https:\/\/taboofashion.com\/de\/shop\/"},{"@type":"ListItem","position":2,"name":"Shop","item":"https:\/\/taboofashion.com\/shop\/"},{"@type":"ListItem","position":3,"name":"Inspire Zipped Hood \/women_\u00b0 Bio-Kapuzen-Sweatjacke f\u00fcr Damen"}]},{"@type":"WebSite","@id":"https:\/\/taboofashion.com\/de\/#website","url":"https:\/\/taboofashion.com\/de\/","name":"Fashion shop","description":"","publisher":{"@id":"https:\/\/taboofashion.com\/de\/#organization"},"potentialAction":[{"@type":"SearchAction","target":{"@type":"EntryPoint","urlTemplate":"https:\/\/taboofashion.com\/de\/?s={search_term_string}"},"query-input":"required name=search_term_string"}],"inLanguage":"de"},{"@type":"Organization","@id":"https:\/\/taboofashion.com\/de\/#organization","name":"Taboo Slovakia s.r.o.","url":"https:\/\/taboofashion.com\/de\/","logo":{"@type":"ImageObject","inLanguage":"de","@id":"https:\/\/taboofashion.com\/de\/#\/schema\/logo\/image\/","url":"https:\/\/taboofashion.com\/wp-content\/uploads\/2022\/12\/taboologo2100-002.png","contentUrl":"https:\/\/taboofashion.com\/wp-content\/uploads\/2022\/12\/taboologo2100-002.png","width":2100,"height":1050,"caption":"Taboo Slovakia s.r.o."},"image":{"@id":"https:\/\/taboofashion.com\/de\/#\/schema\/logo\/image\/"},"sameAs":["https:\/\/www.facebook.com\/TabooSlovakia","https:\/\/www.linkedin.com\/company\/541747\/","https:\/\/www.instagram.com\/taboofashion.com1\/"]}]},"product_brand":"B&amp;C Collection","og_availability":"instock","product_availability":"instock","product_retailer_item_id":"01W36B00100","product_condition":"new"},"_links":{"self":[{"href":"https:\/\/taboofashion.com\/de\/wp-json\/wp\/v2\/product\/738974","targetHints":{"allow":["GET"]}}],"collection":[{"href":"https:\/\/taboofashion.com\/de\/wp-json\/wp\/v2\/product"}],"about":[{"href":"https:\/\/taboofashion.com\/de\/wp-json\/wp\/v2\/types\/product"}],"wp:featuredmedia":[{"embeddable":true,"href":"https:\/\/taboofashion.com\/de\/wp-json\/wp\/v2\/media\/729424"}],"wp:attachment":[{"href":"https:\/\/taboofashion.com\/de\/wp-json\/wp\/v2\/media?parent=738974"}],"wp:term":[{"taxonomy":"product_cat","embeddable":true,"href":"https:\/\/taboofashion.com\/de\/wp-json\/wp\/v2\/product_cat?post=738974"},{"taxonomy":"product_tag","embeddable":true,"href":"https:\/\/taboofashion.com\/de\/wp-json\/wp\/v2\/product_tag?post=738974"}],"curies":[{"name":"wp","href":"https:\/\/api.w.org\/{rel}","templated":true}]}}