{"id":739190,"date":"2022-08-25T04:18:34","date_gmt":"2022-08-25T02:18:34","guid":{"rendered":"https:\/\/taboofashion.com\/shop\/bc-oxford-ssl-herren-oxford-shirt-kurzarm\/"},"modified":"2023-04-04T09:02:22","modified_gmt":"2023-04-04T07:02:22","slug":"bc-oxford-ssl-herren-oxford-shirt-kurzarm","status":"publish","type":"product","link":"https:\/\/taboofashion.com\/de\/produkt\/bc-oxford-ssl-herren-oxford-shirt-kurzarm\/","title":{"rendered":"Oxford SSL \/Herren Oxford-Hemd Kurzarm"},"content":{"rendered":"<p>Button-down-Kragen, schmale Armmanschetten, abgerundeter Saum mit seitlichen Verst\u00e4rkungen, passende Perlmuttkn\u00f6pfe im Kreuzstich eingen\u00e4ht, horizontales letztes Knopfloch, 2 Ersatzkn\u00f6pfe, linke Brusttasche, doppelte Faltnaht seitlich und an den \u00c4rmeln, R\u00fcckenpasse mit 2 seitlichen Falten mit 2-Nadel-Steppn\u00e4hten, hochwertiges Oxford-Gewebe, zum Binden, pflegeleicht, 60\u00b0 waschbar<\/p>\n","protected":false},"excerpt":{"rendered":"<p>135 g\/m\u00b2, 70 % gek\u00e4mmte Baumwolle, 30 % Polyester, Oxford<\/p>\n","protected":false},"featured_media":728037,"template":"","meta":[],"product_cat":[2170],"product_tag":[],"class_list":{"0":"post-739190","1":"product","2":"type-product","3":"status-publish","4":"has-post-thumbnail","6":"product_cat-hemden","7":"pa_brand-bc-collection-de","8":"pa_colour-black-de","9":"pa_colour-blauer-chip","10":"pa_colour-oxford-blau","11":"pa_colour-silbermond","12":"pa_colour-white-de","13":"pa_size-6xl-de","14":"pa_size-s-de","15":"pa_size-m-de","16":"pa_size-l-de","17":"pa_size-xl-de","18":"pa_size-xxl-de","19":"pa_size-3xl-de","20":"pa_size-4xl-de","21":"pa_size-5xl-de","23":"first","24":"instock","25":"taxable","26":"shipping-taxable","27":"purchasable","28":"product-type-variable","29":"has-default-attributes"},"yoast_head":"<!-- This site is optimized with the Yoast SEO plugin v21.8 - https:\/\/yoast.com\/wordpress\/plugins\/seo\/ -->\n<title>Oxford SSL \/Herren Oxford-Hemd Kurzarm &#8211; Fashion shop<\/title>\n<meta name=\"robots\" content=\"index, follow, max-snippet:-1, max-image-preview:large, max-video-preview:-1\" \/>\n<link rel=\"canonical\" href=\"https:\/\/taboofashion.com\/de\/produkt\/bc-oxford-ssl-herren-oxford-shirt-kurzarm\/\" \/>\n<meta property=\"og:locale\" content=\"de_DE\" \/>\n<meta property=\"og:type\" content=\"article\" \/>\n<meta property=\"og:title\" content=\"Oxford SSL \/Herren Oxford-Hemd Kurzarm &#8211; Fashion shop\" \/>\n<meta property=\"og:description\" content=\"135 g\/m\u00b2, 70 % gek\u00e4mmte Baumwolle, 30 % Polyester, Oxford\" \/>\n<meta property=\"og:url\" content=\"https:\/\/taboofashion.com\/de\/produkt\/bc-oxford-ssl-herren-oxford-shirt-kurzarm\/\" \/>\n<meta property=\"og:site_name\" content=\"Fashion shop\" \/>\n<meta property=\"article:publisher\" content=\"https:\/\/www.facebook.com\/TabooSlovakia\" \/>\n<meta property=\"article:modified_time\" content=\"2023-04-04T07:02:22+00:00\" \/>\n<meta property=\"og:image\" content=\"https:\/\/taboofashion.com\/wp-content\/uploads\/2022\/08\/LS-01.XF02-BC-Oxford-SSL-men-1.jpg\" \/>\n\t<meta property=\"og:image:width\" content=\"1000\" \/>\n\t<meta property=\"og:image:height\" content=\"1000\" \/>\n\t<meta property=\"og:image:type\" content=\"image\/jpeg\" \/>\n<meta name=\"twitter:card\" content=\"summary_large_image\" \/>\n<script type=\"application\/ld+json\" class=\"yoast-schema-graph\">{\"@context\":\"https:\/\/schema.org\",\"@graph\":[{\"@type\":\"WebPage\",\"@id\":\"https:\/\/taboofashion.com\/de\/produkt\/bc-oxford-ssl-herren-oxford-shirt-kurzarm\/\",\"url\":\"https:\/\/taboofashion.com\/de\/produkt\/bc-oxford-ssl-herren-oxford-shirt-kurzarm\/\",\"name\":\"Oxford SSL \/Herren Oxford-Hemd Kurzarm &#8211; Fashion shop\",\"isPartOf\":{\"@id\":\"https:\/\/taboofashion.com\/de\/#website\"},\"datePublished\":\"2022-08-25T02:18:34+00:00\",\"dateModified\":\"2023-04-04T07:02:22+00:00\",\"breadcrumb\":{\"@id\":\"https:\/\/taboofashion.com\/de\/produkt\/bc-oxford-ssl-herren-oxford-shirt-kurzarm\/#breadcrumb\"},\"inLanguage\":\"de\",\"potentialAction\":[{\"@type\":\"ReadAction\",\"target\":[\"https:\/\/taboofashion.com\/de\/produkt\/bc-oxford-ssl-herren-oxford-shirt-kurzarm\/\"]}]},{\"@type\":\"BreadcrumbList\",\"@id\":\"https:\/\/taboofashion.com\/de\/produkt\/bc-oxford-ssl-herren-oxford-shirt-kurzarm\/#breadcrumb\",\"itemListElement\":[{\"@type\":\"ListItem\",\"position\":1,\"name\":\"Home\",\"item\":\"https:\/\/taboofashion.com\/de\/shop\/\"},{\"@type\":\"ListItem\",\"position\":2,\"name\":\"Shop\",\"item\":\"https:\/\/taboofashion.com\/shop\/\"},{\"@type\":\"ListItem\",\"position\":3,\"name\":\"Oxford SSL \/Herren Oxford-Hemd Kurzarm\"}]},{\"@type\":\"WebSite\",\"@id\":\"https:\/\/taboofashion.com\/de\/#website\",\"url\":\"https:\/\/taboofashion.com\/de\/\",\"name\":\"Fashion shop\",\"description\":\"\",\"publisher\":{\"@id\":\"https:\/\/taboofashion.com\/de\/#organization\"},\"potentialAction\":[{\"@type\":\"SearchAction\",\"target\":{\"@type\":\"EntryPoint\",\"urlTemplate\":\"https:\/\/taboofashion.com\/de\/?s={search_term_string}\"},\"query-input\":\"required name=search_term_string\"}],\"inLanguage\":\"de\"},{\"@type\":\"Organization\",\"@id\":\"https:\/\/taboofashion.com\/de\/#organization\",\"name\":\"Taboo Slovakia s.r.o.\",\"url\":\"https:\/\/taboofashion.com\/de\/\",\"logo\":{\"@type\":\"ImageObject\",\"inLanguage\":\"de\",\"@id\":\"https:\/\/taboofashion.com\/de\/#\/schema\/logo\/image\/\",\"url\":\"https:\/\/taboofashion.com\/wp-content\/uploads\/2022\/12\/taboologo2100-002.png\",\"contentUrl\":\"https:\/\/taboofashion.com\/wp-content\/uploads\/2022\/12\/taboologo2100-002.png\",\"width\":2100,\"height\":1050,\"caption\":\"Taboo Slovakia s.r.o.\"},\"image\":{\"@id\":\"https:\/\/taboofashion.com\/de\/#\/schema\/logo\/image\/\"},\"sameAs\":[\"https:\/\/www.facebook.com\/TabooSlovakia\",\"https:\/\/www.linkedin.com\/company\/541747\/\",\"https:\/\/www.instagram.com\/taboofashion.com1\/\"]}]}<\/script>\n<meta property=\"product:brand\" content=\"B&amp;C Collection\" \/>\n<meta property=\"og:availability\" content=\"instock\" \/>\n<meta property=\"product:availability\" content=\"instock\" \/>\n<meta property=\"product:retailer_item_id\" content=\"01XF0200101\" \/>\n<meta property=\"product:condition\" content=\"new\" \/>\n<!-- \/ Yoast SEO plugin. -->","yoast_head_json":{"title":"Oxford SSL \/Herren Oxford-Hemd Kurzarm &#8211; Fashion shop","robots":{"index":"index","follow":"follow","max-snippet":"max-snippet:-1","max-image-preview":"max-image-preview:large","max-video-preview":"max-video-preview:-1"},"canonical":"https:\/\/taboofashion.com\/de\/produkt\/bc-oxford-ssl-herren-oxford-shirt-kurzarm\/","og_locale":"de_DE","og_type":"article","og_title":"Oxford SSL \/Herren Oxford-Hemd Kurzarm &#8211; Fashion shop","og_description":"135 g\/m\u00b2, 70 % gek\u00e4mmte Baumwolle, 30 % Polyester, Oxford","og_url":"https:\/\/taboofashion.com\/de\/produkt\/bc-oxford-ssl-herren-oxford-shirt-kurzarm\/","og_site_name":"Fashion shop","article_publisher":"https:\/\/www.facebook.com\/TabooSlovakia","article_modified_time":"2023-04-04T07:02:22+00:00","og_image":[{"width":1000,"height":1000,"url":"https:\/\/taboofashion.com\/wp-content\/uploads\/2022\/08\/LS-01.XF02-BC-Oxford-SSL-men-1.jpg","type":"image\/jpeg"}],"twitter_card":"summary_large_image","schema":{"@context":"https:\/\/schema.org","@graph":[{"@type":"WebPage","@id":"https:\/\/taboofashion.com\/de\/produkt\/bc-oxford-ssl-herren-oxford-shirt-kurzarm\/","url":"https:\/\/taboofashion.com\/de\/produkt\/bc-oxford-ssl-herren-oxford-shirt-kurzarm\/","name":"Oxford SSL \/Herren Oxford-Hemd Kurzarm &#8211; Fashion shop","isPartOf":{"@id":"https:\/\/taboofashion.com\/de\/#website"},"datePublished":"2022-08-25T02:18:34+00:00","dateModified":"2023-04-04T07:02:22+00:00","breadcrumb":{"@id":"https:\/\/taboofashion.com\/de\/produkt\/bc-oxford-ssl-herren-oxford-shirt-kurzarm\/#breadcrumb"},"inLanguage":"de","potentialAction":[{"@type":"ReadAction","target":["https:\/\/taboofashion.com\/de\/produkt\/bc-oxford-ssl-herren-oxford-shirt-kurzarm\/"]}]},{"@type":"BreadcrumbList","@id":"https:\/\/taboofashion.com\/de\/produkt\/bc-oxford-ssl-herren-oxford-shirt-kurzarm\/#breadcrumb","itemListElement":[{"@type":"ListItem","position":1,"name":"Home","item":"https:\/\/taboofashion.com\/de\/shop\/"},{"@type":"ListItem","position":2,"name":"Shop","item":"https:\/\/taboofashion.com\/shop\/"},{"@type":"ListItem","position":3,"name":"Oxford SSL \/Herren Oxford-Hemd Kurzarm"}]},{"@type":"WebSite","@id":"https:\/\/taboofashion.com\/de\/#website","url":"https:\/\/taboofashion.com\/de\/","name":"Fashion shop","description":"","publisher":{"@id":"https:\/\/taboofashion.com\/de\/#organization"},"potentialAction":[{"@type":"SearchAction","target":{"@type":"EntryPoint","urlTemplate":"https:\/\/taboofashion.com\/de\/?s={search_term_string}"},"query-input":"required name=search_term_string"}],"inLanguage":"de"},{"@type":"Organization","@id":"https:\/\/taboofashion.com\/de\/#organization","name":"Taboo Slovakia s.r.o.","url":"https:\/\/taboofashion.com\/de\/","logo":{"@type":"ImageObject","inLanguage":"de","@id":"https:\/\/taboofashion.com\/de\/#\/schema\/logo\/image\/","url":"https:\/\/taboofashion.com\/wp-content\/uploads\/2022\/12\/taboologo2100-002.png","contentUrl":"https:\/\/taboofashion.com\/wp-content\/uploads\/2022\/12\/taboologo2100-002.png","width":2100,"height":1050,"caption":"Taboo Slovakia s.r.o."},"image":{"@id":"https:\/\/taboofashion.com\/de\/#\/schema\/logo\/image\/"},"sameAs":["https:\/\/www.facebook.com\/TabooSlovakia","https:\/\/www.linkedin.com\/company\/541747\/","https:\/\/www.instagram.com\/taboofashion.com1\/"]}]},"product_brand":"B&amp;C Collection","og_availability":"instock","product_availability":"instock","product_retailer_item_id":"01XF0200101","product_condition":"new"},"_links":{"self":[{"href":"https:\/\/taboofashion.com\/de\/wp-json\/wp\/v2\/product\/739190","targetHints":{"allow":["GET"]}}],"collection":[{"href":"https:\/\/taboofashion.com\/de\/wp-json\/wp\/v2\/product"}],"about":[{"href":"https:\/\/taboofashion.com\/de\/wp-json\/wp\/v2\/types\/product"}],"wp:featuredmedia":[{"embeddable":true,"href":"https:\/\/taboofashion.com\/de\/wp-json\/wp\/v2\/media\/728037"}],"wp:attachment":[{"href":"https:\/\/taboofashion.com\/de\/wp-json\/wp\/v2\/media?parent=739190"}],"wp:term":[{"taxonomy":"product_cat","embeddable":true,"href":"https:\/\/taboofashion.com\/de\/wp-json\/wp\/v2\/product_cat?post=739190"},{"taxonomy":"product_tag","embeddable":true,"href":"https:\/\/taboofashion.com\/de\/wp-json\/wp\/v2\/product_tag?post=739190"}],"curies":[{"name":"wp","href":"https:\/\/api.w.org\/{rel}","templated":true}]}}