{"id":746836,"date":"2022-08-30T03:01:03","date_gmt":"2022-08-30T01:01:03","guid":{"rendered":"https:\/\/taboofashion.com\/shop\/premier-pr132-baumwoll-laetzchen-apron-chino\/"},"modified":"2022-08-30T03:01:03","modified_gmt":"2022-08-30T01:01:03","slug":"premier-pr132-baumwoll-latzchen-apron-chino","status":"publish","type":"product","link":"https:\/\/taboofashion.com\/de\/produkt\/premier-pr132-baumwoll-latzchen-apron-chino\/","title":{"rendered":"PR132 Latzsch\u00fcrze aus Baumwolle &#8222;Chino&#8220;"},"content":{"rendered":"<p>Verstellbares Nackenband mit Druckkn\u00f6pfen, gesteppte Chino-Tasche mit Nieten, Taschengr\u00f6\u00dfe: 13x16cm, OEKO-TEX\u00ae Standard 100, L\u00e4nge: 86cm, Breite: 72cm, obere Taschengr\u00f6\u00dfe: 13X16cm, untere Taschengr\u00f6\u00dfe: 18X20cm, Industriew\u00e4sche 85\u00b0 waschbar, 60\u00b0 waschbar, trocknergeeignet<\/p>\n","protected":false},"excerpt":{"rendered":"<p>235g\/m\u00b2, 100% Baumwoll-Twill<\/p>\n","protected":false},"featured_media":728628,"template":"","meta":[],"product_cat":[2164],"product_tag":[],"class_list":{"0":"post-746836","1":"product","2":"type-product","3":"status-publish","4":"has-post-thumbnail","6":"product_cat-arbeitskleidung-sicherheit","7":"pa_brand-premier-de","8":"pa_colour-stahl","9":"pa_colour-black-de","10":"pa_colour-khaki-de","11":"pa_colour-navy-de","12":"pa_size-onesize-de","14":"first","15":"instock","16":"taxable","17":"shipping-taxable","18":"purchasable","19":"product-type-variable","20":"has-default-attributes"},"yoast_head":"<!-- This site is optimized with the Yoast SEO plugin v21.8 - https:\/\/yoast.com\/wordpress\/plugins\/seo\/ -->\n<title>PR132 Latzsch\u00fcrze aus Baumwolle &quot;Chino&quot; &#8211; Fashion shop<\/title>\n<meta name=\"robots\" content=\"index, follow, max-snippet:-1, max-image-preview:large, max-video-preview:-1\" \/>\n<link rel=\"canonical\" href=\"https:\/\/taboofashion.com\/de\/produkt\/premier-pr132-baumwoll-latzchen-apron-chino\/\" \/>\n<meta property=\"og:locale\" content=\"de_DE\" \/>\n<meta property=\"og:type\" content=\"article\" \/>\n<meta property=\"og:title\" content=\"PR132 Latzsch\u00fcrze aus Baumwolle &quot;Chino&quot; &#8211; Fashion shop\" \/>\n<meta property=\"og:description\" content=\"235g\/m\u00b2, 100% Baumwoll-Twill\" \/>\n<meta property=\"og:url\" content=\"https:\/\/taboofashion.com\/de\/produkt\/premier-pr132-baumwoll-latzchen-apron-chino\/\" \/>\n<meta property=\"og:site_name\" content=\"Fashion shop\" \/>\n<meta property=\"article:publisher\" content=\"https:\/\/www.facebook.com\/TabooSlovakia\" \/>\n<meta name=\"twitter:card\" content=\"summary_large_image\" \/>\n<script type=\"application\/ld+json\" class=\"yoast-schema-graph\">{\"@context\":\"https:\/\/schema.org\",\"@graph\":[{\"@type\":\"WebPage\",\"@id\":\"https:\/\/taboofashion.com\/de\/produkt\/premier-pr132-baumwoll-latzchen-apron-chino\/\",\"url\":\"https:\/\/taboofashion.com\/de\/produkt\/premier-pr132-baumwoll-latzchen-apron-chino\/\",\"name\":\"PR132 Latzsch\u00fcrze aus Baumwolle \\\"Chino\\\" &#8211; Fashion shop\",\"isPartOf\":{\"@id\":\"https:\/\/taboofashion.com\/de\/#website\"},\"datePublished\":\"2022-08-30T01:01:03+00:00\",\"dateModified\":\"2022-08-30T01:01:03+00:00\",\"breadcrumb\":{\"@id\":\"https:\/\/taboofashion.com\/de\/produkt\/premier-pr132-baumwoll-latzchen-apron-chino\/#breadcrumb\"},\"inLanguage\":\"de\",\"potentialAction\":[{\"@type\":\"ReadAction\",\"target\":[\"https:\/\/taboofashion.com\/de\/produkt\/premier-pr132-baumwoll-latzchen-apron-chino\/\"]}]},{\"@type\":\"BreadcrumbList\",\"@id\":\"https:\/\/taboofashion.com\/de\/produkt\/premier-pr132-baumwoll-latzchen-apron-chino\/#breadcrumb\",\"itemListElement\":[{\"@type\":\"ListItem\",\"position\":1,\"name\":\"Home\",\"item\":\"https:\/\/taboofashion.com\/de\/shop\/\"},{\"@type\":\"ListItem\",\"position\":2,\"name\":\"Shop\",\"item\":\"https:\/\/taboofashion.com\/shop\/\"},{\"@type\":\"ListItem\",\"position\":3,\"name\":\"PR132 Latzsch\u00fcrze aus Baumwolle &#8222;Chino&#8220;\"}]},{\"@type\":\"WebSite\",\"@id\":\"https:\/\/taboofashion.com\/de\/#website\",\"url\":\"https:\/\/taboofashion.com\/de\/\",\"name\":\"Fashion shop\",\"description\":\"\",\"publisher\":{\"@id\":\"https:\/\/taboofashion.com\/de\/#organization\"},\"potentialAction\":[{\"@type\":\"SearchAction\",\"target\":{\"@type\":\"EntryPoint\",\"urlTemplate\":\"https:\/\/taboofashion.com\/de\/?s={search_term_string}\"},\"query-input\":\"required name=search_term_string\"}],\"inLanguage\":\"de\"},{\"@type\":\"Organization\",\"@id\":\"https:\/\/taboofashion.com\/de\/#organization\",\"name\":\"Taboo Slovakia s.r.o.\",\"url\":\"https:\/\/taboofashion.com\/de\/\",\"logo\":{\"@type\":\"ImageObject\",\"inLanguage\":\"de\",\"@id\":\"https:\/\/taboofashion.com\/de\/#\/schema\/logo\/image\/\",\"url\":\"https:\/\/taboofashion.com\/wp-content\/uploads\/2022\/12\/taboologo2100-002.png\",\"contentUrl\":\"https:\/\/taboofashion.com\/wp-content\/uploads\/2022\/12\/taboologo2100-002.png\",\"width\":2100,\"height\":1050,\"caption\":\"Taboo Slovakia s.r.o.\"},\"image\":{\"@id\":\"https:\/\/taboofashion.com\/de\/#\/schema\/logo\/image\/\"},\"sameAs\":[\"https:\/\/www.facebook.com\/TabooSlovakia\",\"https:\/\/www.linkedin.com\/company\/541747\/\",\"https:\/\/www.instagram.com\/taboofashion.com1\/\"]}]}<\/script>\n<meta property=\"product:brand\" content=\"Premier\" \/>\n<meta property=\"og:availability\" content=\"instock\" \/>\n<meta property=\"product:availability\" content=\"instock\" \/>\n<meta property=\"product:retailer_item_id\" content=\"39013200299\" \/>\n<meta property=\"product:condition\" content=\"new\" \/>\n<!-- \/ Yoast SEO plugin. -->","yoast_head_json":{"title":"PR132 Latzsch\u00fcrze aus Baumwolle \"Chino\" &#8211; Fashion shop","robots":{"index":"index","follow":"follow","max-snippet":"max-snippet:-1","max-image-preview":"max-image-preview:large","max-video-preview":"max-video-preview:-1"},"canonical":"https:\/\/taboofashion.com\/de\/produkt\/premier-pr132-baumwoll-latzchen-apron-chino\/","og_locale":"de_DE","og_type":"article","og_title":"PR132 Latzsch\u00fcrze aus Baumwolle \"Chino\" &#8211; Fashion shop","og_description":"235g\/m\u00b2, 100% Baumwoll-Twill","og_url":"https:\/\/taboofashion.com\/de\/produkt\/premier-pr132-baumwoll-latzchen-apron-chino\/","og_site_name":"Fashion shop","article_publisher":"https:\/\/www.facebook.com\/TabooSlovakia","twitter_card":"summary_large_image","schema":{"@context":"https:\/\/schema.org","@graph":[{"@type":"WebPage","@id":"https:\/\/taboofashion.com\/de\/produkt\/premier-pr132-baumwoll-latzchen-apron-chino\/","url":"https:\/\/taboofashion.com\/de\/produkt\/premier-pr132-baumwoll-latzchen-apron-chino\/","name":"PR132 Latzsch\u00fcrze aus Baumwolle \"Chino\" &#8211; Fashion shop","isPartOf":{"@id":"https:\/\/taboofashion.com\/de\/#website"},"datePublished":"2022-08-30T01:01:03+00:00","dateModified":"2022-08-30T01:01:03+00:00","breadcrumb":{"@id":"https:\/\/taboofashion.com\/de\/produkt\/premier-pr132-baumwoll-latzchen-apron-chino\/#breadcrumb"},"inLanguage":"de","potentialAction":[{"@type":"ReadAction","target":["https:\/\/taboofashion.com\/de\/produkt\/premier-pr132-baumwoll-latzchen-apron-chino\/"]}]},{"@type":"BreadcrumbList","@id":"https:\/\/taboofashion.com\/de\/produkt\/premier-pr132-baumwoll-latzchen-apron-chino\/#breadcrumb","itemListElement":[{"@type":"ListItem","position":1,"name":"Home","item":"https:\/\/taboofashion.com\/de\/shop\/"},{"@type":"ListItem","position":2,"name":"Shop","item":"https:\/\/taboofashion.com\/shop\/"},{"@type":"ListItem","position":3,"name":"PR132 Latzsch\u00fcrze aus Baumwolle &#8222;Chino&#8220;"}]},{"@type":"WebSite","@id":"https:\/\/taboofashion.com\/de\/#website","url":"https:\/\/taboofashion.com\/de\/","name":"Fashion shop","description":"","publisher":{"@id":"https:\/\/taboofashion.com\/de\/#organization"},"potentialAction":[{"@type":"SearchAction","target":{"@type":"EntryPoint","urlTemplate":"https:\/\/taboofashion.com\/de\/?s={search_term_string}"},"query-input":"required name=search_term_string"}],"inLanguage":"de"},{"@type":"Organization","@id":"https:\/\/taboofashion.com\/de\/#organization","name":"Taboo Slovakia s.r.o.","url":"https:\/\/taboofashion.com\/de\/","logo":{"@type":"ImageObject","inLanguage":"de","@id":"https:\/\/taboofashion.com\/de\/#\/schema\/logo\/image\/","url":"https:\/\/taboofashion.com\/wp-content\/uploads\/2022\/12\/taboologo2100-002.png","contentUrl":"https:\/\/taboofashion.com\/wp-content\/uploads\/2022\/12\/taboologo2100-002.png","width":2100,"height":1050,"caption":"Taboo Slovakia s.r.o."},"image":{"@id":"https:\/\/taboofashion.com\/de\/#\/schema\/logo\/image\/"},"sameAs":["https:\/\/www.facebook.com\/TabooSlovakia","https:\/\/www.linkedin.com\/company\/541747\/","https:\/\/www.instagram.com\/taboofashion.com1\/"]}]},"product_brand":"Premier","og_availability":"instock","product_availability":"instock","product_retailer_item_id":"39013200299","product_condition":"new"},"_links":{"self":[{"href":"https:\/\/taboofashion.com\/de\/wp-json\/wp\/v2\/product\/746836","targetHints":{"allow":["GET"]}}],"collection":[{"href":"https:\/\/taboofashion.com\/de\/wp-json\/wp\/v2\/product"}],"about":[{"href":"https:\/\/taboofashion.com\/de\/wp-json\/wp\/v2\/types\/product"}],"wp:featuredmedia":[{"embeddable":true,"href":"https:\/\/taboofashion.com\/de\/wp-json\/wp\/v2\/media\/728628"}],"wp:attachment":[{"href":"https:\/\/taboofashion.com\/de\/wp-json\/wp\/v2\/media?parent=746836"}],"wp:term":[{"taxonomy":"product_cat","embeddable":true,"href":"https:\/\/taboofashion.com\/de\/wp-json\/wp\/v2\/product_cat?post=746836"},{"taxonomy":"product_tag","embeddable":true,"href":"https:\/\/taboofashion.com\/de\/wp-json\/wp\/v2\/product_tag?post=746836"}],"curies":[{"name":"wp","href":"https:\/\/api.w.org\/{rel}","templated":true}]}}