{"id":748199,"date":"2022-08-30T00:58:00","date_gmt":"2022-08-29T22:58:00","guid":{"rendered":"https:\/\/taboofashion.com\/shop\/atlantis-liberty-six-buckle-6-panel-baseball-cap-liberty-six-buckle\/"},"modified":"2022-08-30T00:58:00","modified_gmt":"2022-08-29T22:58:00","slug":"atlantis-liberty-six-buckle-6-panel-baseball-cap-liberty-six-buckle","status":"publish","type":"product","link":"https:\/\/taboofashion.com\/de\/produkt\/atlantis-liberty-six-buckle-6-panel-baseball-cap-liberty-six-buckle\/","title":{"rendered":"Liberty Six Buckle 6 Panel Baseballm\u00fctze &#8222;Liberty Six Buckle&#8220;"},"content":{"rendered":"<p>Leicht gew\u00f6lbter Schirm, 6 Ziern\u00e4hte am Schirm, Schwei\u00dfband aus Polyester, verst\u00e4rkte Frontpartie, gen\u00e4hte \u00d6sen, Stoffverschluss mit Metallschnalle<\/p>\n","protected":false},"excerpt":{"rendered":"<p>250g\/m\u00b2, 100% schwere, geb\u00fcrstete Baumwolltwill<\/p>\n","protected":false},"featured_media":729839,"template":"","meta":[],"product_cat":[2180],"product_tag":[],"class_list":{"0":"post-748199","1":"product","2":"type-product","3":"status-publish","4":"has-post-thumbnail","6":"product_cat-kappen","7":"pa_brand-atlantis-de","8":"pa_colour-black-de","9":"pa_colour-bottle-green-de","10":"pa_colour-grau","11":"pa_colour-khaki-de","12":"pa_colour-koniglich","13":"pa_colour-navy-de","14":"pa_colour-red-de","15":"pa_colour-white-de","16":"pa_size-onesize-de","18":"first","19":"instock","20":"taxable","21":"shipping-taxable","22":"purchasable","23":"product-type-variable","24":"has-default-attributes"},"yoast_head":"<!-- This site is optimized with the Yoast SEO plugin v21.8 - https:\/\/yoast.com\/wordpress\/plugins\/seo\/ -->\n<title>Liberty Six Buckle 6 Panel Baseballm\u00fctze &quot;Liberty Six Buckle&quot; &#8211; Fashion shop<\/title>\n<meta name=\"robots\" content=\"index, follow, max-snippet:-1, max-image-preview:large, max-video-preview:-1\" \/>\n<link rel=\"canonical\" href=\"https:\/\/taboofashion.com\/de\/produkt\/atlantis-liberty-six-buckle-6-panel-baseball-cap-liberty-six-buckle\/\" \/>\n<meta property=\"og:locale\" content=\"de_DE\" \/>\n<meta property=\"og:type\" content=\"article\" \/>\n<meta property=\"og:title\" content=\"Liberty Six Buckle 6 Panel Baseballm\u00fctze &quot;Liberty Six Buckle&quot; &#8211; Fashion shop\" \/>\n<meta property=\"og:description\" content=\"250g\/m\u00b2, 100% schwere, geb\u00fcrstete Baumwolltwill\" \/>\n<meta property=\"og:url\" content=\"https:\/\/taboofashion.com\/de\/produkt\/atlantis-liberty-six-buckle-6-panel-baseball-cap-liberty-six-buckle\/\" \/>\n<meta property=\"og:site_name\" content=\"Fashion shop\" \/>\n<meta property=\"article:publisher\" content=\"https:\/\/www.facebook.com\/TabooSlovakia\" \/>\n<meta name=\"twitter:card\" content=\"summary_large_image\" \/>\n<script type=\"application\/ld+json\" class=\"yoast-schema-graph\">{\"@context\":\"https:\/\/schema.org\",\"@graph\":[{\"@type\":\"WebPage\",\"@id\":\"https:\/\/taboofashion.com\/de\/produkt\/atlantis-liberty-six-buckle-6-panel-baseball-cap-liberty-six-buckle\/\",\"url\":\"https:\/\/taboofashion.com\/de\/produkt\/atlantis-liberty-six-buckle-6-panel-baseball-cap-liberty-six-buckle\/\",\"name\":\"Liberty Six Buckle 6 Panel Baseballm\u00fctze \\\"Liberty Six Buckle\\\" &#8211; Fashion shop\",\"isPartOf\":{\"@id\":\"https:\/\/taboofashion.com\/de\/#website\"},\"datePublished\":\"2022-08-29T22:58:00+00:00\",\"dateModified\":\"2022-08-29T22:58:00+00:00\",\"breadcrumb\":{\"@id\":\"https:\/\/taboofashion.com\/de\/produkt\/atlantis-liberty-six-buckle-6-panel-baseball-cap-liberty-six-buckle\/#breadcrumb\"},\"inLanguage\":\"de\",\"potentialAction\":[{\"@type\":\"ReadAction\",\"target\":[\"https:\/\/taboofashion.com\/de\/produkt\/atlantis-liberty-six-buckle-6-panel-baseball-cap-liberty-six-buckle\/\"]}]},{\"@type\":\"BreadcrumbList\",\"@id\":\"https:\/\/taboofashion.com\/de\/produkt\/atlantis-liberty-six-buckle-6-panel-baseball-cap-liberty-six-buckle\/#breadcrumb\",\"itemListElement\":[{\"@type\":\"ListItem\",\"position\":1,\"name\":\"Home\",\"item\":\"https:\/\/taboofashion.com\/de\/shop\/\"},{\"@type\":\"ListItem\",\"position\":2,\"name\":\"Shop\",\"item\":\"https:\/\/taboofashion.com\/shop\/\"},{\"@type\":\"ListItem\",\"position\":3,\"name\":\"Liberty Six Buckle 6 Panel Baseballm\u00fctze &#8222;Liberty Six Buckle&#8220;\"}]},{\"@type\":\"WebSite\",\"@id\":\"https:\/\/taboofashion.com\/de\/#website\",\"url\":\"https:\/\/taboofashion.com\/de\/\",\"name\":\"Fashion shop\",\"description\":\"\",\"publisher\":{\"@id\":\"https:\/\/taboofashion.com\/de\/#organization\"},\"potentialAction\":[{\"@type\":\"SearchAction\",\"target\":{\"@type\":\"EntryPoint\",\"urlTemplate\":\"https:\/\/taboofashion.com\/de\/?s={search_term_string}\"},\"query-input\":\"required name=search_term_string\"}],\"inLanguage\":\"de\"},{\"@type\":\"Organization\",\"@id\":\"https:\/\/taboofashion.com\/de\/#organization\",\"name\":\"Taboo Slovakia s.r.o.\",\"url\":\"https:\/\/taboofashion.com\/de\/\",\"logo\":{\"@type\":\"ImageObject\",\"inLanguage\":\"de\",\"@id\":\"https:\/\/taboofashion.com\/de\/#\/schema\/logo\/image\/\",\"url\":\"https:\/\/taboofashion.com\/wp-content\/uploads\/2022\/12\/taboologo2100-002.png\",\"contentUrl\":\"https:\/\/taboofashion.com\/wp-content\/uploads\/2022\/12\/taboologo2100-002.png\",\"width\":2100,\"height\":1050,\"caption\":\"Taboo Slovakia s.r.o.\"},\"image\":{\"@id\":\"https:\/\/taboofashion.com\/de\/#\/schema\/logo\/image\/\"},\"sameAs\":[\"https:\/\/www.facebook.com\/TabooSlovakia\",\"https:\/\/www.linkedin.com\/company\/541747\/\",\"https:\/\/www.instagram.com\/taboofashion.com1\/\"]}]}<\/script>\n<meta property=\"product:brand\" content=\"Atlantis\" \/>\n<meta property=\"og:availability\" content=\"instock\" \/>\n<meta property=\"product:availability\" content=\"instock\" \/>\n<meta property=\"product:retailer_item_id\" content=\"33018200199\" \/>\n<meta property=\"product:condition\" content=\"new\" \/>\n<!-- \/ Yoast SEO plugin. -->","yoast_head_json":{"title":"Liberty Six Buckle 6 Panel Baseballm\u00fctze \"Liberty Six Buckle\" &#8211; Fashion shop","robots":{"index":"index","follow":"follow","max-snippet":"max-snippet:-1","max-image-preview":"max-image-preview:large","max-video-preview":"max-video-preview:-1"},"canonical":"https:\/\/taboofashion.com\/de\/produkt\/atlantis-liberty-six-buckle-6-panel-baseball-cap-liberty-six-buckle\/","og_locale":"de_DE","og_type":"article","og_title":"Liberty Six Buckle 6 Panel Baseballm\u00fctze \"Liberty Six Buckle\" &#8211; Fashion shop","og_description":"250g\/m\u00b2, 100% schwere, geb\u00fcrstete Baumwolltwill","og_url":"https:\/\/taboofashion.com\/de\/produkt\/atlantis-liberty-six-buckle-6-panel-baseball-cap-liberty-six-buckle\/","og_site_name":"Fashion shop","article_publisher":"https:\/\/www.facebook.com\/TabooSlovakia","twitter_card":"summary_large_image","schema":{"@context":"https:\/\/schema.org","@graph":[{"@type":"WebPage","@id":"https:\/\/taboofashion.com\/de\/produkt\/atlantis-liberty-six-buckle-6-panel-baseball-cap-liberty-six-buckle\/","url":"https:\/\/taboofashion.com\/de\/produkt\/atlantis-liberty-six-buckle-6-panel-baseball-cap-liberty-six-buckle\/","name":"Liberty Six Buckle 6 Panel Baseballm\u00fctze \"Liberty Six Buckle\" &#8211; Fashion shop","isPartOf":{"@id":"https:\/\/taboofashion.com\/de\/#website"},"datePublished":"2022-08-29T22:58:00+00:00","dateModified":"2022-08-29T22:58:00+00:00","breadcrumb":{"@id":"https:\/\/taboofashion.com\/de\/produkt\/atlantis-liberty-six-buckle-6-panel-baseball-cap-liberty-six-buckle\/#breadcrumb"},"inLanguage":"de","potentialAction":[{"@type":"ReadAction","target":["https:\/\/taboofashion.com\/de\/produkt\/atlantis-liberty-six-buckle-6-panel-baseball-cap-liberty-six-buckle\/"]}]},{"@type":"BreadcrumbList","@id":"https:\/\/taboofashion.com\/de\/produkt\/atlantis-liberty-six-buckle-6-panel-baseball-cap-liberty-six-buckle\/#breadcrumb","itemListElement":[{"@type":"ListItem","position":1,"name":"Home","item":"https:\/\/taboofashion.com\/de\/shop\/"},{"@type":"ListItem","position":2,"name":"Shop","item":"https:\/\/taboofashion.com\/shop\/"},{"@type":"ListItem","position":3,"name":"Liberty Six Buckle 6 Panel Baseballm\u00fctze &#8222;Liberty Six Buckle&#8220;"}]},{"@type":"WebSite","@id":"https:\/\/taboofashion.com\/de\/#website","url":"https:\/\/taboofashion.com\/de\/","name":"Fashion shop","description":"","publisher":{"@id":"https:\/\/taboofashion.com\/de\/#organization"},"potentialAction":[{"@type":"SearchAction","target":{"@type":"EntryPoint","urlTemplate":"https:\/\/taboofashion.com\/de\/?s={search_term_string}"},"query-input":"required name=search_term_string"}],"inLanguage":"de"},{"@type":"Organization","@id":"https:\/\/taboofashion.com\/de\/#organization","name":"Taboo Slovakia s.r.o.","url":"https:\/\/taboofashion.com\/de\/","logo":{"@type":"ImageObject","inLanguage":"de","@id":"https:\/\/taboofashion.com\/de\/#\/schema\/logo\/image\/","url":"https:\/\/taboofashion.com\/wp-content\/uploads\/2022\/12\/taboologo2100-002.png","contentUrl":"https:\/\/taboofashion.com\/wp-content\/uploads\/2022\/12\/taboologo2100-002.png","width":2100,"height":1050,"caption":"Taboo Slovakia s.r.o."},"image":{"@id":"https:\/\/taboofashion.com\/de\/#\/schema\/logo\/image\/"},"sameAs":["https:\/\/www.facebook.com\/TabooSlovakia","https:\/\/www.linkedin.com\/company\/541747\/","https:\/\/www.instagram.com\/taboofashion.com1\/"]}]},"product_brand":"Atlantis","og_availability":"instock","product_availability":"instock","product_retailer_item_id":"33018200199","product_condition":"new"},"_links":{"self":[{"href":"https:\/\/taboofashion.com\/de\/wp-json\/wp\/v2\/product\/748199","targetHints":{"allow":["GET"]}}],"collection":[{"href":"https:\/\/taboofashion.com\/de\/wp-json\/wp\/v2\/product"}],"about":[{"href":"https:\/\/taboofashion.com\/de\/wp-json\/wp\/v2\/types\/product"}],"wp:featuredmedia":[{"embeddable":true,"href":"https:\/\/taboofashion.com\/de\/wp-json\/wp\/v2\/media\/729839"}],"wp:attachment":[{"href":"https:\/\/taboofashion.com\/de\/wp-json\/wp\/v2\/media?parent=748199"}],"wp:term":[{"taxonomy":"product_cat","embeddable":true,"href":"https:\/\/taboofashion.com\/de\/wp-json\/wp\/v2\/product_cat?post=748199"},{"taxonomy":"product_tag","embeddable":true,"href":"https:\/\/taboofashion.com\/de\/wp-json\/wp\/v2\/product_tag?post=748199"}],"curies":[{"name":"wp","href":"https:\/\/api.w.org\/{rel}","templated":true}]}}