{"id":749703,"date":"2022-08-29T22:12:40","date_gmt":"2022-08-29T20:12:40","guid":{"rendered":"https:\/\/taboofashion.com\/shop\/ergebnis-recycelt-r239x-thermoquilt-vest\/"},"modified":"2022-08-29T22:12:40","modified_gmt":"2022-08-29T20:12:40","slug":"ergebnis-recycelt-r239x-thermoquilt-vest","status":"publish","type":"product","link":"https:\/\/taboofashion.com\/de\/produkt\/ergebnis-recycelt-r239x-thermoquilt-vest\/","title":{"rendered":"R239X Thermoquilt-Weste"},"content":{"rendered":"<p>Wasserabweisend, atmungsaktiv, elastischer Saum an den Armausschnitten und an der Taille, Full Zip mit Kinnschutz, 2 Seitentaschen mit Zip, isolierendes Innenfutter, kontrastfarbiges Futter und Rei\u00dfverschl\u00fcsse, Zierzugang am R\u00fccken und auf der linken Brust, Aufh\u00e4ngeschlaufe, winddicht<\/p>\n","protected":false},"excerpt":{"rendered":"<p>Au\u00dfen: 100% Polyester, Futter: 140g\/m\u00b2, 100% REPREVE\u00ae recyceltes Polyester, Polsterung: 100% Polyester<\/p>\n","protected":false},"featured_media":728823,"template":"","meta":[],"product_cat":[2163],"product_tag":[],"class_list":{"0":"post-749703","1":"product","2":"type-product","3":"status-publish","4":"has-post-thumbnail","6":"product_cat-jacken","7":"pa_brand-result-de","8":"pa_colour-grau-schwarz","9":"pa_colour-koniglich-marine","10":"pa_colour-marine-limone","11":"pa_colour-navy-marine","12":"pa_colour-schwarz-rot","13":"pa_colour-schwarz-orange","14":"pa_colour-schwarz-schwarz","15":"pa_size-3xl-de","16":"pa_size-l-de","17":"pa_size-m-de","18":"pa_size-s-de","19":"pa_size-xl-de","20":"pa_size-xs-de","21":"pa_size-xxl-de","23":"first","24":"instock","25":"taxable","26":"shipping-taxable","27":"purchasable","28":"product-type-variable","29":"has-default-attributes"},"yoast_head":"<!-- This site is optimized with the Yoast SEO plugin v21.8 - https:\/\/yoast.com\/wordpress\/plugins\/seo\/ -->\n<title>R239X Thermoquilt-Weste &#8211; Fashion shop<\/title>\n<meta name=\"robots\" content=\"index, follow, max-snippet:-1, max-image-preview:large, max-video-preview:-1\" \/>\n<link rel=\"canonical\" href=\"https:\/\/taboofashion.com\/de\/produkt\/ergebnis-recycelt-r239x-thermoquilt-vest\/\" \/>\n<meta property=\"og:locale\" content=\"de_DE\" \/>\n<meta property=\"og:type\" content=\"article\" \/>\n<meta property=\"og:title\" content=\"R239X Thermoquilt-Weste &#8211; Fashion shop\" \/>\n<meta property=\"og:description\" content=\"Au\u00dfen: 100% Polyester, Futter: 140g\/m\u00b2, 100% REPREVE\u00ae recyceltes Polyester, Polsterung: 100% Polyester\" \/>\n<meta property=\"og:url\" content=\"https:\/\/taboofashion.com\/de\/produkt\/ergebnis-recycelt-r239x-thermoquilt-vest\/\" \/>\n<meta property=\"og:site_name\" content=\"Fashion shop\" \/>\n<meta property=\"article:publisher\" content=\"https:\/\/www.facebook.com\/TabooSlovakia\" \/>\n<meta name=\"twitter:card\" content=\"summary_large_image\" \/>\n<script type=\"application\/ld+json\" class=\"yoast-schema-graph\">{\"@context\":\"https:\/\/schema.org\",\"@graph\":[{\"@type\":\"WebPage\",\"@id\":\"https:\/\/taboofashion.com\/de\/produkt\/ergebnis-recycelt-r239x-thermoquilt-vest\/\",\"url\":\"https:\/\/taboofashion.com\/de\/produkt\/ergebnis-recycelt-r239x-thermoquilt-vest\/\",\"name\":\"R239X Thermoquilt-Weste &#8211; Fashion shop\",\"isPartOf\":{\"@id\":\"https:\/\/taboofashion.com\/de\/#website\"},\"datePublished\":\"2022-08-29T20:12:40+00:00\",\"dateModified\":\"2022-08-29T20:12:40+00:00\",\"breadcrumb\":{\"@id\":\"https:\/\/taboofashion.com\/de\/produkt\/ergebnis-recycelt-r239x-thermoquilt-vest\/#breadcrumb\"},\"inLanguage\":\"de\",\"potentialAction\":[{\"@type\":\"ReadAction\",\"target\":[\"https:\/\/taboofashion.com\/de\/produkt\/ergebnis-recycelt-r239x-thermoquilt-vest\/\"]}]},{\"@type\":\"BreadcrumbList\",\"@id\":\"https:\/\/taboofashion.com\/de\/produkt\/ergebnis-recycelt-r239x-thermoquilt-vest\/#breadcrumb\",\"itemListElement\":[{\"@type\":\"ListItem\",\"position\":1,\"name\":\"Home\",\"item\":\"https:\/\/taboofashion.com\/de\/shop\/\"},{\"@type\":\"ListItem\",\"position\":2,\"name\":\"Shop\",\"item\":\"https:\/\/taboofashion.com\/shop\/\"},{\"@type\":\"ListItem\",\"position\":3,\"name\":\"R239X Thermoquilt-Weste\"}]},{\"@type\":\"WebSite\",\"@id\":\"https:\/\/taboofashion.com\/de\/#website\",\"url\":\"https:\/\/taboofashion.com\/de\/\",\"name\":\"Fashion shop\",\"description\":\"\",\"publisher\":{\"@id\":\"https:\/\/taboofashion.com\/de\/#organization\"},\"potentialAction\":[{\"@type\":\"SearchAction\",\"target\":{\"@type\":\"EntryPoint\",\"urlTemplate\":\"https:\/\/taboofashion.com\/de\/?s={search_term_string}\"},\"query-input\":\"required name=search_term_string\"}],\"inLanguage\":\"de\"},{\"@type\":\"Organization\",\"@id\":\"https:\/\/taboofashion.com\/de\/#organization\",\"name\":\"Taboo Slovakia s.r.o.\",\"url\":\"https:\/\/taboofashion.com\/de\/\",\"logo\":{\"@type\":\"ImageObject\",\"inLanguage\":\"de\",\"@id\":\"https:\/\/taboofashion.com\/de\/#\/schema\/logo\/image\/\",\"url\":\"https:\/\/taboofashion.com\/wp-content\/uploads\/2022\/12\/taboologo2100-002.png\",\"contentUrl\":\"https:\/\/taboofashion.com\/wp-content\/uploads\/2022\/12\/taboologo2100-002.png\",\"width\":2100,\"height\":1050,\"caption\":\"Taboo Slovakia s.r.o.\"},\"image\":{\"@id\":\"https:\/\/taboofashion.com\/de\/#\/schema\/logo\/image\/\"},\"sameAs\":[\"https:\/\/www.facebook.com\/TabooSlovakia\",\"https:\/\/www.linkedin.com\/company\/541747\/\",\"https:\/\/www.instagram.com\/taboofashion.com1\/\"]}]}<\/script>\n<meta property=\"product:brand\" content=\"Result\" \/>\n<meta property=\"og:availability\" content=\"instock\" \/>\n<meta property=\"product:availability\" content=\"instock\" \/>\n<meta property=\"product:retailer_item_id\" content=\"30239X31300\" \/>\n<meta property=\"product:condition\" content=\"new\" \/>\n<!-- \/ Yoast SEO plugin. -->","yoast_head_json":{"title":"R239X Thermoquilt-Weste &#8211; Fashion shop","robots":{"index":"index","follow":"follow","max-snippet":"max-snippet:-1","max-image-preview":"max-image-preview:large","max-video-preview":"max-video-preview:-1"},"canonical":"https:\/\/taboofashion.com\/de\/produkt\/ergebnis-recycelt-r239x-thermoquilt-vest\/","og_locale":"de_DE","og_type":"article","og_title":"R239X Thermoquilt-Weste &#8211; Fashion shop","og_description":"Au\u00dfen: 100% Polyester, Futter: 140g\/m\u00b2, 100% REPREVE\u00ae recyceltes Polyester, Polsterung: 100% Polyester","og_url":"https:\/\/taboofashion.com\/de\/produkt\/ergebnis-recycelt-r239x-thermoquilt-vest\/","og_site_name":"Fashion shop","article_publisher":"https:\/\/www.facebook.com\/TabooSlovakia","twitter_card":"summary_large_image","schema":{"@context":"https:\/\/schema.org","@graph":[{"@type":"WebPage","@id":"https:\/\/taboofashion.com\/de\/produkt\/ergebnis-recycelt-r239x-thermoquilt-vest\/","url":"https:\/\/taboofashion.com\/de\/produkt\/ergebnis-recycelt-r239x-thermoquilt-vest\/","name":"R239X Thermoquilt-Weste &#8211; Fashion shop","isPartOf":{"@id":"https:\/\/taboofashion.com\/de\/#website"},"datePublished":"2022-08-29T20:12:40+00:00","dateModified":"2022-08-29T20:12:40+00:00","breadcrumb":{"@id":"https:\/\/taboofashion.com\/de\/produkt\/ergebnis-recycelt-r239x-thermoquilt-vest\/#breadcrumb"},"inLanguage":"de","potentialAction":[{"@type":"ReadAction","target":["https:\/\/taboofashion.com\/de\/produkt\/ergebnis-recycelt-r239x-thermoquilt-vest\/"]}]},{"@type":"BreadcrumbList","@id":"https:\/\/taboofashion.com\/de\/produkt\/ergebnis-recycelt-r239x-thermoquilt-vest\/#breadcrumb","itemListElement":[{"@type":"ListItem","position":1,"name":"Home","item":"https:\/\/taboofashion.com\/de\/shop\/"},{"@type":"ListItem","position":2,"name":"Shop","item":"https:\/\/taboofashion.com\/shop\/"},{"@type":"ListItem","position":3,"name":"R239X Thermoquilt-Weste"}]},{"@type":"WebSite","@id":"https:\/\/taboofashion.com\/de\/#website","url":"https:\/\/taboofashion.com\/de\/","name":"Fashion shop","description":"","publisher":{"@id":"https:\/\/taboofashion.com\/de\/#organization"},"potentialAction":[{"@type":"SearchAction","target":{"@type":"EntryPoint","urlTemplate":"https:\/\/taboofashion.com\/de\/?s={search_term_string}"},"query-input":"required name=search_term_string"}],"inLanguage":"de"},{"@type":"Organization","@id":"https:\/\/taboofashion.com\/de\/#organization","name":"Taboo Slovakia s.r.o.","url":"https:\/\/taboofashion.com\/de\/","logo":{"@type":"ImageObject","inLanguage":"de","@id":"https:\/\/taboofashion.com\/de\/#\/schema\/logo\/image\/","url":"https:\/\/taboofashion.com\/wp-content\/uploads\/2022\/12\/taboologo2100-002.png","contentUrl":"https:\/\/taboofashion.com\/wp-content\/uploads\/2022\/12\/taboologo2100-002.png","width":2100,"height":1050,"caption":"Taboo Slovakia s.r.o."},"image":{"@id":"https:\/\/taboofashion.com\/de\/#\/schema\/logo\/image\/"},"sameAs":["https:\/\/www.facebook.com\/TabooSlovakia","https:\/\/www.linkedin.com\/company\/541747\/","https:\/\/www.instagram.com\/taboofashion.com1\/"]}]},"product_brand":"Result","og_availability":"instock","product_availability":"instock","product_retailer_item_id":"30239X31300","product_condition":"new"},"_links":{"self":[{"href":"https:\/\/taboofashion.com\/de\/wp-json\/wp\/v2\/product\/749703","targetHints":{"allow":["GET"]}}],"collection":[{"href":"https:\/\/taboofashion.com\/de\/wp-json\/wp\/v2\/product"}],"about":[{"href":"https:\/\/taboofashion.com\/de\/wp-json\/wp\/v2\/types\/product"}],"wp:featuredmedia":[{"embeddable":true,"href":"https:\/\/taboofashion.com\/de\/wp-json\/wp\/v2\/media\/728823"}],"wp:attachment":[{"href":"https:\/\/taboofashion.com\/de\/wp-json\/wp\/v2\/media?parent=749703"}],"wp:term":[{"taxonomy":"product_cat","embeddable":true,"href":"https:\/\/taboofashion.com\/de\/wp-json\/wp\/v2\/product_cat?post=749703"},{"taxonomy":"product_tag","embeddable":true,"href":"https:\/\/taboofashion.com\/de\/wp-json\/wp\/v2\/product_tag?post=749703"}],"curies":[{"name":"wp","href":"https:\/\/api.w.org\/{rel}","templated":true}]}}