{"id":749922,"date":"2022-08-29T19:10:55","date_gmt":"2022-08-29T17:10:55","guid":{"rendered":"https:\/\/taboofashion.com\/shop\/ergebnis-r018x-sicherheitsmantel\/"},"modified":"2022-08-29T19:10:55","modified_gmt":"2022-08-29T17:10:55","slug":"ergebnis-r018x-sicherheitsmantel","status":"publish","type":"product","link":"https:\/\/taboofashion.com\/de\/produkt\/ergebnis-r018x-sicherheitsmantel\/","title":{"rendered":"R018X Sicherheitsjacke"},"content":{"rendered":"<p>Wasserdicht (3.000mm Wassers\u00e4ule), verdeckte Kapuze im Kragen, Sturmklappe auf der Innenseite, 2 gro\u00dfe Fronttaschen mit Patte, Handytasche, Innentasche, nahtlose Schulterpartien, versiegelte N\u00e4hte, Zierzugang am R\u00fcckenfutter, Ventilations\u00f6ffnungen am Unterarm, winddicht, EN ISO 20471:2013, Klasse 3 zertifiziert, 50mm breite aufgen\u00e4hte reflektierende 3M\u2122 Scotchlite\u2122 B\u00e4nder<\/p>\n","protected":false},"excerpt":{"rendered":"<p>Au\u00dfen: 210g\/m\u00b2, 100% Oxford Polyester mit PU-Beschichtung, Wattierung: 160g\/m\u00b2, Polyester, Futter: 190T Polyester in Rautensteppung<\/p>\n","protected":false},"featured_media":728668,"template":"","meta":[],"product_cat":[2163,2164],"product_tag":[],"class_list":{"0":"post-749922","1":"product","2":"type-product","3":"status-publish","4":"has-post-thumbnail","6":"product_cat-jacken","7":"product_cat-arbeitskleidung-sicherheit","8":"pa_brand-result-de","9":"pa_colour-fluoreszierendes-gelb","10":"pa_colour-fluoreszierendes-orange","11":"pa_size-s-de","12":"pa_size-m-de","13":"pa_size-l-de","14":"pa_size-xl-de","15":"pa_size-xxl-de","16":"pa_size-3xl-de","18":"first","19":"instock","20":"taxable","21":"shipping-taxable","22":"purchasable","23":"product-type-variable","24":"has-default-attributes"},"yoast_head":"<!-- This site is optimized with the Yoast SEO plugin v21.8 - https:\/\/yoast.com\/wordpress\/plugins\/seo\/ -->\n<title>R018X Sicherheitsjacke &#8211; Fashion shop<\/title>\n<meta name=\"robots\" content=\"index, follow, max-snippet:-1, max-image-preview:large, max-video-preview:-1\" \/>\n<link rel=\"canonical\" href=\"https:\/\/taboofashion.com\/de\/produkt\/ergebnis-r018x-sicherheitsmantel\/\" \/>\n<meta property=\"og:locale\" content=\"de_DE\" \/>\n<meta property=\"og:type\" content=\"article\" \/>\n<meta property=\"og:title\" content=\"R018X Sicherheitsjacke &#8211; Fashion shop\" \/>\n<meta property=\"og:description\" content=\"Au\u00dfen: 210g\/m\u00b2, 100% Oxford Polyester mit PU-Beschichtung, Wattierung: 160g\/m\u00b2, Polyester, Futter: 190T Polyester in Rautensteppung\" \/>\n<meta property=\"og:url\" content=\"https:\/\/taboofashion.com\/de\/produkt\/ergebnis-r018x-sicherheitsmantel\/\" \/>\n<meta property=\"og:site_name\" content=\"Fashion shop\" \/>\n<meta property=\"article:publisher\" content=\"https:\/\/www.facebook.com\/TabooSlovakia\" \/>\n<meta name=\"twitter:card\" content=\"summary_large_image\" \/>\n<script type=\"application\/ld+json\" class=\"yoast-schema-graph\">{\"@context\":\"https:\/\/schema.org\",\"@graph\":[{\"@type\":\"WebPage\",\"@id\":\"https:\/\/taboofashion.com\/de\/produkt\/ergebnis-r018x-sicherheitsmantel\/\",\"url\":\"https:\/\/taboofashion.com\/de\/produkt\/ergebnis-r018x-sicherheitsmantel\/\",\"name\":\"R018X Sicherheitsjacke &#8211; Fashion shop\",\"isPartOf\":{\"@id\":\"https:\/\/taboofashion.com\/de\/#website\"},\"datePublished\":\"2022-08-29T17:10:55+00:00\",\"dateModified\":\"2022-08-29T17:10:55+00:00\",\"breadcrumb\":{\"@id\":\"https:\/\/taboofashion.com\/de\/produkt\/ergebnis-r018x-sicherheitsmantel\/#breadcrumb\"},\"inLanguage\":\"de\",\"potentialAction\":[{\"@type\":\"ReadAction\",\"target\":[\"https:\/\/taboofashion.com\/de\/produkt\/ergebnis-r018x-sicherheitsmantel\/\"]}]},{\"@type\":\"BreadcrumbList\",\"@id\":\"https:\/\/taboofashion.com\/de\/produkt\/ergebnis-r018x-sicherheitsmantel\/#breadcrumb\",\"itemListElement\":[{\"@type\":\"ListItem\",\"position\":1,\"name\":\"Home\",\"item\":\"https:\/\/taboofashion.com\/de\/shop\/\"},{\"@type\":\"ListItem\",\"position\":2,\"name\":\"Shop\",\"item\":\"https:\/\/taboofashion.com\/shop\/\"},{\"@type\":\"ListItem\",\"position\":3,\"name\":\"R018X Sicherheitsjacke\"}]},{\"@type\":\"WebSite\",\"@id\":\"https:\/\/taboofashion.com\/de\/#website\",\"url\":\"https:\/\/taboofashion.com\/de\/\",\"name\":\"Fashion shop\",\"description\":\"\",\"publisher\":{\"@id\":\"https:\/\/taboofashion.com\/de\/#organization\"},\"potentialAction\":[{\"@type\":\"SearchAction\",\"target\":{\"@type\":\"EntryPoint\",\"urlTemplate\":\"https:\/\/taboofashion.com\/de\/?s={search_term_string}\"},\"query-input\":\"required name=search_term_string\"}],\"inLanguage\":\"de\"},{\"@type\":\"Organization\",\"@id\":\"https:\/\/taboofashion.com\/de\/#organization\",\"name\":\"Taboo Slovakia s.r.o.\",\"url\":\"https:\/\/taboofashion.com\/de\/\",\"logo\":{\"@type\":\"ImageObject\",\"inLanguage\":\"de\",\"@id\":\"https:\/\/taboofashion.com\/de\/#\/schema\/logo\/image\/\",\"url\":\"https:\/\/taboofashion.com\/wp-content\/uploads\/2022\/12\/taboologo2100-002.png\",\"contentUrl\":\"https:\/\/taboofashion.com\/wp-content\/uploads\/2022\/12\/taboologo2100-002.png\",\"width\":2100,\"height\":1050,\"caption\":\"Taboo Slovakia s.r.o.\"},\"image\":{\"@id\":\"https:\/\/taboofashion.com\/de\/#\/schema\/logo\/image\/\"},\"sameAs\":[\"https:\/\/www.facebook.com\/TabooSlovakia\",\"https:\/\/www.linkedin.com\/company\/541747\/\",\"https:\/\/www.instagram.com\/taboofashion.com1\/\"]}]}<\/script>\n<meta property=\"product:brand\" content=\"Result\" \/>\n<meta property=\"og:availability\" content=\"instock\" \/>\n<meta property=\"product:availability\" content=\"instock\" \/>\n<meta property=\"product:retailer_item_id\" content=\"30018X02901\" \/>\n<meta property=\"product:condition\" content=\"new\" \/>\n<!-- \/ Yoast SEO plugin. -->","yoast_head_json":{"title":"R018X Sicherheitsjacke &#8211; Fashion shop","robots":{"index":"index","follow":"follow","max-snippet":"max-snippet:-1","max-image-preview":"max-image-preview:large","max-video-preview":"max-video-preview:-1"},"canonical":"https:\/\/taboofashion.com\/de\/produkt\/ergebnis-r018x-sicherheitsmantel\/","og_locale":"de_DE","og_type":"article","og_title":"R018X Sicherheitsjacke &#8211; Fashion shop","og_description":"Au\u00dfen: 210g\/m\u00b2, 100% Oxford Polyester mit PU-Beschichtung, Wattierung: 160g\/m\u00b2, Polyester, Futter: 190T Polyester in Rautensteppung","og_url":"https:\/\/taboofashion.com\/de\/produkt\/ergebnis-r018x-sicherheitsmantel\/","og_site_name":"Fashion shop","article_publisher":"https:\/\/www.facebook.com\/TabooSlovakia","twitter_card":"summary_large_image","schema":{"@context":"https:\/\/schema.org","@graph":[{"@type":"WebPage","@id":"https:\/\/taboofashion.com\/de\/produkt\/ergebnis-r018x-sicherheitsmantel\/","url":"https:\/\/taboofashion.com\/de\/produkt\/ergebnis-r018x-sicherheitsmantel\/","name":"R018X Sicherheitsjacke &#8211; Fashion shop","isPartOf":{"@id":"https:\/\/taboofashion.com\/de\/#website"},"datePublished":"2022-08-29T17:10:55+00:00","dateModified":"2022-08-29T17:10:55+00:00","breadcrumb":{"@id":"https:\/\/taboofashion.com\/de\/produkt\/ergebnis-r018x-sicherheitsmantel\/#breadcrumb"},"inLanguage":"de","potentialAction":[{"@type":"ReadAction","target":["https:\/\/taboofashion.com\/de\/produkt\/ergebnis-r018x-sicherheitsmantel\/"]}]},{"@type":"BreadcrumbList","@id":"https:\/\/taboofashion.com\/de\/produkt\/ergebnis-r018x-sicherheitsmantel\/#breadcrumb","itemListElement":[{"@type":"ListItem","position":1,"name":"Home","item":"https:\/\/taboofashion.com\/de\/shop\/"},{"@type":"ListItem","position":2,"name":"Shop","item":"https:\/\/taboofashion.com\/shop\/"},{"@type":"ListItem","position":3,"name":"R018X Sicherheitsjacke"}]},{"@type":"WebSite","@id":"https:\/\/taboofashion.com\/de\/#website","url":"https:\/\/taboofashion.com\/de\/","name":"Fashion shop","description":"","publisher":{"@id":"https:\/\/taboofashion.com\/de\/#organization"},"potentialAction":[{"@type":"SearchAction","target":{"@type":"EntryPoint","urlTemplate":"https:\/\/taboofashion.com\/de\/?s={search_term_string}"},"query-input":"required name=search_term_string"}],"inLanguage":"de"},{"@type":"Organization","@id":"https:\/\/taboofashion.com\/de\/#organization","name":"Taboo Slovakia s.r.o.","url":"https:\/\/taboofashion.com\/de\/","logo":{"@type":"ImageObject","inLanguage":"de","@id":"https:\/\/taboofashion.com\/de\/#\/schema\/logo\/image\/","url":"https:\/\/taboofashion.com\/wp-content\/uploads\/2022\/12\/taboologo2100-002.png","contentUrl":"https:\/\/taboofashion.com\/wp-content\/uploads\/2022\/12\/taboologo2100-002.png","width":2100,"height":1050,"caption":"Taboo Slovakia s.r.o."},"image":{"@id":"https:\/\/taboofashion.com\/de\/#\/schema\/logo\/image\/"},"sameAs":["https:\/\/www.facebook.com\/TabooSlovakia","https:\/\/www.linkedin.com\/company\/541747\/","https:\/\/www.instagram.com\/taboofashion.com1\/"]}]},"product_brand":"Result","og_availability":"instock","product_availability":"instock","product_retailer_item_id":"30018X02901","product_condition":"new"},"_links":{"self":[{"href":"https:\/\/taboofashion.com\/de\/wp-json\/wp\/v2\/product\/749922","targetHints":{"allow":["GET"]}}],"collection":[{"href":"https:\/\/taboofashion.com\/de\/wp-json\/wp\/v2\/product"}],"about":[{"href":"https:\/\/taboofashion.com\/de\/wp-json\/wp\/v2\/types\/product"}],"wp:featuredmedia":[{"embeddable":true,"href":"https:\/\/taboofashion.com\/de\/wp-json\/wp\/v2\/media\/728668"}],"wp:attachment":[{"href":"https:\/\/taboofashion.com\/de\/wp-json\/wp\/v2\/media?parent=749922"}],"wp:term":[{"taxonomy":"product_cat","embeddable":true,"href":"https:\/\/taboofashion.com\/de\/wp-json\/wp\/v2\/product_cat?post=749922"},{"taxonomy":"product_tag","embeddable":true,"href":"https:\/\/taboofashion.com\/de\/wp-json\/wp\/v2\/product_tag?post=749922"}],"curies":[{"name":"wp","href":"https:\/\/api.w.org\/{rel}","templated":true}]}}