{"id":749929,"date":"2022-08-29T17:13:27","date_gmt":"2022-08-29T15:13:27","guid":{"rendered":"https:\/\/taboofashion.com\/shop\/ergebnis-kopfbedeckung-rc090x-5-panel-mesh-sparkle-cap-new-york\/"},"modified":"2022-08-29T17:13:27","modified_gmt":"2022-08-29T15:13:27","slug":"ergebnis-kopfbedeckung-rc090x-5-panel-mesh-sparkle-cap-new-york","status":"publish","type":"product","link":"https:\/\/taboofashion.com\/de\/produkt\/ergebnis-kopfbedeckung-rc090x-5-panel-mesh-sparkle-cap-new-york\/","title":{"rendered":"RC090X 5-Panel Mesh Sparkle Cap &#8222;New York&#8220;"},"content":{"rendered":"<p>Vorgeformter Schirm, verst\u00e4rktes Vorderteil, Klettverschluss, mit \u00d6ffnung f\u00fcr Pferdeschwanz, TearAway-Etikett<\/p>\n","protected":false},"excerpt":{"rendered":"<p>100% Polyester, Unterseite: 100 % Baumwolle<\/p>\n","protected":false},"featured_media":729874,"template":"","meta":[],"product_cat":[2180],"product_tag":[],"class_list":{"0":"post-749929","1":"product","2":"type-product","3":"status-publish","4":"has-post-thumbnail","6":"product_cat-kappen","7":"pa_brand-result-headwear-de","8":"pa_colour-silber","9":"pa_colour-black-de","10":"pa_colour-gold-de","11":"pa_colour-rosa","12":"pa_size-onesize-de","14":"first","15":"instock","16":"taxable","17":"shipping-taxable","18":"purchasable","19":"product-type-variable","20":"has-default-attributes"},"yoast_head":"<!-- This site is optimized with the Yoast SEO plugin v21.8 - https:\/\/yoast.com\/wordpress\/plugins\/seo\/ -->\n<title>RC090X 5-Panel Mesh Sparkle Cap &quot;New York&quot; &#8211; Fashion shop<\/title>\n<meta name=\"robots\" content=\"index, follow, max-snippet:-1, max-image-preview:large, max-video-preview:-1\" \/>\n<link rel=\"canonical\" href=\"https:\/\/taboofashion.com\/de\/produkt\/ergebnis-kopfbedeckung-rc090x-5-panel-mesh-sparkle-cap-new-york\/\" \/>\n<meta property=\"og:locale\" content=\"de_DE\" \/>\n<meta property=\"og:type\" content=\"article\" \/>\n<meta property=\"og:title\" content=\"RC090X 5-Panel Mesh Sparkle Cap &quot;New York&quot; &#8211; Fashion shop\" \/>\n<meta property=\"og:description\" content=\"100% Polyester, Unterseite: 100 % Baumwolle\" \/>\n<meta property=\"og:url\" content=\"https:\/\/taboofashion.com\/de\/produkt\/ergebnis-kopfbedeckung-rc090x-5-panel-mesh-sparkle-cap-new-york\/\" \/>\n<meta property=\"og:site_name\" content=\"Fashion shop\" \/>\n<meta property=\"article:publisher\" content=\"https:\/\/www.facebook.com\/TabooSlovakia\" \/>\n<meta name=\"twitter:card\" content=\"summary_large_image\" \/>\n<script type=\"application\/ld+json\" class=\"yoast-schema-graph\">{\"@context\":\"https:\/\/schema.org\",\"@graph\":[{\"@type\":\"WebPage\",\"@id\":\"https:\/\/taboofashion.com\/de\/produkt\/ergebnis-kopfbedeckung-rc090x-5-panel-mesh-sparkle-cap-new-york\/\",\"url\":\"https:\/\/taboofashion.com\/de\/produkt\/ergebnis-kopfbedeckung-rc090x-5-panel-mesh-sparkle-cap-new-york\/\",\"name\":\"RC090X 5-Panel Mesh Sparkle Cap \\\"New York\\\" &#8211; Fashion shop\",\"isPartOf\":{\"@id\":\"https:\/\/taboofashion.com\/de\/#website\"},\"datePublished\":\"2022-08-29T15:13:27+00:00\",\"dateModified\":\"2022-08-29T15:13:27+00:00\",\"breadcrumb\":{\"@id\":\"https:\/\/taboofashion.com\/de\/produkt\/ergebnis-kopfbedeckung-rc090x-5-panel-mesh-sparkle-cap-new-york\/#breadcrumb\"},\"inLanguage\":\"de\",\"potentialAction\":[{\"@type\":\"ReadAction\",\"target\":[\"https:\/\/taboofashion.com\/de\/produkt\/ergebnis-kopfbedeckung-rc090x-5-panel-mesh-sparkle-cap-new-york\/\"]}]},{\"@type\":\"BreadcrumbList\",\"@id\":\"https:\/\/taboofashion.com\/de\/produkt\/ergebnis-kopfbedeckung-rc090x-5-panel-mesh-sparkle-cap-new-york\/#breadcrumb\",\"itemListElement\":[{\"@type\":\"ListItem\",\"position\":1,\"name\":\"Home\",\"item\":\"https:\/\/taboofashion.com\/de\/shop\/\"},{\"@type\":\"ListItem\",\"position\":2,\"name\":\"Shop\",\"item\":\"https:\/\/taboofashion.com\/shop\/\"},{\"@type\":\"ListItem\",\"position\":3,\"name\":\"RC090X 5-Panel Mesh Sparkle Cap &#8222;New York&#8220;\"}]},{\"@type\":\"WebSite\",\"@id\":\"https:\/\/taboofashion.com\/de\/#website\",\"url\":\"https:\/\/taboofashion.com\/de\/\",\"name\":\"Fashion shop\",\"description\":\"\",\"publisher\":{\"@id\":\"https:\/\/taboofashion.com\/de\/#organization\"},\"potentialAction\":[{\"@type\":\"SearchAction\",\"target\":{\"@type\":\"EntryPoint\",\"urlTemplate\":\"https:\/\/taboofashion.com\/de\/?s={search_term_string}\"},\"query-input\":\"required name=search_term_string\"}],\"inLanguage\":\"de\"},{\"@type\":\"Organization\",\"@id\":\"https:\/\/taboofashion.com\/de\/#organization\",\"name\":\"Taboo Slovakia s.r.o.\",\"url\":\"https:\/\/taboofashion.com\/de\/\",\"logo\":{\"@type\":\"ImageObject\",\"inLanguage\":\"de\",\"@id\":\"https:\/\/taboofashion.com\/de\/#\/schema\/logo\/image\/\",\"url\":\"https:\/\/taboofashion.com\/wp-content\/uploads\/2022\/12\/taboologo2100-002.png\",\"contentUrl\":\"https:\/\/taboofashion.com\/wp-content\/uploads\/2022\/12\/taboologo2100-002.png\",\"width\":2100,\"height\":1050,\"caption\":\"Taboo Slovakia s.r.o.\"},\"image\":{\"@id\":\"https:\/\/taboofashion.com\/de\/#\/schema\/logo\/image\/\"},\"sameAs\":[\"https:\/\/www.facebook.com\/TabooSlovakia\",\"https:\/\/www.linkedin.com\/company\/541747\/\",\"https:\/\/www.instagram.com\/taboofashion.com1\/\"]}]}<\/script>\n<meta property=\"product:brand\" content=\"Result Headwear\" \/>\n<meta property=\"og:availability\" content=\"instock\" \/>\n<meta property=\"product:availability\" content=\"instock\" \/>\n<meta property=\"product:retailer_item_id\" content=\"28090X00299\" \/>\n<meta property=\"product:condition\" content=\"new\" \/>\n<!-- \/ Yoast SEO plugin. -->","yoast_head_json":{"title":"RC090X 5-Panel Mesh Sparkle Cap \"New York\" &#8211; Fashion shop","robots":{"index":"index","follow":"follow","max-snippet":"max-snippet:-1","max-image-preview":"max-image-preview:large","max-video-preview":"max-video-preview:-1"},"canonical":"https:\/\/taboofashion.com\/de\/produkt\/ergebnis-kopfbedeckung-rc090x-5-panel-mesh-sparkle-cap-new-york\/","og_locale":"de_DE","og_type":"article","og_title":"RC090X 5-Panel Mesh Sparkle Cap \"New York\" &#8211; Fashion shop","og_description":"100% Polyester, Unterseite: 100 % Baumwolle","og_url":"https:\/\/taboofashion.com\/de\/produkt\/ergebnis-kopfbedeckung-rc090x-5-panel-mesh-sparkle-cap-new-york\/","og_site_name":"Fashion shop","article_publisher":"https:\/\/www.facebook.com\/TabooSlovakia","twitter_card":"summary_large_image","schema":{"@context":"https:\/\/schema.org","@graph":[{"@type":"WebPage","@id":"https:\/\/taboofashion.com\/de\/produkt\/ergebnis-kopfbedeckung-rc090x-5-panel-mesh-sparkle-cap-new-york\/","url":"https:\/\/taboofashion.com\/de\/produkt\/ergebnis-kopfbedeckung-rc090x-5-panel-mesh-sparkle-cap-new-york\/","name":"RC090X 5-Panel Mesh Sparkle Cap \"New York\" &#8211; Fashion shop","isPartOf":{"@id":"https:\/\/taboofashion.com\/de\/#website"},"datePublished":"2022-08-29T15:13:27+00:00","dateModified":"2022-08-29T15:13:27+00:00","breadcrumb":{"@id":"https:\/\/taboofashion.com\/de\/produkt\/ergebnis-kopfbedeckung-rc090x-5-panel-mesh-sparkle-cap-new-york\/#breadcrumb"},"inLanguage":"de","potentialAction":[{"@type":"ReadAction","target":["https:\/\/taboofashion.com\/de\/produkt\/ergebnis-kopfbedeckung-rc090x-5-panel-mesh-sparkle-cap-new-york\/"]}]},{"@type":"BreadcrumbList","@id":"https:\/\/taboofashion.com\/de\/produkt\/ergebnis-kopfbedeckung-rc090x-5-panel-mesh-sparkle-cap-new-york\/#breadcrumb","itemListElement":[{"@type":"ListItem","position":1,"name":"Home","item":"https:\/\/taboofashion.com\/de\/shop\/"},{"@type":"ListItem","position":2,"name":"Shop","item":"https:\/\/taboofashion.com\/shop\/"},{"@type":"ListItem","position":3,"name":"RC090X 5-Panel Mesh Sparkle Cap &#8222;New York&#8220;"}]},{"@type":"WebSite","@id":"https:\/\/taboofashion.com\/de\/#website","url":"https:\/\/taboofashion.com\/de\/","name":"Fashion shop","description":"","publisher":{"@id":"https:\/\/taboofashion.com\/de\/#organization"},"potentialAction":[{"@type":"SearchAction","target":{"@type":"EntryPoint","urlTemplate":"https:\/\/taboofashion.com\/de\/?s={search_term_string}"},"query-input":"required name=search_term_string"}],"inLanguage":"de"},{"@type":"Organization","@id":"https:\/\/taboofashion.com\/de\/#organization","name":"Taboo Slovakia s.r.o.","url":"https:\/\/taboofashion.com\/de\/","logo":{"@type":"ImageObject","inLanguage":"de","@id":"https:\/\/taboofashion.com\/de\/#\/schema\/logo\/image\/","url":"https:\/\/taboofashion.com\/wp-content\/uploads\/2022\/12\/taboologo2100-002.png","contentUrl":"https:\/\/taboofashion.com\/wp-content\/uploads\/2022\/12\/taboologo2100-002.png","width":2100,"height":1050,"caption":"Taboo Slovakia s.r.o."},"image":{"@id":"https:\/\/taboofashion.com\/de\/#\/schema\/logo\/image\/"},"sameAs":["https:\/\/www.facebook.com\/TabooSlovakia","https:\/\/www.linkedin.com\/company\/541747\/","https:\/\/www.instagram.com\/taboofashion.com1\/"]}]},"product_brand":"Result Headwear","og_availability":"instock","product_availability":"instock","product_retailer_item_id":"28090X00299","product_condition":"new"},"_links":{"self":[{"href":"https:\/\/taboofashion.com\/de\/wp-json\/wp\/v2\/product\/749929","targetHints":{"allow":["GET"]}}],"collection":[{"href":"https:\/\/taboofashion.com\/de\/wp-json\/wp\/v2\/product"}],"about":[{"href":"https:\/\/taboofashion.com\/de\/wp-json\/wp\/v2\/types\/product"}],"wp:featuredmedia":[{"embeddable":true,"href":"https:\/\/taboofashion.com\/de\/wp-json\/wp\/v2\/media\/729874"}],"wp:attachment":[{"href":"https:\/\/taboofashion.com\/de\/wp-json\/wp\/v2\/media?parent=749929"}],"wp:term":[{"taxonomy":"product_cat","embeddable":true,"href":"https:\/\/taboofashion.com\/de\/wp-json\/wp\/v2\/product_cat?post=749929"},{"taxonomy":"product_tag","embeddable":true,"href":"https:\/\/taboofashion.com\/de\/wp-json\/wp\/v2\/product_tag?post=749929"}],"curies":[{"name":"wp","href":"https:\/\/api.w.org\/{rel}","templated":true}]}}