{"id":750680,"date":"2022-08-29T18:01:00","date_gmt":"2022-08-29T16:01:00","guid":{"rendered":"https:\/\/taboofashion.com\/shop\/spiro-s266x-sportjacke-luxe-reflektierend-hi-vis\/"},"modified":"2022-08-29T18:01:00","modified_gmt":"2022-08-29T16:01:00","slug":"spiro-s266x-sportjacke-luxe-reflektierend-hi-vis","status":"publish","type":"product","link":"https:\/\/taboofashion.com\/de\/produkt\/spiro-s266x-sportjacke-luxe-reflektierend-hi-vis\/","title":{"rendered":"S266X Sportjacke &#8222;Luxe Reflectex Hi-Vis&#8220;"},"content":{"rendered":"<p>Wasserabweisend und winddicht, Stehkragen mit geb\u00fcrstetem Futter und Gummizug, elastische Abschl\u00fcsse an \u00c4rmeln und Saum, durchgehender Rei\u00dfverschluss mit Kontrastband innen, kleine Rei\u00dfverschlusstasche auf dem R\u00fccken, verst\u00e4rkte N\u00e4hte in Kontrastfarbe, ergonomisch verl\u00e4ngerter R\u00fccken, atmungsaktives Netzfutter im R\u00fccken, Unterarmbereich und an der Seite, Aufh\u00e4ngeschlaufe, zertifiziert nach EN ISO 20471 Klasse 2, 360\u00b0 Sichtbarkeit, 40\u00b0 waschbar<\/p>\n","protected":false},"excerpt":{"rendered":"<p>100% Nylon<\/p>\n","protected":false},"featured_media":728861,"template":"","meta":[],"product_cat":[2163,2167],"product_tag":[],"class_list":{"0":"post-750680","1":"product","2":"type-product","3":"status-publish","4":"has-post-thumbnail","6":"product_cat-jacken","7":"product_cat-sport","8":"pa_brand-spiro-de","9":"pa_colour-neonweis","10":"pa_size-xs-de","11":"pa_size-xxs-de","12":"pa_size-s-de","13":"pa_size-m-de","14":"pa_size-l-de","15":"pa_size-xl-de","16":"pa_size-xxl-de","17":"pa_size-3xl-de","18":"pa_size-4xl-de","20":"first","21":"instock","22":"taxable","23":"shipping-taxable","24":"purchasable","25":"product-type-variable","26":"has-default-attributes"},"yoast_head":"<!-- This site is optimized with the Yoast SEO plugin v21.8 - https:\/\/yoast.com\/wordpress\/plugins\/seo\/ -->\n<title>S266X Sportjacke &quot;Luxe Reflectex Hi-Vis&quot; &#8211; Fashion shop<\/title>\n<meta name=\"robots\" content=\"index, follow, max-snippet:-1, max-image-preview:large, max-video-preview:-1\" \/>\n<link rel=\"canonical\" href=\"https:\/\/taboofashion.com\/de\/produkt\/spiro-s266x-sportjacke-luxe-reflektierend-hi-vis\/\" \/>\n<meta property=\"og:locale\" content=\"de_DE\" \/>\n<meta property=\"og:type\" content=\"article\" \/>\n<meta property=\"og:title\" content=\"S266X Sportjacke &quot;Luxe Reflectex Hi-Vis&quot; &#8211; Fashion shop\" \/>\n<meta property=\"og:description\" content=\"100% Nylon\" \/>\n<meta property=\"og:url\" content=\"https:\/\/taboofashion.com\/de\/produkt\/spiro-s266x-sportjacke-luxe-reflektierend-hi-vis\/\" \/>\n<meta property=\"og:site_name\" content=\"Fashion shop\" \/>\n<meta property=\"article:publisher\" content=\"https:\/\/www.facebook.com\/TabooSlovakia\" \/>\n<meta name=\"twitter:card\" content=\"summary_large_image\" \/>\n<script type=\"application\/ld+json\" class=\"yoast-schema-graph\">{\"@context\":\"https:\/\/schema.org\",\"@graph\":[{\"@type\":\"WebPage\",\"@id\":\"https:\/\/taboofashion.com\/de\/produkt\/spiro-s266x-sportjacke-luxe-reflektierend-hi-vis\/\",\"url\":\"https:\/\/taboofashion.com\/de\/produkt\/spiro-s266x-sportjacke-luxe-reflektierend-hi-vis\/\",\"name\":\"S266X Sportjacke \\\"Luxe Reflectex Hi-Vis\\\" &#8211; Fashion shop\",\"isPartOf\":{\"@id\":\"https:\/\/taboofashion.com\/de\/#website\"},\"datePublished\":\"2022-08-29T16:01:00+00:00\",\"dateModified\":\"2022-08-29T16:01:00+00:00\",\"breadcrumb\":{\"@id\":\"https:\/\/taboofashion.com\/de\/produkt\/spiro-s266x-sportjacke-luxe-reflektierend-hi-vis\/#breadcrumb\"},\"inLanguage\":\"de\",\"potentialAction\":[{\"@type\":\"ReadAction\",\"target\":[\"https:\/\/taboofashion.com\/de\/produkt\/spiro-s266x-sportjacke-luxe-reflektierend-hi-vis\/\"]}]},{\"@type\":\"BreadcrumbList\",\"@id\":\"https:\/\/taboofashion.com\/de\/produkt\/spiro-s266x-sportjacke-luxe-reflektierend-hi-vis\/#breadcrumb\",\"itemListElement\":[{\"@type\":\"ListItem\",\"position\":1,\"name\":\"Home\",\"item\":\"https:\/\/taboofashion.com\/de\/shop\/\"},{\"@type\":\"ListItem\",\"position\":2,\"name\":\"Shop\",\"item\":\"https:\/\/taboofashion.com\/shop\/\"},{\"@type\":\"ListItem\",\"position\":3,\"name\":\"S266X Sportjacke &#8222;Luxe Reflectex Hi-Vis&#8220;\"}]},{\"@type\":\"WebSite\",\"@id\":\"https:\/\/taboofashion.com\/de\/#website\",\"url\":\"https:\/\/taboofashion.com\/de\/\",\"name\":\"Fashion shop\",\"description\":\"\",\"publisher\":{\"@id\":\"https:\/\/taboofashion.com\/de\/#organization\"},\"potentialAction\":[{\"@type\":\"SearchAction\",\"target\":{\"@type\":\"EntryPoint\",\"urlTemplate\":\"https:\/\/taboofashion.com\/de\/?s={search_term_string}\"},\"query-input\":\"required name=search_term_string\"}],\"inLanguage\":\"de\"},{\"@type\":\"Organization\",\"@id\":\"https:\/\/taboofashion.com\/de\/#organization\",\"name\":\"Taboo Slovakia s.r.o.\",\"url\":\"https:\/\/taboofashion.com\/de\/\",\"logo\":{\"@type\":\"ImageObject\",\"inLanguage\":\"de\",\"@id\":\"https:\/\/taboofashion.com\/de\/#\/schema\/logo\/image\/\",\"url\":\"https:\/\/taboofashion.com\/wp-content\/uploads\/2022\/12\/taboologo2100-002.png\",\"contentUrl\":\"https:\/\/taboofashion.com\/wp-content\/uploads\/2022\/12\/taboologo2100-002.png\",\"width\":2100,\"height\":1050,\"caption\":\"Taboo Slovakia s.r.o.\"},\"image\":{\"@id\":\"https:\/\/taboofashion.com\/de\/#\/schema\/logo\/image\/\"},\"sameAs\":[\"https:\/\/www.facebook.com\/TabooSlovakia\",\"https:\/\/www.linkedin.com\/company\/541747\/\",\"https:\/\/www.instagram.com\/taboofashion.com1\/\"]}]}<\/script>\n<meta property=\"product:brand\" content=\"Spiro\" \/>\n<meta property=\"og:availability\" content=\"instock\" \/>\n<meta property=\"product:availability\" content=\"instock\" \/>\n<meta property=\"product:retailer_item_id\" content=\"29266Xz1800\" \/>\n<meta property=\"product:condition\" content=\"new\" \/>\n<!-- \/ Yoast SEO plugin. -->","yoast_head_json":{"title":"S266X Sportjacke \"Luxe Reflectex Hi-Vis\" &#8211; Fashion shop","robots":{"index":"index","follow":"follow","max-snippet":"max-snippet:-1","max-image-preview":"max-image-preview:large","max-video-preview":"max-video-preview:-1"},"canonical":"https:\/\/taboofashion.com\/de\/produkt\/spiro-s266x-sportjacke-luxe-reflektierend-hi-vis\/","og_locale":"de_DE","og_type":"article","og_title":"S266X Sportjacke \"Luxe Reflectex Hi-Vis\" &#8211; Fashion shop","og_description":"100% Nylon","og_url":"https:\/\/taboofashion.com\/de\/produkt\/spiro-s266x-sportjacke-luxe-reflektierend-hi-vis\/","og_site_name":"Fashion shop","article_publisher":"https:\/\/www.facebook.com\/TabooSlovakia","twitter_card":"summary_large_image","schema":{"@context":"https:\/\/schema.org","@graph":[{"@type":"WebPage","@id":"https:\/\/taboofashion.com\/de\/produkt\/spiro-s266x-sportjacke-luxe-reflektierend-hi-vis\/","url":"https:\/\/taboofashion.com\/de\/produkt\/spiro-s266x-sportjacke-luxe-reflektierend-hi-vis\/","name":"S266X Sportjacke \"Luxe Reflectex Hi-Vis\" &#8211; Fashion shop","isPartOf":{"@id":"https:\/\/taboofashion.com\/de\/#website"},"datePublished":"2022-08-29T16:01:00+00:00","dateModified":"2022-08-29T16:01:00+00:00","breadcrumb":{"@id":"https:\/\/taboofashion.com\/de\/produkt\/spiro-s266x-sportjacke-luxe-reflektierend-hi-vis\/#breadcrumb"},"inLanguage":"de","potentialAction":[{"@type":"ReadAction","target":["https:\/\/taboofashion.com\/de\/produkt\/spiro-s266x-sportjacke-luxe-reflektierend-hi-vis\/"]}]},{"@type":"BreadcrumbList","@id":"https:\/\/taboofashion.com\/de\/produkt\/spiro-s266x-sportjacke-luxe-reflektierend-hi-vis\/#breadcrumb","itemListElement":[{"@type":"ListItem","position":1,"name":"Home","item":"https:\/\/taboofashion.com\/de\/shop\/"},{"@type":"ListItem","position":2,"name":"Shop","item":"https:\/\/taboofashion.com\/shop\/"},{"@type":"ListItem","position":3,"name":"S266X Sportjacke &#8222;Luxe Reflectex Hi-Vis&#8220;"}]},{"@type":"WebSite","@id":"https:\/\/taboofashion.com\/de\/#website","url":"https:\/\/taboofashion.com\/de\/","name":"Fashion shop","description":"","publisher":{"@id":"https:\/\/taboofashion.com\/de\/#organization"},"potentialAction":[{"@type":"SearchAction","target":{"@type":"EntryPoint","urlTemplate":"https:\/\/taboofashion.com\/de\/?s={search_term_string}"},"query-input":"required name=search_term_string"}],"inLanguage":"de"},{"@type":"Organization","@id":"https:\/\/taboofashion.com\/de\/#organization","name":"Taboo Slovakia s.r.o.","url":"https:\/\/taboofashion.com\/de\/","logo":{"@type":"ImageObject","inLanguage":"de","@id":"https:\/\/taboofashion.com\/de\/#\/schema\/logo\/image\/","url":"https:\/\/taboofashion.com\/wp-content\/uploads\/2022\/12\/taboologo2100-002.png","contentUrl":"https:\/\/taboofashion.com\/wp-content\/uploads\/2022\/12\/taboologo2100-002.png","width":2100,"height":1050,"caption":"Taboo Slovakia s.r.o."},"image":{"@id":"https:\/\/taboofashion.com\/de\/#\/schema\/logo\/image\/"},"sameAs":["https:\/\/www.facebook.com\/TabooSlovakia","https:\/\/www.linkedin.com\/company\/541747\/","https:\/\/www.instagram.com\/taboofashion.com1\/"]}]},"product_brand":"Spiro","og_availability":"instock","product_availability":"instock","product_retailer_item_id":"29266Xz1800","product_condition":"new"},"_links":{"self":[{"href":"https:\/\/taboofashion.com\/de\/wp-json\/wp\/v2\/product\/750680","targetHints":{"allow":["GET"]}}],"collection":[{"href":"https:\/\/taboofashion.com\/de\/wp-json\/wp\/v2\/product"}],"about":[{"href":"https:\/\/taboofashion.com\/de\/wp-json\/wp\/v2\/types\/product"}],"wp:featuredmedia":[{"embeddable":true,"href":"https:\/\/taboofashion.com\/de\/wp-json\/wp\/v2\/media\/728861"}],"wp:attachment":[{"href":"https:\/\/taboofashion.com\/de\/wp-json\/wp\/v2\/media?parent=750680"}],"wp:term":[{"taxonomy":"product_cat","embeddable":true,"href":"https:\/\/taboofashion.com\/de\/wp-json\/wp\/v2\/product_cat?post=750680"},{"taxonomy":"product_tag","embeddable":true,"href":"https:\/\/taboofashion.com\/de\/wp-json\/wp\/v2\/product_tag?post=750680"}],"curies":[{"name":"wp","href":"https:\/\/api.w.org\/{rel}","templated":true}]}}