{"id":752121,"date":"2022-08-29T16:50:19","date_gmt":"2022-08-29T14:50:19","guid":{"rendered":"https:\/\/taboofashion.com\/shop\/ergebnis-winter-essentials-rc031x-softex-beanie\/"},"modified":"2022-08-29T16:50:19","modified_gmt":"2022-08-29T14:50:19","slug":"ergebnis-winter-essentials-rc031x-softex-beanie","status":"publish","type":"product","link":"https:\/\/taboofashion.com\/de\/produkt\/ergebnis-winter-essentials-rc031x-softex-beanie\/","title":{"rendered":"RC031X SOFTEX\u00ae M\u00fctze"},"content":{"rendered":"<p>Doppelt gestrickt, leicht, \u00dcbergr\u00f6\u00dfe<\/p>\n","protected":false},"excerpt":{"rendered":"<p>100% Acryl<\/p>\n","protected":false},"featured_media":730089,"template":"","meta":[],"product_cat":[2183],"product_tag":[],"class_list":{"0":"post-752121","1":"product","2":"type-product","3":"status-publish","4":"has-post-thumbnail","6":"product_cat-kopfbedeckungen","7":"pa_brand-result-headwear-de","8":"pa_colour-azurblau","9":"pa_colour-black-de","10":"pa_colour-burgundy-de","11":"pa_colour-chocolate-de","12":"pa_colour-fenchel","13":"pa_colour-flasche","14":"pa_colour-fluoreszierendes-gelb","15":"pa_colour-fluoreszierendes-orange","16":"pa_colour-fuchsia-de","17":"pa_colour-gold-de","18":"pa_colour-haferflocken","19":"pa_colour-himmel","20":"pa_colour-holzkohle","21":"pa_colour-keltisch-grun","22":"pa_colour-koniglich","23":"pa_colour-lila-de","24":"pa_colour-lime-de","25":"pa_colour-navy-de","26":"pa_colour-orange-de","27":"pa_colour-red-de","28":"pa_colour-reflexartig-blau","29":"pa_colour-schleife-rosa","30":"pa_colour-taubengrau","31":"pa_colour-weinrot","32":"pa_colour-white-de","33":"pa_size-onesize-de","35":"first","36":"instock","37":"taxable","38":"shipping-taxable","39":"purchasable","40":"product-type-variable","41":"has-default-attributes"},"yoast_head":"<!-- This site is optimized with the Yoast SEO plugin v21.8 - https:\/\/yoast.com\/wordpress\/plugins\/seo\/ -->\n<title>RC031X SOFTEX\u00ae M\u00fctze &#8211; Fashion shop<\/title>\n<meta name=\"robots\" content=\"index, follow, max-snippet:-1, max-image-preview:large, max-video-preview:-1\" \/>\n<link rel=\"canonical\" href=\"https:\/\/taboofashion.com\/de\/produkt\/ergebnis-winter-essentials-rc031x-softex-beanie\/\" \/>\n<meta property=\"og:locale\" content=\"de_DE\" \/>\n<meta property=\"og:type\" content=\"article\" \/>\n<meta property=\"og:title\" content=\"RC031X SOFTEX\u00ae M\u00fctze &#8211; Fashion shop\" \/>\n<meta property=\"og:description\" content=\"100% Acryl\" \/>\n<meta property=\"og:url\" content=\"https:\/\/taboofashion.com\/de\/produkt\/ergebnis-winter-essentials-rc031x-softex-beanie\/\" \/>\n<meta property=\"og:site_name\" content=\"Fashion shop\" \/>\n<meta property=\"article:publisher\" content=\"https:\/\/www.facebook.com\/TabooSlovakia\" \/>\n<meta name=\"twitter:card\" content=\"summary_large_image\" \/>\n<script type=\"application\/ld+json\" class=\"yoast-schema-graph\">{\"@context\":\"https:\/\/schema.org\",\"@graph\":[{\"@type\":\"WebPage\",\"@id\":\"https:\/\/taboofashion.com\/de\/produkt\/ergebnis-winter-essentials-rc031x-softex-beanie\/\",\"url\":\"https:\/\/taboofashion.com\/de\/produkt\/ergebnis-winter-essentials-rc031x-softex-beanie\/\",\"name\":\"RC031X SOFTEX\u00ae M\u00fctze &#8211; Fashion shop\",\"isPartOf\":{\"@id\":\"https:\/\/taboofashion.com\/de\/#website\"},\"datePublished\":\"2022-08-29T14:50:19+00:00\",\"dateModified\":\"2022-08-29T14:50:19+00:00\",\"breadcrumb\":{\"@id\":\"https:\/\/taboofashion.com\/de\/produkt\/ergebnis-winter-essentials-rc031x-softex-beanie\/#breadcrumb\"},\"inLanguage\":\"de\",\"potentialAction\":[{\"@type\":\"ReadAction\",\"target\":[\"https:\/\/taboofashion.com\/de\/produkt\/ergebnis-winter-essentials-rc031x-softex-beanie\/\"]}]},{\"@type\":\"BreadcrumbList\",\"@id\":\"https:\/\/taboofashion.com\/de\/produkt\/ergebnis-winter-essentials-rc031x-softex-beanie\/#breadcrumb\",\"itemListElement\":[{\"@type\":\"ListItem\",\"position\":1,\"name\":\"Home\",\"item\":\"https:\/\/taboofashion.com\/de\/shop\/\"},{\"@type\":\"ListItem\",\"position\":2,\"name\":\"Shop\",\"item\":\"https:\/\/taboofashion.com\/shop\/\"},{\"@type\":\"ListItem\",\"position\":3,\"name\":\"RC031X SOFTEX\u00ae M\u00fctze\"}]},{\"@type\":\"WebSite\",\"@id\":\"https:\/\/taboofashion.com\/de\/#website\",\"url\":\"https:\/\/taboofashion.com\/de\/\",\"name\":\"Fashion shop\",\"description\":\"\",\"publisher\":{\"@id\":\"https:\/\/taboofashion.com\/de\/#organization\"},\"potentialAction\":[{\"@type\":\"SearchAction\",\"target\":{\"@type\":\"EntryPoint\",\"urlTemplate\":\"https:\/\/taboofashion.com\/de\/?s={search_term_string}\"},\"query-input\":\"required name=search_term_string\"}],\"inLanguage\":\"de\"},{\"@type\":\"Organization\",\"@id\":\"https:\/\/taboofashion.com\/de\/#organization\",\"name\":\"Taboo Slovakia s.r.o.\",\"url\":\"https:\/\/taboofashion.com\/de\/\",\"logo\":{\"@type\":\"ImageObject\",\"inLanguage\":\"de\",\"@id\":\"https:\/\/taboofashion.com\/de\/#\/schema\/logo\/image\/\",\"url\":\"https:\/\/taboofashion.com\/wp-content\/uploads\/2022\/12\/taboologo2100-002.png\",\"contentUrl\":\"https:\/\/taboofashion.com\/wp-content\/uploads\/2022\/12\/taboologo2100-002.png\",\"width\":2100,\"height\":1050,\"caption\":\"Taboo Slovakia s.r.o.\"},\"image\":{\"@id\":\"https:\/\/taboofashion.com\/de\/#\/schema\/logo\/image\/\"},\"sameAs\":[\"https:\/\/www.facebook.com\/TabooSlovakia\",\"https:\/\/www.linkedin.com\/company\/541747\/\",\"https:\/\/www.instagram.com\/taboofashion.com1\/\"]}]}<\/script>\n<meta property=\"product:brand\" content=\"Result Headwear\" \/>\n<meta property=\"og:availability\" content=\"instock\" \/>\n<meta property=\"product:availability\" content=\"instock\" \/>\n<meta property=\"product:retailer_item_id\" content=\"28031X00199\" \/>\n<meta property=\"product:condition\" content=\"new\" \/>\n<!-- \/ Yoast SEO plugin. -->","yoast_head_json":{"title":"RC031X SOFTEX\u00ae M\u00fctze &#8211; Fashion shop","robots":{"index":"index","follow":"follow","max-snippet":"max-snippet:-1","max-image-preview":"max-image-preview:large","max-video-preview":"max-video-preview:-1"},"canonical":"https:\/\/taboofashion.com\/de\/produkt\/ergebnis-winter-essentials-rc031x-softex-beanie\/","og_locale":"de_DE","og_type":"article","og_title":"RC031X SOFTEX\u00ae M\u00fctze &#8211; Fashion shop","og_description":"100% Acryl","og_url":"https:\/\/taboofashion.com\/de\/produkt\/ergebnis-winter-essentials-rc031x-softex-beanie\/","og_site_name":"Fashion shop","article_publisher":"https:\/\/www.facebook.com\/TabooSlovakia","twitter_card":"summary_large_image","schema":{"@context":"https:\/\/schema.org","@graph":[{"@type":"WebPage","@id":"https:\/\/taboofashion.com\/de\/produkt\/ergebnis-winter-essentials-rc031x-softex-beanie\/","url":"https:\/\/taboofashion.com\/de\/produkt\/ergebnis-winter-essentials-rc031x-softex-beanie\/","name":"RC031X SOFTEX\u00ae M\u00fctze &#8211; Fashion shop","isPartOf":{"@id":"https:\/\/taboofashion.com\/de\/#website"},"datePublished":"2022-08-29T14:50:19+00:00","dateModified":"2022-08-29T14:50:19+00:00","breadcrumb":{"@id":"https:\/\/taboofashion.com\/de\/produkt\/ergebnis-winter-essentials-rc031x-softex-beanie\/#breadcrumb"},"inLanguage":"de","potentialAction":[{"@type":"ReadAction","target":["https:\/\/taboofashion.com\/de\/produkt\/ergebnis-winter-essentials-rc031x-softex-beanie\/"]}]},{"@type":"BreadcrumbList","@id":"https:\/\/taboofashion.com\/de\/produkt\/ergebnis-winter-essentials-rc031x-softex-beanie\/#breadcrumb","itemListElement":[{"@type":"ListItem","position":1,"name":"Home","item":"https:\/\/taboofashion.com\/de\/shop\/"},{"@type":"ListItem","position":2,"name":"Shop","item":"https:\/\/taboofashion.com\/shop\/"},{"@type":"ListItem","position":3,"name":"RC031X SOFTEX\u00ae M\u00fctze"}]},{"@type":"WebSite","@id":"https:\/\/taboofashion.com\/de\/#website","url":"https:\/\/taboofashion.com\/de\/","name":"Fashion shop","description":"","publisher":{"@id":"https:\/\/taboofashion.com\/de\/#organization"},"potentialAction":[{"@type":"SearchAction","target":{"@type":"EntryPoint","urlTemplate":"https:\/\/taboofashion.com\/de\/?s={search_term_string}"},"query-input":"required name=search_term_string"}],"inLanguage":"de"},{"@type":"Organization","@id":"https:\/\/taboofashion.com\/de\/#organization","name":"Taboo Slovakia s.r.o.","url":"https:\/\/taboofashion.com\/de\/","logo":{"@type":"ImageObject","inLanguage":"de","@id":"https:\/\/taboofashion.com\/de\/#\/schema\/logo\/image\/","url":"https:\/\/taboofashion.com\/wp-content\/uploads\/2022\/12\/taboologo2100-002.png","contentUrl":"https:\/\/taboofashion.com\/wp-content\/uploads\/2022\/12\/taboologo2100-002.png","width":2100,"height":1050,"caption":"Taboo Slovakia s.r.o."},"image":{"@id":"https:\/\/taboofashion.com\/de\/#\/schema\/logo\/image\/"},"sameAs":["https:\/\/www.facebook.com\/TabooSlovakia","https:\/\/www.linkedin.com\/company\/541747\/","https:\/\/www.instagram.com\/taboofashion.com1\/"]}]},"product_brand":"Result Headwear","og_availability":"instock","product_availability":"instock","product_retailer_item_id":"28031X00199","product_condition":"new"},"_links":{"self":[{"href":"https:\/\/taboofashion.com\/de\/wp-json\/wp\/v2\/product\/752121","targetHints":{"allow":["GET"]}}],"collection":[{"href":"https:\/\/taboofashion.com\/de\/wp-json\/wp\/v2\/product"}],"about":[{"href":"https:\/\/taboofashion.com\/de\/wp-json\/wp\/v2\/types\/product"}],"wp:featuredmedia":[{"embeddable":true,"href":"https:\/\/taboofashion.com\/de\/wp-json\/wp\/v2\/media\/730089"}],"wp:attachment":[{"href":"https:\/\/taboofashion.com\/de\/wp-json\/wp\/v2\/media?parent=752121"}],"wp:term":[{"taxonomy":"product_cat","embeddable":true,"href":"https:\/\/taboofashion.com\/de\/wp-json\/wp\/v2\/product_cat?post=752121"},{"taxonomy":"product_tag","embeddable":true,"href":"https:\/\/taboofashion.com\/de\/wp-json\/wp\/v2\/product_tag?post=752121"}],"curies":[{"name":"wp","href":"https:\/\/api.w.org\/{rel}","templated":true}]}}