{"id":758976,"date":"2022-08-30T15:41:43","date_gmt":"2022-08-30T13:41:43","guid":{"rendered":"https:\/\/taboofashion.com\/shop\/westford-mill-w101-baumwolltasche-fuer-das-leben\/"},"modified":"2022-08-30T15:41:43","modified_gmt":"2022-08-30T13:41:43","slug":"westford-mill-w101-baumwolltasche-fur-das-leben","status":"publish","type":"product","link":"https:\/\/taboofashion.com\/de\/produkt\/westford-mill-w101-baumwolltasche-fur-das-leben\/","title":{"rendered":"W101 Baumwolltasche &#8222;Tasche f\u00fcrs Leben&#8220;"},"content":{"rendered":"<p>Griffl\u00e4nge: 67cm, kann in der Hand oder \u00fcber der Schulter getragen werden, Fassungsverm\u00f6gen: 10l, Gr\u00f6\u00dfe: 38x42cm<\/p>\n","protected":false},"excerpt":{"rendered":"<p>140g\/m\u00b2, 100% Baumwolle<\/p>\n","protected":false},"featured_media":730232,"template":"","meta":[],"product_cat":[2165],"product_tag":[8798],"class_list":{"0":"post-758976","1":"product","2":"type-product","3":"status-publish","4":"has-post-thumbnail","6":"product_cat-taschen","7":"product_tag-westford_mill_50_0101-de","8":"pa_brand-westford-mill-de","9":"pa_colour-echtes-rosa","10":"pa_colour-graphitgrau-de","11":"pa_colour-hell-koniglich","12":"pa_colour-hellrot","13":"pa_colour-himbeerrosa","14":"pa_colour-karamell-de","15":"pa_colour-kiwi-de","16":"pa_colour-klassisch-rosa","17":"pa_colour-klassisches-rot-de","18":"pa_colour-koralle","19":"pa_colour-kornblumenblau","20":"pa_colour-luftwaffenblau","21":"pa_colour-magenta-de","22":"pa_colour-moosbeere","23":"pa_colour-olivgrun","24":"pa_colour-orange-rost","25":"pa_colour-pastellblau","26":"pa_colour-pastellfarbene-minze","27":"pa_colour-pastellrosa","28":"pa_colour-pflaume","29":"pa_colour-saphirblau","30":"pa_colour-senf","31":"pa_colour-sonnenblume","32":"pa_colour-violett","33":"pa_colour-wellenblau","34":"pa_colour-als","35":"pa_colour-apple-green-de","36":"pa_colour-benzin-de","37":"pa_colour-black-de","38":"pa_colour-bottle-green-de","39":"pa_colour-burgundy-de","40":"pa_colour-chocolate-de","41":"pa_colour-emerald-de","42":"pa_colour-french-navy-de","43":"pa_colour-fuchsia-de","44":"pa_colour-gelb","45":"pa_colour-hellgrun","46":"pa_colour-kelly-green-de","47":"pa_colour-lavendel","48":"pa_colour-lemon-de","49":"pa_colour-light-grey-de","50":"pa_colour-lila-de","51":"pa_colour-natural-de","52":"pa_colour-orange-de","53":"pa_colour-pure-grey-de","54":"pa_colour-sand-de","55":"pa_colour-sky-blue-de","56":"pa_colour-white-de","57":"pa_size-onesize-de","59":"first","60":"instock","61":"taxable","62":"shipping-taxable","63":"purchasable","64":"product-type-variable","65":"has-default-attributes"},"yoast_head":"<!-- This site is optimized with the Yoast SEO plugin v21.8 - https:\/\/yoast.com\/wordpress\/plugins\/seo\/ -->\n<title>W101 Baumwolltasche &quot;Tasche f\u00fcrs Leben&quot; &#8211; Fashion shop<\/title>\n<meta name=\"robots\" content=\"index, follow, max-snippet:-1, max-image-preview:large, max-video-preview:-1\" \/>\n<link rel=\"canonical\" href=\"https:\/\/taboofashion.com\/de\/produkt\/westford-mill-w101-baumwolltasche-fur-das-leben\/\" \/>\n<meta property=\"og:locale\" content=\"de_DE\" \/>\n<meta property=\"og:type\" content=\"article\" \/>\n<meta property=\"og:title\" content=\"W101 Baumwolltasche &quot;Tasche f\u00fcrs Leben&quot; &#8211; Fashion shop\" \/>\n<meta property=\"og:description\" content=\"140g\/m\u00b2, 100% Baumwolle\" \/>\n<meta property=\"og:url\" content=\"https:\/\/taboofashion.com\/de\/produkt\/westford-mill-w101-baumwolltasche-fur-das-leben\/\" \/>\n<meta property=\"og:site_name\" content=\"Fashion shop\" \/>\n<meta property=\"article:publisher\" content=\"https:\/\/www.facebook.com\/TabooSlovakia\" \/>\n<meta name=\"twitter:card\" content=\"summary_large_image\" \/>\n<script type=\"application\/ld+json\" class=\"yoast-schema-graph\">{\"@context\":\"https:\/\/schema.org\",\"@graph\":[{\"@type\":\"WebPage\",\"@id\":\"https:\/\/taboofashion.com\/de\/produkt\/westford-mill-w101-baumwolltasche-fur-das-leben\/\",\"url\":\"https:\/\/taboofashion.com\/de\/produkt\/westford-mill-w101-baumwolltasche-fur-das-leben\/\",\"name\":\"W101 Baumwolltasche \\\"Tasche f\u00fcrs Leben\\\" &#8211; Fashion shop\",\"isPartOf\":{\"@id\":\"https:\/\/taboofashion.com\/de\/#website\"},\"datePublished\":\"2022-08-30T13:41:43+00:00\",\"dateModified\":\"2022-08-30T13:41:43+00:00\",\"breadcrumb\":{\"@id\":\"https:\/\/taboofashion.com\/de\/produkt\/westford-mill-w101-baumwolltasche-fur-das-leben\/#breadcrumb\"},\"inLanguage\":\"de\",\"potentialAction\":[{\"@type\":\"ReadAction\",\"target\":[\"https:\/\/taboofashion.com\/de\/produkt\/westford-mill-w101-baumwolltasche-fur-das-leben\/\"]}]},{\"@type\":\"BreadcrumbList\",\"@id\":\"https:\/\/taboofashion.com\/de\/produkt\/westford-mill-w101-baumwolltasche-fur-das-leben\/#breadcrumb\",\"itemListElement\":[{\"@type\":\"ListItem\",\"position\":1,\"name\":\"Home\",\"item\":\"https:\/\/taboofashion.com\/de\/shop\/\"},{\"@type\":\"ListItem\",\"position\":2,\"name\":\"Shop\",\"item\":\"https:\/\/taboofashion.com\/shop\/\"},{\"@type\":\"ListItem\",\"position\":3,\"name\":\"W101 Baumwolltasche &#8222;Tasche f\u00fcrs Leben&#8220;\"}]},{\"@type\":\"WebSite\",\"@id\":\"https:\/\/taboofashion.com\/de\/#website\",\"url\":\"https:\/\/taboofashion.com\/de\/\",\"name\":\"Fashion shop\",\"description\":\"\",\"publisher\":{\"@id\":\"https:\/\/taboofashion.com\/de\/#organization\"},\"potentialAction\":[{\"@type\":\"SearchAction\",\"target\":{\"@type\":\"EntryPoint\",\"urlTemplate\":\"https:\/\/taboofashion.com\/de\/?s={search_term_string}\"},\"query-input\":\"required name=search_term_string\"}],\"inLanguage\":\"de\"},{\"@type\":\"Organization\",\"@id\":\"https:\/\/taboofashion.com\/de\/#organization\",\"name\":\"Taboo Slovakia s.r.o.\",\"url\":\"https:\/\/taboofashion.com\/de\/\",\"logo\":{\"@type\":\"ImageObject\",\"inLanguage\":\"de\",\"@id\":\"https:\/\/taboofashion.com\/de\/#\/schema\/logo\/image\/\",\"url\":\"https:\/\/taboofashion.com\/wp-content\/uploads\/2022\/12\/taboologo2100-002.png\",\"contentUrl\":\"https:\/\/taboofashion.com\/wp-content\/uploads\/2022\/12\/taboologo2100-002.png\",\"width\":2100,\"height\":1050,\"caption\":\"Taboo Slovakia s.r.o.\"},\"image\":{\"@id\":\"https:\/\/taboofashion.com\/de\/#\/schema\/logo\/image\/\"},\"sameAs\":[\"https:\/\/www.facebook.com\/TabooSlovakia\",\"https:\/\/www.linkedin.com\/company\/541747\/\",\"https:\/\/www.instagram.com\/taboofashion.com1\/\"]}]}<\/script>\n<meta property=\"product:brand\" content=\"Westford Mill\" \/>\n<meta property=\"og:availability\" content=\"instock\" \/>\n<meta property=\"product:availability\" content=\"instock\" \/>\n<meta property=\"product:retailer_item_id\" content=\"50010100199\" \/>\n<meta property=\"product:condition\" content=\"new\" \/>\n<!-- \/ Yoast SEO plugin. -->","yoast_head_json":{"title":"W101 Baumwolltasche \"Tasche f\u00fcrs Leben\" &#8211; Fashion shop","robots":{"index":"index","follow":"follow","max-snippet":"max-snippet:-1","max-image-preview":"max-image-preview:large","max-video-preview":"max-video-preview:-1"},"canonical":"https:\/\/taboofashion.com\/de\/produkt\/westford-mill-w101-baumwolltasche-fur-das-leben\/","og_locale":"de_DE","og_type":"article","og_title":"W101 Baumwolltasche \"Tasche f\u00fcrs Leben\" &#8211; Fashion shop","og_description":"140g\/m\u00b2, 100% Baumwolle","og_url":"https:\/\/taboofashion.com\/de\/produkt\/westford-mill-w101-baumwolltasche-fur-das-leben\/","og_site_name":"Fashion shop","article_publisher":"https:\/\/www.facebook.com\/TabooSlovakia","twitter_card":"summary_large_image","schema":{"@context":"https:\/\/schema.org","@graph":[{"@type":"WebPage","@id":"https:\/\/taboofashion.com\/de\/produkt\/westford-mill-w101-baumwolltasche-fur-das-leben\/","url":"https:\/\/taboofashion.com\/de\/produkt\/westford-mill-w101-baumwolltasche-fur-das-leben\/","name":"W101 Baumwolltasche \"Tasche f\u00fcrs Leben\" &#8211; Fashion shop","isPartOf":{"@id":"https:\/\/taboofashion.com\/de\/#website"},"datePublished":"2022-08-30T13:41:43+00:00","dateModified":"2022-08-30T13:41:43+00:00","breadcrumb":{"@id":"https:\/\/taboofashion.com\/de\/produkt\/westford-mill-w101-baumwolltasche-fur-das-leben\/#breadcrumb"},"inLanguage":"de","potentialAction":[{"@type":"ReadAction","target":["https:\/\/taboofashion.com\/de\/produkt\/westford-mill-w101-baumwolltasche-fur-das-leben\/"]}]},{"@type":"BreadcrumbList","@id":"https:\/\/taboofashion.com\/de\/produkt\/westford-mill-w101-baumwolltasche-fur-das-leben\/#breadcrumb","itemListElement":[{"@type":"ListItem","position":1,"name":"Home","item":"https:\/\/taboofashion.com\/de\/shop\/"},{"@type":"ListItem","position":2,"name":"Shop","item":"https:\/\/taboofashion.com\/shop\/"},{"@type":"ListItem","position":3,"name":"W101 Baumwolltasche &#8222;Tasche f\u00fcrs Leben&#8220;"}]},{"@type":"WebSite","@id":"https:\/\/taboofashion.com\/de\/#website","url":"https:\/\/taboofashion.com\/de\/","name":"Fashion shop","description":"","publisher":{"@id":"https:\/\/taboofashion.com\/de\/#organization"},"potentialAction":[{"@type":"SearchAction","target":{"@type":"EntryPoint","urlTemplate":"https:\/\/taboofashion.com\/de\/?s={search_term_string}"},"query-input":"required name=search_term_string"}],"inLanguage":"de"},{"@type":"Organization","@id":"https:\/\/taboofashion.com\/de\/#organization","name":"Taboo Slovakia s.r.o.","url":"https:\/\/taboofashion.com\/de\/","logo":{"@type":"ImageObject","inLanguage":"de","@id":"https:\/\/taboofashion.com\/de\/#\/schema\/logo\/image\/","url":"https:\/\/taboofashion.com\/wp-content\/uploads\/2022\/12\/taboologo2100-002.png","contentUrl":"https:\/\/taboofashion.com\/wp-content\/uploads\/2022\/12\/taboologo2100-002.png","width":2100,"height":1050,"caption":"Taboo Slovakia s.r.o."},"image":{"@id":"https:\/\/taboofashion.com\/de\/#\/schema\/logo\/image\/"},"sameAs":["https:\/\/www.facebook.com\/TabooSlovakia","https:\/\/www.linkedin.com\/company\/541747\/","https:\/\/www.instagram.com\/taboofashion.com1\/"]}]},"product_brand":"Westford Mill","og_availability":"instock","product_availability":"instock","product_retailer_item_id":"50010100199","product_condition":"new"},"_links":{"self":[{"href":"https:\/\/taboofashion.com\/de\/wp-json\/wp\/v2\/product\/758976","targetHints":{"allow":["GET"]}}],"collection":[{"href":"https:\/\/taboofashion.com\/de\/wp-json\/wp\/v2\/product"}],"about":[{"href":"https:\/\/taboofashion.com\/de\/wp-json\/wp\/v2\/types\/product"}],"wp:featuredmedia":[{"embeddable":true,"href":"https:\/\/taboofashion.com\/de\/wp-json\/wp\/v2\/media\/730232"}],"wp:attachment":[{"href":"https:\/\/taboofashion.com\/de\/wp-json\/wp\/v2\/media?parent=758976"}],"wp:term":[{"taxonomy":"product_cat","embeddable":true,"href":"https:\/\/taboofashion.com\/de\/wp-json\/wp\/v2\/product_cat?post=758976"},{"taxonomy":"product_tag","embeddable":true,"href":"https:\/\/taboofashion.com\/de\/wp-json\/wp\/v2\/product_tag?post=758976"}],"curies":[{"name":"wp","href":"https:\/\/api.w.org\/{rel}","templated":true}]}}