{"id":759795,"date":"2022-08-30T16:59:57","date_gmt":"2022-08-30T14:59:57","guid":{"rendered":"https:\/\/taboofashion.com\/shop\/bagbase-bg125-original-modischer-rucksack\/"},"modified":"2022-08-30T16:59:57","modified_gmt":"2022-08-30T14:59:57","slug":"bagbase-bg125-original-modischer-rucksack","status":"publish","type":"product","link":"https:\/\/taboofashion.com\/de\/produkt\/bagbase-bg125-original-modischer-rucksack\/","title":{"rendered":"BG125 Original Mode-Rucksack"},"content":{"rendered":"<p>Tragegriff, verstellbarer Schultergurt mit Polsterung, Frontfach mit Rei\u00dfverschluss, gepolsterter R\u00fccken, TearAway-Etikett, Fassungsverm\u00f6gen: 18l, Gr\u00f6\u00dfe: 31x42x21cm<\/p>\n","protected":false},"excerpt":{"rendered":"<p>380g, 600D Polyester<\/p>\n","protected":false},"featured_media":729994,"template":"","meta":[],"product_cat":[2165],"product_tag":[8902],"class_list":{"0":"post-759795","1":"product","2":"type-product","3":"status-publish","4":"has-post-thumbnail","6":"product_cat-taschen","7":"product_tag-bagbase_52_0125-de","8":"pa_brand-bagbase-de","9":"pa_colour-echtes-rosa-graphitgrau","10":"pa_colour-fluoreszierendes-gelb","11":"pa_colour-fluoreszierendes-rosa","12":"pa_colour-fuchsia-graphitgrau","13":"pa_colour-gelb-graphitgrau","14":"pa_colour-graphitgrau-de","15":"pa_colour-hell-koniglich","16":"pa_colour-hellgrau-grafitgrau","17":"pa_colour-hellrot","18":"pa_colour-himmelblau-franzosisch-navy","19":"pa_colour-karamell-de","20":"pa_colour-klassisch-rosa-grafitgrau","21":"pa_colour-klassisches-rot-de","22":"pa_colour-koralle-koralle","23":"pa_colour-lindgrun-graphitgrau","24":"pa_colour-luftwaffenblau-graphitgrau","25":"pa_colour-magenta-de","26":"pa_colour-mintgrun-hellgrau","27":"pa_colour-naturlich-naturlich","28":"pa_colour-olivgrun","29":"pa_colour-orange-graphitgrau","30":"pa_colour-orange-rost","31":"pa_colour-saphirblau","32":"pa_colour-schwarz-schwarz","33":"pa_colour-senf","34":"pa_colour-smaragd-graphitgrau","35":"pa_colour-surfblau-graphitgrau","36":"pa_colour-weis-graphitgrau","37":"pa_colour-black-de","38":"pa_colour-bottle-green-de","39":"pa_colour-burgundy-de","40":"pa_colour-french-navy-de","41":"pa_colour-kelly-green-de","42":"pa_colour-lila-de","43":"pa_size-onesize-de","45":"first","46":"instock","47":"taxable","48":"shipping-taxable","49":"purchasable","50":"product-type-variable","51":"has-default-attributes"},"yoast_head":"<!-- This site is optimized with the Yoast SEO plugin v21.8 - https:\/\/yoast.com\/wordpress\/plugins\/seo\/ -->\n<title>BG125 Original Mode-Rucksack &#8211; Fashion shop<\/title>\n<meta name=\"robots\" content=\"index, follow, max-snippet:-1, max-image-preview:large, max-video-preview:-1\" \/>\n<link rel=\"canonical\" href=\"https:\/\/taboofashion.com\/de\/produkt\/bagbase-bg125-original-modischer-rucksack\/\" \/>\n<meta property=\"og:locale\" content=\"de_DE\" \/>\n<meta property=\"og:type\" content=\"article\" \/>\n<meta property=\"og:title\" content=\"BG125 Original Mode-Rucksack &#8211; Fashion shop\" \/>\n<meta property=\"og:description\" content=\"380g, 600D Polyester\" \/>\n<meta property=\"og:url\" content=\"https:\/\/taboofashion.com\/de\/produkt\/bagbase-bg125-original-modischer-rucksack\/\" \/>\n<meta property=\"og:site_name\" content=\"Fashion shop\" \/>\n<meta property=\"article:publisher\" content=\"https:\/\/www.facebook.com\/TabooSlovakia\" \/>\n<meta name=\"twitter:card\" content=\"summary_large_image\" \/>\n<script type=\"application\/ld+json\" class=\"yoast-schema-graph\">{\"@context\":\"https:\/\/schema.org\",\"@graph\":[{\"@type\":\"WebPage\",\"@id\":\"https:\/\/taboofashion.com\/de\/produkt\/bagbase-bg125-original-modischer-rucksack\/\",\"url\":\"https:\/\/taboofashion.com\/de\/produkt\/bagbase-bg125-original-modischer-rucksack\/\",\"name\":\"BG125 Original Mode-Rucksack &#8211; Fashion shop\",\"isPartOf\":{\"@id\":\"https:\/\/taboofashion.com\/de\/#website\"},\"datePublished\":\"2022-08-30T14:59:57+00:00\",\"dateModified\":\"2022-08-30T14:59:57+00:00\",\"breadcrumb\":{\"@id\":\"https:\/\/taboofashion.com\/de\/produkt\/bagbase-bg125-original-modischer-rucksack\/#breadcrumb\"},\"inLanguage\":\"de\",\"potentialAction\":[{\"@type\":\"ReadAction\",\"target\":[\"https:\/\/taboofashion.com\/de\/produkt\/bagbase-bg125-original-modischer-rucksack\/\"]}]},{\"@type\":\"BreadcrumbList\",\"@id\":\"https:\/\/taboofashion.com\/de\/produkt\/bagbase-bg125-original-modischer-rucksack\/#breadcrumb\",\"itemListElement\":[{\"@type\":\"ListItem\",\"position\":1,\"name\":\"Home\",\"item\":\"https:\/\/taboofashion.com\/de\/shop\/\"},{\"@type\":\"ListItem\",\"position\":2,\"name\":\"Shop\",\"item\":\"https:\/\/taboofashion.com\/shop\/\"},{\"@type\":\"ListItem\",\"position\":3,\"name\":\"BG125 Original Mode-Rucksack\"}]},{\"@type\":\"WebSite\",\"@id\":\"https:\/\/taboofashion.com\/de\/#website\",\"url\":\"https:\/\/taboofashion.com\/de\/\",\"name\":\"Fashion shop\",\"description\":\"\",\"publisher\":{\"@id\":\"https:\/\/taboofashion.com\/de\/#organization\"},\"potentialAction\":[{\"@type\":\"SearchAction\",\"target\":{\"@type\":\"EntryPoint\",\"urlTemplate\":\"https:\/\/taboofashion.com\/de\/?s={search_term_string}\"},\"query-input\":\"required name=search_term_string\"}],\"inLanguage\":\"de\"},{\"@type\":\"Organization\",\"@id\":\"https:\/\/taboofashion.com\/de\/#organization\",\"name\":\"Taboo Slovakia s.r.o.\",\"url\":\"https:\/\/taboofashion.com\/de\/\",\"logo\":{\"@type\":\"ImageObject\",\"inLanguage\":\"de\",\"@id\":\"https:\/\/taboofashion.com\/de\/#\/schema\/logo\/image\/\",\"url\":\"https:\/\/taboofashion.com\/wp-content\/uploads\/2022\/12\/taboologo2100-002.png\",\"contentUrl\":\"https:\/\/taboofashion.com\/wp-content\/uploads\/2022\/12\/taboologo2100-002.png\",\"width\":2100,\"height\":1050,\"caption\":\"Taboo Slovakia s.r.o.\"},\"image\":{\"@id\":\"https:\/\/taboofashion.com\/de\/#\/schema\/logo\/image\/\"},\"sameAs\":[\"https:\/\/www.facebook.com\/TabooSlovakia\",\"https:\/\/www.linkedin.com\/company\/541747\/\",\"https:\/\/www.instagram.com\/taboofashion.com1\/\"]}]}<\/script>\n<meta property=\"product:brand\" content=\"BagBase\" \/>\n<meta property=\"og:availability\" content=\"instock\" \/>\n<meta property=\"product:availability\" content=\"instock\" \/>\n<meta property=\"product:retailer_item_id\" content=\"52012500299\" \/>\n<meta property=\"product:condition\" content=\"new\" \/>\n<!-- \/ Yoast SEO plugin. -->","yoast_head_json":{"title":"BG125 Original Mode-Rucksack &#8211; Fashion shop","robots":{"index":"index","follow":"follow","max-snippet":"max-snippet:-1","max-image-preview":"max-image-preview:large","max-video-preview":"max-video-preview:-1"},"canonical":"https:\/\/taboofashion.com\/de\/produkt\/bagbase-bg125-original-modischer-rucksack\/","og_locale":"de_DE","og_type":"article","og_title":"BG125 Original Mode-Rucksack &#8211; Fashion shop","og_description":"380g, 600D Polyester","og_url":"https:\/\/taboofashion.com\/de\/produkt\/bagbase-bg125-original-modischer-rucksack\/","og_site_name":"Fashion shop","article_publisher":"https:\/\/www.facebook.com\/TabooSlovakia","twitter_card":"summary_large_image","schema":{"@context":"https:\/\/schema.org","@graph":[{"@type":"WebPage","@id":"https:\/\/taboofashion.com\/de\/produkt\/bagbase-bg125-original-modischer-rucksack\/","url":"https:\/\/taboofashion.com\/de\/produkt\/bagbase-bg125-original-modischer-rucksack\/","name":"BG125 Original Mode-Rucksack &#8211; Fashion shop","isPartOf":{"@id":"https:\/\/taboofashion.com\/de\/#website"},"datePublished":"2022-08-30T14:59:57+00:00","dateModified":"2022-08-30T14:59:57+00:00","breadcrumb":{"@id":"https:\/\/taboofashion.com\/de\/produkt\/bagbase-bg125-original-modischer-rucksack\/#breadcrumb"},"inLanguage":"de","potentialAction":[{"@type":"ReadAction","target":["https:\/\/taboofashion.com\/de\/produkt\/bagbase-bg125-original-modischer-rucksack\/"]}]},{"@type":"BreadcrumbList","@id":"https:\/\/taboofashion.com\/de\/produkt\/bagbase-bg125-original-modischer-rucksack\/#breadcrumb","itemListElement":[{"@type":"ListItem","position":1,"name":"Home","item":"https:\/\/taboofashion.com\/de\/shop\/"},{"@type":"ListItem","position":2,"name":"Shop","item":"https:\/\/taboofashion.com\/shop\/"},{"@type":"ListItem","position":3,"name":"BG125 Original Mode-Rucksack"}]},{"@type":"WebSite","@id":"https:\/\/taboofashion.com\/de\/#website","url":"https:\/\/taboofashion.com\/de\/","name":"Fashion shop","description":"","publisher":{"@id":"https:\/\/taboofashion.com\/de\/#organization"},"potentialAction":[{"@type":"SearchAction","target":{"@type":"EntryPoint","urlTemplate":"https:\/\/taboofashion.com\/de\/?s={search_term_string}"},"query-input":"required name=search_term_string"}],"inLanguage":"de"},{"@type":"Organization","@id":"https:\/\/taboofashion.com\/de\/#organization","name":"Taboo Slovakia s.r.o.","url":"https:\/\/taboofashion.com\/de\/","logo":{"@type":"ImageObject","inLanguage":"de","@id":"https:\/\/taboofashion.com\/de\/#\/schema\/logo\/image\/","url":"https:\/\/taboofashion.com\/wp-content\/uploads\/2022\/12\/taboologo2100-002.png","contentUrl":"https:\/\/taboofashion.com\/wp-content\/uploads\/2022\/12\/taboologo2100-002.png","width":2100,"height":1050,"caption":"Taboo Slovakia s.r.o."},"image":{"@id":"https:\/\/taboofashion.com\/de\/#\/schema\/logo\/image\/"},"sameAs":["https:\/\/www.facebook.com\/TabooSlovakia","https:\/\/www.linkedin.com\/company\/541747\/","https:\/\/www.instagram.com\/taboofashion.com1\/"]}]},"product_brand":"BagBase","og_availability":"instock","product_availability":"instock","product_retailer_item_id":"52012500299","product_condition":"new"},"_links":{"self":[{"href":"https:\/\/taboofashion.com\/de\/wp-json\/wp\/v2\/product\/759795","targetHints":{"allow":["GET"]}}],"collection":[{"href":"https:\/\/taboofashion.com\/de\/wp-json\/wp\/v2\/product"}],"about":[{"href":"https:\/\/taboofashion.com\/de\/wp-json\/wp\/v2\/types\/product"}],"wp:featuredmedia":[{"embeddable":true,"href":"https:\/\/taboofashion.com\/de\/wp-json\/wp\/v2\/media\/729994"}],"wp:attachment":[{"href":"https:\/\/taboofashion.com\/de\/wp-json\/wp\/v2\/media?parent=759795"}],"wp:term":[{"taxonomy":"product_cat","embeddable":true,"href":"https:\/\/taboofashion.com\/de\/wp-json\/wp\/v2\/product_cat?post=759795"},{"taxonomy":"product_tag","embeddable":true,"href":"https:\/\/taboofashion.com\/de\/wp-json\/wp\/v2\/product_tag?post=759795"}],"curies":[{"name":"wp","href":"https:\/\/api.w.org\/{rel}","templated":true}]}}