{"id":760652,"date":"2022-08-29T10:00:19","date_gmt":"2022-08-29T08:00:19","guid":{"rendered":"https:\/\/taboofashion.com\/shop\/rtp-apparel-tempo-185-frauen-schwer-damen-digital-print-org-t-shirt-10-pack\/"},"modified":"2022-08-29T10:00:19","modified_gmt":"2022-08-29T08:00:19","slug":"rtp-apparel-tempo-185-frauen-schwer-damen-digital-print-org-t-shirt-10-pack","status":"publish","type":"product","link":"https:\/\/taboofashion.com\/de\/produkt\/rtp-apparel-tempo-185-frauen-schwer-damen-digital-print-org-t-shirt-10-pack\/","title":{"rendered":"Tempo 185 Women Heavy Ladies&#8216; Digital Print Org. T-Shirt 10er-Pack"},"content":{"rendered":"<p>F\u00fcr den Digitaldruck vorbehandeltes T-Shirt, taillierte Passform, Rippstrick-Rundhalsausschnitt, Nackenband, Druckfl\u00e4che: 44 x 29 cm f\u00fcr Gr\u00f6\u00dfe M, neutrales Gr\u00f6\u00dfenetikett, nur im Paket erh\u00e4ltlich, R\u00fccksendungen sind nur im Original-Polybeutel m\u00f6glich, wichtige Hinweise zur Lagerung und Handhabung: Stalltemperatur unter 30\u00b0, Luftfeuchtigkeit sollte unter 65% liegen, staubfreie Umgebung, vorsichtiger Umgang (kein Reiben, kein Dehnen), kein direktes Licht oder Sonneneinstrahlung, Auspacken aus dem Polybeutel wird nur vor dem Druckprozess empfohlen, Lagerung der unbenutzten Artikel im Polybeutel, um \u00fcberm\u00e4\u00dfige Feuchtigkeit zu vermeiden, das Shirt kann 30 Minuten vor dem Druck 3-5 Sekunden vorgepresst werden, die Farbbrillanz ist besser, je trockener das Shirt ist<\/p>\n","protected":false},"excerpt":{"rendered":"<p>185g\/m\u00b2, 100% zertifizierte Bio-Baumwolle, enzymgewaschen<\/p>\n","protected":false},"featured_media":728149,"template":"","meta":[],"product_cat":[2161],"product_tag":[8949],"class_list":{"0":"post-760652","1":"product","2":"type-product","3":"status-publish","4":"has-post-thumbnail","6":"product_cat-t-shirts-de","7":"product_tag-sols_25_3257_tempo_185_women-de","8":"pa_brand-sols-collection-de","9":"pa_colour-tiefschwarz","10":"pa_colour-french-navy-de","11":"pa_colour-grey-melange-de","12":"pa_colour-white-de","13":"pa_size-xs-de","14":"pa_size-s-de","15":"pa_size-m-de","16":"pa_size-l-de","17":"pa_size-xl-de","18":"pa_size-xxl-de","20":"first","21":"instock","22":"taxable","23":"shipping-taxable","24":"purchasable","25":"product-type-variable","26":"has-default-attributes"},"yoast_head":"<!-- This site is optimized with the Yoast SEO plugin v21.8 - https:\/\/yoast.com\/wordpress\/plugins\/seo\/ -->\n<title>Tempo 185 Women Heavy Ladies&#039; Digital Print Org. T-Shirt 10er-Pack &#8211; Fashion shop<\/title>\n<meta name=\"robots\" content=\"index, follow, max-snippet:-1, max-image-preview:large, max-video-preview:-1\" \/>\n<link rel=\"canonical\" href=\"https:\/\/taboofashion.com\/de\/produkt\/rtp-apparel-tempo-185-frauen-schwer-damen-digital-print-org-t-shirt-10-pack\/\" \/>\n<meta property=\"og:locale\" content=\"de_DE\" \/>\n<meta property=\"og:type\" content=\"article\" \/>\n<meta property=\"og:title\" content=\"Tempo 185 Women Heavy Ladies&#039; Digital Print Org. T-Shirt 10er-Pack &#8211; Fashion shop\" \/>\n<meta property=\"og:description\" content=\"185g\/m\u00b2, 100% zertifizierte Bio-Baumwolle, enzymgewaschen\" \/>\n<meta property=\"og:url\" content=\"https:\/\/taboofashion.com\/de\/produkt\/rtp-apparel-tempo-185-frauen-schwer-damen-digital-print-org-t-shirt-10-pack\/\" \/>\n<meta property=\"og:site_name\" content=\"Fashion shop\" \/>\n<meta property=\"article:publisher\" content=\"https:\/\/www.facebook.com\/TabooSlovakia\" \/>\n<meta name=\"twitter:card\" content=\"summary_large_image\" \/>\n<script type=\"application\/ld+json\" class=\"yoast-schema-graph\">{\"@context\":\"https:\/\/schema.org\",\"@graph\":[{\"@type\":\"WebPage\",\"@id\":\"https:\/\/taboofashion.com\/de\/produkt\/rtp-apparel-tempo-185-frauen-schwer-damen-digital-print-org-t-shirt-10-pack\/\",\"url\":\"https:\/\/taboofashion.com\/de\/produkt\/rtp-apparel-tempo-185-frauen-schwer-damen-digital-print-org-t-shirt-10-pack\/\",\"name\":\"Tempo 185 Women Heavy Ladies' Digital Print Org. T-Shirt 10er-Pack &#8211; Fashion shop\",\"isPartOf\":{\"@id\":\"https:\/\/taboofashion.com\/de\/#website\"},\"datePublished\":\"2022-08-29T08:00:19+00:00\",\"dateModified\":\"2022-08-29T08:00:19+00:00\",\"breadcrumb\":{\"@id\":\"https:\/\/taboofashion.com\/de\/produkt\/rtp-apparel-tempo-185-frauen-schwer-damen-digital-print-org-t-shirt-10-pack\/#breadcrumb\"},\"inLanguage\":\"de\",\"potentialAction\":[{\"@type\":\"ReadAction\",\"target\":[\"https:\/\/taboofashion.com\/de\/produkt\/rtp-apparel-tempo-185-frauen-schwer-damen-digital-print-org-t-shirt-10-pack\/\"]}]},{\"@type\":\"BreadcrumbList\",\"@id\":\"https:\/\/taboofashion.com\/de\/produkt\/rtp-apparel-tempo-185-frauen-schwer-damen-digital-print-org-t-shirt-10-pack\/#breadcrumb\",\"itemListElement\":[{\"@type\":\"ListItem\",\"position\":1,\"name\":\"Home\",\"item\":\"https:\/\/taboofashion.com\/de\/shop\/\"},{\"@type\":\"ListItem\",\"position\":2,\"name\":\"Shop\",\"item\":\"https:\/\/taboofashion.com\/shop\/\"},{\"@type\":\"ListItem\",\"position\":3,\"name\":\"Tempo 185 Women Heavy Ladies&#8216; Digital Print Org. T-Shirt 10er-Pack\"}]},{\"@type\":\"WebSite\",\"@id\":\"https:\/\/taboofashion.com\/de\/#website\",\"url\":\"https:\/\/taboofashion.com\/de\/\",\"name\":\"Fashion shop\",\"description\":\"\",\"publisher\":{\"@id\":\"https:\/\/taboofashion.com\/de\/#organization\"},\"potentialAction\":[{\"@type\":\"SearchAction\",\"target\":{\"@type\":\"EntryPoint\",\"urlTemplate\":\"https:\/\/taboofashion.com\/de\/?s={search_term_string}\"},\"query-input\":\"required name=search_term_string\"}],\"inLanguage\":\"de\"},{\"@type\":\"Organization\",\"@id\":\"https:\/\/taboofashion.com\/de\/#organization\",\"name\":\"Taboo Slovakia s.r.o.\",\"url\":\"https:\/\/taboofashion.com\/de\/\",\"logo\":{\"@type\":\"ImageObject\",\"inLanguage\":\"de\",\"@id\":\"https:\/\/taboofashion.com\/de\/#\/schema\/logo\/image\/\",\"url\":\"https:\/\/taboofashion.com\/wp-content\/uploads\/2022\/12\/taboologo2100-002.png\",\"contentUrl\":\"https:\/\/taboofashion.com\/wp-content\/uploads\/2022\/12\/taboologo2100-002.png\",\"width\":2100,\"height\":1050,\"caption\":\"Taboo Slovakia s.r.o.\"},\"image\":{\"@id\":\"https:\/\/taboofashion.com\/de\/#\/schema\/logo\/image\/\"},\"sameAs\":[\"https:\/\/www.facebook.com\/TabooSlovakia\",\"https:\/\/www.linkedin.com\/company\/541747\/\",\"https:\/\/www.instagram.com\/taboofashion.com1\/\"]}]}<\/script>\n<meta property=\"product:brand\" content=\"SOL&#039;s Collection\" \/>\n<meta property=\"og:availability\" content=\"instock\" \/>\n<meta property=\"product:availability\" content=\"instock\" \/>\n<meta property=\"product:retailer_item_id\" content=\"25325700100\" \/>\n<meta property=\"product:condition\" content=\"new\" \/>\n<!-- \/ Yoast SEO plugin. -->","yoast_head_json":{"title":"Tempo 185 Women Heavy Ladies' Digital Print Org. T-Shirt 10er-Pack &#8211; Fashion shop","robots":{"index":"index","follow":"follow","max-snippet":"max-snippet:-1","max-image-preview":"max-image-preview:large","max-video-preview":"max-video-preview:-1"},"canonical":"https:\/\/taboofashion.com\/de\/produkt\/rtp-apparel-tempo-185-frauen-schwer-damen-digital-print-org-t-shirt-10-pack\/","og_locale":"de_DE","og_type":"article","og_title":"Tempo 185 Women Heavy Ladies' Digital Print Org. T-Shirt 10er-Pack &#8211; Fashion shop","og_description":"185g\/m\u00b2, 100% zertifizierte Bio-Baumwolle, enzymgewaschen","og_url":"https:\/\/taboofashion.com\/de\/produkt\/rtp-apparel-tempo-185-frauen-schwer-damen-digital-print-org-t-shirt-10-pack\/","og_site_name":"Fashion shop","article_publisher":"https:\/\/www.facebook.com\/TabooSlovakia","twitter_card":"summary_large_image","schema":{"@context":"https:\/\/schema.org","@graph":[{"@type":"WebPage","@id":"https:\/\/taboofashion.com\/de\/produkt\/rtp-apparel-tempo-185-frauen-schwer-damen-digital-print-org-t-shirt-10-pack\/","url":"https:\/\/taboofashion.com\/de\/produkt\/rtp-apparel-tempo-185-frauen-schwer-damen-digital-print-org-t-shirt-10-pack\/","name":"Tempo 185 Women Heavy Ladies' Digital Print Org. T-Shirt 10er-Pack &#8211; Fashion shop","isPartOf":{"@id":"https:\/\/taboofashion.com\/de\/#website"},"datePublished":"2022-08-29T08:00:19+00:00","dateModified":"2022-08-29T08:00:19+00:00","breadcrumb":{"@id":"https:\/\/taboofashion.com\/de\/produkt\/rtp-apparel-tempo-185-frauen-schwer-damen-digital-print-org-t-shirt-10-pack\/#breadcrumb"},"inLanguage":"de","potentialAction":[{"@type":"ReadAction","target":["https:\/\/taboofashion.com\/de\/produkt\/rtp-apparel-tempo-185-frauen-schwer-damen-digital-print-org-t-shirt-10-pack\/"]}]},{"@type":"BreadcrumbList","@id":"https:\/\/taboofashion.com\/de\/produkt\/rtp-apparel-tempo-185-frauen-schwer-damen-digital-print-org-t-shirt-10-pack\/#breadcrumb","itemListElement":[{"@type":"ListItem","position":1,"name":"Home","item":"https:\/\/taboofashion.com\/de\/shop\/"},{"@type":"ListItem","position":2,"name":"Shop","item":"https:\/\/taboofashion.com\/shop\/"},{"@type":"ListItem","position":3,"name":"Tempo 185 Women Heavy Ladies&#8216; Digital Print Org. T-Shirt 10er-Pack"}]},{"@type":"WebSite","@id":"https:\/\/taboofashion.com\/de\/#website","url":"https:\/\/taboofashion.com\/de\/","name":"Fashion shop","description":"","publisher":{"@id":"https:\/\/taboofashion.com\/de\/#organization"},"potentialAction":[{"@type":"SearchAction","target":{"@type":"EntryPoint","urlTemplate":"https:\/\/taboofashion.com\/de\/?s={search_term_string}"},"query-input":"required name=search_term_string"}],"inLanguage":"de"},{"@type":"Organization","@id":"https:\/\/taboofashion.com\/de\/#organization","name":"Taboo Slovakia s.r.o.","url":"https:\/\/taboofashion.com\/de\/","logo":{"@type":"ImageObject","inLanguage":"de","@id":"https:\/\/taboofashion.com\/de\/#\/schema\/logo\/image\/","url":"https:\/\/taboofashion.com\/wp-content\/uploads\/2022\/12\/taboologo2100-002.png","contentUrl":"https:\/\/taboofashion.com\/wp-content\/uploads\/2022\/12\/taboologo2100-002.png","width":2100,"height":1050,"caption":"Taboo Slovakia s.r.o."},"image":{"@id":"https:\/\/taboofashion.com\/de\/#\/schema\/logo\/image\/"},"sameAs":["https:\/\/www.facebook.com\/TabooSlovakia","https:\/\/www.linkedin.com\/company\/541747\/","https:\/\/www.instagram.com\/taboofashion.com1\/"]}]},"product_brand":"SOL&#039;s Collection","og_availability":"instock","product_availability":"instock","product_retailer_item_id":"25325700100","product_condition":"new"},"_links":{"self":[{"href":"https:\/\/taboofashion.com\/de\/wp-json\/wp\/v2\/product\/760652","targetHints":{"allow":["GET"]}}],"collection":[{"href":"https:\/\/taboofashion.com\/de\/wp-json\/wp\/v2\/product"}],"about":[{"href":"https:\/\/taboofashion.com\/de\/wp-json\/wp\/v2\/types\/product"}],"wp:featuredmedia":[{"embeddable":true,"href":"https:\/\/taboofashion.com\/de\/wp-json\/wp\/v2\/media\/728149"}],"wp:attachment":[{"href":"https:\/\/taboofashion.com\/de\/wp-json\/wp\/v2\/media?parent=760652"}],"wp:term":[{"taxonomy":"product_cat","embeddable":true,"href":"https:\/\/taboofashion.com\/de\/wp-json\/wp\/v2\/product_cat?post=760652"},{"taxonomy":"product_tag","embeddable":true,"href":"https:\/\/taboofashion.com\/de\/wp-json\/wp\/v2\/product_tag?post=760652"}],"curies":[{"name":"wp","href":"https:\/\/api.w.org\/{rel}","templated":true}]}}