{"id":762792,"date":"2022-08-29T00:15:34","date_gmt":"2022-08-28T22:15:34","guid":{"rendered":"https:\/\/taboofashion.com\/shop\/sols-sportlich-frauen-damen-raglan-sporthemd\/"},"modified":"2022-08-29T00:15:34","modified_gmt":"2022-08-28T22:15:34","slug":"sols-sportlich-frauen-damen-raglan-sporthemd","status":"publish","type":"product","link":"https:\/\/taboofashion.com\/de\/produkt\/sols-sportlich-frauen-damen-raglan-sporthemd\/","title":{"rendered":"Sporty Women Damen Raglan Sport Shirt"},"content":{"rendered":"<p>Atmungsaktiv, Raglan\u00e4rmel, l\u00e4nger geschnittener R\u00fccken, geeignet f\u00fcr Sublimation<\/p>\n","protected":false},"excerpt":{"rendered":"<p>140g\/m\u00b2, 100% Polyester<\/p>\n","protected":false},"featured_media":729549,"template":"","meta":[],"product_cat":[2161,2167],"product_tag":[9009,9008],"class_list":{"0":"post-762792","1":"product","2":"type-product","3":"status-publish","4":"has-post-thumbnail","6":"product_cat-t-shirts-de","7":"product_cat-sport","8":"product_tag-sols_25_1159_2_sporty_women-de","9":"product_tag-sols_25_1159_sporty_women-de","10":"pa_brand-sols-collection-de","11":"pa_colour-neon-pink-de","12":"pa_colour-neongelb","13":"pa_colour-neongrun","14":"pa_colour-neonorange","15":"pa_colour-petroleum-blau","16":"pa_colour-apple-green-de","17":"pa_colour-aqua-de","18":"pa_colour-black-de","19":"pa_colour-dark-purple-de","20":"pa_colour-french-navy-de","21":"pa_colour-red-de","22":"pa_colour-royal-blue-de","23":"pa_colour-waldgrun","24":"pa_colour-white-de","25":"pa_size-xs-de","26":"pa_size-s-de","27":"pa_size-m-de","28":"pa_size-l-de","29":"pa_size-xl-de","30":"pa_size-xxl-de","32":"first","33":"instock","34":"taxable","35":"shipping-taxable","36":"purchasable","37":"product-type-variable","38":"has-default-attributes"},"yoast_head":"<!-- This site is optimized with the Yoast SEO plugin v21.8 - https:\/\/yoast.com\/wordpress\/plugins\/seo\/ -->\n<title>Sporty Women Damen Raglan Sport Shirt &#8211; Fashion shop<\/title>\n<meta name=\"robots\" content=\"index, follow, max-snippet:-1, max-image-preview:large, max-video-preview:-1\" \/>\n<link rel=\"canonical\" href=\"https:\/\/taboofashion.com\/de\/produkt\/sols-sportlich-frauen-damen-raglan-sporthemd\/\" \/>\n<meta property=\"og:locale\" content=\"de_DE\" \/>\n<meta property=\"og:type\" content=\"article\" \/>\n<meta property=\"og:title\" content=\"Sporty Women Damen Raglan Sport Shirt &#8211; Fashion shop\" \/>\n<meta property=\"og:description\" content=\"140g\/m\u00b2, 100% Polyester\" \/>\n<meta property=\"og:url\" content=\"https:\/\/taboofashion.com\/de\/produkt\/sols-sportlich-frauen-damen-raglan-sporthemd\/\" \/>\n<meta property=\"og:site_name\" content=\"Fashion shop\" \/>\n<meta property=\"article:publisher\" content=\"https:\/\/www.facebook.com\/TabooSlovakia\" \/>\n<meta name=\"twitter:card\" content=\"summary_large_image\" \/>\n<script type=\"application\/ld+json\" class=\"yoast-schema-graph\">{\"@context\":\"https:\/\/schema.org\",\"@graph\":[{\"@type\":\"WebPage\",\"@id\":\"https:\/\/taboofashion.com\/de\/produkt\/sols-sportlich-frauen-damen-raglan-sporthemd\/\",\"url\":\"https:\/\/taboofashion.com\/de\/produkt\/sols-sportlich-frauen-damen-raglan-sporthemd\/\",\"name\":\"Sporty Women Damen Raglan Sport Shirt &#8211; Fashion shop\",\"isPartOf\":{\"@id\":\"https:\/\/taboofashion.com\/de\/#website\"},\"datePublished\":\"2022-08-28T22:15:34+00:00\",\"dateModified\":\"2022-08-28T22:15:34+00:00\",\"breadcrumb\":{\"@id\":\"https:\/\/taboofashion.com\/de\/produkt\/sols-sportlich-frauen-damen-raglan-sporthemd\/#breadcrumb\"},\"inLanguage\":\"de\",\"potentialAction\":[{\"@type\":\"ReadAction\",\"target\":[\"https:\/\/taboofashion.com\/de\/produkt\/sols-sportlich-frauen-damen-raglan-sporthemd\/\"]}]},{\"@type\":\"BreadcrumbList\",\"@id\":\"https:\/\/taboofashion.com\/de\/produkt\/sols-sportlich-frauen-damen-raglan-sporthemd\/#breadcrumb\",\"itemListElement\":[{\"@type\":\"ListItem\",\"position\":1,\"name\":\"Home\",\"item\":\"https:\/\/taboofashion.com\/de\/shop\/\"},{\"@type\":\"ListItem\",\"position\":2,\"name\":\"Shop\",\"item\":\"https:\/\/taboofashion.com\/shop\/\"},{\"@type\":\"ListItem\",\"position\":3,\"name\":\"Sporty Women Damen Raglan Sport Shirt\"}]},{\"@type\":\"WebSite\",\"@id\":\"https:\/\/taboofashion.com\/de\/#website\",\"url\":\"https:\/\/taboofashion.com\/de\/\",\"name\":\"Fashion shop\",\"description\":\"\",\"publisher\":{\"@id\":\"https:\/\/taboofashion.com\/de\/#organization\"},\"potentialAction\":[{\"@type\":\"SearchAction\",\"target\":{\"@type\":\"EntryPoint\",\"urlTemplate\":\"https:\/\/taboofashion.com\/de\/?s={search_term_string}\"},\"query-input\":\"required name=search_term_string\"}],\"inLanguage\":\"de\"},{\"@type\":\"Organization\",\"@id\":\"https:\/\/taboofashion.com\/de\/#organization\",\"name\":\"Taboo Slovakia s.r.o.\",\"url\":\"https:\/\/taboofashion.com\/de\/\",\"logo\":{\"@type\":\"ImageObject\",\"inLanguage\":\"de\",\"@id\":\"https:\/\/taboofashion.com\/de\/#\/schema\/logo\/image\/\",\"url\":\"https:\/\/taboofashion.com\/wp-content\/uploads\/2022\/12\/taboologo2100-002.png\",\"contentUrl\":\"https:\/\/taboofashion.com\/wp-content\/uploads\/2022\/12\/taboologo2100-002.png\",\"width\":2100,\"height\":1050,\"caption\":\"Taboo Slovakia s.r.o.\"},\"image\":{\"@id\":\"https:\/\/taboofashion.com\/de\/#\/schema\/logo\/image\/\"},\"sameAs\":[\"https:\/\/www.facebook.com\/TabooSlovakia\",\"https:\/\/www.linkedin.com\/company\/541747\/\",\"https:\/\/www.instagram.com\/taboofashion.com1\/\"]}]}<\/script>\n<meta property=\"product:brand\" content=\"SOL&#039;s Collection\" \/>\n<meta property=\"og:availability\" content=\"instock\" \/>\n<meta property=\"product:availability\" content=\"instock\" \/>\n<meta property=\"product:retailer_item_id\" content=\"25115900100\" \/>\n<meta property=\"product:condition\" content=\"new\" \/>\n<!-- \/ Yoast SEO plugin. -->","yoast_head_json":{"title":"Sporty Women Damen Raglan Sport Shirt &#8211; Fashion shop","robots":{"index":"index","follow":"follow","max-snippet":"max-snippet:-1","max-image-preview":"max-image-preview:large","max-video-preview":"max-video-preview:-1"},"canonical":"https:\/\/taboofashion.com\/de\/produkt\/sols-sportlich-frauen-damen-raglan-sporthemd\/","og_locale":"de_DE","og_type":"article","og_title":"Sporty Women Damen Raglan Sport Shirt &#8211; Fashion shop","og_description":"140g\/m\u00b2, 100% Polyester","og_url":"https:\/\/taboofashion.com\/de\/produkt\/sols-sportlich-frauen-damen-raglan-sporthemd\/","og_site_name":"Fashion shop","article_publisher":"https:\/\/www.facebook.com\/TabooSlovakia","twitter_card":"summary_large_image","schema":{"@context":"https:\/\/schema.org","@graph":[{"@type":"WebPage","@id":"https:\/\/taboofashion.com\/de\/produkt\/sols-sportlich-frauen-damen-raglan-sporthemd\/","url":"https:\/\/taboofashion.com\/de\/produkt\/sols-sportlich-frauen-damen-raglan-sporthemd\/","name":"Sporty Women Damen Raglan Sport Shirt &#8211; Fashion shop","isPartOf":{"@id":"https:\/\/taboofashion.com\/de\/#website"},"datePublished":"2022-08-28T22:15:34+00:00","dateModified":"2022-08-28T22:15:34+00:00","breadcrumb":{"@id":"https:\/\/taboofashion.com\/de\/produkt\/sols-sportlich-frauen-damen-raglan-sporthemd\/#breadcrumb"},"inLanguage":"de","potentialAction":[{"@type":"ReadAction","target":["https:\/\/taboofashion.com\/de\/produkt\/sols-sportlich-frauen-damen-raglan-sporthemd\/"]}]},{"@type":"BreadcrumbList","@id":"https:\/\/taboofashion.com\/de\/produkt\/sols-sportlich-frauen-damen-raglan-sporthemd\/#breadcrumb","itemListElement":[{"@type":"ListItem","position":1,"name":"Home","item":"https:\/\/taboofashion.com\/de\/shop\/"},{"@type":"ListItem","position":2,"name":"Shop","item":"https:\/\/taboofashion.com\/shop\/"},{"@type":"ListItem","position":3,"name":"Sporty Women Damen Raglan Sport Shirt"}]},{"@type":"WebSite","@id":"https:\/\/taboofashion.com\/de\/#website","url":"https:\/\/taboofashion.com\/de\/","name":"Fashion shop","description":"","publisher":{"@id":"https:\/\/taboofashion.com\/de\/#organization"},"potentialAction":[{"@type":"SearchAction","target":{"@type":"EntryPoint","urlTemplate":"https:\/\/taboofashion.com\/de\/?s={search_term_string}"},"query-input":"required name=search_term_string"}],"inLanguage":"de"},{"@type":"Organization","@id":"https:\/\/taboofashion.com\/de\/#organization","name":"Taboo Slovakia s.r.o.","url":"https:\/\/taboofashion.com\/de\/","logo":{"@type":"ImageObject","inLanguage":"de","@id":"https:\/\/taboofashion.com\/de\/#\/schema\/logo\/image\/","url":"https:\/\/taboofashion.com\/wp-content\/uploads\/2022\/12\/taboologo2100-002.png","contentUrl":"https:\/\/taboofashion.com\/wp-content\/uploads\/2022\/12\/taboologo2100-002.png","width":2100,"height":1050,"caption":"Taboo Slovakia s.r.o."},"image":{"@id":"https:\/\/taboofashion.com\/de\/#\/schema\/logo\/image\/"},"sameAs":["https:\/\/www.facebook.com\/TabooSlovakia","https:\/\/www.linkedin.com\/company\/541747\/","https:\/\/www.instagram.com\/taboofashion.com1\/"]}]},"product_brand":"SOL&#039;s Collection","og_availability":"instock","product_availability":"instock","product_retailer_item_id":"25115900100","product_condition":"new"},"_links":{"self":[{"href":"https:\/\/taboofashion.com\/de\/wp-json\/wp\/v2\/product\/762792","targetHints":{"allow":["GET"]}}],"collection":[{"href":"https:\/\/taboofashion.com\/de\/wp-json\/wp\/v2\/product"}],"about":[{"href":"https:\/\/taboofashion.com\/de\/wp-json\/wp\/v2\/types\/product"}],"wp:featuredmedia":[{"embeddable":true,"href":"https:\/\/taboofashion.com\/de\/wp-json\/wp\/v2\/media\/729549"}],"wp:attachment":[{"href":"https:\/\/taboofashion.com\/de\/wp-json\/wp\/v2\/media?parent=762792"}],"wp:term":[{"taxonomy":"product_cat","embeddable":true,"href":"https:\/\/taboofashion.com\/de\/wp-json\/wp\/v2\/product_cat?post=762792"},{"taxonomy":"product_tag","embeddable":true,"href":"https:\/\/taboofashion.com\/de\/wp-json\/wp\/v2\/product_tag?post=762792"}],"curies":[{"name":"wp","href":"https:\/\/api.w.org\/{rel}","templated":true}]}}