{"id":766949,"date":"2022-08-30T21:32:41","date_gmt":"2022-08-30T19:32:41","guid":{"rendered":"https:\/\/taboofashion.com\/shop\/babybugz-bz25-baby-strampler-anzug\/"},"modified":"2022-08-30T21:32:41","modified_gmt":"2022-08-30T19:32:41","slug":"babybugz-bz25-baby-strampler-anzug","status":"publish","type":"product","link":"https:\/\/taboofashion.com\/de\/produkt\/babybugz-bz25-baby-strampler-anzug\/","title":{"rendered":"BZ25 Baby-Strampelanzug"},"content":{"rendered":"<p>3-teilige Kapuze, extra lange B\u00fcndchen an \u00c4rmeln und Beinen, Rei\u00dfverschluss mit Kinnschutz, K\u00e4ngurutasche, ohne N\u00e4hte am R\u00fccken, Flatlock-N\u00e4hte, aufgeraute Innenseite, TearAway-Label, erh\u00e4ltlich in den Gr\u00f6\u00dfen: 6-12M, 18-24M, 2-3 Jahre und 4-5 Jahre, 40\u00b0 waschbar<\/p>\n","protected":false},"excerpt":{"rendered":"<p>250g\/m\u00b2, 80% zertifizierte Bio-Baumwolle, 20% Polyester, grau meliert: 71% zertifizierte Bio-Baumwolle, 21% recyceltes Polyester (rPET), 8% Viskose, Bio-Baumwolle oder in Umstellung auf Bio (IC 2)<\/p>\n","protected":false},"featured_media":727551,"template":"","meta":[],"product_cat":[2181],"product_tag":[],"class_list":{"0":"post-766949","1":"product","2":"type-product","3":"status-publish","4":"has-post-thumbnail","6":"product_cat-baby-de","7":"pa_brand-babybugz-de","8":"pa_colour-heidegrau-melange","9":"pa_colour-kaugummi-rosa","10":"pa_colour-nautische-marine","11":"pa_colour-taubenblau","12":"pa_colour-vanille","13":"pa_colour-black-de","14":"pa_colour-red-de","15":"pa_size-12-18-de","16":"pa_size-18-24-de","17":"pa_size-2-3-de","18":"pa_size-4-5-de","19":"pa_size-6-12-de","21":"first","22":"instock","23":"taxable","24":"shipping-taxable","25":"purchasable","26":"product-type-variable","27":"has-default-attributes"},"yoast_head":"<!-- This site is optimized with the Yoast SEO plugin v21.8 - https:\/\/yoast.com\/wordpress\/plugins\/seo\/ -->\n<title>BZ25 Baby-Strampelanzug &#8211; Fashion shop<\/title>\n<meta name=\"robots\" content=\"index, follow, max-snippet:-1, max-image-preview:large, max-video-preview:-1\" \/>\n<link rel=\"canonical\" href=\"https:\/\/taboofashion.com\/de\/produkt\/babybugz-bz25-baby-strampler-anzug\/\" \/>\n<meta property=\"og:locale\" content=\"de_DE\" \/>\n<meta property=\"og:type\" content=\"article\" \/>\n<meta property=\"og:title\" content=\"BZ25 Baby-Strampelanzug &#8211; Fashion shop\" \/>\n<meta property=\"og:description\" content=\"250g\/m\u00b2, 80% zertifizierte Bio-Baumwolle, 20% Polyester, grau meliert: 71% zertifizierte Bio-Baumwolle, 21% recyceltes Polyester (rPET), 8% Viskose, Bio-Baumwolle oder in Umstellung auf Bio (IC 2)\" \/>\n<meta property=\"og:url\" content=\"https:\/\/taboofashion.com\/de\/produkt\/babybugz-bz25-baby-strampler-anzug\/\" \/>\n<meta property=\"og:site_name\" content=\"Fashion shop\" \/>\n<meta property=\"article:publisher\" content=\"https:\/\/www.facebook.com\/TabooSlovakia\" \/>\n<meta name=\"twitter:card\" content=\"summary_large_image\" \/>\n<script type=\"application\/ld+json\" class=\"yoast-schema-graph\">{\"@context\":\"https:\/\/schema.org\",\"@graph\":[{\"@type\":\"WebPage\",\"@id\":\"https:\/\/taboofashion.com\/de\/produkt\/babybugz-bz25-baby-strampler-anzug\/\",\"url\":\"https:\/\/taboofashion.com\/de\/produkt\/babybugz-bz25-baby-strampler-anzug\/\",\"name\":\"BZ25 Baby-Strampelanzug &#8211; Fashion shop\",\"isPartOf\":{\"@id\":\"https:\/\/taboofashion.com\/de\/#website\"},\"datePublished\":\"2022-08-30T19:32:41+00:00\",\"dateModified\":\"2022-08-30T19:32:41+00:00\",\"breadcrumb\":{\"@id\":\"https:\/\/taboofashion.com\/de\/produkt\/babybugz-bz25-baby-strampler-anzug\/#breadcrumb\"},\"inLanguage\":\"de\",\"potentialAction\":[{\"@type\":\"ReadAction\",\"target\":[\"https:\/\/taboofashion.com\/de\/produkt\/babybugz-bz25-baby-strampler-anzug\/\"]}]},{\"@type\":\"BreadcrumbList\",\"@id\":\"https:\/\/taboofashion.com\/de\/produkt\/babybugz-bz25-baby-strampler-anzug\/#breadcrumb\",\"itemListElement\":[{\"@type\":\"ListItem\",\"position\":1,\"name\":\"Home\",\"item\":\"https:\/\/taboofashion.com\/de\/shop\/\"},{\"@type\":\"ListItem\",\"position\":2,\"name\":\"Shop\",\"item\":\"https:\/\/taboofashion.com\/shop\/\"},{\"@type\":\"ListItem\",\"position\":3,\"name\":\"BZ25 Baby-Strampelanzug\"}]},{\"@type\":\"WebSite\",\"@id\":\"https:\/\/taboofashion.com\/de\/#website\",\"url\":\"https:\/\/taboofashion.com\/de\/\",\"name\":\"Fashion shop\",\"description\":\"\",\"publisher\":{\"@id\":\"https:\/\/taboofashion.com\/de\/#organization\"},\"potentialAction\":[{\"@type\":\"SearchAction\",\"target\":{\"@type\":\"EntryPoint\",\"urlTemplate\":\"https:\/\/taboofashion.com\/de\/?s={search_term_string}\"},\"query-input\":\"required name=search_term_string\"}],\"inLanguage\":\"de\"},{\"@type\":\"Organization\",\"@id\":\"https:\/\/taboofashion.com\/de\/#organization\",\"name\":\"Taboo Slovakia s.r.o.\",\"url\":\"https:\/\/taboofashion.com\/de\/\",\"logo\":{\"@type\":\"ImageObject\",\"inLanguage\":\"de\",\"@id\":\"https:\/\/taboofashion.com\/de\/#\/schema\/logo\/image\/\",\"url\":\"https:\/\/taboofashion.com\/wp-content\/uploads\/2022\/12\/taboologo2100-002.png\",\"contentUrl\":\"https:\/\/taboofashion.com\/wp-content\/uploads\/2022\/12\/taboologo2100-002.png\",\"width\":2100,\"height\":1050,\"caption\":\"Taboo Slovakia s.r.o.\"},\"image\":{\"@id\":\"https:\/\/taboofashion.com\/de\/#\/schema\/logo\/image\/\"},\"sameAs\":[\"https:\/\/www.facebook.com\/TabooSlovakia\",\"https:\/\/www.linkedin.com\/company\/541747\/\",\"https:\/\/www.instagram.com\/taboofashion.com1\/\"]}]}<\/script>\n<meta property=\"product:brand\" content=\"Babybugz\" \/>\n<meta property=\"og:availability\" content=\"instock\" \/>\n<meta property=\"product:availability\" content=\"instock\" \/>\n<meta property=\"product:retailer_item_id\" content=\"71002500291\" \/>\n<meta property=\"product:condition\" content=\"new\" \/>\n<!-- \/ Yoast SEO plugin. -->","yoast_head_json":{"title":"BZ25 Baby-Strampelanzug &#8211; Fashion shop","robots":{"index":"index","follow":"follow","max-snippet":"max-snippet:-1","max-image-preview":"max-image-preview:large","max-video-preview":"max-video-preview:-1"},"canonical":"https:\/\/taboofashion.com\/de\/produkt\/babybugz-bz25-baby-strampler-anzug\/","og_locale":"de_DE","og_type":"article","og_title":"BZ25 Baby-Strampelanzug &#8211; Fashion shop","og_description":"250g\/m\u00b2, 80% zertifizierte Bio-Baumwolle, 20% Polyester, grau meliert: 71% zertifizierte Bio-Baumwolle, 21% recyceltes Polyester (rPET), 8% Viskose, Bio-Baumwolle oder in Umstellung auf Bio (IC 2)","og_url":"https:\/\/taboofashion.com\/de\/produkt\/babybugz-bz25-baby-strampler-anzug\/","og_site_name":"Fashion shop","article_publisher":"https:\/\/www.facebook.com\/TabooSlovakia","twitter_card":"summary_large_image","schema":{"@context":"https:\/\/schema.org","@graph":[{"@type":"WebPage","@id":"https:\/\/taboofashion.com\/de\/produkt\/babybugz-bz25-baby-strampler-anzug\/","url":"https:\/\/taboofashion.com\/de\/produkt\/babybugz-bz25-baby-strampler-anzug\/","name":"BZ25 Baby-Strampelanzug &#8211; Fashion shop","isPartOf":{"@id":"https:\/\/taboofashion.com\/de\/#website"},"datePublished":"2022-08-30T19:32:41+00:00","dateModified":"2022-08-30T19:32:41+00:00","breadcrumb":{"@id":"https:\/\/taboofashion.com\/de\/produkt\/babybugz-bz25-baby-strampler-anzug\/#breadcrumb"},"inLanguage":"de","potentialAction":[{"@type":"ReadAction","target":["https:\/\/taboofashion.com\/de\/produkt\/babybugz-bz25-baby-strampler-anzug\/"]}]},{"@type":"BreadcrumbList","@id":"https:\/\/taboofashion.com\/de\/produkt\/babybugz-bz25-baby-strampler-anzug\/#breadcrumb","itemListElement":[{"@type":"ListItem","position":1,"name":"Home","item":"https:\/\/taboofashion.com\/de\/shop\/"},{"@type":"ListItem","position":2,"name":"Shop","item":"https:\/\/taboofashion.com\/shop\/"},{"@type":"ListItem","position":3,"name":"BZ25 Baby-Strampelanzug"}]},{"@type":"WebSite","@id":"https:\/\/taboofashion.com\/de\/#website","url":"https:\/\/taboofashion.com\/de\/","name":"Fashion shop","description":"","publisher":{"@id":"https:\/\/taboofashion.com\/de\/#organization"},"potentialAction":[{"@type":"SearchAction","target":{"@type":"EntryPoint","urlTemplate":"https:\/\/taboofashion.com\/de\/?s={search_term_string}"},"query-input":"required name=search_term_string"}],"inLanguage":"de"},{"@type":"Organization","@id":"https:\/\/taboofashion.com\/de\/#organization","name":"Taboo Slovakia s.r.o.","url":"https:\/\/taboofashion.com\/de\/","logo":{"@type":"ImageObject","inLanguage":"de","@id":"https:\/\/taboofashion.com\/de\/#\/schema\/logo\/image\/","url":"https:\/\/taboofashion.com\/wp-content\/uploads\/2022\/12\/taboologo2100-002.png","contentUrl":"https:\/\/taboofashion.com\/wp-content\/uploads\/2022\/12\/taboologo2100-002.png","width":2100,"height":1050,"caption":"Taboo Slovakia s.r.o."},"image":{"@id":"https:\/\/taboofashion.com\/de\/#\/schema\/logo\/image\/"},"sameAs":["https:\/\/www.facebook.com\/TabooSlovakia","https:\/\/www.linkedin.com\/company\/541747\/","https:\/\/www.instagram.com\/taboofashion.com1\/"]}]},"product_brand":"Babybugz","og_availability":"instock","product_availability":"instock","product_retailer_item_id":"71002500291","product_condition":"new"},"_links":{"self":[{"href":"https:\/\/taboofashion.com\/de\/wp-json\/wp\/v2\/product\/766949","targetHints":{"allow":["GET"]}}],"collection":[{"href":"https:\/\/taboofashion.com\/de\/wp-json\/wp\/v2\/product"}],"about":[{"href":"https:\/\/taboofashion.com\/de\/wp-json\/wp\/v2\/types\/product"}],"wp:featuredmedia":[{"embeddable":true,"href":"https:\/\/taboofashion.com\/de\/wp-json\/wp\/v2\/media\/727551"}],"wp:attachment":[{"href":"https:\/\/taboofashion.com\/de\/wp-json\/wp\/v2\/media?parent=766949"}],"wp:term":[{"taxonomy":"product_cat","embeddable":true,"href":"https:\/\/taboofashion.com\/de\/wp-json\/wp\/v2\/product_cat?post=766949"},{"taxonomy":"product_tag","embeddable":true,"href":"https:\/\/taboofashion.com\/de\/wp-json\/wp\/v2\/product_tag?post=766949"}],"curies":[{"name":"wp","href":"https:\/\/api.w.org\/{rel}","templated":true}]}}