{"id":773706,"date":"2022-08-28T15:40:48","date_gmt":"2022-08-28T13:40:48","guid":{"rendered":"https:\/\/taboofashion.com\/shop\/kariban-k885-latzschuerze\/"},"modified":"2022-08-28T15:40:48","modified_gmt":"2022-08-28T13:40:48","slug":"kariban-k885-latzschurze","status":"publish","type":"product","link":"https:\/\/taboofashion.com\/de\/produkt\/kariban-k885-latzschurze\/","title":{"rendered":"K885 Latzsch\u00fcrze"},"content":{"rendered":"<p>Krawatte mit verstellbarer Metallschnalle, gro\u00dfe Vortasche, Tasche: 20 cm lang, lange H\u00fcftgurte, L\u00e4nge: 90 cm, Breite: 31,5 cm, 60\u00b0 waschbar<\/p>\n","protected":false},"excerpt":{"rendered":"<p>280 g\/m\u00b2, 100 % Baumwolle<\/p>\n","protected":false},"featured_media":728679,"template":"","meta":[],"product_cat":[2164],"product_tag":[],"class_list":{"0":"post-773706","1":"product","2":"type-product","3":"status-publish","4":"has-post-thumbnail","6":"product_cat-arbeitskleidung-sicherheit","7":"pa_brand-kariban-de","8":"pa_colour-dunkelrosa","9":"pa_colour-kamel","10":"pa_colour-oliv-camouflage","11":"pa_colour-schwarzer-denim","12":"pa_colour-senf","13":"pa_colour-tropisches-blau","14":"pa_colour-verbranntes-orange","15":"pa_colour-angora-de","16":"pa_colour-beige-de","17":"pa_colour-black-de","18":"pa_colour-bottle-green-de","19":"pa_colour-chocolate-de","20":"pa_colour-dark-grey-de","21":"pa_colour-denim-de","22":"pa_colour-gelb","23":"pa_colour-grune-olive","24":"pa_colour-helles-khaki","25":"pa_colour-kakao-de","26":"pa_colour-kelly-green-de","27":"pa_colour-lagune","28":"pa_colour-light-grey-de","29":"pa_colour-lila-de","30":"pa_colour-lime-de","31":"pa_colour-marsala-de","32":"pa_colour-navy-de","33":"pa_colour-orange-de","34":"pa_colour-red-de","35":"pa_colour-royal-blue-de","36":"pa_colour-sky-blue-de","37":"pa_colour-wein","38":"pa_colour-white-de","39":"pa_size-onesize-de","41":"first","42":"instock","43":"taxable","44":"shipping-taxable","45":"purchasable","46":"product-type-variable","47":"has-default-attributes"},"yoast_head":"<!-- This site is optimized with the Yoast SEO plugin v21.8 - https:\/\/yoast.com\/wordpress\/plugins\/seo\/ -->\n<title>K885 Latzsch\u00fcrze &#8211; Fashion shop<\/title>\n<meta name=\"robots\" content=\"index, follow, max-snippet:-1, max-image-preview:large, max-video-preview:-1\" \/>\n<link rel=\"canonical\" href=\"https:\/\/taboofashion.com\/de\/produkt\/kariban-k885-latzschurze\/\" \/>\n<meta property=\"og:locale\" content=\"de_DE\" \/>\n<meta property=\"og:type\" content=\"article\" \/>\n<meta property=\"og:title\" content=\"K885 Latzsch\u00fcrze &#8211; Fashion shop\" \/>\n<meta property=\"og:description\" content=\"280 g\/m\u00b2, 100 % Baumwolle\" \/>\n<meta property=\"og:url\" content=\"https:\/\/taboofashion.com\/de\/produkt\/kariban-k885-latzschurze\/\" \/>\n<meta property=\"og:site_name\" content=\"Fashion shop\" \/>\n<meta property=\"article:publisher\" content=\"https:\/\/www.facebook.com\/TabooSlovakia\" \/>\n<meta name=\"twitter:card\" content=\"summary_large_image\" \/>\n<script type=\"application\/ld+json\" class=\"yoast-schema-graph\">{\"@context\":\"https:\/\/schema.org\",\"@graph\":[{\"@type\":\"WebPage\",\"@id\":\"https:\/\/taboofashion.com\/de\/produkt\/kariban-k885-latzschurze\/\",\"url\":\"https:\/\/taboofashion.com\/de\/produkt\/kariban-k885-latzschurze\/\",\"name\":\"K885 Latzsch\u00fcrze &#8211; Fashion shop\",\"isPartOf\":{\"@id\":\"https:\/\/taboofashion.com\/de\/#website\"},\"datePublished\":\"2022-08-28T13:40:48+00:00\",\"dateModified\":\"2022-08-28T13:40:48+00:00\",\"breadcrumb\":{\"@id\":\"https:\/\/taboofashion.com\/de\/produkt\/kariban-k885-latzschurze\/#breadcrumb\"},\"inLanguage\":\"de\",\"potentialAction\":[{\"@type\":\"ReadAction\",\"target\":[\"https:\/\/taboofashion.com\/de\/produkt\/kariban-k885-latzschurze\/\"]}]},{\"@type\":\"BreadcrumbList\",\"@id\":\"https:\/\/taboofashion.com\/de\/produkt\/kariban-k885-latzschurze\/#breadcrumb\",\"itemListElement\":[{\"@type\":\"ListItem\",\"position\":1,\"name\":\"Home\",\"item\":\"https:\/\/taboofashion.com\/de\/shop\/\"},{\"@type\":\"ListItem\",\"position\":2,\"name\":\"Shop\",\"item\":\"https:\/\/taboofashion.com\/shop\/\"},{\"@type\":\"ListItem\",\"position\":3,\"name\":\"K885 Latzsch\u00fcrze\"}]},{\"@type\":\"WebSite\",\"@id\":\"https:\/\/taboofashion.com\/de\/#website\",\"url\":\"https:\/\/taboofashion.com\/de\/\",\"name\":\"Fashion shop\",\"description\":\"\",\"publisher\":{\"@id\":\"https:\/\/taboofashion.com\/de\/#organization\"},\"potentialAction\":[{\"@type\":\"SearchAction\",\"target\":{\"@type\":\"EntryPoint\",\"urlTemplate\":\"https:\/\/taboofashion.com\/de\/?s={search_term_string}\"},\"query-input\":\"required name=search_term_string\"}],\"inLanguage\":\"de\"},{\"@type\":\"Organization\",\"@id\":\"https:\/\/taboofashion.com\/de\/#organization\",\"name\":\"Taboo Slovakia s.r.o.\",\"url\":\"https:\/\/taboofashion.com\/de\/\",\"logo\":{\"@type\":\"ImageObject\",\"inLanguage\":\"de\",\"@id\":\"https:\/\/taboofashion.com\/de\/#\/schema\/logo\/image\/\",\"url\":\"https:\/\/taboofashion.com\/wp-content\/uploads\/2022\/12\/taboologo2100-002.png\",\"contentUrl\":\"https:\/\/taboofashion.com\/wp-content\/uploads\/2022\/12\/taboologo2100-002.png\",\"width\":2100,\"height\":1050,\"caption\":\"Taboo Slovakia s.r.o.\"},\"image\":{\"@id\":\"https:\/\/taboofashion.com\/de\/#\/schema\/logo\/image\/\"},\"sameAs\":[\"https:\/\/www.facebook.com\/TabooSlovakia\",\"https:\/\/www.linkedin.com\/company\/541747\/\",\"https:\/\/www.instagram.com\/taboofashion.com1\/\"]}]}<\/script>\n<meta property=\"product:brand\" content=\"Kariban\" \/>\n<meta property=\"og:availability\" content=\"instock\" \/>\n<meta property=\"product:availability\" content=\"instock\" \/>\n<meta property=\"product:retailer_item_id\" content=\"20K88500199\" \/>\n<meta property=\"product:condition\" content=\"new\" \/>\n<!-- \/ Yoast SEO plugin. -->","yoast_head_json":{"title":"K885 Latzsch\u00fcrze &#8211; Fashion shop","robots":{"index":"index","follow":"follow","max-snippet":"max-snippet:-1","max-image-preview":"max-image-preview:large","max-video-preview":"max-video-preview:-1"},"canonical":"https:\/\/taboofashion.com\/de\/produkt\/kariban-k885-latzschurze\/","og_locale":"de_DE","og_type":"article","og_title":"K885 Latzsch\u00fcrze &#8211; Fashion shop","og_description":"280 g\/m\u00b2, 100 % Baumwolle","og_url":"https:\/\/taboofashion.com\/de\/produkt\/kariban-k885-latzschurze\/","og_site_name":"Fashion shop","article_publisher":"https:\/\/www.facebook.com\/TabooSlovakia","twitter_card":"summary_large_image","schema":{"@context":"https:\/\/schema.org","@graph":[{"@type":"WebPage","@id":"https:\/\/taboofashion.com\/de\/produkt\/kariban-k885-latzschurze\/","url":"https:\/\/taboofashion.com\/de\/produkt\/kariban-k885-latzschurze\/","name":"K885 Latzsch\u00fcrze &#8211; Fashion shop","isPartOf":{"@id":"https:\/\/taboofashion.com\/de\/#website"},"datePublished":"2022-08-28T13:40:48+00:00","dateModified":"2022-08-28T13:40:48+00:00","breadcrumb":{"@id":"https:\/\/taboofashion.com\/de\/produkt\/kariban-k885-latzschurze\/#breadcrumb"},"inLanguage":"de","potentialAction":[{"@type":"ReadAction","target":["https:\/\/taboofashion.com\/de\/produkt\/kariban-k885-latzschurze\/"]}]},{"@type":"BreadcrumbList","@id":"https:\/\/taboofashion.com\/de\/produkt\/kariban-k885-latzschurze\/#breadcrumb","itemListElement":[{"@type":"ListItem","position":1,"name":"Home","item":"https:\/\/taboofashion.com\/de\/shop\/"},{"@type":"ListItem","position":2,"name":"Shop","item":"https:\/\/taboofashion.com\/shop\/"},{"@type":"ListItem","position":3,"name":"K885 Latzsch\u00fcrze"}]},{"@type":"WebSite","@id":"https:\/\/taboofashion.com\/de\/#website","url":"https:\/\/taboofashion.com\/de\/","name":"Fashion shop","description":"","publisher":{"@id":"https:\/\/taboofashion.com\/de\/#organization"},"potentialAction":[{"@type":"SearchAction","target":{"@type":"EntryPoint","urlTemplate":"https:\/\/taboofashion.com\/de\/?s={search_term_string}"},"query-input":"required name=search_term_string"}],"inLanguage":"de"},{"@type":"Organization","@id":"https:\/\/taboofashion.com\/de\/#organization","name":"Taboo Slovakia s.r.o.","url":"https:\/\/taboofashion.com\/de\/","logo":{"@type":"ImageObject","inLanguage":"de","@id":"https:\/\/taboofashion.com\/de\/#\/schema\/logo\/image\/","url":"https:\/\/taboofashion.com\/wp-content\/uploads\/2022\/12\/taboologo2100-002.png","contentUrl":"https:\/\/taboofashion.com\/wp-content\/uploads\/2022\/12\/taboologo2100-002.png","width":2100,"height":1050,"caption":"Taboo Slovakia s.r.o."},"image":{"@id":"https:\/\/taboofashion.com\/de\/#\/schema\/logo\/image\/"},"sameAs":["https:\/\/www.facebook.com\/TabooSlovakia","https:\/\/www.linkedin.com\/company\/541747\/","https:\/\/www.instagram.com\/taboofashion.com1\/"]}]},"product_brand":"Kariban","og_availability":"instock","product_availability":"instock","product_retailer_item_id":"20K88500199","product_condition":"new"},"_links":{"self":[{"href":"https:\/\/taboofashion.com\/de\/wp-json\/wp\/v2\/product\/773706","targetHints":{"allow":["GET"]}}],"collection":[{"href":"https:\/\/taboofashion.com\/de\/wp-json\/wp\/v2\/product"}],"about":[{"href":"https:\/\/taboofashion.com\/de\/wp-json\/wp\/v2\/types\/product"}],"wp:featuredmedia":[{"embeddable":true,"href":"https:\/\/taboofashion.com\/de\/wp-json\/wp\/v2\/media\/728679"}],"wp:attachment":[{"href":"https:\/\/taboofashion.com\/de\/wp-json\/wp\/v2\/media?parent=773706"}],"wp:term":[{"taxonomy":"product_cat","embeddable":true,"href":"https:\/\/taboofashion.com\/de\/wp-json\/wp\/v2\/product_cat?post=773706"},{"taxonomy":"product_tag","embeddable":true,"href":"https:\/\/taboofashion.com\/de\/wp-json\/wp\/v2\/product_tag?post=773706"}],"curies":[{"name":"wp","href":"https:\/\/api.w.org\/{rel}","templated":true}]}}