{"id":775145,"date":"2022-08-28T10:44:27","date_gmt":"2022-08-28T08:44:27","guid":{"rendered":"https:\/\/taboofashion.com\/shop\/kariban-k374-herren-pique-t-shirt-mit-v-ausschnitt\/"},"modified":"2023-04-12T20:15:44","modified_gmt":"2023-04-12T18:15:44","slug":"kariban-k374-herren-pique-t-shirt-mit-v-ausschnitt","status":"publish","type":"product","link":"https:\/\/taboofashion.com\/de\/produkt\/kariban-k374-herren-pique-t-shirt-mit-v-ausschnitt\/","title":{"rendered":"K374 Herren-Piqu\u00e9-T-Shirt mit V-Ausschnitt"},"content":{"rendered":"<p>Nackenband und Seitenschlitze in Kontrastfarbe, Doppeln\u00e4hte am Saum, Rippstrickkragen und \u00c4rmelb\u00fcndchen mit Kontraststreifen<\/p>\n","protected":false},"excerpt":{"rendered":"<p>170 g\/m\u00b2, 100 % gek\u00e4mmter Baumwoll-Piqu\u00e9, Oxfordgrau: 90 % Baumwolle, 10 % Viskose<\/p>\n","protected":false},"featured_media":728657,"template":"","meta":[],"product_cat":[2161],"product_tag":[9308],"class_list":{"0":"post-775145","1":"product","2":"type-product","3":"status-publish","4":"has-post-thumbnail","6":"product_cat-t-shirts-de","7":"product_tag-kariban_20_k374_manner","8":"pa_brand-kariban-de","9":"pa_colour-marineblau-hellgrau-weis","10":"pa_colour-oxford-grau-marine-weis","11":"pa_colour-rot-marineblau-weis","12":"pa_colour-weis-marineblau-rot","13":"pa_size-3xl-de","14":"pa_size-l-de","15":"pa_size-m-de","16":"pa_size-s-de","17":"pa_size-xl-de","18":"pa_size-xxl-de","20":"first","21":"instock","22":"taxable","23":"shipping-taxable","24":"purchasable","25":"product-type-variable","26":"has-default-attributes"},"yoast_head":"<!-- This site is optimized with the Yoast SEO plugin v21.8 - https:\/\/yoast.com\/wordpress\/plugins\/seo\/ -->\n<title>K374 Herren-Piqu\u00e9-T-Shirt mit V-Ausschnitt &#8211; Fashion shop<\/title>\n<meta name=\"robots\" content=\"index, follow, max-snippet:-1, max-image-preview:large, max-video-preview:-1\" \/>\n<link rel=\"canonical\" href=\"https:\/\/taboofashion.com\/de\/produkt\/kariban-k374-herren-pique-t-shirt-mit-v-ausschnitt\/\" \/>\n<meta property=\"og:locale\" content=\"de_DE\" \/>\n<meta property=\"og:type\" content=\"article\" \/>\n<meta property=\"og:title\" content=\"K374 Herren-Piqu\u00e9-T-Shirt mit V-Ausschnitt &#8211; Fashion shop\" \/>\n<meta property=\"og:description\" content=\"170 g\/m\u00b2, 100 % gek\u00e4mmter Baumwoll-Piqu\u00e9, Oxfordgrau: 90 % Baumwolle, 10 % Viskose\" \/>\n<meta property=\"og:url\" content=\"https:\/\/taboofashion.com\/de\/produkt\/kariban-k374-herren-pique-t-shirt-mit-v-ausschnitt\/\" \/>\n<meta property=\"og:site_name\" content=\"Fashion shop\" \/>\n<meta property=\"article:publisher\" content=\"https:\/\/www.facebook.com\/TabooSlovakia\" \/>\n<meta property=\"article:modified_time\" content=\"2023-04-12T18:15:44+00:00\" \/>\n<meta property=\"og:image\" content=\"https:\/\/taboofashion.com\/wp-content\/uploads\/2022\/08\/KARIBAN_20_K374_Men.jpg\" \/>\n\t<meta property=\"og:image:width\" content=\"1000\" \/>\n\t<meta property=\"og:image:height\" content=\"1000\" \/>\n\t<meta property=\"og:image:type\" content=\"image\/jpeg\" \/>\n<meta name=\"twitter:card\" content=\"summary_large_image\" \/>\n<script type=\"application\/ld+json\" class=\"yoast-schema-graph\">{\"@context\":\"https:\/\/schema.org\",\"@graph\":[{\"@type\":\"WebPage\",\"@id\":\"https:\/\/taboofashion.com\/de\/produkt\/kariban-k374-herren-pique-t-shirt-mit-v-ausschnitt\/\",\"url\":\"https:\/\/taboofashion.com\/de\/produkt\/kariban-k374-herren-pique-t-shirt-mit-v-ausschnitt\/\",\"name\":\"K374 Herren-Piqu\u00e9-T-Shirt mit V-Ausschnitt &#8211; Fashion shop\",\"isPartOf\":{\"@id\":\"https:\/\/taboofashion.com\/de\/#website\"},\"datePublished\":\"2022-08-28T08:44:27+00:00\",\"dateModified\":\"2023-04-12T18:15:44+00:00\",\"breadcrumb\":{\"@id\":\"https:\/\/taboofashion.com\/de\/produkt\/kariban-k374-herren-pique-t-shirt-mit-v-ausschnitt\/#breadcrumb\"},\"inLanguage\":\"de\",\"potentialAction\":[{\"@type\":\"ReadAction\",\"target\":[\"https:\/\/taboofashion.com\/de\/produkt\/kariban-k374-herren-pique-t-shirt-mit-v-ausschnitt\/\"]}]},{\"@type\":\"BreadcrumbList\",\"@id\":\"https:\/\/taboofashion.com\/de\/produkt\/kariban-k374-herren-pique-t-shirt-mit-v-ausschnitt\/#breadcrumb\",\"itemListElement\":[{\"@type\":\"ListItem\",\"position\":1,\"name\":\"Home\",\"item\":\"https:\/\/taboofashion.com\/de\/shop\/\"},{\"@type\":\"ListItem\",\"position\":2,\"name\":\"Shop\",\"item\":\"https:\/\/taboofashion.com\/shop\/\"},{\"@type\":\"ListItem\",\"position\":3,\"name\":\"K374 Herren-Piqu\u00e9-T-Shirt mit V-Ausschnitt\"}]},{\"@type\":\"WebSite\",\"@id\":\"https:\/\/taboofashion.com\/de\/#website\",\"url\":\"https:\/\/taboofashion.com\/de\/\",\"name\":\"Fashion shop\",\"description\":\"\",\"publisher\":{\"@id\":\"https:\/\/taboofashion.com\/de\/#organization\"},\"potentialAction\":[{\"@type\":\"SearchAction\",\"target\":{\"@type\":\"EntryPoint\",\"urlTemplate\":\"https:\/\/taboofashion.com\/de\/?s={search_term_string}\"},\"query-input\":\"required name=search_term_string\"}],\"inLanguage\":\"de\"},{\"@type\":\"Organization\",\"@id\":\"https:\/\/taboofashion.com\/de\/#organization\",\"name\":\"Taboo Slovakia s.r.o.\",\"url\":\"https:\/\/taboofashion.com\/de\/\",\"logo\":{\"@type\":\"ImageObject\",\"inLanguage\":\"de\",\"@id\":\"https:\/\/taboofashion.com\/de\/#\/schema\/logo\/image\/\",\"url\":\"https:\/\/taboofashion.com\/wp-content\/uploads\/2022\/12\/taboologo2100-002.png\",\"contentUrl\":\"https:\/\/taboofashion.com\/wp-content\/uploads\/2022\/12\/taboologo2100-002.png\",\"width\":2100,\"height\":1050,\"caption\":\"Taboo Slovakia s.r.o.\"},\"image\":{\"@id\":\"https:\/\/taboofashion.com\/de\/#\/schema\/logo\/image\/\"},\"sameAs\":[\"https:\/\/www.facebook.com\/TabooSlovakia\",\"https:\/\/www.linkedin.com\/company\/541747\/\",\"https:\/\/www.instagram.com\/taboofashion.com1\/\"]}]}<\/script>\n<meta property=\"product:brand\" content=\"Kariban\" \/>\n<meta property=\"og:availability\" content=\"instock\" \/>\n<meta property=\"product:availability\" content=\"instock\" \/>\n<meta property=\"product:retailer_item_id\" content=\"20K37437601\" \/>\n<meta property=\"product:condition\" content=\"new\" \/>\n<!-- \/ Yoast SEO plugin. -->","yoast_head_json":{"title":"K374 Herren-Piqu\u00e9-T-Shirt mit V-Ausschnitt &#8211; Fashion shop","robots":{"index":"index","follow":"follow","max-snippet":"max-snippet:-1","max-image-preview":"max-image-preview:large","max-video-preview":"max-video-preview:-1"},"canonical":"https:\/\/taboofashion.com\/de\/produkt\/kariban-k374-herren-pique-t-shirt-mit-v-ausschnitt\/","og_locale":"de_DE","og_type":"article","og_title":"K374 Herren-Piqu\u00e9-T-Shirt mit V-Ausschnitt &#8211; Fashion shop","og_description":"170 g\/m\u00b2, 100 % gek\u00e4mmter Baumwoll-Piqu\u00e9, Oxfordgrau: 90 % Baumwolle, 10 % Viskose","og_url":"https:\/\/taboofashion.com\/de\/produkt\/kariban-k374-herren-pique-t-shirt-mit-v-ausschnitt\/","og_site_name":"Fashion shop","article_publisher":"https:\/\/www.facebook.com\/TabooSlovakia","article_modified_time":"2023-04-12T18:15:44+00:00","og_image":[{"width":1000,"height":1000,"url":"https:\/\/taboofashion.com\/wp-content\/uploads\/2022\/08\/KARIBAN_20_K374_Men.jpg","type":"image\/jpeg"}],"twitter_card":"summary_large_image","schema":{"@context":"https:\/\/schema.org","@graph":[{"@type":"WebPage","@id":"https:\/\/taboofashion.com\/de\/produkt\/kariban-k374-herren-pique-t-shirt-mit-v-ausschnitt\/","url":"https:\/\/taboofashion.com\/de\/produkt\/kariban-k374-herren-pique-t-shirt-mit-v-ausschnitt\/","name":"K374 Herren-Piqu\u00e9-T-Shirt mit V-Ausschnitt &#8211; Fashion shop","isPartOf":{"@id":"https:\/\/taboofashion.com\/de\/#website"},"datePublished":"2022-08-28T08:44:27+00:00","dateModified":"2023-04-12T18:15:44+00:00","breadcrumb":{"@id":"https:\/\/taboofashion.com\/de\/produkt\/kariban-k374-herren-pique-t-shirt-mit-v-ausschnitt\/#breadcrumb"},"inLanguage":"de","potentialAction":[{"@type":"ReadAction","target":["https:\/\/taboofashion.com\/de\/produkt\/kariban-k374-herren-pique-t-shirt-mit-v-ausschnitt\/"]}]},{"@type":"BreadcrumbList","@id":"https:\/\/taboofashion.com\/de\/produkt\/kariban-k374-herren-pique-t-shirt-mit-v-ausschnitt\/#breadcrumb","itemListElement":[{"@type":"ListItem","position":1,"name":"Home","item":"https:\/\/taboofashion.com\/de\/shop\/"},{"@type":"ListItem","position":2,"name":"Shop","item":"https:\/\/taboofashion.com\/shop\/"},{"@type":"ListItem","position":3,"name":"K374 Herren-Piqu\u00e9-T-Shirt mit V-Ausschnitt"}]},{"@type":"WebSite","@id":"https:\/\/taboofashion.com\/de\/#website","url":"https:\/\/taboofashion.com\/de\/","name":"Fashion shop","description":"","publisher":{"@id":"https:\/\/taboofashion.com\/de\/#organization"},"potentialAction":[{"@type":"SearchAction","target":{"@type":"EntryPoint","urlTemplate":"https:\/\/taboofashion.com\/de\/?s={search_term_string}"},"query-input":"required name=search_term_string"}],"inLanguage":"de"},{"@type":"Organization","@id":"https:\/\/taboofashion.com\/de\/#organization","name":"Taboo Slovakia s.r.o.","url":"https:\/\/taboofashion.com\/de\/","logo":{"@type":"ImageObject","inLanguage":"de","@id":"https:\/\/taboofashion.com\/de\/#\/schema\/logo\/image\/","url":"https:\/\/taboofashion.com\/wp-content\/uploads\/2022\/12\/taboologo2100-002.png","contentUrl":"https:\/\/taboofashion.com\/wp-content\/uploads\/2022\/12\/taboologo2100-002.png","width":2100,"height":1050,"caption":"Taboo Slovakia s.r.o."},"image":{"@id":"https:\/\/taboofashion.com\/de\/#\/schema\/logo\/image\/"},"sameAs":["https:\/\/www.facebook.com\/TabooSlovakia","https:\/\/www.linkedin.com\/company\/541747\/","https:\/\/www.instagram.com\/taboofashion.com1\/"]}]},"product_brand":"Kariban","og_availability":"instock","product_availability":"instock","product_retailer_item_id":"20K37437601","product_condition":"new"},"_links":{"self":[{"href":"https:\/\/taboofashion.com\/de\/wp-json\/wp\/v2\/product\/775145","targetHints":{"allow":["GET"]}}],"collection":[{"href":"https:\/\/taboofashion.com\/de\/wp-json\/wp\/v2\/product"}],"about":[{"href":"https:\/\/taboofashion.com\/de\/wp-json\/wp\/v2\/types\/product"}],"wp:featuredmedia":[{"embeddable":true,"href":"https:\/\/taboofashion.com\/de\/wp-json\/wp\/v2\/media\/728657"}],"wp:attachment":[{"href":"https:\/\/taboofashion.com\/de\/wp-json\/wp\/v2\/media?parent=775145"}],"wp:term":[{"taxonomy":"product_cat","embeddable":true,"href":"https:\/\/taboofashion.com\/de\/wp-json\/wp\/v2\/product_cat?post=775145"},{"taxonomy":"product_tag","embeddable":true,"href":"https:\/\/taboofashion.com\/de\/wp-json\/wp\/v2\/product_tag?post=775145"}],"curies":[{"name":"wp","href":"https:\/\/api.w.org\/{rel}","templated":true}]}}