{"id":784836,"date":"2022-08-26T07:43:34","date_gmt":"2022-08-26T05:43:34","guid":{"rendered":"https:\/\/taboofashion.com\/shop\/james-nicholson-jn-1090-herren-wendeweste\/"},"modified":"2022-08-26T07:43:34","modified_gmt":"2022-08-26T05:43:34","slug":"james-nicholson-jn-1090-herren-wendeweste","status":"publish","type":"product","link":"https:\/\/taboofashion.com\/de\/produkt\/james-nicholson-jn-1090-herren-wendeweste\/","title":{"rendered":"JN 1090 Wendeweste f\u00fcr Herren"},"content":{"rendered":"<p>Au\u00dfen: gesteppt, innen: glatt, Stehkragen, elastische \u00c4rmelb\u00fcndchen, 2 Taschen au\u00dfen und innen, Deko-Eingriff in Seitennaht, in Innentasche verstaubar<\/p>\n","protected":false},"excerpt":{"rendered":"<p>Au\u00dfen: 100 % Polyamid, Futter: 100 % Polyester, DuPont\u2122 Sorona\u00ae Wattierung: 100 % Polyester<\/p>\n","protected":false},"featured_media":729103,"template":"","meta":[],"product_cat":[2163],"product_tag":[],"class_list":{"0":"post-784836","1":"product","2":"type-product","3":"status-publish","4":"has-post-thumbnail","6":"product_cat-jacken","7":"pa_brand-james-nicholson-de","8":"pa_colour-marineblau-quaelfarben","9":"pa_colour-schwarz-gelb","10":"pa_colour-dschungelgrun-sauregelb","11":"pa_colour-rot-carbon","12":"pa_colour-schwarzes-silber","13":"pa_size-s-de","14":"pa_size-m-de","15":"pa_size-l-de","16":"pa_size-xl-de","17":"pa_size-xxl-de","18":"pa_size-3xl-de","20":"first","21":"instock","22":"taxable","23":"shipping-taxable","24":"purchasable","25":"product-type-variable","26":"has-default-attributes"},"yoast_head":"<!-- This site is optimized with the Yoast SEO plugin v21.8 - https:\/\/yoast.com\/wordpress\/plugins\/seo\/ -->\n<title>JN 1090 Wendeweste f\u00fcr Herren &#8211; Fashion shop<\/title>\n<meta name=\"robots\" content=\"index, follow, max-snippet:-1, max-image-preview:large, max-video-preview:-1\" \/>\n<link rel=\"canonical\" href=\"https:\/\/taboofashion.com\/de\/produkt\/james-nicholson-jn-1090-herren-wendeweste\/\" \/>\n<meta property=\"og:locale\" content=\"de_DE\" \/>\n<meta property=\"og:type\" content=\"article\" \/>\n<meta property=\"og:title\" content=\"JN 1090 Wendeweste f\u00fcr Herren &#8211; Fashion shop\" \/>\n<meta property=\"og:description\" content=\"Au\u00dfen: 100 % Polyamid, Futter: 100 % Polyester, DuPont\u2122 Sorona\u00ae Wattierung: 100 % Polyester\" \/>\n<meta property=\"og:url\" content=\"https:\/\/taboofashion.com\/de\/produkt\/james-nicholson-jn-1090-herren-wendeweste\/\" \/>\n<meta property=\"og:site_name\" content=\"Fashion shop\" \/>\n<meta property=\"article:publisher\" content=\"https:\/\/www.facebook.com\/TabooSlovakia\" \/>\n<meta name=\"twitter:card\" content=\"summary_large_image\" \/>\n<script type=\"application\/ld+json\" class=\"yoast-schema-graph\">{\"@context\":\"https:\/\/schema.org\",\"@graph\":[{\"@type\":\"WebPage\",\"@id\":\"https:\/\/taboofashion.com\/de\/produkt\/james-nicholson-jn-1090-herren-wendeweste\/\",\"url\":\"https:\/\/taboofashion.com\/de\/produkt\/james-nicholson-jn-1090-herren-wendeweste\/\",\"name\":\"JN 1090 Wendeweste f\u00fcr Herren &#8211; Fashion shop\",\"isPartOf\":{\"@id\":\"https:\/\/taboofashion.com\/de\/#website\"},\"datePublished\":\"2022-08-26T05:43:34+00:00\",\"dateModified\":\"2022-08-26T05:43:34+00:00\",\"breadcrumb\":{\"@id\":\"https:\/\/taboofashion.com\/de\/produkt\/james-nicholson-jn-1090-herren-wendeweste\/#breadcrumb\"},\"inLanguage\":\"de\",\"potentialAction\":[{\"@type\":\"ReadAction\",\"target\":[\"https:\/\/taboofashion.com\/de\/produkt\/james-nicholson-jn-1090-herren-wendeweste\/\"]}]},{\"@type\":\"BreadcrumbList\",\"@id\":\"https:\/\/taboofashion.com\/de\/produkt\/james-nicholson-jn-1090-herren-wendeweste\/#breadcrumb\",\"itemListElement\":[{\"@type\":\"ListItem\",\"position\":1,\"name\":\"Home\",\"item\":\"https:\/\/taboofashion.com\/de\/shop\/\"},{\"@type\":\"ListItem\",\"position\":2,\"name\":\"Shop\",\"item\":\"https:\/\/taboofashion.com\/shop\/\"},{\"@type\":\"ListItem\",\"position\":3,\"name\":\"JN 1090 Wendeweste f\u00fcr Herren\"}]},{\"@type\":\"WebSite\",\"@id\":\"https:\/\/taboofashion.com\/de\/#website\",\"url\":\"https:\/\/taboofashion.com\/de\/\",\"name\":\"Fashion shop\",\"description\":\"\",\"publisher\":{\"@id\":\"https:\/\/taboofashion.com\/de\/#organization\"},\"potentialAction\":[{\"@type\":\"SearchAction\",\"target\":{\"@type\":\"EntryPoint\",\"urlTemplate\":\"https:\/\/taboofashion.com\/de\/?s={search_term_string}\"},\"query-input\":\"required name=search_term_string\"}],\"inLanguage\":\"de\"},{\"@type\":\"Organization\",\"@id\":\"https:\/\/taboofashion.com\/de\/#organization\",\"name\":\"Taboo Slovakia s.r.o.\",\"url\":\"https:\/\/taboofashion.com\/de\/\",\"logo\":{\"@type\":\"ImageObject\",\"inLanguage\":\"de\",\"@id\":\"https:\/\/taboofashion.com\/de\/#\/schema\/logo\/image\/\",\"url\":\"https:\/\/taboofashion.com\/wp-content\/uploads\/2022\/12\/taboologo2100-002.png\",\"contentUrl\":\"https:\/\/taboofashion.com\/wp-content\/uploads\/2022\/12\/taboologo2100-002.png\",\"width\":2100,\"height\":1050,\"caption\":\"Taboo Slovakia s.r.o.\"},\"image\":{\"@id\":\"https:\/\/taboofashion.com\/de\/#\/schema\/logo\/image\/\"},\"sameAs\":[\"https:\/\/www.facebook.com\/TabooSlovakia\",\"https:\/\/www.linkedin.com\/company\/541747\/\",\"https:\/\/www.instagram.com\/taboofashion.com1\/\"]}]}<\/script>\n<meta property=\"product:brand\" content=\"James &amp; Nicholson\" \/>\n<meta property=\"og:availability\" content=\"instock\" \/>\n<meta property=\"product:availability\" content=\"instock\" \/>\n<meta property=\"product:retailer_item_id\" content=\"02109019701\" \/>\n<meta property=\"product:condition\" content=\"new\" \/>\n<!-- \/ Yoast SEO plugin. -->","yoast_head_json":{"title":"JN 1090 Wendeweste f\u00fcr Herren &#8211; Fashion shop","robots":{"index":"index","follow":"follow","max-snippet":"max-snippet:-1","max-image-preview":"max-image-preview:large","max-video-preview":"max-video-preview:-1"},"canonical":"https:\/\/taboofashion.com\/de\/produkt\/james-nicholson-jn-1090-herren-wendeweste\/","og_locale":"de_DE","og_type":"article","og_title":"JN 1090 Wendeweste f\u00fcr Herren &#8211; Fashion shop","og_description":"Au\u00dfen: 100 % Polyamid, Futter: 100 % Polyester, DuPont\u2122 Sorona\u00ae Wattierung: 100 % Polyester","og_url":"https:\/\/taboofashion.com\/de\/produkt\/james-nicholson-jn-1090-herren-wendeweste\/","og_site_name":"Fashion shop","article_publisher":"https:\/\/www.facebook.com\/TabooSlovakia","twitter_card":"summary_large_image","schema":{"@context":"https:\/\/schema.org","@graph":[{"@type":"WebPage","@id":"https:\/\/taboofashion.com\/de\/produkt\/james-nicholson-jn-1090-herren-wendeweste\/","url":"https:\/\/taboofashion.com\/de\/produkt\/james-nicholson-jn-1090-herren-wendeweste\/","name":"JN 1090 Wendeweste f\u00fcr Herren &#8211; Fashion shop","isPartOf":{"@id":"https:\/\/taboofashion.com\/de\/#website"},"datePublished":"2022-08-26T05:43:34+00:00","dateModified":"2022-08-26T05:43:34+00:00","breadcrumb":{"@id":"https:\/\/taboofashion.com\/de\/produkt\/james-nicholson-jn-1090-herren-wendeweste\/#breadcrumb"},"inLanguage":"de","potentialAction":[{"@type":"ReadAction","target":["https:\/\/taboofashion.com\/de\/produkt\/james-nicholson-jn-1090-herren-wendeweste\/"]}]},{"@type":"BreadcrumbList","@id":"https:\/\/taboofashion.com\/de\/produkt\/james-nicholson-jn-1090-herren-wendeweste\/#breadcrumb","itemListElement":[{"@type":"ListItem","position":1,"name":"Home","item":"https:\/\/taboofashion.com\/de\/shop\/"},{"@type":"ListItem","position":2,"name":"Shop","item":"https:\/\/taboofashion.com\/shop\/"},{"@type":"ListItem","position":3,"name":"JN 1090 Wendeweste f\u00fcr Herren"}]},{"@type":"WebSite","@id":"https:\/\/taboofashion.com\/de\/#website","url":"https:\/\/taboofashion.com\/de\/","name":"Fashion shop","description":"","publisher":{"@id":"https:\/\/taboofashion.com\/de\/#organization"},"potentialAction":[{"@type":"SearchAction","target":{"@type":"EntryPoint","urlTemplate":"https:\/\/taboofashion.com\/de\/?s={search_term_string}"},"query-input":"required name=search_term_string"}],"inLanguage":"de"},{"@type":"Organization","@id":"https:\/\/taboofashion.com\/de\/#organization","name":"Taboo Slovakia s.r.o.","url":"https:\/\/taboofashion.com\/de\/","logo":{"@type":"ImageObject","inLanguage":"de","@id":"https:\/\/taboofashion.com\/de\/#\/schema\/logo\/image\/","url":"https:\/\/taboofashion.com\/wp-content\/uploads\/2022\/12\/taboologo2100-002.png","contentUrl":"https:\/\/taboofashion.com\/wp-content\/uploads\/2022\/12\/taboologo2100-002.png","width":2100,"height":1050,"caption":"Taboo Slovakia s.r.o."},"image":{"@id":"https:\/\/taboofashion.com\/de\/#\/schema\/logo\/image\/"},"sameAs":["https:\/\/www.facebook.com\/TabooSlovakia","https:\/\/www.linkedin.com\/company\/541747\/","https:\/\/www.instagram.com\/taboofashion.com1\/"]}]},"product_brand":"James &amp; Nicholson","og_availability":"instock","product_availability":"instock","product_retailer_item_id":"02109019701","product_condition":"new"},"_links":{"self":[{"href":"https:\/\/taboofashion.com\/de\/wp-json\/wp\/v2\/product\/784836","targetHints":{"allow":["GET"]}}],"collection":[{"href":"https:\/\/taboofashion.com\/de\/wp-json\/wp\/v2\/product"}],"about":[{"href":"https:\/\/taboofashion.com\/de\/wp-json\/wp\/v2\/types\/product"}],"wp:featuredmedia":[{"embeddable":true,"href":"https:\/\/taboofashion.com\/de\/wp-json\/wp\/v2\/media\/729103"}],"wp:attachment":[{"href":"https:\/\/taboofashion.com\/de\/wp-json\/wp\/v2\/media?parent=784836"}],"wp:term":[{"taxonomy":"product_cat","embeddable":true,"href":"https:\/\/taboofashion.com\/de\/wp-json\/wp\/v2\/product_cat?post=784836"},{"taxonomy":"product_tag","embeddable":true,"href":"https:\/\/taboofashion.com\/de\/wp-json\/wp\/v2\/product_tag?post=784836"}],"curies":[{"name":"wp","href":"https:\/\/api.w.org\/{rel}","templated":true}]}}