{"id":786673,"date":"2022-08-26T04:53:34","date_gmt":"2022-08-26T02:53:34","guid":{"rendered":"https:\/\/taboofashion.com\/shop\/james-nicholson-jn-961-lebensstil-mit-kapuze-sweatshirt-fur-herren\/"},"modified":"2022-08-26T04:53:34","modified_gmt":"2022-08-26T02:53:34","slug":"james-nicholson-jn-961-lebensstil-mit-kapuze-sweatshirt-fur-herren","status":"publish","type":"product","link":"https:\/\/taboofashion.com\/de\/produkt\/james-nicholson-jn-961-lebensstil-mit-kapuze-sweatshirt-fur-herren\/","title":{"rendered":"JN 961 &#8222;Lifestyle&#8220; Kapuzen-Sweatshirt f\u00fcr Herren"},"content":{"rendered":"<p>2-Lagen-Kapuze und Kordelzug in Kontrastfarbe, B\u00fcndchen mit Elasthan, K\u00e4ngurutasche, Kontrastn\u00e4hte, Kontrast-Flatlockn\u00e4hte, weiche Sweatqualit\u00e4t, innen angeraut<\/p>\n","protected":false},"excerpt":{"rendered":"<p>280 g\/m\u00b2, 80 % Baumwolle, 20 % Polyester<\/p>\n","protected":false},"featured_media":729392,"template":"","meta":[],"product_cat":[2168],"product_tag":[],"class_list":{"0":"post-786673","1":"product","2":"type-product","3":"status-publish","4":"has-post-thumbnail","6":"product_cat-laessiger-pullover-de","7":"pa_brand-james-nicholson-de","8":"pa_colour-cremefarben-grau-meliert","9":"pa_colour-graumelange-navy","10":"pa_colour-grun-navy","11":"pa_colour-kobalt-grau-meliert","12":"pa_colour-marine-kobalt","13":"pa_colour-rot-grau-meliert","14":"pa_colour-schwarz-grau-meliert-de-2","15":"pa_size-s-de","16":"pa_size-m-de","17":"pa_size-l-de","18":"pa_size-xl-de","19":"pa_size-xxl-de","20":"pa_size-3xl-de","22":"first","23":"instock","24":"taxable","25":"shipping-taxable","26":"purchasable","27":"product-type-variable","28":"has-default-attributes"},"yoast_head":"<!-- This site is optimized with the Yoast SEO plugin v21.8 - https:\/\/yoast.com\/wordpress\/plugins\/seo\/ -->\n<title>JN 961 &quot;Lifestyle&quot; Kapuzen-Sweatshirt f\u00fcr Herren &#8211; Fashion shop<\/title>\n<meta name=\"robots\" content=\"index, follow, max-snippet:-1, max-image-preview:large, max-video-preview:-1\" \/>\n<link rel=\"canonical\" href=\"https:\/\/taboofashion.com\/de\/produkt\/james-nicholson-jn-961-lebensstil-mit-kapuze-sweatshirt-fur-herren\/\" \/>\n<meta property=\"og:locale\" content=\"de_DE\" \/>\n<meta property=\"og:type\" content=\"article\" \/>\n<meta property=\"og:title\" content=\"JN 961 &quot;Lifestyle&quot; Kapuzen-Sweatshirt f\u00fcr Herren &#8211; Fashion shop\" \/>\n<meta property=\"og:description\" content=\"280 g\/m\u00b2, 80 % Baumwolle, 20 % Polyester\" \/>\n<meta property=\"og:url\" content=\"https:\/\/taboofashion.com\/de\/produkt\/james-nicholson-jn-961-lebensstil-mit-kapuze-sweatshirt-fur-herren\/\" \/>\n<meta property=\"og:site_name\" content=\"Fashion shop\" \/>\n<meta property=\"article:publisher\" content=\"https:\/\/www.facebook.com\/TabooSlovakia\" \/>\n<meta name=\"twitter:card\" content=\"summary_large_image\" \/>\n<script type=\"application\/ld+json\" class=\"yoast-schema-graph\">{\"@context\":\"https:\/\/schema.org\",\"@graph\":[{\"@type\":\"WebPage\",\"@id\":\"https:\/\/taboofashion.com\/de\/produkt\/james-nicholson-jn-961-lebensstil-mit-kapuze-sweatshirt-fur-herren\/\",\"url\":\"https:\/\/taboofashion.com\/de\/produkt\/james-nicholson-jn-961-lebensstil-mit-kapuze-sweatshirt-fur-herren\/\",\"name\":\"JN 961 \\\"Lifestyle\\\" Kapuzen-Sweatshirt f\u00fcr Herren &#8211; Fashion shop\",\"isPartOf\":{\"@id\":\"https:\/\/taboofashion.com\/de\/#website\"},\"datePublished\":\"2022-08-26T02:53:34+00:00\",\"dateModified\":\"2022-08-26T02:53:34+00:00\",\"breadcrumb\":{\"@id\":\"https:\/\/taboofashion.com\/de\/produkt\/james-nicholson-jn-961-lebensstil-mit-kapuze-sweatshirt-fur-herren\/#breadcrumb\"},\"inLanguage\":\"de\",\"potentialAction\":[{\"@type\":\"ReadAction\",\"target\":[\"https:\/\/taboofashion.com\/de\/produkt\/james-nicholson-jn-961-lebensstil-mit-kapuze-sweatshirt-fur-herren\/\"]}]},{\"@type\":\"BreadcrumbList\",\"@id\":\"https:\/\/taboofashion.com\/de\/produkt\/james-nicholson-jn-961-lebensstil-mit-kapuze-sweatshirt-fur-herren\/#breadcrumb\",\"itemListElement\":[{\"@type\":\"ListItem\",\"position\":1,\"name\":\"Home\",\"item\":\"https:\/\/taboofashion.com\/de\/shop\/\"},{\"@type\":\"ListItem\",\"position\":2,\"name\":\"Shop\",\"item\":\"https:\/\/taboofashion.com\/shop\/\"},{\"@type\":\"ListItem\",\"position\":3,\"name\":\"JN 961 &#8222;Lifestyle&#8220; Kapuzen-Sweatshirt f\u00fcr Herren\"}]},{\"@type\":\"WebSite\",\"@id\":\"https:\/\/taboofashion.com\/de\/#website\",\"url\":\"https:\/\/taboofashion.com\/de\/\",\"name\":\"Fashion shop\",\"description\":\"\",\"publisher\":{\"@id\":\"https:\/\/taboofashion.com\/de\/#organization\"},\"potentialAction\":[{\"@type\":\"SearchAction\",\"target\":{\"@type\":\"EntryPoint\",\"urlTemplate\":\"https:\/\/taboofashion.com\/de\/?s={search_term_string}\"},\"query-input\":\"required name=search_term_string\"}],\"inLanguage\":\"de\"},{\"@type\":\"Organization\",\"@id\":\"https:\/\/taboofashion.com\/de\/#organization\",\"name\":\"Taboo Slovakia s.r.o.\",\"url\":\"https:\/\/taboofashion.com\/de\/\",\"logo\":{\"@type\":\"ImageObject\",\"inLanguage\":\"de\",\"@id\":\"https:\/\/taboofashion.com\/de\/#\/schema\/logo\/image\/\",\"url\":\"https:\/\/taboofashion.com\/wp-content\/uploads\/2022\/12\/taboologo2100-002.png\",\"contentUrl\":\"https:\/\/taboofashion.com\/wp-content\/uploads\/2022\/12\/taboologo2100-002.png\",\"width\":2100,\"height\":1050,\"caption\":\"Taboo Slovakia s.r.o.\"},\"image\":{\"@id\":\"https:\/\/taboofashion.com\/de\/#\/schema\/logo\/image\/\"},\"sameAs\":[\"https:\/\/www.facebook.com\/TabooSlovakia\",\"https:\/\/www.linkedin.com\/company\/541747\/\",\"https:\/\/www.instagram.com\/taboofashion.com1\/\"]}]}<\/script>\n<meta property=\"product:brand\" content=\"James &amp; Nicholson\" \/>\n<meta property=\"og:availability\" content=\"instock\" \/>\n<meta property=\"product:availability\" content=\"instock\" \/>\n<meta property=\"product:retailer_item_id\" content=\"02096159901\" \/>\n<meta property=\"product:condition\" content=\"new\" \/>\n<!-- \/ Yoast SEO plugin. -->","yoast_head_json":{"title":"JN 961 \"Lifestyle\" Kapuzen-Sweatshirt f\u00fcr Herren &#8211; Fashion shop","robots":{"index":"index","follow":"follow","max-snippet":"max-snippet:-1","max-image-preview":"max-image-preview:large","max-video-preview":"max-video-preview:-1"},"canonical":"https:\/\/taboofashion.com\/de\/produkt\/james-nicholson-jn-961-lebensstil-mit-kapuze-sweatshirt-fur-herren\/","og_locale":"de_DE","og_type":"article","og_title":"JN 961 \"Lifestyle\" Kapuzen-Sweatshirt f\u00fcr Herren &#8211; Fashion shop","og_description":"280 g\/m\u00b2, 80 % Baumwolle, 20 % Polyester","og_url":"https:\/\/taboofashion.com\/de\/produkt\/james-nicholson-jn-961-lebensstil-mit-kapuze-sweatshirt-fur-herren\/","og_site_name":"Fashion shop","article_publisher":"https:\/\/www.facebook.com\/TabooSlovakia","twitter_card":"summary_large_image","schema":{"@context":"https:\/\/schema.org","@graph":[{"@type":"WebPage","@id":"https:\/\/taboofashion.com\/de\/produkt\/james-nicholson-jn-961-lebensstil-mit-kapuze-sweatshirt-fur-herren\/","url":"https:\/\/taboofashion.com\/de\/produkt\/james-nicholson-jn-961-lebensstil-mit-kapuze-sweatshirt-fur-herren\/","name":"JN 961 \"Lifestyle\" Kapuzen-Sweatshirt f\u00fcr Herren &#8211; Fashion shop","isPartOf":{"@id":"https:\/\/taboofashion.com\/de\/#website"},"datePublished":"2022-08-26T02:53:34+00:00","dateModified":"2022-08-26T02:53:34+00:00","breadcrumb":{"@id":"https:\/\/taboofashion.com\/de\/produkt\/james-nicholson-jn-961-lebensstil-mit-kapuze-sweatshirt-fur-herren\/#breadcrumb"},"inLanguage":"de","potentialAction":[{"@type":"ReadAction","target":["https:\/\/taboofashion.com\/de\/produkt\/james-nicholson-jn-961-lebensstil-mit-kapuze-sweatshirt-fur-herren\/"]}]},{"@type":"BreadcrumbList","@id":"https:\/\/taboofashion.com\/de\/produkt\/james-nicholson-jn-961-lebensstil-mit-kapuze-sweatshirt-fur-herren\/#breadcrumb","itemListElement":[{"@type":"ListItem","position":1,"name":"Home","item":"https:\/\/taboofashion.com\/de\/shop\/"},{"@type":"ListItem","position":2,"name":"Shop","item":"https:\/\/taboofashion.com\/shop\/"},{"@type":"ListItem","position":3,"name":"JN 961 &#8222;Lifestyle&#8220; Kapuzen-Sweatshirt f\u00fcr Herren"}]},{"@type":"WebSite","@id":"https:\/\/taboofashion.com\/de\/#website","url":"https:\/\/taboofashion.com\/de\/","name":"Fashion shop","description":"","publisher":{"@id":"https:\/\/taboofashion.com\/de\/#organization"},"potentialAction":[{"@type":"SearchAction","target":{"@type":"EntryPoint","urlTemplate":"https:\/\/taboofashion.com\/de\/?s={search_term_string}"},"query-input":"required name=search_term_string"}],"inLanguage":"de"},{"@type":"Organization","@id":"https:\/\/taboofashion.com\/de\/#organization","name":"Taboo Slovakia s.r.o.","url":"https:\/\/taboofashion.com\/de\/","logo":{"@type":"ImageObject","inLanguage":"de","@id":"https:\/\/taboofashion.com\/de\/#\/schema\/logo\/image\/","url":"https:\/\/taboofashion.com\/wp-content\/uploads\/2022\/12\/taboologo2100-002.png","contentUrl":"https:\/\/taboofashion.com\/wp-content\/uploads\/2022\/12\/taboologo2100-002.png","width":2100,"height":1050,"caption":"Taboo Slovakia s.r.o."},"image":{"@id":"https:\/\/taboofashion.com\/de\/#\/schema\/logo\/image\/"},"sameAs":["https:\/\/www.facebook.com\/TabooSlovakia","https:\/\/www.linkedin.com\/company\/541747\/","https:\/\/www.instagram.com\/taboofashion.com1\/"]}]},"product_brand":"James &amp; Nicholson","og_availability":"instock","product_availability":"instock","product_retailer_item_id":"02096159901","product_condition":"new"},"_links":{"self":[{"href":"https:\/\/taboofashion.com\/de\/wp-json\/wp\/v2\/product\/786673","targetHints":{"allow":["GET"]}}],"collection":[{"href":"https:\/\/taboofashion.com\/de\/wp-json\/wp\/v2\/product"}],"about":[{"href":"https:\/\/taboofashion.com\/de\/wp-json\/wp\/v2\/types\/product"}],"wp:featuredmedia":[{"embeddable":true,"href":"https:\/\/taboofashion.com\/de\/wp-json\/wp\/v2\/media\/729392"}],"wp:attachment":[{"href":"https:\/\/taboofashion.com\/de\/wp-json\/wp\/v2\/media?parent=786673"}],"wp:term":[{"taxonomy":"product_cat","embeddable":true,"href":"https:\/\/taboofashion.com\/de\/wp-json\/wp\/v2\/product_cat?post=786673"},{"taxonomy":"product_tag","embeddable":true,"href":"https:\/\/taboofashion.com\/de\/wp-json\/wp\/v2\/product_tag?post=786673"}],"curies":[{"name":"wp","href":"https:\/\/api.w.org\/{rel}","templated":true}]}}