{"id":791311,"date":"2022-08-26T00:27:00","date_gmt":"2022-08-25T22:27:00","guid":{"rendered":"https:\/\/taboofashion.com\/shop\/james-nicholson-jn-853-workwear-winter-softshell-jacke-farbe\/"},"modified":"2022-08-26T00:27:00","modified_gmt":"2022-08-25T22:27:00","slug":"james-nicholson-jn-853-workwear-winter-softshell-jacke-farbe","status":"publish","type":"product","link":"https:\/\/taboofashion.com\/de\/produkt\/james-nicholson-jn-853-workwear-winter-softshell-jacke-farbe\/","title":{"rendered":"JN 853 Workwear Winter-Softshelljacke &#8211; Farbe"},"content":{"rendered":"<p>Wind- und wasserabweisend (2.000 mm Wassers\u00e4ule), atmungsaktiv und wasserdampfdurchl\u00e4ssig (2.000 g\/m\u00b2 in 24 h), Stehkragen mit weicher Fleece-Innenseite, ergonomisch geformte \u00c4rmel, innenliegende W\u00e4rmeb\u00fcndchen, durchgehender unterlegter Rei\u00dfverschluss mit Windschutz und Kinnschutz, verdeckte Kn\u00f6pfe und Rei\u00dfverschl\u00fcsse, Seitentaschen, Brusttasche und Innentasche mit Rei\u00dfverschluss, Brusttasche mit Patte, Handytasche innen, l\u00e4ngerer R\u00fcckenausschnitt, Veredelungszugang am R\u00fccken, robustes und strapazierf\u00e4higes Softshell-Material, reflektierende Elemente (ohne Schutzfunktion) an \u00c4rmeln und R\u00fccken<\/p>\n","protected":false},"excerpt":{"rendered":"<p>320g\/m\u00b2, Oberstoff: 100% Polyester, Futter: 100% Polyester, Wattierung: 100% Polyester<\/p>\n","protected":false},"featured_media":728775,"template":"","meta":[],"product_cat":[2163,2164],"product_tag":[],"class_list":{"0":"post-791311","1":"product","2":"type-product","3":"status-publish","4":"has-post-thumbnail","6":"product_cat-jacken","7":"product_cat-arbeitskleidung-sicherheit","8":"pa_brand-james-nicholson-de","9":"pa_colour-schwarz-lindgrun","10":"pa_colour-braun-stein","11":"pa_colour-dunkelgrun-orange","12":"pa_colour-karbon-rot","13":"pa_colour-koniglich-weis","14":"pa_colour-marine-turkis","15":"pa_colour-rot-navy","16":"pa_colour-weis-royal","17":"pa_size-6xl-de","18":"pa_size-xs-de","19":"pa_size-s-de","20":"pa_size-m-de","21":"pa_size-l-de","22":"pa_size-xl-de","23":"pa_size-xxl-de","24":"pa_size-3xl-de","25":"pa_size-4xl-de","26":"pa_size-5xl-de","28":"first","29":"instock","30":"taxable","31":"shipping-taxable","32":"purchasable","33":"product-type-variable","34":"has-default-attributes"},"yoast_head":"<!-- This site is optimized with the Yoast SEO plugin v21.8 - https:\/\/yoast.com\/wordpress\/plugins\/seo\/ -->\n<title>JN 853 Workwear Winter-Softshelljacke - Farbe &#8211; Fashion shop<\/title>\n<meta name=\"robots\" content=\"index, follow, max-snippet:-1, max-image-preview:large, max-video-preview:-1\" \/>\n<link rel=\"canonical\" href=\"https:\/\/taboofashion.com\/de\/produkt\/james-nicholson-jn-853-workwear-winter-softshell-jacke-farbe\/\" \/>\n<meta property=\"og:locale\" content=\"de_DE\" \/>\n<meta property=\"og:type\" content=\"article\" \/>\n<meta property=\"og:title\" content=\"JN 853 Workwear Winter-Softshelljacke - Farbe &#8211; Fashion shop\" \/>\n<meta property=\"og:description\" content=\"320g\/m\u00b2, Oberstoff: 100% Polyester, Futter: 100% Polyester, Wattierung: 100% Polyester\" \/>\n<meta property=\"og:url\" content=\"https:\/\/taboofashion.com\/de\/produkt\/james-nicholson-jn-853-workwear-winter-softshell-jacke-farbe\/\" \/>\n<meta property=\"og:site_name\" content=\"Fashion shop\" \/>\n<meta property=\"article:publisher\" content=\"https:\/\/www.facebook.com\/TabooSlovakia\" \/>\n<meta name=\"twitter:card\" content=\"summary_large_image\" \/>\n<script type=\"application\/ld+json\" class=\"yoast-schema-graph\">{\"@context\":\"https:\/\/schema.org\",\"@graph\":[{\"@type\":\"WebPage\",\"@id\":\"https:\/\/taboofashion.com\/de\/produkt\/james-nicholson-jn-853-workwear-winter-softshell-jacke-farbe\/\",\"url\":\"https:\/\/taboofashion.com\/de\/produkt\/james-nicholson-jn-853-workwear-winter-softshell-jacke-farbe\/\",\"name\":\"JN 853 Workwear Winter-Softshelljacke - Farbe &#8211; Fashion shop\",\"isPartOf\":{\"@id\":\"https:\/\/taboofashion.com\/de\/#website\"},\"datePublished\":\"2022-08-25T22:27:00+00:00\",\"dateModified\":\"2022-08-25T22:27:00+00:00\",\"breadcrumb\":{\"@id\":\"https:\/\/taboofashion.com\/de\/produkt\/james-nicholson-jn-853-workwear-winter-softshell-jacke-farbe\/#breadcrumb\"},\"inLanguage\":\"de\",\"potentialAction\":[{\"@type\":\"ReadAction\",\"target\":[\"https:\/\/taboofashion.com\/de\/produkt\/james-nicholson-jn-853-workwear-winter-softshell-jacke-farbe\/\"]}]},{\"@type\":\"BreadcrumbList\",\"@id\":\"https:\/\/taboofashion.com\/de\/produkt\/james-nicholson-jn-853-workwear-winter-softshell-jacke-farbe\/#breadcrumb\",\"itemListElement\":[{\"@type\":\"ListItem\",\"position\":1,\"name\":\"Home\",\"item\":\"https:\/\/taboofashion.com\/de\/shop\/\"},{\"@type\":\"ListItem\",\"position\":2,\"name\":\"Shop\",\"item\":\"https:\/\/taboofashion.com\/shop\/\"},{\"@type\":\"ListItem\",\"position\":3,\"name\":\"JN 853 Workwear Winter-Softshelljacke &#8211; Farbe\"}]},{\"@type\":\"WebSite\",\"@id\":\"https:\/\/taboofashion.com\/de\/#website\",\"url\":\"https:\/\/taboofashion.com\/de\/\",\"name\":\"Fashion shop\",\"description\":\"\",\"publisher\":{\"@id\":\"https:\/\/taboofashion.com\/de\/#organization\"},\"potentialAction\":[{\"@type\":\"SearchAction\",\"target\":{\"@type\":\"EntryPoint\",\"urlTemplate\":\"https:\/\/taboofashion.com\/de\/?s={search_term_string}\"},\"query-input\":\"required name=search_term_string\"}],\"inLanguage\":\"de\"},{\"@type\":\"Organization\",\"@id\":\"https:\/\/taboofashion.com\/de\/#organization\",\"name\":\"Taboo Slovakia s.r.o.\",\"url\":\"https:\/\/taboofashion.com\/de\/\",\"logo\":{\"@type\":\"ImageObject\",\"inLanguage\":\"de\",\"@id\":\"https:\/\/taboofashion.com\/de\/#\/schema\/logo\/image\/\",\"url\":\"https:\/\/taboofashion.com\/wp-content\/uploads\/2022\/12\/taboologo2100-002.png\",\"contentUrl\":\"https:\/\/taboofashion.com\/wp-content\/uploads\/2022\/12\/taboologo2100-002.png\",\"width\":2100,\"height\":1050,\"caption\":\"Taboo Slovakia s.r.o.\"},\"image\":{\"@id\":\"https:\/\/taboofashion.com\/de\/#\/schema\/logo\/image\/\"},\"sameAs\":[\"https:\/\/www.facebook.com\/TabooSlovakia\",\"https:\/\/www.linkedin.com\/company\/541747\/\",\"https:\/\/www.instagram.com\/taboofashion.com1\/\"]}]}<\/script>\n<meta property=\"product:brand\" content=\"James &amp; Nicholson\" \/>\n<meta property=\"og:availability\" content=\"instock\" \/>\n<meta property=\"product:availability\" content=\"instock\" \/>\n<meta property=\"product:retailer_item_id\" content=\"02085388100\" \/>\n<meta property=\"product:condition\" content=\"new\" \/>\n<!-- \/ Yoast SEO plugin. -->","yoast_head_json":{"title":"JN 853 Workwear Winter-Softshelljacke - Farbe &#8211; Fashion shop","robots":{"index":"index","follow":"follow","max-snippet":"max-snippet:-1","max-image-preview":"max-image-preview:large","max-video-preview":"max-video-preview:-1"},"canonical":"https:\/\/taboofashion.com\/de\/produkt\/james-nicholson-jn-853-workwear-winter-softshell-jacke-farbe\/","og_locale":"de_DE","og_type":"article","og_title":"JN 853 Workwear Winter-Softshelljacke - Farbe &#8211; Fashion shop","og_description":"320g\/m\u00b2, Oberstoff: 100% Polyester, Futter: 100% Polyester, Wattierung: 100% Polyester","og_url":"https:\/\/taboofashion.com\/de\/produkt\/james-nicholson-jn-853-workwear-winter-softshell-jacke-farbe\/","og_site_name":"Fashion shop","article_publisher":"https:\/\/www.facebook.com\/TabooSlovakia","twitter_card":"summary_large_image","schema":{"@context":"https:\/\/schema.org","@graph":[{"@type":"WebPage","@id":"https:\/\/taboofashion.com\/de\/produkt\/james-nicholson-jn-853-workwear-winter-softshell-jacke-farbe\/","url":"https:\/\/taboofashion.com\/de\/produkt\/james-nicholson-jn-853-workwear-winter-softshell-jacke-farbe\/","name":"JN 853 Workwear Winter-Softshelljacke - Farbe &#8211; Fashion shop","isPartOf":{"@id":"https:\/\/taboofashion.com\/de\/#website"},"datePublished":"2022-08-25T22:27:00+00:00","dateModified":"2022-08-25T22:27:00+00:00","breadcrumb":{"@id":"https:\/\/taboofashion.com\/de\/produkt\/james-nicholson-jn-853-workwear-winter-softshell-jacke-farbe\/#breadcrumb"},"inLanguage":"de","potentialAction":[{"@type":"ReadAction","target":["https:\/\/taboofashion.com\/de\/produkt\/james-nicholson-jn-853-workwear-winter-softshell-jacke-farbe\/"]}]},{"@type":"BreadcrumbList","@id":"https:\/\/taboofashion.com\/de\/produkt\/james-nicholson-jn-853-workwear-winter-softshell-jacke-farbe\/#breadcrumb","itemListElement":[{"@type":"ListItem","position":1,"name":"Home","item":"https:\/\/taboofashion.com\/de\/shop\/"},{"@type":"ListItem","position":2,"name":"Shop","item":"https:\/\/taboofashion.com\/shop\/"},{"@type":"ListItem","position":3,"name":"JN 853 Workwear Winter-Softshelljacke &#8211; Farbe"}]},{"@type":"WebSite","@id":"https:\/\/taboofashion.com\/de\/#website","url":"https:\/\/taboofashion.com\/de\/","name":"Fashion shop","description":"","publisher":{"@id":"https:\/\/taboofashion.com\/de\/#organization"},"potentialAction":[{"@type":"SearchAction","target":{"@type":"EntryPoint","urlTemplate":"https:\/\/taboofashion.com\/de\/?s={search_term_string}"},"query-input":"required name=search_term_string"}],"inLanguage":"de"},{"@type":"Organization","@id":"https:\/\/taboofashion.com\/de\/#organization","name":"Taboo Slovakia s.r.o.","url":"https:\/\/taboofashion.com\/de\/","logo":{"@type":"ImageObject","inLanguage":"de","@id":"https:\/\/taboofashion.com\/de\/#\/schema\/logo\/image\/","url":"https:\/\/taboofashion.com\/wp-content\/uploads\/2022\/12\/taboologo2100-002.png","contentUrl":"https:\/\/taboofashion.com\/wp-content\/uploads\/2022\/12\/taboologo2100-002.png","width":2100,"height":1050,"caption":"Taboo Slovakia s.r.o."},"image":{"@id":"https:\/\/taboofashion.com\/de\/#\/schema\/logo\/image\/"},"sameAs":["https:\/\/www.facebook.com\/TabooSlovakia","https:\/\/www.linkedin.com\/company\/541747\/","https:\/\/www.instagram.com\/taboofashion.com1\/"]}]},"product_brand":"James &amp; Nicholson","og_availability":"instock","product_availability":"instock","product_retailer_item_id":"02085388100","product_condition":"new"},"_links":{"self":[{"href":"https:\/\/taboofashion.com\/de\/wp-json\/wp\/v2\/product\/791311","targetHints":{"allow":["GET"]}}],"collection":[{"href":"https:\/\/taboofashion.com\/de\/wp-json\/wp\/v2\/product"}],"about":[{"href":"https:\/\/taboofashion.com\/de\/wp-json\/wp\/v2\/types\/product"}],"wp:featuredmedia":[{"embeddable":true,"href":"https:\/\/taboofashion.com\/de\/wp-json\/wp\/v2\/media\/728775"}],"wp:attachment":[{"href":"https:\/\/taboofashion.com\/de\/wp-json\/wp\/v2\/media?parent=791311"}],"wp:term":[{"taxonomy":"product_cat","embeddable":true,"href":"https:\/\/taboofashion.com\/de\/wp-json\/wp\/v2\/product_cat?post=791311"},{"taxonomy":"product_tag","embeddable":true,"href":"https:\/\/taboofashion.com\/de\/wp-json\/wp\/v2\/product_tag?post=791311"}],"curies":[{"name":"wp","href":"https:\/\/api.w.org\/{rel}","templated":true}]}}