{"id":799948,"date":"2022-08-26T23:33:50","date_gmt":"2022-08-26T21:33:50","guid":{"rendered":"https:\/\/taboofashion.com\/shop\/myrtle-beach-mb-7317-x-tube-signal\/"},"modified":"2022-08-26T23:33:50","modified_gmt":"2022-08-26T21:33:50","slug":"myrtle-beach-mb-7317-x-tube-signal","status":"publish","type":"product","link":"https:\/\/taboofashion.com\/de\/produkt\/myrtle-beach-mb-7317-x-tube-signal\/","title":{"rendered":"MB 7317 X-R\u00f6hrensignal"},"content":{"rendered":"<p>Multifunktionsschlauchgewebe mit [13] Tragem\u00f6glichkeiten, Reflexstreifen (ohne Schutzfunktion), Gr\u00f6\u00dfe: 25x50cm<\/p>\n","protected":false},"excerpt":{"rendered":"<p>120 g\/m\u00b2, 100 % Polyester<\/p>\n","protected":false},"featured_media":729756,"template":"","meta":[],"product_cat":[2183,2184],"product_tag":[],"class_list":{"0":"post-799948","1":"product","2":"type-product","3":"status-publish","4":"has-post-thumbnail","6":"product_cat-kopfbedeckungen","7":"product_cat-gesichtsmasken","8":"pa_brand-myrtle-beach-de","9":"pa_colour-neongelb","10":"pa_colour-neonorange","11":"pa_size-onesize-de","13":"first","14":"instock","15":"taxable","16":"shipping-taxable","17":"purchasable","18":"product-type-variable","19":"has-default-attributes"},"yoast_head":"<!-- This site is optimized with the Yoast SEO plugin v21.8 - https:\/\/yoast.com\/wordpress\/plugins\/seo\/ -->\n<title>MB 7317 X-R\u00f6hrensignal &#8211; Fashion shop<\/title>\n<meta name=\"robots\" content=\"index, follow, max-snippet:-1, max-image-preview:large, max-video-preview:-1\" \/>\n<link rel=\"canonical\" href=\"https:\/\/taboofashion.com\/de\/produkt\/myrtle-beach-mb-7317-x-tube-signal\/\" \/>\n<meta property=\"og:locale\" content=\"de_DE\" \/>\n<meta property=\"og:type\" content=\"article\" \/>\n<meta property=\"og:title\" content=\"MB 7317 X-R\u00f6hrensignal &#8211; Fashion shop\" \/>\n<meta property=\"og:description\" content=\"120 g\/m\u00b2, 100 % Polyester\" \/>\n<meta property=\"og:url\" content=\"https:\/\/taboofashion.com\/de\/produkt\/myrtle-beach-mb-7317-x-tube-signal\/\" \/>\n<meta property=\"og:site_name\" content=\"Fashion shop\" \/>\n<meta property=\"article:publisher\" content=\"https:\/\/www.facebook.com\/TabooSlovakia\" \/>\n<meta name=\"twitter:card\" content=\"summary_large_image\" \/>\n<script type=\"application\/ld+json\" class=\"yoast-schema-graph\">{\"@context\":\"https:\/\/schema.org\",\"@graph\":[{\"@type\":\"WebPage\",\"@id\":\"https:\/\/taboofashion.com\/de\/produkt\/myrtle-beach-mb-7317-x-tube-signal\/\",\"url\":\"https:\/\/taboofashion.com\/de\/produkt\/myrtle-beach-mb-7317-x-tube-signal\/\",\"name\":\"MB 7317 X-R\u00f6hrensignal &#8211; Fashion shop\",\"isPartOf\":{\"@id\":\"https:\/\/taboofashion.com\/de\/#website\"},\"datePublished\":\"2022-08-26T21:33:50+00:00\",\"dateModified\":\"2022-08-26T21:33:50+00:00\",\"breadcrumb\":{\"@id\":\"https:\/\/taboofashion.com\/de\/produkt\/myrtle-beach-mb-7317-x-tube-signal\/#breadcrumb\"},\"inLanguage\":\"de\",\"potentialAction\":[{\"@type\":\"ReadAction\",\"target\":[\"https:\/\/taboofashion.com\/de\/produkt\/myrtle-beach-mb-7317-x-tube-signal\/\"]}]},{\"@type\":\"BreadcrumbList\",\"@id\":\"https:\/\/taboofashion.com\/de\/produkt\/myrtle-beach-mb-7317-x-tube-signal\/#breadcrumb\",\"itemListElement\":[{\"@type\":\"ListItem\",\"position\":1,\"name\":\"Home\",\"item\":\"https:\/\/taboofashion.com\/de\/shop\/\"},{\"@type\":\"ListItem\",\"position\":2,\"name\":\"Shop\",\"item\":\"https:\/\/taboofashion.com\/shop\/\"},{\"@type\":\"ListItem\",\"position\":3,\"name\":\"MB 7317 X-R\u00f6hrensignal\"}]},{\"@type\":\"WebSite\",\"@id\":\"https:\/\/taboofashion.com\/de\/#website\",\"url\":\"https:\/\/taboofashion.com\/de\/\",\"name\":\"Fashion shop\",\"description\":\"\",\"publisher\":{\"@id\":\"https:\/\/taboofashion.com\/de\/#organization\"},\"potentialAction\":[{\"@type\":\"SearchAction\",\"target\":{\"@type\":\"EntryPoint\",\"urlTemplate\":\"https:\/\/taboofashion.com\/de\/?s={search_term_string}\"},\"query-input\":\"required name=search_term_string\"}],\"inLanguage\":\"de\"},{\"@type\":\"Organization\",\"@id\":\"https:\/\/taboofashion.com\/de\/#organization\",\"name\":\"Taboo Slovakia s.r.o.\",\"url\":\"https:\/\/taboofashion.com\/de\/\",\"logo\":{\"@type\":\"ImageObject\",\"inLanguage\":\"de\",\"@id\":\"https:\/\/taboofashion.com\/de\/#\/schema\/logo\/image\/\",\"url\":\"https:\/\/taboofashion.com\/wp-content\/uploads\/2022\/12\/taboologo2100-002.png\",\"contentUrl\":\"https:\/\/taboofashion.com\/wp-content\/uploads\/2022\/12\/taboologo2100-002.png\",\"width\":2100,\"height\":1050,\"caption\":\"Taboo Slovakia s.r.o.\"},\"image\":{\"@id\":\"https:\/\/taboofashion.com\/de\/#\/schema\/logo\/image\/\"},\"sameAs\":[\"https:\/\/www.facebook.com\/TabooSlovakia\",\"https:\/\/www.linkedin.com\/company\/541747\/\",\"https:\/\/www.instagram.com\/taboofashion.com1\/\"]}]}<\/script>\n<meta property=\"product:brand\" content=\"Myrtle Beach\" \/>\n<meta property=\"og:availability\" content=\"instock\" \/>\n<meta property=\"product:availability\" content=\"instock\" \/>\n<meta property=\"product:retailer_item_id\" content=\"03731704499\" \/>\n<meta property=\"product:condition\" content=\"new\" \/>\n<!-- \/ Yoast SEO plugin. -->","yoast_head_json":{"title":"MB 7317 X-R\u00f6hrensignal &#8211; Fashion shop","robots":{"index":"index","follow":"follow","max-snippet":"max-snippet:-1","max-image-preview":"max-image-preview:large","max-video-preview":"max-video-preview:-1"},"canonical":"https:\/\/taboofashion.com\/de\/produkt\/myrtle-beach-mb-7317-x-tube-signal\/","og_locale":"de_DE","og_type":"article","og_title":"MB 7317 X-R\u00f6hrensignal &#8211; Fashion shop","og_description":"120 g\/m\u00b2, 100 % Polyester","og_url":"https:\/\/taboofashion.com\/de\/produkt\/myrtle-beach-mb-7317-x-tube-signal\/","og_site_name":"Fashion shop","article_publisher":"https:\/\/www.facebook.com\/TabooSlovakia","twitter_card":"summary_large_image","schema":{"@context":"https:\/\/schema.org","@graph":[{"@type":"WebPage","@id":"https:\/\/taboofashion.com\/de\/produkt\/myrtle-beach-mb-7317-x-tube-signal\/","url":"https:\/\/taboofashion.com\/de\/produkt\/myrtle-beach-mb-7317-x-tube-signal\/","name":"MB 7317 X-R\u00f6hrensignal &#8211; Fashion shop","isPartOf":{"@id":"https:\/\/taboofashion.com\/de\/#website"},"datePublished":"2022-08-26T21:33:50+00:00","dateModified":"2022-08-26T21:33:50+00:00","breadcrumb":{"@id":"https:\/\/taboofashion.com\/de\/produkt\/myrtle-beach-mb-7317-x-tube-signal\/#breadcrumb"},"inLanguage":"de","potentialAction":[{"@type":"ReadAction","target":["https:\/\/taboofashion.com\/de\/produkt\/myrtle-beach-mb-7317-x-tube-signal\/"]}]},{"@type":"BreadcrumbList","@id":"https:\/\/taboofashion.com\/de\/produkt\/myrtle-beach-mb-7317-x-tube-signal\/#breadcrumb","itemListElement":[{"@type":"ListItem","position":1,"name":"Home","item":"https:\/\/taboofashion.com\/de\/shop\/"},{"@type":"ListItem","position":2,"name":"Shop","item":"https:\/\/taboofashion.com\/shop\/"},{"@type":"ListItem","position":3,"name":"MB 7317 X-R\u00f6hrensignal"}]},{"@type":"WebSite","@id":"https:\/\/taboofashion.com\/de\/#website","url":"https:\/\/taboofashion.com\/de\/","name":"Fashion shop","description":"","publisher":{"@id":"https:\/\/taboofashion.com\/de\/#organization"},"potentialAction":[{"@type":"SearchAction","target":{"@type":"EntryPoint","urlTemplate":"https:\/\/taboofashion.com\/de\/?s={search_term_string}"},"query-input":"required name=search_term_string"}],"inLanguage":"de"},{"@type":"Organization","@id":"https:\/\/taboofashion.com\/de\/#organization","name":"Taboo Slovakia s.r.o.","url":"https:\/\/taboofashion.com\/de\/","logo":{"@type":"ImageObject","inLanguage":"de","@id":"https:\/\/taboofashion.com\/de\/#\/schema\/logo\/image\/","url":"https:\/\/taboofashion.com\/wp-content\/uploads\/2022\/12\/taboologo2100-002.png","contentUrl":"https:\/\/taboofashion.com\/wp-content\/uploads\/2022\/12\/taboologo2100-002.png","width":2100,"height":1050,"caption":"Taboo Slovakia s.r.o."},"image":{"@id":"https:\/\/taboofashion.com\/de\/#\/schema\/logo\/image\/"},"sameAs":["https:\/\/www.facebook.com\/TabooSlovakia","https:\/\/www.linkedin.com\/company\/541747\/","https:\/\/www.instagram.com\/taboofashion.com1\/"]}]},"product_brand":"Myrtle Beach","og_availability":"instock","product_availability":"instock","product_retailer_item_id":"03731704499","product_condition":"new"},"_links":{"self":[{"href":"https:\/\/taboofashion.com\/de\/wp-json\/wp\/v2\/product\/799948","targetHints":{"allow":["GET"]}}],"collection":[{"href":"https:\/\/taboofashion.com\/de\/wp-json\/wp\/v2\/product"}],"about":[{"href":"https:\/\/taboofashion.com\/de\/wp-json\/wp\/v2\/types\/product"}],"wp:featuredmedia":[{"embeddable":true,"href":"https:\/\/taboofashion.com\/de\/wp-json\/wp\/v2\/media\/729756"}],"wp:attachment":[{"href":"https:\/\/taboofashion.com\/de\/wp-json\/wp\/v2\/media?parent=799948"}],"wp:term":[{"taxonomy":"product_cat","embeddable":true,"href":"https:\/\/taboofashion.com\/de\/wp-json\/wp\/v2\/product_cat?post=799948"},{"taxonomy":"product_tag","embeddable":true,"href":"https:\/\/taboofashion.com\/de\/wp-json\/wp\/v2\/product_tag?post=799948"}],"curies":[{"name":"wp","href":"https:\/\/api.w.org\/{rel}","templated":true}]}}