{"id":801050,"date":"2022-08-27T14:09:40","date_gmt":"2022-08-27T12:09:40","guid":{"rendered":"https:\/\/taboofashion.com\/shop\/russell-015m-laenge-34-arbeitskleidung-canvas-hose\/"},"modified":"2022-08-27T14:09:40","modified_gmt":"2022-08-27T12:09:40","slug":"russell-015m-lange-34-arbeitskleidung-canvas-hose","status":"publish","type":"product","link":"https:\/\/taboofashion.com\/de\/produkt\/russell-015m-lange-34-arbeitskleidung-canvas-hose\/","title":{"rendered":"015M, L\u00e4nge = 34&#8243; Arbeitshose aus Segeltuch"},"content":{"rendered":"<p>YKK-Rei\u00dfverschluss, 3-fach vern\u00e4hte Tascheneingriffe, Cargotasche am rechten Bein, Handytasche am Saum, 3-fache N\u00e4hte am Innenbein, Riegel an kritischen Belastungspunkten, strapazierf\u00e4hig, Beschichtung mit DuPont\u2122 Teflon\u00ae, Jeansgr\u00f6\u00dfen, 60\u00b0 waschbar, trocknergeeignet, erh\u00e4ltlich in den Beinl\u00e4ngen 30 Zoll (12.A15M), 32 Zoll (12.B15M) und 34 Zoll (12.C15M)<\/p>\n","protected":false},"excerpt":{"rendered":"<p>260 g\/m\u00b2, 65 % Polyester, 35 % Baumwolle<\/p>\n","protected":false},"featured_media":728543,"template":"","meta":[],"product_cat":[2166,2164],"product_tag":[],"class_list":{"0":"post-801050","1":"product","2":"type-product","3":"status-publish","4":"has-post-thumbnail","6":"product_cat-hosen","7":"product_cat-arbeitskleidung-sicherheit","8":"pa_brand-russell-de","9":"pa_colour-hell-koniglich","10":"pa_colour-kamel","11":"pa_colour-konvoi-grau","12":"pa_colour-black-de","13":"pa_colour-french-navy-de","14":"pa_size-34-de","15":"pa_size-36-de","16":"pa_size-38-de","17":"pa_size-40-de","18":"pa_size-42-de","19":"pa_size-30-de","20":"pa_size-32-de","21":"pa_size-44-de","22":"pa_size-46-de","24":"first","25":"instock","26":"taxable","27":"shipping-taxable","28":"purchasable","29":"product-type-variable","30":"has-default-attributes"},"yoast_head":"<!-- This site is optimized with the Yoast SEO plugin v21.8 - https:\/\/yoast.com\/wordpress\/plugins\/seo\/ -->\n<title>015M, L\u00e4nge = 34&quot; Arbeitshose aus Segeltuch &#8211; Fashion shop<\/title>\n<meta name=\"robots\" content=\"index, follow, max-snippet:-1, max-image-preview:large, max-video-preview:-1\" \/>\n<link rel=\"canonical\" href=\"https:\/\/taboofashion.com\/de\/produkt\/russell-015m-lange-34-arbeitskleidung-canvas-hose\/\" \/>\n<meta property=\"og:locale\" content=\"de_DE\" \/>\n<meta property=\"og:type\" content=\"article\" \/>\n<meta property=\"og:title\" content=\"015M, L\u00e4nge = 34&quot; Arbeitshose aus Segeltuch &#8211; Fashion shop\" \/>\n<meta property=\"og:description\" content=\"260 g\/m\u00b2, 65 % Polyester, 35 % Baumwolle\" \/>\n<meta property=\"og:url\" content=\"https:\/\/taboofashion.com\/de\/produkt\/russell-015m-lange-34-arbeitskleidung-canvas-hose\/\" \/>\n<meta property=\"og:site_name\" content=\"Fashion shop\" \/>\n<meta property=\"article:publisher\" content=\"https:\/\/www.facebook.com\/TabooSlovakia\" \/>\n<meta name=\"twitter:card\" content=\"summary_large_image\" \/>\n<script type=\"application\/ld+json\" class=\"yoast-schema-graph\">{\"@context\":\"https:\/\/schema.org\",\"@graph\":[{\"@type\":\"WebPage\",\"@id\":\"https:\/\/taboofashion.com\/de\/produkt\/russell-015m-lange-34-arbeitskleidung-canvas-hose\/\",\"url\":\"https:\/\/taboofashion.com\/de\/produkt\/russell-015m-lange-34-arbeitskleidung-canvas-hose\/\",\"name\":\"015M, L\u00e4nge = 34\\\" Arbeitshose aus Segeltuch &#8211; Fashion shop\",\"isPartOf\":{\"@id\":\"https:\/\/taboofashion.com\/de\/#website\"},\"datePublished\":\"2022-08-27T12:09:40+00:00\",\"dateModified\":\"2022-08-27T12:09:40+00:00\",\"breadcrumb\":{\"@id\":\"https:\/\/taboofashion.com\/de\/produkt\/russell-015m-lange-34-arbeitskleidung-canvas-hose\/#breadcrumb\"},\"inLanguage\":\"de\",\"potentialAction\":[{\"@type\":\"ReadAction\",\"target\":[\"https:\/\/taboofashion.com\/de\/produkt\/russell-015m-lange-34-arbeitskleidung-canvas-hose\/\"]}]},{\"@type\":\"BreadcrumbList\",\"@id\":\"https:\/\/taboofashion.com\/de\/produkt\/russell-015m-lange-34-arbeitskleidung-canvas-hose\/#breadcrumb\",\"itemListElement\":[{\"@type\":\"ListItem\",\"position\":1,\"name\":\"Home\",\"item\":\"https:\/\/taboofashion.com\/de\/shop\/\"},{\"@type\":\"ListItem\",\"position\":2,\"name\":\"Shop\",\"item\":\"https:\/\/taboofashion.com\/shop\/\"},{\"@type\":\"ListItem\",\"position\":3,\"name\":\"015M, L\u00e4nge = 34&#8243; Arbeitshose aus Segeltuch\"}]},{\"@type\":\"WebSite\",\"@id\":\"https:\/\/taboofashion.com\/de\/#website\",\"url\":\"https:\/\/taboofashion.com\/de\/\",\"name\":\"Fashion shop\",\"description\":\"\",\"publisher\":{\"@id\":\"https:\/\/taboofashion.com\/de\/#organization\"},\"potentialAction\":[{\"@type\":\"SearchAction\",\"target\":{\"@type\":\"EntryPoint\",\"urlTemplate\":\"https:\/\/taboofashion.com\/de\/?s={search_term_string}\"},\"query-input\":\"required name=search_term_string\"}],\"inLanguage\":\"de\"},{\"@type\":\"Organization\",\"@id\":\"https:\/\/taboofashion.com\/de\/#organization\",\"name\":\"Taboo Slovakia s.r.o.\",\"url\":\"https:\/\/taboofashion.com\/de\/\",\"logo\":{\"@type\":\"ImageObject\",\"inLanguage\":\"de\",\"@id\":\"https:\/\/taboofashion.com\/de\/#\/schema\/logo\/image\/\",\"url\":\"https:\/\/taboofashion.com\/wp-content\/uploads\/2022\/12\/taboologo2100-002.png\",\"contentUrl\":\"https:\/\/taboofashion.com\/wp-content\/uploads\/2022\/12\/taboologo2100-002.png\",\"width\":2100,\"height\":1050,\"caption\":\"Taboo Slovakia s.r.o.\"},\"image\":{\"@id\":\"https:\/\/taboofashion.com\/de\/#\/schema\/logo\/image\/\"},\"sameAs\":[\"https:\/\/www.facebook.com\/TabooSlovakia\",\"https:\/\/www.linkedin.com\/company\/541747\/\",\"https:\/\/www.instagram.com\/taboofashion.com1\/\"]}]}<\/script>\n<meta property=\"product:brand\" content=\"Russell\" \/>\n<meta property=\"og:availability\" content=\"instock\" \/>\n<meta property=\"product:availability\" content=\"instock\" \/>\n<meta property=\"product:retailer_item_id\" content=\"12C15M00248\" \/>\n<meta property=\"product:condition\" content=\"new\" \/>\n<!-- \/ Yoast SEO plugin. -->","yoast_head_json":{"title":"015M, L\u00e4nge = 34\" Arbeitshose aus Segeltuch &#8211; Fashion shop","robots":{"index":"index","follow":"follow","max-snippet":"max-snippet:-1","max-image-preview":"max-image-preview:large","max-video-preview":"max-video-preview:-1"},"canonical":"https:\/\/taboofashion.com\/de\/produkt\/russell-015m-lange-34-arbeitskleidung-canvas-hose\/","og_locale":"de_DE","og_type":"article","og_title":"015M, L\u00e4nge = 34\" Arbeitshose aus Segeltuch &#8211; Fashion shop","og_description":"260 g\/m\u00b2, 65 % Polyester, 35 % Baumwolle","og_url":"https:\/\/taboofashion.com\/de\/produkt\/russell-015m-lange-34-arbeitskleidung-canvas-hose\/","og_site_name":"Fashion shop","article_publisher":"https:\/\/www.facebook.com\/TabooSlovakia","twitter_card":"summary_large_image","schema":{"@context":"https:\/\/schema.org","@graph":[{"@type":"WebPage","@id":"https:\/\/taboofashion.com\/de\/produkt\/russell-015m-lange-34-arbeitskleidung-canvas-hose\/","url":"https:\/\/taboofashion.com\/de\/produkt\/russell-015m-lange-34-arbeitskleidung-canvas-hose\/","name":"015M, L\u00e4nge = 34\" Arbeitshose aus Segeltuch &#8211; Fashion shop","isPartOf":{"@id":"https:\/\/taboofashion.com\/de\/#website"},"datePublished":"2022-08-27T12:09:40+00:00","dateModified":"2022-08-27T12:09:40+00:00","breadcrumb":{"@id":"https:\/\/taboofashion.com\/de\/produkt\/russell-015m-lange-34-arbeitskleidung-canvas-hose\/#breadcrumb"},"inLanguage":"de","potentialAction":[{"@type":"ReadAction","target":["https:\/\/taboofashion.com\/de\/produkt\/russell-015m-lange-34-arbeitskleidung-canvas-hose\/"]}]},{"@type":"BreadcrumbList","@id":"https:\/\/taboofashion.com\/de\/produkt\/russell-015m-lange-34-arbeitskleidung-canvas-hose\/#breadcrumb","itemListElement":[{"@type":"ListItem","position":1,"name":"Home","item":"https:\/\/taboofashion.com\/de\/shop\/"},{"@type":"ListItem","position":2,"name":"Shop","item":"https:\/\/taboofashion.com\/shop\/"},{"@type":"ListItem","position":3,"name":"015M, L\u00e4nge = 34&#8243; Arbeitshose aus Segeltuch"}]},{"@type":"WebSite","@id":"https:\/\/taboofashion.com\/de\/#website","url":"https:\/\/taboofashion.com\/de\/","name":"Fashion shop","description":"","publisher":{"@id":"https:\/\/taboofashion.com\/de\/#organization"},"potentialAction":[{"@type":"SearchAction","target":{"@type":"EntryPoint","urlTemplate":"https:\/\/taboofashion.com\/de\/?s={search_term_string}"},"query-input":"required name=search_term_string"}],"inLanguage":"de"},{"@type":"Organization","@id":"https:\/\/taboofashion.com\/de\/#organization","name":"Taboo Slovakia s.r.o.","url":"https:\/\/taboofashion.com\/de\/","logo":{"@type":"ImageObject","inLanguage":"de","@id":"https:\/\/taboofashion.com\/de\/#\/schema\/logo\/image\/","url":"https:\/\/taboofashion.com\/wp-content\/uploads\/2022\/12\/taboologo2100-002.png","contentUrl":"https:\/\/taboofashion.com\/wp-content\/uploads\/2022\/12\/taboologo2100-002.png","width":2100,"height":1050,"caption":"Taboo Slovakia s.r.o."},"image":{"@id":"https:\/\/taboofashion.com\/de\/#\/schema\/logo\/image\/"},"sameAs":["https:\/\/www.facebook.com\/TabooSlovakia","https:\/\/www.linkedin.com\/company\/541747\/","https:\/\/www.instagram.com\/taboofashion.com1\/"]}]},"product_brand":"Russell","og_availability":"instock","product_availability":"instock","product_retailer_item_id":"12C15M00248","product_condition":"new"},"_links":{"self":[{"href":"https:\/\/taboofashion.com\/de\/wp-json\/wp\/v2\/product\/801050","targetHints":{"allow":["GET"]}}],"collection":[{"href":"https:\/\/taboofashion.com\/de\/wp-json\/wp\/v2\/product"}],"about":[{"href":"https:\/\/taboofashion.com\/de\/wp-json\/wp\/v2\/types\/product"}],"wp:featuredmedia":[{"embeddable":true,"href":"https:\/\/taboofashion.com\/de\/wp-json\/wp\/v2\/media\/728543"}],"wp:attachment":[{"href":"https:\/\/taboofashion.com\/de\/wp-json\/wp\/v2\/media?parent=801050"}],"wp:term":[{"taxonomy":"product_cat","embeddable":true,"href":"https:\/\/taboofashion.com\/de\/wp-json\/wp\/v2\/product_cat?post=801050"},{"taxonomy":"product_tag","embeddable":true,"href":"https:\/\/taboofashion.com\/de\/wp-json\/wp\/v2\/product_tag?post=801050"}],"curies":[{"name":"wp","href":"https:\/\/api.w.org\/{rel}","templated":true}]}}