{"id":804709,"date":"2022-08-27T07:07:32","date_gmt":"2022-08-27T05:07:32","guid":{"rendered":"https:\/\/taboofashion.com\/shop\/russell-410f-damen-3-lagen-bionic-softshell-jacke\/"},"modified":"2022-08-27T07:07:32","modified_gmt":"2022-08-27T05:07:32","slug":"russell-410f-damen-3-lagen-bionic-softshell-jacke","status":"publish","type":"product","link":"https:\/\/taboofashion.com\/de\/produkt\/russell-410f-damen-3-lagen-bionic-softshell-jacke\/","title":{"rendered":"410F Damen 3-Lagen Bionic Softshell Jacke"},"content":{"rendered":"<p>Taillierte Passform, wasserabweisend (5.000 mm Wassers\u00e4ule), atmungsaktiv (5.000 g\/m\u00b2 in 24 h), Stehkragen mit Windschutz, verstellbare Armabschl\u00fcsse mit Manschettenriegel und Klettverschluss, verstellbare Saumweite, sch\u00fctzender Kinnschutz, Seitenschieber in Taschen mit Rei\u00dfverschluss, verdeckte Taschen mit Rei\u00dfverschluss auf Brust und \u00c4rmeln, nahtfreie Schulterbereiche, Rei\u00dfverschl\u00fcsse in Kontrastfarbe, Deko-Eingriff im Futter, fluor- und PFC-frei, winddicht<\/p>\n","protected":false},"excerpt":{"rendered":"<p>320g\/m\u00b2, 94% Polyester, 6% Elasthan mit Bionic-Finish\u00ae Eco behandelt, Futter: Jerseyfutter mit Wabenstruktur<\/p>\n","protected":false},"featured_media":728966,"template":"","meta":[],"product_cat":[2163],"product_tag":[],"class_list":{"0":"post-804709","1":"product","2":"type-product","3":"status-publish","4":"has-post-thumbnail","6":"product_cat-jacken","7":"pa_brand-russell-de","8":"pa_colour-klassisches-rot-de","9":"pa_colour-black-de","10":"pa_colour-eisen-grau","11":"pa_colour-french-navy-de","12":"pa_colour-stein","13":"pa_size-xs-de","14":"pa_size-s-de","15":"pa_size-m-de","16":"pa_size-l-de","17":"pa_size-xl-de","18":"pa_size-xxl-de","19":"pa_size-3xl-de","20":"pa_size-4xl-de","22":"first","23":"instock","24":"taxable","25":"shipping-taxable","26":"purchasable","27":"product-type-variable","28":"has-default-attributes"},"yoast_head":"<!-- This site is optimized with the Yoast SEO plugin v21.8 - https:\/\/yoast.com\/wordpress\/plugins\/seo\/ -->\n<title>410F Damen 3-Lagen Bionic Softshell Jacke &#8211; Fashion shop<\/title>\n<meta name=\"robots\" content=\"index, follow, max-snippet:-1, max-image-preview:large, max-video-preview:-1\" \/>\n<link rel=\"canonical\" href=\"https:\/\/taboofashion.com\/de\/produkt\/russell-410f-damen-3-lagen-bionic-softshell-jacke\/\" \/>\n<meta property=\"og:locale\" content=\"de_DE\" \/>\n<meta property=\"og:type\" content=\"article\" \/>\n<meta property=\"og:title\" content=\"410F Damen 3-Lagen Bionic Softshell Jacke &#8211; Fashion shop\" \/>\n<meta property=\"og:description\" content=\"320g\/m\u00b2, 94% Polyester, 6% Elasthan mit Bionic-Finish\u00ae Eco behandelt, Futter: Jerseyfutter mit Wabenstruktur\" \/>\n<meta property=\"og:url\" content=\"https:\/\/taboofashion.com\/de\/produkt\/russell-410f-damen-3-lagen-bionic-softshell-jacke\/\" \/>\n<meta property=\"og:site_name\" content=\"Fashion shop\" \/>\n<meta property=\"article:publisher\" content=\"https:\/\/www.facebook.com\/TabooSlovakia\" \/>\n<meta name=\"twitter:card\" content=\"summary_large_image\" \/>\n<script type=\"application\/ld+json\" class=\"yoast-schema-graph\">{\"@context\":\"https:\/\/schema.org\",\"@graph\":[{\"@type\":\"WebPage\",\"@id\":\"https:\/\/taboofashion.com\/de\/produkt\/russell-410f-damen-3-lagen-bionic-softshell-jacke\/\",\"url\":\"https:\/\/taboofashion.com\/de\/produkt\/russell-410f-damen-3-lagen-bionic-softshell-jacke\/\",\"name\":\"410F Damen 3-Lagen Bionic Softshell Jacke &#8211; Fashion shop\",\"isPartOf\":{\"@id\":\"https:\/\/taboofashion.com\/de\/#website\"},\"datePublished\":\"2022-08-27T05:07:32+00:00\",\"dateModified\":\"2022-08-27T05:07:32+00:00\",\"breadcrumb\":{\"@id\":\"https:\/\/taboofashion.com\/de\/produkt\/russell-410f-damen-3-lagen-bionic-softshell-jacke\/#breadcrumb\"},\"inLanguage\":\"de\",\"potentialAction\":[{\"@type\":\"ReadAction\",\"target\":[\"https:\/\/taboofashion.com\/de\/produkt\/russell-410f-damen-3-lagen-bionic-softshell-jacke\/\"]}]},{\"@type\":\"BreadcrumbList\",\"@id\":\"https:\/\/taboofashion.com\/de\/produkt\/russell-410f-damen-3-lagen-bionic-softshell-jacke\/#breadcrumb\",\"itemListElement\":[{\"@type\":\"ListItem\",\"position\":1,\"name\":\"Home\",\"item\":\"https:\/\/taboofashion.com\/de\/shop\/\"},{\"@type\":\"ListItem\",\"position\":2,\"name\":\"Shop\",\"item\":\"https:\/\/taboofashion.com\/shop\/\"},{\"@type\":\"ListItem\",\"position\":3,\"name\":\"410F Damen 3-Lagen Bionic Softshell Jacke\"}]},{\"@type\":\"WebSite\",\"@id\":\"https:\/\/taboofashion.com\/de\/#website\",\"url\":\"https:\/\/taboofashion.com\/de\/\",\"name\":\"Fashion shop\",\"description\":\"\",\"publisher\":{\"@id\":\"https:\/\/taboofashion.com\/de\/#organization\"},\"potentialAction\":[{\"@type\":\"SearchAction\",\"target\":{\"@type\":\"EntryPoint\",\"urlTemplate\":\"https:\/\/taboofashion.com\/de\/?s={search_term_string}\"},\"query-input\":\"required name=search_term_string\"}],\"inLanguage\":\"de\"},{\"@type\":\"Organization\",\"@id\":\"https:\/\/taboofashion.com\/de\/#organization\",\"name\":\"Taboo Slovakia s.r.o.\",\"url\":\"https:\/\/taboofashion.com\/de\/\",\"logo\":{\"@type\":\"ImageObject\",\"inLanguage\":\"de\",\"@id\":\"https:\/\/taboofashion.com\/de\/#\/schema\/logo\/image\/\",\"url\":\"https:\/\/taboofashion.com\/wp-content\/uploads\/2022\/12\/taboologo2100-002.png\",\"contentUrl\":\"https:\/\/taboofashion.com\/wp-content\/uploads\/2022\/12\/taboologo2100-002.png\",\"width\":2100,\"height\":1050,\"caption\":\"Taboo Slovakia s.r.o.\"},\"image\":{\"@id\":\"https:\/\/taboofashion.com\/de\/#\/schema\/logo\/image\/\"},\"sameAs\":[\"https:\/\/www.facebook.com\/TabooSlovakia\",\"https:\/\/www.linkedin.com\/company\/541747\/\",\"https:\/\/www.instagram.com\/taboofashion.com1\/\"]}]}<\/script>\n<meta property=\"product:brand\" content=\"Russell\" \/>\n<meta property=\"og:availability\" content=\"instock\" \/>\n<meta property=\"product:availability\" content=\"instock\" \/>\n<meta property=\"product:retailer_item_id\" content=\"10410F00200\" \/>\n<meta property=\"product:condition\" content=\"new\" \/>\n<!-- \/ Yoast SEO plugin. -->","yoast_head_json":{"title":"410F Damen 3-Lagen Bionic Softshell Jacke &#8211; Fashion shop","robots":{"index":"index","follow":"follow","max-snippet":"max-snippet:-1","max-image-preview":"max-image-preview:large","max-video-preview":"max-video-preview:-1"},"canonical":"https:\/\/taboofashion.com\/de\/produkt\/russell-410f-damen-3-lagen-bionic-softshell-jacke\/","og_locale":"de_DE","og_type":"article","og_title":"410F Damen 3-Lagen Bionic Softshell Jacke &#8211; Fashion shop","og_description":"320g\/m\u00b2, 94% Polyester, 6% Elasthan mit Bionic-Finish\u00ae Eco behandelt, Futter: Jerseyfutter mit Wabenstruktur","og_url":"https:\/\/taboofashion.com\/de\/produkt\/russell-410f-damen-3-lagen-bionic-softshell-jacke\/","og_site_name":"Fashion shop","article_publisher":"https:\/\/www.facebook.com\/TabooSlovakia","twitter_card":"summary_large_image","schema":{"@context":"https:\/\/schema.org","@graph":[{"@type":"WebPage","@id":"https:\/\/taboofashion.com\/de\/produkt\/russell-410f-damen-3-lagen-bionic-softshell-jacke\/","url":"https:\/\/taboofashion.com\/de\/produkt\/russell-410f-damen-3-lagen-bionic-softshell-jacke\/","name":"410F Damen 3-Lagen Bionic Softshell Jacke &#8211; Fashion shop","isPartOf":{"@id":"https:\/\/taboofashion.com\/de\/#website"},"datePublished":"2022-08-27T05:07:32+00:00","dateModified":"2022-08-27T05:07:32+00:00","breadcrumb":{"@id":"https:\/\/taboofashion.com\/de\/produkt\/russell-410f-damen-3-lagen-bionic-softshell-jacke\/#breadcrumb"},"inLanguage":"de","potentialAction":[{"@type":"ReadAction","target":["https:\/\/taboofashion.com\/de\/produkt\/russell-410f-damen-3-lagen-bionic-softshell-jacke\/"]}]},{"@type":"BreadcrumbList","@id":"https:\/\/taboofashion.com\/de\/produkt\/russell-410f-damen-3-lagen-bionic-softshell-jacke\/#breadcrumb","itemListElement":[{"@type":"ListItem","position":1,"name":"Home","item":"https:\/\/taboofashion.com\/de\/shop\/"},{"@type":"ListItem","position":2,"name":"Shop","item":"https:\/\/taboofashion.com\/shop\/"},{"@type":"ListItem","position":3,"name":"410F Damen 3-Lagen Bionic Softshell Jacke"}]},{"@type":"WebSite","@id":"https:\/\/taboofashion.com\/de\/#website","url":"https:\/\/taboofashion.com\/de\/","name":"Fashion shop","description":"","publisher":{"@id":"https:\/\/taboofashion.com\/de\/#organization"},"potentialAction":[{"@type":"SearchAction","target":{"@type":"EntryPoint","urlTemplate":"https:\/\/taboofashion.com\/de\/?s={search_term_string}"},"query-input":"required name=search_term_string"}],"inLanguage":"de"},{"@type":"Organization","@id":"https:\/\/taboofashion.com\/de\/#organization","name":"Taboo Slovakia s.r.o.","url":"https:\/\/taboofashion.com\/de\/","logo":{"@type":"ImageObject","inLanguage":"de","@id":"https:\/\/taboofashion.com\/de\/#\/schema\/logo\/image\/","url":"https:\/\/taboofashion.com\/wp-content\/uploads\/2022\/12\/taboologo2100-002.png","contentUrl":"https:\/\/taboofashion.com\/wp-content\/uploads\/2022\/12\/taboologo2100-002.png","width":2100,"height":1050,"caption":"Taboo Slovakia s.r.o."},"image":{"@id":"https:\/\/taboofashion.com\/de\/#\/schema\/logo\/image\/"},"sameAs":["https:\/\/www.facebook.com\/TabooSlovakia","https:\/\/www.linkedin.com\/company\/541747\/","https:\/\/www.instagram.com\/taboofashion.com1\/"]}]},"product_brand":"Russell","og_availability":"instock","product_availability":"instock","product_retailer_item_id":"10410F00200","product_condition":"new"},"_links":{"self":[{"href":"https:\/\/taboofashion.com\/de\/wp-json\/wp\/v2\/product\/804709","targetHints":{"allow":["GET"]}}],"collection":[{"href":"https:\/\/taboofashion.com\/de\/wp-json\/wp\/v2\/product"}],"about":[{"href":"https:\/\/taboofashion.com\/de\/wp-json\/wp\/v2\/types\/product"}],"wp:featuredmedia":[{"embeddable":true,"href":"https:\/\/taboofashion.com\/de\/wp-json\/wp\/v2\/media\/728966"}],"wp:attachment":[{"href":"https:\/\/taboofashion.com\/de\/wp-json\/wp\/v2\/media?parent=804709"}],"wp:term":[{"taxonomy":"product_cat","embeddable":true,"href":"https:\/\/taboofashion.com\/de\/wp-json\/wp\/v2\/product_cat?post=804709"},{"taxonomy":"product_tag","embeddable":true,"href":"https:\/\/taboofashion.com\/de\/wp-json\/wp\/v2\/product_tag?post=804709"}],"curies":[{"name":"wp","href":"https:\/\/api.w.org\/{rel}","templated":true}]}}