{"id":807871,"date":"2022-08-25T21:56:50","date_gmt":"2022-08-25T19:56:50","guid":{"rendered":"https:\/\/taboofashion.com\/shop\/james-nicholson-jn-824-workwear-winter-softshelljacke-strong\/"},"modified":"2022-08-25T21:56:50","modified_gmt":"2022-08-25T19:56:50","slug":"james-nicholson-jn-824-workwear-winter-softshelljacke-strong","status":"publish","type":"product","link":"https:\/\/taboofashion.com\/de\/produkt\/james-nicholson-jn-824-workwear-winter-softshelljacke-strong\/","title":{"rendered":"JN 824 Workwear Winter Softshelljacke &#8211; Stark"},"content":{"rendered":"<p>Wind- und wasserabweisend (2.000 mm Wassers\u00e4ule), atmungsaktiv und wasserdampfdurchl\u00e4ssig (2.000 g\/m\u00b2 in 24 h), Stehkragen mit weicher Fleece-Innenseite, abnehmbare, verstellbare Kapuze, Schulterbereich mit Cordura\u00ae verst\u00e4rkt, innen w\u00e4rmende B\u00fcndchen, durchgehender unterlegter Rei\u00dfverschluss mit Windschutz, seitliche Einschubtaschen, Brusttasche und Innentasche mit Rei\u00dfverschluss, Brusttasche mit Patte, Handytasche innen, Dekorationszugang am R\u00fccken, reflektierende Elemente (ohne Schutzfunktion) an \u00c4rmeln und im R\u00fccken<\/p>\n","protected":false},"excerpt":{"rendered":"<p>320 g\/m\u00b2, 100 % Polyester, Eins\u00e4tze: 100 % Polyamid<\/p>\n","protected":false},"featured_media":728790,"template":"","meta":[],"product_cat":[2163,2164],"product_tag":[],"class_list":{"0":"post-807871","1":"product","2":"type-product","3":"status-publish","4":"has-post-thumbnail","6":"product_cat-jacken","7":"product_cat-arbeitskleidung-sicherheit","8":"pa_brand-james-nicholson-de","9":"pa_colour-koniglich-marine","10":"pa_colour-navy-marine","11":"pa_colour-rot-schwarz","12":"pa_colour-schwarz-schwarz","13":"pa_colour-dunkelgrun-schwarz","14":"pa_colour-kohlenschwarz","15":"pa_colour-schwarz-karbon","16":"pa_colour-stein-schwarz","17":"pa_colour-weis-carbon","18":"pa_size-6xl-de","19":"pa_size-xs-de","20":"pa_size-s-de","21":"pa_size-m-de","22":"pa_size-l-de","23":"pa_size-xl-de","24":"pa_size-xxl-de","25":"pa_size-3xl-de","26":"pa_size-4xl-de","27":"pa_size-5xl-de","29":"first","30":"instock","31":"taxable","32":"shipping-taxable","33":"purchasable","34":"product-type-variable","35":"has-default-attributes"},"yoast_head":"<!-- This site is optimized with the Yoast SEO plugin v21.8 - https:\/\/yoast.com\/wordpress\/plugins\/seo\/ -->\n<title>JN 824 Workwear Winter Softshelljacke - Stark &#8211; Fashion shop<\/title>\n<meta name=\"robots\" content=\"index, follow, max-snippet:-1, max-image-preview:large, max-video-preview:-1\" \/>\n<link rel=\"canonical\" href=\"https:\/\/taboofashion.com\/de\/produkt\/james-nicholson-jn-824-workwear-winter-softshelljacke-strong\/\" \/>\n<meta property=\"og:locale\" content=\"de_DE\" \/>\n<meta property=\"og:type\" content=\"article\" \/>\n<meta property=\"og:title\" content=\"JN 824 Workwear Winter Softshelljacke - Stark &#8211; Fashion shop\" \/>\n<meta property=\"og:description\" content=\"320 g\/m\u00b2, 100 % Polyester, Eins\u00e4tze: 100 % Polyamid\" \/>\n<meta property=\"og:url\" content=\"https:\/\/taboofashion.com\/de\/produkt\/james-nicholson-jn-824-workwear-winter-softshelljacke-strong\/\" \/>\n<meta property=\"og:site_name\" content=\"Fashion shop\" \/>\n<meta property=\"article:publisher\" content=\"https:\/\/www.facebook.com\/TabooSlovakia\" \/>\n<meta name=\"twitter:card\" content=\"summary_large_image\" \/>\n<script type=\"application\/ld+json\" class=\"yoast-schema-graph\">{\"@context\":\"https:\/\/schema.org\",\"@graph\":[{\"@type\":\"WebPage\",\"@id\":\"https:\/\/taboofashion.com\/de\/produkt\/james-nicholson-jn-824-workwear-winter-softshelljacke-strong\/\",\"url\":\"https:\/\/taboofashion.com\/de\/produkt\/james-nicholson-jn-824-workwear-winter-softshelljacke-strong\/\",\"name\":\"JN 824 Workwear Winter Softshelljacke - Stark &#8211; Fashion shop\",\"isPartOf\":{\"@id\":\"https:\/\/taboofashion.com\/de\/#website\"},\"datePublished\":\"2022-08-25T19:56:50+00:00\",\"dateModified\":\"2022-08-25T19:56:50+00:00\",\"breadcrumb\":{\"@id\":\"https:\/\/taboofashion.com\/de\/produkt\/james-nicholson-jn-824-workwear-winter-softshelljacke-strong\/#breadcrumb\"},\"inLanguage\":\"de\",\"potentialAction\":[{\"@type\":\"ReadAction\",\"target\":[\"https:\/\/taboofashion.com\/de\/produkt\/james-nicholson-jn-824-workwear-winter-softshelljacke-strong\/\"]}]},{\"@type\":\"BreadcrumbList\",\"@id\":\"https:\/\/taboofashion.com\/de\/produkt\/james-nicholson-jn-824-workwear-winter-softshelljacke-strong\/#breadcrumb\",\"itemListElement\":[{\"@type\":\"ListItem\",\"position\":1,\"name\":\"Home\",\"item\":\"https:\/\/taboofashion.com\/de\/shop\/\"},{\"@type\":\"ListItem\",\"position\":2,\"name\":\"Shop\",\"item\":\"https:\/\/taboofashion.com\/shop\/\"},{\"@type\":\"ListItem\",\"position\":3,\"name\":\"JN 824 Workwear Winter Softshelljacke &#8211; Stark\"}]},{\"@type\":\"WebSite\",\"@id\":\"https:\/\/taboofashion.com\/de\/#website\",\"url\":\"https:\/\/taboofashion.com\/de\/\",\"name\":\"Fashion shop\",\"description\":\"\",\"publisher\":{\"@id\":\"https:\/\/taboofashion.com\/de\/#organization\"},\"potentialAction\":[{\"@type\":\"SearchAction\",\"target\":{\"@type\":\"EntryPoint\",\"urlTemplate\":\"https:\/\/taboofashion.com\/de\/?s={search_term_string}\"},\"query-input\":\"required name=search_term_string\"}],\"inLanguage\":\"de\"},{\"@type\":\"Organization\",\"@id\":\"https:\/\/taboofashion.com\/de\/#organization\",\"name\":\"Taboo Slovakia s.r.o.\",\"url\":\"https:\/\/taboofashion.com\/de\/\",\"logo\":{\"@type\":\"ImageObject\",\"inLanguage\":\"de\",\"@id\":\"https:\/\/taboofashion.com\/de\/#\/schema\/logo\/image\/\",\"url\":\"https:\/\/taboofashion.com\/wp-content\/uploads\/2022\/12\/taboologo2100-002.png\",\"contentUrl\":\"https:\/\/taboofashion.com\/wp-content\/uploads\/2022\/12\/taboologo2100-002.png\",\"width\":2100,\"height\":1050,\"caption\":\"Taboo Slovakia s.r.o.\"},\"image\":{\"@id\":\"https:\/\/taboofashion.com\/de\/#\/schema\/logo\/image\/\"},\"sameAs\":[\"https:\/\/www.facebook.com\/TabooSlovakia\",\"https:\/\/www.linkedin.com\/company\/541747\/\",\"https:\/\/www.instagram.com\/taboofashion.com1\/\"]}]}<\/script>\n<meta property=\"product:brand\" content=\"James &amp; Nicholson\" \/>\n<meta property=\"og:availability\" content=\"instock\" \/>\n<meta property=\"product:availability\" content=\"instock\" \/>\n<meta property=\"product:retailer_item_id\" content=\"02082480800\" \/>\n<meta property=\"product:condition\" content=\"new\" \/>\n<!-- \/ Yoast SEO plugin. -->","yoast_head_json":{"title":"JN 824 Workwear Winter Softshelljacke - Stark &#8211; Fashion shop","robots":{"index":"index","follow":"follow","max-snippet":"max-snippet:-1","max-image-preview":"max-image-preview:large","max-video-preview":"max-video-preview:-1"},"canonical":"https:\/\/taboofashion.com\/de\/produkt\/james-nicholson-jn-824-workwear-winter-softshelljacke-strong\/","og_locale":"de_DE","og_type":"article","og_title":"JN 824 Workwear Winter Softshelljacke - Stark &#8211; Fashion shop","og_description":"320 g\/m\u00b2, 100 % Polyester, Eins\u00e4tze: 100 % Polyamid","og_url":"https:\/\/taboofashion.com\/de\/produkt\/james-nicholson-jn-824-workwear-winter-softshelljacke-strong\/","og_site_name":"Fashion shop","article_publisher":"https:\/\/www.facebook.com\/TabooSlovakia","twitter_card":"summary_large_image","schema":{"@context":"https:\/\/schema.org","@graph":[{"@type":"WebPage","@id":"https:\/\/taboofashion.com\/de\/produkt\/james-nicholson-jn-824-workwear-winter-softshelljacke-strong\/","url":"https:\/\/taboofashion.com\/de\/produkt\/james-nicholson-jn-824-workwear-winter-softshelljacke-strong\/","name":"JN 824 Workwear Winter Softshelljacke - Stark &#8211; Fashion shop","isPartOf":{"@id":"https:\/\/taboofashion.com\/de\/#website"},"datePublished":"2022-08-25T19:56:50+00:00","dateModified":"2022-08-25T19:56:50+00:00","breadcrumb":{"@id":"https:\/\/taboofashion.com\/de\/produkt\/james-nicholson-jn-824-workwear-winter-softshelljacke-strong\/#breadcrumb"},"inLanguage":"de","potentialAction":[{"@type":"ReadAction","target":["https:\/\/taboofashion.com\/de\/produkt\/james-nicholson-jn-824-workwear-winter-softshelljacke-strong\/"]}]},{"@type":"BreadcrumbList","@id":"https:\/\/taboofashion.com\/de\/produkt\/james-nicholson-jn-824-workwear-winter-softshelljacke-strong\/#breadcrumb","itemListElement":[{"@type":"ListItem","position":1,"name":"Home","item":"https:\/\/taboofashion.com\/de\/shop\/"},{"@type":"ListItem","position":2,"name":"Shop","item":"https:\/\/taboofashion.com\/shop\/"},{"@type":"ListItem","position":3,"name":"JN 824 Workwear Winter Softshelljacke &#8211; Stark"}]},{"@type":"WebSite","@id":"https:\/\/taboofashion.com\/de\/#website","url":"https:\/\/taboofashion.com\/de\/","name":"Fashion shop","description":"","publisher":{"@id":"https:\/\/taboofashion.com\/de\/#organization"},"potentialAction":[{"@type":"SearchAction","target":{"@type":"EntryPoint","urlTemplate":"https:\/\/taboofashion.com\/de\/?s={search_term_string}"},"query-input":"required name=search_term_string"}],"inLanguage":"de"},{"@type":"Organization","@id":"https:\/\/taboofashion.com\/de\/#organization","name":"Taboo Slovakia s.r.o.","url":"https:\/\/taboofashion.com\/de\/","logo":{"@type":"ImageObject","inLanguage":"de","@id":"https:\/\/taboofashion.com\/de\/#\/schema\/logo\/image\/","url":"https:\/\/taboofashion.com\/wp-content\/uploads\/2022\/12\/taboologo2100-002.png","contentUrl":"https:\/\/taboofashion.com\/wp-content\/uploads\/2022\/12\/taboologo2100-002.png","width":2100,"height":1050,"caption":"Taboo Slovakia s.r.o."},"image":{"@id":"https:\/\/taboofashion.com\/de\/#\/schema\/logo\/image\/"},"sameAs":["https:\/\/www.facebook.com\/TabooSlovakia","https:\/\/www.linkedin.com\/company\/541747\/","https:\/\/www.instagram.com\/taboofashion.com1\/"]}]},"product_brand":"James &amp; Nicholson","og_availability":"instock","product_availability":"instock","product_retailer_item_id":"02082480800","product_condition":"new"},"_links":{"self":[{"href":"https:\/\/taboofashion.com\/de\/wp-json\/wp\/v2\/product\/807871","targetHints":{"allow":["GET"]}}],"collection":[{"href":"https:\/\/taboofashion.com\/de\/wp-json\/wp\/v2\/product"}],"about":[{"href":"https:\/\/taboofashion.com\/de\/wp-json\/wp\/v2\/types\/product"}],"wp:featuredmedia":[{"embeddable":true,"href":"https:\/\/taboofashion.com\/de\/wp-json\/wp\/v2\/media\/728790"}],"wp:attachment":[{"href":"https:\/\/taboofashion.com\/de\/wp-json\/wp\/v2\/media?parent=807871"}],"wp:term":[{"taxonomy":"product_cat","embeddable":true,"href":"https:\/\/taboofashion.com\/de\/wp-json\/wp\/v2\/product_cat?post=807871"},{"taxonomy":"product_tag","embeddable":true,"href":"https:\/\/taboofashion.com\/de\/wp-json\/wp\/v2\/product_tag?post=807871"}],"curies":[{"name":"wp","href":"https:\/\/api.w.org\/{rel}","templated":true}]}}