{"id":815864,"date":"2022-08-28T12:45:10","date_gmt":"2022-08-28T10:45:10","guid":{"rendered":"https:\/\/taboofashion.com\/shop\/kariban-k446-kontrast-kapuzenpullover\/"},"modified":"2023-04-13T06:10:38","modified_gmt":"2023-04-13T04:10:38","slug":"kariban-k446-kontrast-kapuzenpullover","status":"publish","type":"product","link":"https:\/\/taboofashion.com\/de\/produkt\/kariban-k446-kontrast-kapuzenpullover\/","title":{"rendered":"K446 Kontrast-Pullover mit Kapuze"},"content":{"rendered":"<p>Gef\u00fctterte Kapuze in Kontrastfarbe mit Kordelzug, Rippb\u00fcndchen und -saum, K\u00e4ngurutasche mit Zugang f\u00fcr Kopfh\u00f6rer, innen angeraut<\/p>\n","protected":false},"excerpt":{"rendered":"<p>280 g\/m\u00b2, 80 % Baumwolle, 20 % Polyester<\/p>\n","protected":false},"featured_media":729254,"template":"","meta":[],"product_cat":[2168],"product_tag":[],"class_list":{"0":"post-815864","1":"product","2":"type-product","3":"status-publish","4":"has-post-thumbnail","6":"product_cat-laessiger-pullover-de","7":"pa_brand-kariban-de","8":"pa_colour-dunkelgrau-schwarz","9":"pa_colour-himmelblau-weis","10":"pa_colour-schwarz-gelb","11":"pa_colour-fuchsia-feingrau","12":"pa_colour-hell-kellygrun-weis","13":"pa_colour-hell-royalblau-gelb","14":"pa_colour-hell-royalblau-weis","15":"pa_colour-lila-oxford-grau","16":"pa_colour-marine-feingrau","17":"pa_colour-orange-weis","18":"pa_colour-oxfordgrau-marine","19":"pa_colour-rot-weiss","20":"pa_colour-schwarz-rot","21":"pa_colour-schwarz-feingrau-de","22":"pa_colour-tropisch-blau-weis","23":"pa_colour-weis-feingrau","24":"pa_size-xs-de","25":"pa_size-s-de","26":"pa_size-m-de","27":"pa_size-l-de","28":"pa_size-xl-de","29":"pa_size-xxl-de","30":"pa_size-3xl-de","31":"pa_size-4xl-de","33":"first","34":"instock","35":"taxable","36":"shipping-taxable","37":"purchasable","38":"product-type-variable","39":"has-default-attributes"},"yoast_head":"<!-- This site is optimized with the Yoast SEO plugin v21.8 - https:\/\/yoast.com\/wordpress\/plugins\/seo\/ -->\n<title>K446 Kontrast-Pullover mit Kapuze &#8211; Fashion shop<\/title>\n<meta name=\"robots\" content=\"index, follow, max-snippet:-1, max-image-preview:large, max-video-preview:-1\" \/>\n<link rel=\"canonical\" href=\"https:\/\/taboofashion.com\/de\/produkt\/kariban-k446-kontrast-kapuzenpullover\/\" \/>\n<meta property=\"og:locale\" content=\"de_DE\" \/>\n<meta property=\"og:type\" content=\"article\" \/>\n<meta property=\"og:title\" content=\"K446 Kontrast-Pullover mit Kapuze &#8211; Fashion shop\" \/>\n<meta property=\"og:description\" content=\"280 g\/m\u00b2, 80 % Baumwolle, 20 % Polyester\" \/>\n<meta property=\"og:url\" content=\"https:\/\/taboofashion.com\/de\/produkt\/kariban-k446-kontrast-kapuzenpullover\/\" \/>\n<meta property=\"og:site_name\" content=\"Fashion shop\" \/>\n<meta property=\"article:publisher\" content=\"https:\/\/www.facebook.com\/TabooSlovakia\" \/>\n<meta property=\"article:modified_time\" content=\"2023-04-13T04:10:38+00:00\" \/>\n<meta property=\"og:image\" content=\"https:\/\/taboofashion.com\/wp-content\/uploads\/2022\/08\/LS-20.K446-Kariban-K446-3.jpg\" \/>\n\t<meta property=\"og:image:width\" content=\"1000\" \/>\n\t<meta property=\"og:image:height\" content=\"1000\" \/>\n\t<meta property=\"og:image:type\" content=\"image\/jpeg\" \/>\n<meta name=\"twitter:card\" content=\"summary_large_image\" \/>\n<script type=\"application\/ld+json\" class=\"yoast-schema-graph\">{\"@context\":\"https:\/\/schema.org\",\"@graph\":[{\"@type\":\"WebPage\",\"@id\":\"https:\/\/taboofashion.com\/de\/produkt\/kariban-k446-kontrast-kapuzenpullover\/\",\"url\":\"https:\/\/taboofashion.com\/de\/produkt\/kariban-k446-kontrast-kapuzenpullover\/\",\"name\":\"K446 Kontrast-Pullover mit Kapuze &#8211; Fashion shop\",\"isPartOf\":{\"@id\":\"https:\/\/taboofashion.com\/de\/#website\"},\"datePublished\":\"2022-08-28T10:45:10+00:00\",\"dateModified\":\"2023-04-13T04:10:38+00:00\",\"breadcrumb\":{\"@id\":\"https:\/\/taboofashion.com\/de\/produkt\/kariban-k446-kontrast-kapuzenpullover\/#breadcrumb\"},\"inLanguage\":\"de\",\"potentialAction\":[{\"@type\":\"ReadAction\",\"target\":[\"https:\/\/taboofashion.com\/de\/produkt\/kariban-k446-kontrast-kapuzenpullover\/\"]}]},{\"@type\":\"BreadcrumbList\",\"@id\":\"https:\/\/taboofashion.com\/de\/produkt\/kariban-k446-kontrast-kapuzenpullover\/#breadcrumb\",\"itemListElement\":[{\"@type\":\"ListItem\",\"position\":1,\"name\":\"Home\",\"item\":\"https:\/\/taboofashion.com\/de\/shop\/\"},{\"@type\":\"ListItem\",\"position\":2,\"name\":\"Shop\",\"item\":\"https:\/\/taboofashion.com\/shop\/\"},{\"@type\":\"ListItem\",\"position\":3,\"name\":\"K446 Kontrast-Pullover mit Kapuze\"}]},{\"@type\":\"WebSite\",\"@id\":\"https:\/\/taboofashion.com\/de\/#website\",\"url\":\"https:\/\/taboofashion.com\/de\/\",\"name\":\"Fashion shop\",\"description\":\"\",\"publisher\":{\"@id\":\"https:\/\/taboofashion.com\/de\/#organization\"},\"potentialAction\":[{\"@type\":\"SearchAction\",\"target\":{\"@type\":\"EntryPoint\",\"urlTemplate\":\"https:\/\/taboofashion.com\/de\/?s={search_term_string}\"},\"query-input\":\"required name=search_term_string\"}],\"inLanguage\":\"de\"},{\"@type\":\"Organization\",\"@id\":\"https:\/\/taboofashion.com\/de\/#organization\",\"name\":\"Taboo Slovakia s.r.o.\",\"url\":\"https:\/\/taboofashion.com\/de\/\",\"logo\":{\"@type\":\"ImageObject\",\"inLanguage\":\"de\",\"@id\":\"https:\/\/taboofashion.com\/de\/#\/schema\/logo\/image\/\",\"url\":\"https:\/\/taboofashion.com\/wp-content\/uploads\/2022\/12\/taboologo2100-002.png\",\"contentUrl\":\"https:\/\/taboofashion.com\/wp-content\/uploads\/2022\/12\/taboologo2100-002.png\",\"width\":2100,\"height\":1050,\"caption\":\"Taboo Slovakia s.r.o.\"},\"image\":{\"@id\":\"https:\/\/taboofashion.com\/de\/#\/schema\/logo\/image\/\"},\"sameAs\":[\"https:\/\/www.facebook.com\/TabooSlovakia\",\"https:\/\/www.linkedin.com\/company\/541747\/\",\"https:\/\/www.instagram.com\/taboofashion.com1\/\"]}]}<\/script>\n<meta property=\"product:brand\" content=\"Kariban\" \/>\n<meta property=\"og:availability\" content=\"instock\" \/>\n<meta property=\"product:availability\" content=\"instock\" \/>\n<meta property=\"product:retailer_item_id\" content=\"20K44619700\" \/>\n<meta property=\"product:condition\" content=\"new\" \/>\n<!-- \/ Yoast SEO plugin. -->","yoast_head_json":{"title":"K446 Kontrast-Pullover mit Kapuze &#8211; Fashion shop","robots":{"index":"index","follow":"follow","max-snippet":"max-snippet:-1","max-image-preview":"max-image-preview:large","max-video-preview":"max-video-preview:-1"},"canonical":"https:\/\/taboofashion.com\/de\/produkt\/kariban-k446-kontrast-kapuzenpullover\/","og_locale":"de_DE","og_type":"article","og_title":"K446 Kontrast-Pullover mit Kapuze &#8211; Fashion shop","og_description":"280 g\/m\u00b2, 80 % Baumwolle, 20 % Polyester","og_url":"https:\/\/taboofashion.com\/de\/produkt\/kariban-k446-kontrast-kapuzenpullover\/","og_site_name":"Fashion shop","article_publisher":"https:\/\/www.facebook.com\/TabooSlovakia","article_modified_time":"2023-04-13T04:10:38+00:00","og_image":[{"width":1000,"height":1000,"url":"https:\/\/taboofashion.com\/wp-content\/uploads\/2022\/08\/LS-20.K446-Kariban-K446-3.jpg","type":"image\/jpeg"}],"twitter_card":"summary_large_image","schema":{"@context":"https:\/\/schema.org","@graph":[{"@type":"WebPage","@id":"https:\/\/taboofashion.com\/de\/produkt\/kariban-k446-kontrast-kapuzenpullover\/","url":"https:\/\/taboofashion.com\/de\/produkt\/kariban-k446-kontrast-kapuzenpullover\/","name":"K446 Kontrast-Pullover mit Kapuze &#8211; Fashion shop","isPartOf":{"@id":"https:\/\/taboofashion.com\/de\/#website"},"datePublished":"2022-08-28T10:45:10+00:00","dateModified":"2023-04-13T04:10:38+00:00","breadcrumb":{"@id":"https:\/\/taboofashion.com\/de\/produkt\/kariban-k446-kontrast-kapuzenpullover\/#breadcrumb"},"inLanguage":"de","potentialAction":[{"@type":"ReadAction","target":["https:\/\/taboofashion.com\/de\/produkt\/kariban-k446-kontrast-kapuzenpullover\/"]}]},{"@type":"BreadcrumbList","@id":"https:\/\/taboofashion.com\/de\/produkt\/kariban-k446-kontrast-kapuzenpullover\/#breadcrumb","itemListElement":[{"@type":"ListItem","position":1,"name":"Home","item":"https:\/\/taboofashion.com\/de\/shop\/"},{"@type":"ListItem","position":2,"name":"Shop","item":"https:\/\/taboofashion.com\/shop\/"},{"@type":"ListItem","position":3,"name":"K446 Kontrast-Pullover mit Kapuze"}]},{"@type":"WebSite","@id":"https:\/\/taboofashion.com\/de\/#website","url":"https:\/\/taboofashion.com\/de\/","name":"Fashion shop","description":"","publisher":{"@id":"https:\/\/taboofashion.com\/de\/#organization"},"potentialAction":[{"@type":"SearchAction","target":{"@type":"EntryPoint","urlTemplate":"https:\/\/taboofashion.com\/de\/?s={search_term_string}"},"query-input":"required name=search_term_string"}],"inLanguage":"de"},{"@type":"Organization","@id":"https:\/\/taboofashion.com\/de\/#organization","name":"Taboo Slovakia s.r.o.","url":"https:\/\/taboofashion.com\/de\/","logo":{"@type":"ImageObject","inLanguage":"de","@id":"https:\/\/taboofashion.com\/de\/#\/schema\/logo\/image\/","url":"https:\/\/taboofashion.com\/wp-content\/uploads\/2022\/12\/taboologo2100-002.png","contentUrl":"https:\/\/taboofashion.com\/wp-content\/uploads\/2022\/12\/taboologo2100-002.png","width":2100,"height":1050,"caption":"Taboo Slovakia s.r.o."},"image":{"@id":"https:\/\/taboofashion.com\/de\/#\/schema\/logo\/image\/"},"sameAs":["https:\/\/www.facebook.com\/TabooSlovakia","https:\/\/www.linkedin.com\/company\/541747\/","https:\/\/www.instagram.com\/taboofashion.com1\/"]}]},"product_brand":"Kariban","og_availability":"instock","product_availability":"instock","product_retailer_item_id":"20K44619700","product_condition":"new"},"_links":{"self":[{"href":"https:\/\/taboofashion.com\/de\/wp-json\/wp\/v2\/product\/815864","targetHints":{"allow":["GET"]}}],"collection":[{"href":"https:\/\/taboofashion.com\/de\/wp-json\/wp\/v2\/product"}],"about":[{"href":"https:\/\/taboofashion.com\/de\/wp-json\/wp\/v2\/types\/product"}],"wp:featuredmedia":[{"embeddable":true,"href":"https:\/\/taboofashion.com\/de\/wp-json\/wp\/v2\/media\/729254"}],"wp:attachment":[{"href":"https:\/\/taboofashion.com\/de\/wp-json\/wp\/v2\/media?parent=815864"}],"wp:term":[{"taxonomy":"product_cat","embeddable":true,"href":"https:\/\/taboofashion.com\/de\/wp-json\/wp\/v2\/product_cat?post=815864"},{"taxonomy":"product_tag","embeddable":true,"href":"https:\/\/taboofashion.com\/de\/wp-json\/wp\/v2\/product_tag?post=815864"}],"curies":[{"name":"wp","href":"https:\/\/api.w.org\/{rel}","templated":true}]}}