{"id":817006,"date":"2022-08-28T11:07:45","date_gmt":"2022-08-28T09:07:45","guid":{"rendered":"https:\/\/taboofashion.com\/shop\/kariban-k382-damen-v-ausschnitt-t-shirt-langarm\/"},"modified":"2023-04-13T06:20:59","modified_gmt":"2023-04-13T04:20:59","slug":"kariban-k382-damen-v-ausschnitt-t-shirt-langarm","status":"publish","type":"product","link":"https:\/\/taboofashion.com\/de\/produkt\/kariban-k382-damen-v-ausschnitt-t-shirt-langarm\/","title":{"rendered":"K382 Damen V-Neck T-Shirt langarm"},"content":{"rendered":"<p>Taillierter Schnitt, schmal eingefasster V-Ausschnitt, Nackenband in Kontrastfarbe (grau) bei farbigen Shirts und wei\u00df bei wei\u00dfen Shirts, Doppeln\u00e4hte<\/p>\n","protected":false},"excerpt":{"rendered":"<p>180 g\/m\u00b2, 100 % Baumwolle, enzymgewaschen, Oxford-Grau: 90 % Baumwolle, 10 % Viskose<\/p>\n","protected":false},"featured_media":728654,"template":"","meta":[],"product_cat":[2161],"product_tag":[10130],"class_list":{"0":"post-817006","1":"product","2":"type-product","3":"status-publish","4":"has-post-thumbnail","6":"product_cat-t-shirts-de","7":"product_tag-kariban_20_k382_damen","8":"pa_brand-kariban-de","9":"pa_colour-dunkelkhaki","10":"pa_colour-oxford-grau","11":"pa_colour-tropisches-blau","12":"pa_colour-black-de","13":"pa_colour-chocolate-de","14":"pa_colour-dark-grey-de","15":"pa_colour-fuchsia-de","16":"pa_colour-gelb","17":"pa_colour-hell-konigsblau","18":"pa_colour-heller-sand","19":"pa_colour-kelly-green-de","20":"pa_colour-lila-de","21":"pa_colour-lime-de","22":"pa_colour-navy-de","23":"pa_colour-orange-de","24":"pa_colour-red-de","25":"pa_colour-sky-blue-de","26":"pa_colour-waldgrun","27":"pa_colour-wein","28":"pa_colour-white-de","29":"pa_size-s-de","30":"pa_size-m-de","31":"pa_size-l-de","32":"pa_size-xl-de","33":"pa_size-xxl-de","34":"pa_size-3xl-de","36":"first","37":"instock","38":"taxable","39":"shipping-taxable","40":"purchasable","41":"product-type-variable","42":"has-default-attributes"},"yoast_head":"<!-- This site is optimized with the Yoast SEO plugin v21.8 - https:\/\/yoast.com\/wordpress\/plugins\/seo\/ -->\n<title>K382 Damen V-Neck T-Shirt langarm &#8211; Fashion shop<\/title>\n<meta name=\"robots\" content=\"index, follow, max-snippet:-1, max-image-preview:large, max-video-preview:-1\" \/>\n<link rel=\"canonical\" href=\"https:\/\/taboofashion.com\/de\/produkt\/kariban-k382-damen-v-ausschnitt-t-shirt-langarm\/\" \/>\n<meta property=\"og:locale\" content=\"de_DE\" \/>\n<meta property=\"og:type\" content=\"article\" \/>\n<meta property=\"og:title\" content=\"K382 Damen V-Neck T-Shirt langarm &#8211; Fashion shop\" \/>\n<meta property=\"og:description\" content=\"180 g\/m\u00b2, 100 % Baumwolle, enzymgewaschen, Oxford-Grau: 90 % Baumwolle, 10 % Viskose\" \/>\n<meta property=\"og:url\" content=\"https:\/\/taboofashion.com\/de\/produkt\/kariban-k382-damen-v-ausschnitt-t-shirt-langarm\/\" \/>\n<meta property=\"og:site_name\" content=\"Fashion shop\" \/>\n<meta property=\"article:publisher\" content=\"https:\/\/www.facebook.com\/TabooSlovakia\" \/>\n<meta property=\"article:modified_time\" content=\"2023-04-13T04:20:59+00:00\" \/>\n<meta property=\"og:image\" content=\"https:\/\/taboofashion.com\/wp-content\/uploads\/2022\/08\/KARIBAN_20_K382_Ladies.jpg\" \/>\n\t<meta property=\"og:image:width\" content=\"1000\" \/>\n\t<meta property=\"og:image:height\" content=\"1000\" \/>\n\t<meta property=\"og:image:type\" content=\"image\/jpeg\" \/>\n<meta name=\"twitter:card\" content=\"summary_large_image\" \/>\n<script type=\"application\/ld+json\" class=\"yoast-schema-graph\">{\"@context\":\"https:\/\/schema.org\",\"@graph\":[{\"@type\":\"WebPage\",\"@id\":\"https:\/\/taboofashion.com\/de\/produkt\/kariban-k382-damen-v-ausschnitt-t-shirt-langarm\/\",\"url\":\"https:\/\/taboofashion.com\/de\/produkt\/kariban-k382-damen-v-ausschnitt-t-shirt-langarm\/\",\"name\":\"K382 Damen V-Neck T-Shirt langarm &#8211; Fashion shop\",\"isPartOf\":{\"@id\":\"https:\/\/taboofashion.com\/de\/#website\"},\"datePublished\":\"2022-08-28T09:07:45+00:00\",\"dateModified\":\"2023-04-13T04:20:59+00:00\",\"breadcrumb\":{\"@id\":\"https:\/\/taboofashion.com\/de\/produkt\/kariban-k382-damen-v-ausschnitt-t-shirt-langarm\/#breadcrumb\"},\"inLanguage\":\"de\",\"potentialAction\":[{\"@type\":\"ReadAction\",\"target\":[\"https:\/\/taboofashion.com\/de\/produkt\/kariban-k382-damen-v-ausschnitt-t-shirt-langarm\/\"]}]},{\"@type\":\"BreadcrumbList\",\"@id\":\"https:\/\/taboofashion.com\/de\/produkt\/kariban-k382-damen-v-ausschnitt-t-shirt-langarm\/#breadcrumb\",\"itemListElement\":[{\"@type\":\"ListItem\",\"position\":1,\"name\":\"Home\",\"item\":\"https:\/\/taboofashion.com\/de\/shop\/\"},{\"@type\":\"ListItem\",\"position\":2,\"name\":\"Shop\",\"item\":\"https:\/\/taboofashion.com\/shop\/\"},{\"@type\":\"ListItem\",\"position\":3,\"name\":\"K382 Damen V-Neck T-Shirt langarm\"}]},{\"@type\":\"WebSite\",\"@id\":\"https:\/\/taboofashion.com\/de\/#website\",\"url\":\"https:\/\/taboofashion.com\/de\/\",\"name\":\"Fashion shop\",\"description\":\"\",\"publisher\":{\"@id\":\"https:\/\/taboofashion.com\/de\/#organization\"},\"potentialAction\":[{\"@type\":\"SearchAction\",\"target\":{\"@type\":\"EntryPoint\",\"urlTemplate\":\"https:\/\/taboofashion.com\/de\/?s={search_term_string}\"},\"query-input\":\"required name=search_term_string\"}],\"inLanguage\":\"de\"},{\"@type\":\"Organization\",\"@id\":\"https:\/\/taboofashion.com\/de\/#organization\",\"name\":\"Taboo Slovakia s.r.o.\",\"url\":\"https:\/\/taboofashion.com\/de\/\",\"logo\":{\"@type\":\"ImageObject\",\"inLanguage\":\"de\",\"@id\":\"https:\/\/taboofashion.com\/de\/#\/schema\/logo\/image\/\",\"url\":\"https:\/\/taboofashion.com\/wp-content\/uploads\/2022\/12\/taboologo2100-002.png\",\"contentUrl\":\"https:\/\/taboofashion.com\/wp-content\/uploads\/2022\/12\/taboologo2100-002.png\",\"width\":2100,\"height\":1050,\"caption\":\"Taboo Slovakia s.r.o.\"},\"image\":{\"@id\":\"https:\/\/taboofashion.com\/de\/#\/schema\/logo\/image\/\"},\"sameAs\":[\"https:\/\/www.facebook.com\/TabooSlovakia\",\"https:\/\/www.linkedin.com\/company\/541747\/\",\"https:\/\/www.instagram.com\/taboofashion.com1\/\"]}]}<\/script>\n<meta property=\"product:brand\" content=\"Kariban\" \/>\n<meta property=\"og:availability\" content=\"instock\" \/>\n<meta property=\"product:availability\" content=\"instock\" \/>\n<meta property=\"product:retailer_item_id\" content=\"20K38200101\" \/>\n<meta property=\"product:condition\" content=\"new\" \/>\n<!-- \/ Yoast SEO plugin. -->","yoast_head_json":{"title":"K382 Damen V-Neck T-Shirt langarm &#8211; Fashion shop","robots":{"index":"index","follow":"follow","max-snippet":"max-snippet:-1","max-image-preview":"max-image-preview:large","max-video-preview":"max-video-preview:-1"},"canonical":"https:\/\/taboofashion.com\/de\/produkt\/kariban-k382-damen-v-ausschnitt-t-shirt-langarm\/","og_locale":"de_DE","og_type":"article","og_title":"K382 Damen V-Neck T-Shirt langarm &#8211; Fashion shop","og_description":"180 g\/m\u00b2, 100 % Baumwolle, enzymgewaschen, Oxford-Grau: 90 % Baumwolle, 10 % Viskose","og_url":"https:\/\/taboofashion.com\/de\/produkt\/kariban-k382-damen-v-ausschnitt-t-shirt-langarm\/","og_site_name":"Fashion shop","article_publisher":"https:\/\/www.facebook.com\/TabooSlovakia","article_modified_time":"2023-04-13T04:20:59+00:00","og_image":[{"width":1000,"height":1000,"url":"https:\/\/taboofashion.com\/wp-content\/uploads\/2022\/08\/KARIBAN_20_K382_Ladies.jpg","type":"image\/jpeg"}],"twitter_card":"summary_large_image","schema":{"@context":"https:\/\/schema.org","@graph":[{"@type":"WebPage","@id":"https:\/\/taboofashion.com\/de\/produkt\/kariban-k382-damen-v-ausschnitt-t-shirt-langarm\/","url":"https:\/\/taboofashion.com\/de\/produkt\/kariban-k382-damen-v-ausschnitt-t-shirt-langarm\/","name":"K382 Damen V-Neck T-Shirt langarm &#8211; Fashion shop","isPartOf":{"@id":"https:\/\/taboofashion.com\/de\/#website"},"datePublished":"2022-08-28T09:07:45+00:00","dateModified":"2023-04-13T04:20:59+00:00","breadcrumb":{"@id":"https:\/\/taboofashion.com\/de\/produkt\/kariban-k382-damen-v-ausschnitt-t-shirt-langarm\/#breadcrumb"},"inLanguage":"de","potentialAction":[{"@type":"ReadAction","target":["https:\/\/taboofashion.com\/de\/produkt\/kariban-k382-damen-v-ausschnitt-t-shirt-langarm\/"]}]},{"@type":"BreadcrumbList","@id":"https:\/\/taboofashion.com\/de\/produkt\/kariban-k382-damen-v-ausschnitt-t-shirt-langarm\/#breadcrumb","itemListElement":[{"@type":"ListItem","position":1,"name":"Home","item":"https:\/\/taboofashion.com\/de\/shop\/"},{"@type":"ListItem","position":2,"name":"Shop","item":"https:\/\/taboofashion.com\/shop\/"},{"@type":"ListItem","position":3,"name":"K382 Damen V-Neck T-Shirt langarm"}]},{"@type":"WebSite","@id":"https:\/\/taboofashion.com\/de\/#website","url":"https:\/\/taboofashion.com\/de\/","name":"Fashion shop","description":"","publisher":{"@id":"https:\/\/taboofashion.com\/de\/#organization"},"potentialAction":[{"@type":"SearchAction","target":{"@type":"EntryPoint","urlTemplate":"https:\/\/taboofashion.com\/de\/?s={search_term_string}"},"query-input":"required name=search_term_string"}],"inLanguage":"de"},{"@type":"Organization","@id":"https:\/\/taboofashion.com\/de\/#organization","name":"Taboo Slovakia s.r.o.","url":"https:\/\/taboofashion.com\/de\/","logo":{"@type":"ImageObject","inLanguage":"de","@id":"https:\/\/taboofashion.com\/de\/#\/schema\/logo\/image\/","url":"https:\/\/taboofashion.com\/wp-content\/uploads\/2022\/12\/taboologo2100-002.png","contentUrl":"https:\/\/taboofashion.com\/wp-content\/uploads\/2022\/12\/taboologo2100-002.png","width":2100,"height":1050,"caption":"Taboo Slovakia s.r.o."},"image":{"@id":"https:\/\/taboofashion.com\/de\/#\/schema\/logo\/image\/"},"sameAs":["https:\/\/www.facebook.com\/TabooSlovakia","https:\/\/www.linkedin.com\/company\/541747\/","https:\/\/www.instagram.com\/taboofashion.com1\/"]}]},"product_brand":"Kariban","og_availability":"instock","product_availability":"instock","product_retailer_item_id":"20K38200101","product_condition":"new"},"_links":{"self":[{"href":"https:\/\/taboofashion.com\/de\/wp-json\/wp\/v2\/product\/817006","targetHints":{"allow":["GET"]}}],"collection":[{"href":"https:\/\/taboofashion.com\/de\/wp-json\/wp\/v2\/product"}],"about":[{"href":"https:\/\/taboofashion.com\/de\/wp-json\/wp\/v2\/types\/product"}],"wp:featuredmedia":[{"embeddable":true,"href":"https:\/\/taboofashion.com\/de\/wp-json\/wp\/v2\/media\/728654"}],"wp:attachment":[{"href":"https:\/\/taboofashion.com\/de\/wp-json\/wp\/v2\/media?parent=817006"}],"wp:term":[{"taxonomy":"product_cat","embeddable":true,"href":"https:\/\/taboofashion.com\/de\/wp-json\/wp\/v2\/product_cat?post=817006"},{"taxonomy":"product_tag","embeddable":true,"href":"https:\/\/taboofashion.com\/de\/wp-json\/wp\/v2\/product_tag?post=817006"}],"curies":[{"name":"wp","href":"https:\/\/api.w.org\/{rel}","templated":true}]}}