{"id":828116,"date":"2022-08-26T13:17:30","date_gmt":"2022-08-26T11:17:30","guid":{"rendered":"https:\/\/taboofashion.com\/shop\/james-nicholson-jn-1815-workwear-hardshell-wattierte-jacke\/"},"modified":"2023-04-13T08:29:01","modified_gmt":"2023-04-13T06:29:01","slug":"james-nicholson-jn-1815-workwear-hardshell-wattierte-jacke","status":"publish","type":"product","link":"https:\/\/taboofashion.com\/de\/produkt\/james-nicholson-jn-1815-workwear-hardshell-wattierte-jacke\/","title":{"rendered":"JN 1815 Workwear Hardshell Wattierte Jacke"},"content":{"rendered":"<p>Wind- und wasserdicht (10.000 mm Wassers\u00e4ule), atmungsaktiv und wasserdampfdurchl\u00e4ssig (5.000 g\/m\u00b2 in 24 h), Stehkragen, abnehmbare, weiten- und l\u00e4ngenverstellbare Kapuze, YKK-Rei\u00dfverschl\u00fcsse, versiegelte N\u00e4hte, ergonomisch verl\u00e4ngerter R\u00fccken, Dekorationszugang am R\u00fccken, Ripstop-Gewebe, robust und strapazierf\u00e4hig, reflektierende Elemente (ohne Schutzfunktion), 30\u00b0 waschbar<\/p>\n","protected":false},"excerpt":{"rendered":"<p>Oberstoff: 100 % recycelter Polyester, Futter: 100 % recycelter Polyester, Wattierung: 100 % Polyester DuPont\u2122 Sorona\u00ae<\/p>\n","protected":false},"featured_media":728745,"template":"","meta":[],"product_cat":[2163,2164],"product_tag":[],"class_list":{"0":"post-828116","1":"product","2":"type-product","3":"status-publish","4":"has-post-thumbnail","6":"product_cat-jacken","7":"product_cat-arbeitskleidung-sicherheit","8":"pa_brand-james-nicholson-de","9":"pa_colour-schwarz-schwarz","10":"pa_colour-kohlenschwarz","11":"pa_colour-marineblau-karbon","12":"pa_colour-schwarz-karbon","13":"pa_size-6xl-de","14":"pa_size-xs-de","15":"pa_size-s-de","16":"pa_size-m-de","17":"pa_size-l-de","18":"pa_size-xl-de","19":"pa_size-xxl-de","20":"pa_size-3xl-de","21":"pa_size-4xl-de","22":"pa_size-5xl-de","24":"first","25":"instock","26":"taxable","27":"shipping-taxable","28":"purchasable","29":"product-type-variable","30":"has-default-attributes"},"yoast_head":"<!-- This site is optimized with the Yoast SEO plugin v21.8 - https:\/\/yoast.com\/wordpress\/plugins\/seo\/ -->\n<title>JN 1815 Workwear Hardshell Wattierte Jacke &#8211; Fashion shop<\/title>\n<meta name=\"robots\" content=\"index, follow, max-snippet:-1, max-image-preview:large, max-video-preview:-1\" \/>\n<link rel=\"canonical\" href=\"https:\/\/taboofashion.com\/de\/produkt\/james-nicholson-jn-1815-workwear-hardshell-wattierte-jacke\/\" \/>\n<meta property=\"og:locale\" content=\"de_DE\" \/>\n<meta property=\"og:type\" content=\"article\" \/>\n<meta property=\"og:title\" content=\"JN 1815 Workwear Hardshell Wattierte Jacke &#8211; Fashion shop\" \/>\n<meta property=\"og:description\" content=\"Oberstoff: 100 % recycelter Polyester, Futter: 100 % recycelter Polyester, Wattierung: 100 % Polyester DuPont\u2122 Sorona\u00ae\" \/>\n<meta property=\"og:url\" content=\"https:\/\/taboofashion.com\/de\/produkt\/james-nicholson-jn-1815-workwear-hardshell-wattierte-jacke\/\" \/>\n<meta property=\"og:site_name\" content=\"Fashion shop\" \/>\n<meta property=\"article:publisher\" content=\"https:\/\/www.facebook.com\/TabooSlovakia\" \/>\n<meta property=\"article:modified_time\" content=\"2023-04-13T06:29:01+00:00\" \/>\n<meta property=\"og:image\" content=\"https:\/\/taboofashion.com\/wp-content\/uploads\/2022\/08\/LS-02.1815-James-Nicholson-JN-1815-4.jpg\" \/>\n\t<meta property=\"og:image:width\" content=\"1000\" \/>\n\t<meta property=\"og:image:height\" content=\"1000\" \/>\n\t<meta property=\"og:image:type\" content=\"image\/jpeg\" \/>\n<meta name=\"twitter:card\" content=\"summary_large_image\" \/>\n<script type=\"application\/ld+json\" class=\"yoast-schema-graph\">{\"@context\":\"https:\/\/schema.org\",\"@graph\":[{\"@type\":\"WebPage\",\"@id\":\"https:\/\/taboofashion.com\/de\/produkt\/james-nicholson-jn-1815-workwear-hardshell-wattierte-jacke\/\",\"url\":\"https:\/\/taboofashion.com\/de\/produkt\/james-nicholson-jn-1815-workwear-hardshell-wattierte-jacke\/\",\"name\":\"JN 1815 Workwear Hardshell Wattierte Jacke &#8211; Fashion shop\",\"isPartOf\":{\"@id\":\"https:\/\/taboofashion.com\/de\/#website\"},\"datePublished\":\"2022-08-26T11:17:30+00:00\",\"dateModified\":\"2023-04-13T06:29:01+00:00\",\"breadcrumb\":{\"@id\":\"https:\/\/taboofashion.com\/de\/produkt\/james-nicholson-jn-1815-workwear-hardshell-wattierte-jacke\/#breadcrumb\"},\"inLanguage\":\"de\",\"potentialAction\":[{\"@type\":\"ReadAction\",\"target\":[\"https:\/\/taboofashion.com\/de\/produkt\/james-nicholson-jn-1815-workwear-hardshell-wattierte-jacke\/\"]}]},{\"@type\":\"BreadcrumbList\",\"@id\":\"https:\/\/taboofashion.com\/de\/produkt\/james-nicholson-jn-1815-workwear-hardshell-wattierte-jacke\/#breadcrumb\",\"itemListElement\":[{\"@type\":\"ListItem\",\"position\":1,\"name\":\"Home\",\"item\":\"https:\/\/taboofashion.com\/de\/shop\/\"},{\"@type\":\"ListItem\",\"position\":2,\"name\":\"Shop\",\"item\":\"https:\/\/taboofashion.com\/shop\/\"},{\"@type\":\"ListItem\",\"position\":3,\"name\":\"JN 1815 Workwear Hardshell Wattierte Jacke\"}]},{\"@type\":\"WebSite\",\"@id\":\"https:\/\/taboofashion.com\/de\/#website\",\"url\":\"https:\/\/taboofashion.com\/de\/\",\"name\":\"Fashion shop\",\"description\":\"\",\"publisher\":{\"@id\":\"https:\/\/taboofashion.com\/de\/#organization\"},\"potentialAction\":[{\"@type\":\"SearchAction\",\"target\":{\"@type\":\"EntryPoint\",\"urlTemplate\":\"https:\/\/taboofashion.com\/de\/?s={search_term_string}\"},\"query-input\":\"required name=search_term_string\"}],\"inLanguage\":\"de\"},{\"@type\":\"Organization\",\"@id\":\"https:\/\/taboofashion.com\/de\/#organization\",\"name\":\"Taboo Slovakia s.r.o.\",\"url\":\"https:\/\/taboofashion.com\/de\/\",\"logo\":{\"@type\":\"ImageObject\",\"inLanguage\":\"de\",\"@id\":\"https:\/\/taboofashion.com\/de\/#\/schema\/logo\/image\/\",\"url\":\"https:\/\/taboofashion.com\/wp-content\/uploads\/2022\/12\/taboologo2100-002.png\",\"contentUrl\":\"https:\/\/taboofashion.com\/wp-content\/uploads\/2022\/12\/taboologo2100-002.png\",\"width\":2100,\"height\":1050,\"caption\":\"Taboo Slovakia s.r.o.\"},\"image\":{\"@id\":\"https:\/\/taboofashion.com\/de\/#\/schema\/logo\/image\/\"},\"sameAs\":[\"https:\/\/www.facebook.com\/TabooSlovakia\",\"https:\/\/www.linkedin.com\/company\/541747\/\",\"https:\/\/www.instagram.com\/taboofashion.com1\/\"]}]}<\/script>\n<meta property=\"product:brand\" content=\"James &amp; Nicholson\" \/>\n<meta property=\"og:availability\" content=\"instock\" \/>\n<meta property=\"product:availability\" content=\"instock\" \/>\n<meta property=\"product:retailer_item_id\" content=\"02181580800\" \/>\n<meta property=\"product:condition\" content=\"new\" \/>\n<!-- \/ Yoast SEO plugin. -->","yoast_head_json":{"title":"JN 1815 Workwear Hardshell Wattierte Jacke &#8211; Fashion shop","robots":{"index":"index","follow":"follow","max-snippet":"max-snippet:-1","max-image-preview":"max-image-preview:large","max-video-preview":"max-video-preview:-1"},"canonical":"https:\/\/taboofashion.com\/de\/produkt\/james-nicholson-jn-1815-workwear-hardshell-wattierte-jacke\/","og_locale":"de_DE","og_type":"article","og_title":"JN 1815 Workwear Hardshell Wattierte Jacke &#8211; Fashion shop","og_description":"Oberstoff: 100 % recycelter Polyester, Futter: 100 % recycelter Polyester, Wattierung: 100 % Polyester DuPont\u2122 Sorona\u00ae","og_url":"https:\/\/taboofashion.com\/de\/produkt\/james-nicholson-jn-1815-workwear-hardshell-wattierte-jacke\/","og_site_name":"Fashion shop","article_publisher":"https:\/\/www.facebook.com\/TabooSlovakia","article_modified_time":"2023-04-13T06:29:01+00:00","og_image":[{"width":1000,"height":1000,"url":"https:\/\/taboofashion.com\/wp-content\/uploads\/2022\/08\/LS-02.1815-James-Nicholson-JN-1815-4.jpg","type":"image\/jpeg"}],"twitter_card":"summary_large_image","schema":{"@context":"https:\/\/schema.org","@graph":[{"@type":"WebPage","@id":"https:\/\/taboofashion.com\/de\/produkt\/james-nicholson-jn-1815-workwear-hardshell-wattierte-jacke\/","url":"https:\/\/taboofashion.com\/de\/produkt\/james-nicholson-jn-1815-workwear-hardshell-wattierte-jacke\/","name":"JN 1815 Workwear Hardshell Wattierte Jacke &#8211; Fashion shop","isPartOf":{"@id":"https:\/\/taboofashion.com\/de\/#website"},"datePublished":"2022-08-26T11:17:30+00:00","dateModified":"2023-04-13T06:29:01+00:00","breadcrumb":{"@id":"https:\/\/taboofashion.com\/de\/produkt\/james-nicholson-jn-1815-workwear-hardshell-wattierte-jacke\/#breadcrumb"},"inLanguage":"de","potentialAction":[{"@type":"ReadAction","target":["https:\/\/taboofashion.com\/de\/produkt\/james-nicholson-jn-1815-workwear-hardshell-wattierte-jacke\/"]}]},{"@type":"BreadcrumbList","@id":"https:\/\/taboofashion.com\/de\/produkt\/james-nicholson-jn-1815-workwear-hardshell-wattierte-jacke\/#breadcrumb","itemListElement":[{"@type":"ListItem","position":1,"name":"Home","item":"https:\/\/taboofashion.com\/de\/shop\/"},{"@type":"ListItem","position":2,"name":"Shop","item":"https:\/\/taboofashion.com\/shop\/"},{"@type":"ListItem","position":3,"name":"JN 1815 Workwear Hardshell Wattierte Jacke"}]},{"@type":"WebSite","@id":"https:\/\/taboofashion.com\/de\/#website","url":"https:\/\/taboofashion.com\/de\/","name":"Fashion shop","description":"","publisher":{"@id":"https:\/\/taboofashion.com\/de\/#organization"},"potentialAction":[{"@type":"SearchAction","target":{"@type":"EntryPoint","urlTemplate":"https:\/\/taboofashion.com\/de\/?s={search_term_string}"},"query-input":"required name=search_term_string"}],"inLanguage":"de"},{"@type":"Organization","@id":"https:\/\/taboofashion.com\/de\/#organization","name":"Taboo Slovakia s.r.o.","url":"https:\/\/taboofashion.com\/de\/","logo":{"@type":"ImageObject","inLanguage":"de","@id":"https:\/\/taboofashion.com\/de\/#\/schema\/logo\/image\/","url":"https:\/\/taboofashion.com\/wp-content\/uploads\/2022\/12\/taboologo2100-002.png","contentUrl":"https:\/\/taboofashion.com\/wp-content\/uploads\/2022\/12\/taboologo2100-002.png","width":2100,"height":1050,"caption":"Taboo Slovakia s.r.o."},"image":{"@id":"https:\/\/taboofashion.com\/de\/#\/schema\/logo\/image\/"},"sameAs":["https:\/\/www.facebook.com\/TabooSlovakia","https:\/\/www.linkedin.com\/company\/541747\/","https:\/\/www.instagram.com\/taboofashion.com1\/"]}]},"product_brand":"James &amp; Nicholson","og_availability":"instock","product_availability":"instock","product_retailer_item_id":"02181580800","product_condition":"new"},"_links":{"self":[{"href":"https:\/\/taboofashion.com\/de\/wp-json\/wp\/v2\/product\/828116","targetHints":{"allow":["GET"]}}],"collection":[{"href":"https:\/\/taboofashion.com\/de\/wp-json\/wp\/v2\/product"}],"about":[{"href":"https:\/\/taboofashion.com\/de\/wp-json\/wp\/v2\/types\/product"}],"wp:featuredmedia":[{"embeddable":true,"href":"https:\/\/taboofashion.com\/de\/wp-json\/wp\/v2\/media\/728745"}],"wp:attachment":[{"href":"https:\/\/taboofashion.com\/de\/wp-json\/wp\/v2\/media?parent=828116"}],"wp:term":[{"taxonomy":"product_cat","embeddable":true,"href":"https:\/\/taboofashion.com\/de\/wp-json\/wp\/v2\/product_cat?post=828116"},{"taxonomy":"product_tag","embeddable":true,"href":"https:\/\/taboofashion.com\/de\/wp-json\/wp\/v2\/product_tag?post=828116"}],"curies":[{"name":"wp","href":"https:\/\/api.w.org\/{rel}","templated":true}]}}