{"id":828457,"date":"2022-08-26T12:48:53","date_gmt":"2022-08-26T10:48:53","guid":{"rendered":"https:\/\/taboofashion.com\/shop\/james-nicholson-jn-1809-damen-workwear-jacke-einfarbig\/"},"modified":"2023-04-13T08:32:36","modified_gmt":"2023-04-13T06:32:36","slug":"james-nicholson-jn-1809-damen-workwear-jacke-einfarbig","status":"publish","type":"product","link":"https:\/\/taboofashion.com\/de\/produkt\/james-nicholson-jn-1809-damen-workwear-jacke-einfarbig\/","title":{"rendered":"JN 1809 Damen-Arbeitsjacke &#8211; Solide"},"content":{"rendered":"<p>Leicht taillierte Passform, 2-Lagen-Konstruktion, Au\u00dfenseite: Jerseystoff, Innenseite: Fleece, Stehkragen, elastische B\u00fcndchen an \u00c4rmeln und Abschl\u00fcssen, YKK-Rei\u00dfverschl\u00fcsse, K\u00e4ngurutasche mit verdeckten Rei\u00dfverschl\u00fcssen, reflektierender Front-Rei\u00dfverschluss (ohne Schutzfunktion)<\/p>\n","protected":false},"excerpt":{"rendered":"<p>380 g\/m\u00b2, 55 % Polyester, 45 % Baumwolle<\/p>\n","protected":false},"featured_media":728748,"template":"","meta":[],"product_cat":[2168,2164],"product_tag":[],"class_list":{"0":"post-828457","1":"product","2":"type-product","3":"status-publish","4":"has-post-thumbnail","6":"product_cat-laessiger-pullover-de","7":"product_cat-arbeitskleidung-sicherheit","8":"pa_brand-james-nicholson-de","9":"pa_colour-black-de","10":"pa_colour-braun","11":"pa_colour-dunkel-koniglich","12":"pa_colour-dunkelgrun","13":"pa_colour-graue-heide","14":"pa_colour-kohlenstoff","15":"pa_colour-koniglich","16":"pa_colour-navy-de","17":"pa_colour-olive-de","18":"pa_colour-red-de","19":"pa_colour-white-de","20":"pa_size-xs-de","21":"pa_size-s-de","22":"pa_size-m-de","23":"pa_size-l-de","24":"pa_size-xl-de","25":"pa_size-xxl-de","26":"pa_size-3xl-de","27":"pa_size-4xl-de","29":"first","30":"instock","31":"taxable","32":"shipping-taxable","33":"purchasable","34":"product-type-variable","35":"has-default-attributes"},"yoast_head":"<!-- This site is optimized with the Yoast SEO plugin v21.8 - https:\/\/yoast.com\/wordpress\/plugins\/seo\/ -->\n<title>JN 1809 Damen-Arbeitsjacke - Solide &#8211; Fashion shop<\/title>\n<meta name=\"robots\" content=\"index, follow, max-snippet:-1, max-image-preview:large, max-video-preview:-1\" \/>\n<link rel=\"canonical\" href=\"https:\/\/taboofashion.com\/de\/produkt\/james-nicholson-jn-1809-damen-workwear-jacke-einfarbig\/\" \/>\n<meta property=\"og:locale\" content=\"de_DE\" \/>\n<meta property=\"og:type\" content=\"article\" \/>\n<meta property=\"og:title\" content=\"JN 1809 Damen-Arbeitsjacke - Solide &#8211; Fashion shop\" \/>\n<meta property=\"og:description\" content=\"380 g\/m\u00b2, 55 % Polyester, 45 % Baumwolle\" \/>\n<meta property=\"og:url\" content=\"https:\/\/taboofashion.com\/de\/produkt\/james-nicholson-jn-1809-damen-workwear-jacke-einfarbig\/\" \/>\n<meta property=\"og:site_name\" content=\"Fashion shop\" \/>\n<meta property=\"article:publisher\" content=\"https:\/\/www.facebook.com\/TabooSlovakia\" \/>\n<meta property=\"article:modified_time\" content=\"2023-04-13T06:32:36+00:00\" \/>\n<meta property=\"og:image\" content=\"https:\/\/taboofashion.com\/wp-content\/uploads\/2022\/08\/LS-02.1809-James-Nicholson-JN-1809-1.jpg\" \/>\n\t<meta property=\"og:image:width\" content=\"1000\" \/>\n\t<meta property=\"og:image:height\" content=\"1000\" \/>\n\t<meta property=\"og:image:type\" content=\"image\/jpeg\" \/>\n<meta name=\"twitter:card\" content=\"summary_large_image\" \/>\n<script type=\"application\/ld+json\" class=\"yoast-schema-graph\">{\"@context\":\"https:\/\/schema.org\",\"@graph\":[{\"@type\":\"WebPage\",\"@id\":\"https:\/\/taboofashion.com\/de\/produkt\/james-nicholson-jn-1809-damen-workwear-jacke-einfarbig\/\",\"url\":\"https:\/\/taboofashion.com\/de\/produkt\/james-nicholson-jn-1809-damen-workwear-jacke-einfarbig\/\",\"name\":\"JN 1809 Damen-Arbeitsjacke - Solide &#8211; Fashion shop\",\"isPartOf\":{\"@id\":\"https:\/\/taboofashion.com\/de\/#website\"},\"datePublished\":\"2022-08-26T10:48:53+00:00\",\"dateModified\":\"2023-04-13T06:32:36+00:00\",\"breadcrumb\":{\"@id\":\"https:\/\/taboofashion.com\/de\/produkt\/james-nicholson-jn-1809-damen-workwear-jacke-einfarbig\/#breadcrumb\"},\"inLanguage\":\"de\",\"potentialAction\":[{\"@type\":\"ReadAction\",\"target\":[\"https:\/\/taboofashion.com\/de\/produkt\/james-nicholson-jn-1809-damen-workwear-jacke-einfarbig\/\"]}]},{\"@type\":\"BreadcrumbList\",\"@id\":\"https:\/\/taboofashion.com\/de\/produkt\/james-nicholson-jn-1809-damen-workwear-jacke-einfarbig\/#breadcrumb\",\"itemListElement\":[{\"@type\":\"ListItem\",\"position\":1,\"name\":\"Home\",\"item\":\"https:\/\/taboofashion.com\/de\/shop\/\"},{\"@type\":\"ListItem\",\"position\":2,\"name\":\"Shop\",\"item\":\"https:\/\/taboofashion.com\/shop\/\"},{\"@type\":\"ListItem\",\"position\":3,\"name\":\"JN 1809 Damen-Arbeitsjacke &#8211; Solide\"}]},{\"@type\":\"WebSite\",\"@id\":\"https:\/\/taboofashion.com\/de\/#website\",\"url\":\"https:\/\/taboofashion.com\/de\/\",\"name\":\"Fashion shop\",\"description\":\"\",\"publisher\":{\"@id\":\"https:\/\/taboofashion.com\/de\/#organization\"},\"potentialAction\":[{\"@type\":\"SearchAction\",\"target\":{\"@type\":\"EntryPoint\",\"urlTemplate\":\"https:\/\/taboofashion.com\/de\/?s={search_term_string}\"},\"query-input\":\"required name=search_term_string\"}],\"inLanguage\":\"de\"},{\"@type\":\"Organization\",\"@id\":\"https:\/\/taboofashion.com\/de\/#organization\",\"name\":\"Taboo Slovakia s.r.o.\",\"url\":\"https:\/\/taboofashion.com\/de\/\",\"logo\":{\"@type\":\"ImageObject\",\"inLanguage\":\"de\",\"@id\":\"https:\/\/taboofashion.com\/de\/#\/schema\/logo\/image\/\",\"url\":\"https:\/\/taboofashion.com\/wp-content\/uploads\/2022\/12\/taboologo2100-002.png\",\"contentUrl\":\"https:\/\/taboofashion.com\/wp-content\/uploads\/2022\/12\/taboologo2100-002.png\",\"width\":2100,\"height\":1050,\"caption\":\"Taboo Slovakia s.r.o.\"},\"image\":{\"@id\":\"https:\/\/taboofashion.com\/de\/#\/schema\/logo\/image\/\"},\"sameAs\":[\"https:\/\/www.facebook.com\/TabooSlovakia\",\"https:\/\/www.linkedin.com\/company\/541747\/\",\"https:\/\/www.instagram.com\/taboofashion.com1\/\"]}]}<\/script>\n<meta property=\"product:brand\" content=\"James &amp; Nicholson\" \/>\n<meta property=\"og:availability\" content=\"instock\" \/>\n<meta property=\"product:availability\" content=\"instock\" \/>\n<meta property=\"product:retailer_item_id\" content=\"02180900100\" \/>\n<meta property=\"product:condition\" content=\"new\" \/>\n<!-- \/ Yoast SEO plugin. -->","yoast_head_json":{"title":"JN 1809 Damen-Arbeitsjacke - Solide &#8211; Fashion shop","robots":{"index":"index","follow":"follow","max-snippet":"max-snippet:-1","max-image-preview":"max-image-preview:large","max-video-preview":"max-video-preview:-1"},"canonical":"https:\/\/taboofashion.com\/de\/produkt\/james-nicholson-jn-1809-damen-workwear-jacke-einfarbig\/","og_locale":"de_DE","og_type":"article","og_title":"JN 1809 Damen-Arbeitsjacke - Solide &#8211; Fashion shop","og_description":"380 g\/m\u00b2, 55 % Polyester, 45 % Baumwolle","og_url":"https:\/\/taboofashion.com\/de\/produkt\/james-nicholson-jn-1809-damen-workwear-jacke-einfarbig\/","og_site_name":"Fashion shop","article_publisher":"https:\/\/www.facebook.com\/TabooSlovakia","article_modified_time":"2023-04-13T06:32:36+00:00","og_image":[{"width":1000,"height":1000,"url":"https:\/\/taboofashion.com\/wp-content\/uploads\/2022\/08\/LS-02.1809-James-Nicholson-JN-1809-1.jpg","type":"image\/jpeg"}],"twitter_card":"summary_large_image","schema":{"@context":"https:\/\/schema.org","@graph":[{"@type":"WebPage","@id":"https:\/\/taboofashion.com\/de\/produkt\/james-nicholson-jn-1809-damen-workwear-jacke-einfarbig\/","url":"https:\/\/taboofashion.com\/de\/produkt\/james-nicholson-jn-1809-damen-workwear-jacke-einfarbig\/","name":"JN 1809 Damen-Arbeitsjacke - Solide &#8211; Fashion shop","isPartOf":{"@id":"https:\/\/taboofashion.com\/de\/#website"},"datePublished":"2022-08-26T10:48:53+00:00","dateModified":"2023-04-13T06:32:36+00:00","breadcrumb":{"@id":"https:\/\/taboofashion.com\/de\/produkt\/james-nicholson-jn-1809-damen-workwear-jacke-einfarbig\/#breadcrumb"},"inLanguage":"de","potentialAction":[{"@type":"ReadAction","target":["https:\/\/taboofashion.com\/de\/produkt\/james-nicholson-jn-1809-damen-workwear-jacke-einfarbig\/"]}]},{"@type":"BreadcrumbList","@id":"https:\/\/taboofashion.com\/de\/produkt\/james-nicholson-jn-1809-damen-workwear-jacke-einfarbig\/#breadcrumb","itemListElement":[{"@type":"ListItem","position":1,"name":"Home","item":"https:\/\/taboofashion.com\/de\/shop\/"},{"@type":"ListItem","position":2,"name":"Shop","item":"https:\/\/taboofashion.com\/shop\/"},{"@type":"ListItem","position":3,"name":"JN 1809 Damen-Arbeitsjacke &#8211; Solide"}]},{"@type":"WebSite","@id":"https:\/\/taboofashion.com\/de\/#website","url":"https:\/\/taboofashion.com\/de\/","name":"Fashion shop","description":"","publisher":{"@id":"https:\/\/taboofashion.com\/de\/#organization"},"potentialAction":[{"@type":"SearchAction","target":{"@type":"EntryPoint","urlTemplate":"https:\/\/taboofashion.com\/de\/?s={search_term_string}"},"query-input":"required name=search_term_string"}],"inLanguage":"de"},{"@type":"Organization","@id":"https:\/\/taboofashion.com\/de\/#organization","name":"Taboo Slovakia s.r.o.","url":"https:\/\/taboofashion.com\/de\/","logo":{"@type":"ImageObject","inLanguage":"de","@id":"https:\/\/taboofashion.com\/de\/#\/schema\/logo\/image\/","url":"https:\/\/taboofashion.com\/wp-content\/uploads\/2022\/12\/taboologo2100-002.png","contentUrl":"https:\/\/taboofashion.com\/wp-content\/uploads\/2022\/12\/taboologo2100-002.png","width":2100,"height":1050,"caption":"Taboo Slovakia s.r.o."},"image":{"@id":"https:\/\/taboofashion.com\/de\/#\/schema\/logo\/image\/"},"sameAs":["https:\/\/www.facebook.com\/TabooSlovakia","https:\/\/www.linkedin.com\/company\/541747\/","https:\/\/www.instagram.com\/taboofashion.com1\/"]}]},"product_brand":"James &amp; Nicholson","og_availability":"instock","product_availability":"instock","product_retailer_item_id":"02180900100","product_condition":"new"},"_links":{"self":[{"href":"https:\/\/taboofashion.com\/de\/wp-json\/wp\/v2\/product\/828457","targetHints":{"allow":["GET"]}}],"collection":[{"href":"https:\/\/taboofashion.com\/de\/wp-json\/wp\/v2\/product"}],"about":[{"href":"https:\/\/taboofashion.com\/de\/wp-json\/wp\/v2\/types\/product"}],"wp:featuredmedia":[{"embeddable":true,"href":"https:\/\/taboofashion.com\/de\/wp-json\/wp\/v2\/media\/728748"}],"wp:attachment":[{"href":"https:\/\/taboofashion.com\/de\/wp-json\/wp\/v2\/media?parent=828457"}],"wp:term":[{"taxonomy":"product_cat","embeddable":true,"href":"https:\/\/taboofashion.com\/de\/wp-json\/wp\/v2\/product_cat?post=828457"},{"taxonomy":"product_tag","embeddable":true,"href":"https:\/\/taboofashion.com\/de\/wp-json\/wp\/v2\/product_tag?post=828457"}],"curies":[{"name":"wp","href":"https:\/\/api.w.org\/{rel}","templated":true}]}}