{"id":611113,"date":"2013-11-11T05:43:24","date_gmt":"2013-11-11T04:43:24","guid":{"rendered":"https:\/\/taboofashion.com\/hitelkartyak\/"},"modified":"2023-03-10T21:10:10","modified_gmt":"2023-03-10T20:10:10","slug":"hitelkartyak","status":"publish","type":"page","link":"https:\/\/taboofashion.com\/hu\/hitelkartyak\/","title":{"rendered":"HITELK\u00c1RTY\u00c1K"},"content":{"rendered":"<section class=\"wpb-content-wrapper\">[vc_row][vc_column width=&#8221;1\/1&#8243;]<div class=\"clear\"><\/div><div class=\"gap\" style=\"height: 28px;\"><\/div>[\/vc_column][\/vc_row][vc_row][vc_column width=&#8221;1\/1&#8243;]<span class=\"df-wc-cc\"><img decoding=\"async\" src=\"https:\/\/taboofashion.com\/wp-content\/themes\/labomba\/images\/credit-cards\/paypal.png\" alt=\"paypal\" style=\"margin-right:8px\" \/><img decoding=\"async\" src=\"https:\/\/taboofashion.com\/wp-content\/themes\/labomba\/images\/credit-cards\/visa.png\" alt=\"visa\" style=\"margin-right:8px\" \/><img decoding=\"async\" src=\"https:\/\/taboofashion.com\/wp-content\/themes\/labomba\/images\/credit-cards\/mastercard.png\" alt=\"mastercard\" style=\"margin-right:8px\" \/><img decoding=\"async\" src=\"https:\/\/taboofashion.com\/wp-content\/themes\/labomba\/images\/credit-cards\/amex.png\" alt=\"amex\" style=\"margin-right:8px\" \/><img decoding=\"async\" src=\"https:\/\/taboofashion.com\/wp-content\/themes\/labomba\/images\/credit-cards\/cirrus.png\" alt=\"cirrus\" style=\"margin-right:8px\" \/><img decoding=\"async\" src=\"https:\/\/taboofashion.com\/wp-content\/themes\/labomba\/images\/credit-cards\/maestro.png\" alt=\"maestro\" style=\"margin-right:8px\" \/><img decoding=\"async\" src=\"https:\/\/taboofashion.com\/wp-content\/themes\/labomba\/images\/credit-cards\/solo.png\" alt=\"solo\" style=\"margin-right:8px\" \/><img decoding=\"async\" src=\"https:\/\/taboofashion.com\/wp-content\/themes\/labomba\/images\/credit-cards\/discover.png\" alt=\"discover\" style=\"margin-right:8px\" \/><img decoding=\"async\" src=\"https:\/\/taboofashion.com\/wp-content\/themes\/labomba\/images\/credit-cards\/delta.png\" alt=\"delta\" style=\"margin-right:8px\" \/><img decoding=\"async\" src=\"https:\/\/taboofashion.com\/wp-content\/themes\/labomba\/images\/credit-cards\/visa-electron.png\" alt=\"visa-electron\" style=\"margin-right:8px\" \/><img decoding=\"async\" src=\"https:\/\/taboofashion.com\/wp-content\/themes\/labomba\/images\/credit-cards\/bank-check.png\" alt=\"bank-check\" style=\"margin-right:8px\" \/><\/span><div class=\"clear\"><\/div><div class=\"gap\" style=\"height: 56px;\"><\/div>[vc_column_text]\n<p style=\"text-align: left;\">Ezt a r\u00f6vidk\u00f3dot k\u00f6nnyen elk\u00e9sz\u00edtheti a Visual Composerben.<\/p>\n[\/vc_column_text]<div class=\"clear\"><\/div><div class=\"gap\" style=\"height: 56px;\"><\/div>[\/vc_column][\/vc_row]\n<\/section>","protected":false},"excerpt":{"rendered":"<p>[vc_row][vc_column width=&#8221;1\/1&#8243;][\/vc_column][\/vc_row][vc_row][vc_column width=&#8221;1\/1&#8243;][vc_column_text] Ezt a r\u00f6vidk\u00f3dot k\u00f6nnyen elk\u00e9sz\u00edtheti a Visual Composerben. [\/vc_column_text][\/vc_column][\/vc_row]<\/p>\n","protected":false},"author":6,"featured_media":0,"parent":0,"menu_order":0,"comment_status":"open","ping_status":"open","template":"","meta":{"footnotes":""},"class_list":["post-611113","page","type-page","status-publish","hentry"],"yoast_head":"<!-- This site is optimized with the Yoast SEO plugin v21.8 - https:\/\/yoast.com\/wordpress\/plugins\/seo\/ -->\n<title>HITELK\u00c1RTY\u00c1K &#8211; Fashion shop<\/title>\n<meta name=\"robots\" content=\"index, follow, max-snippet:-1, max-image-preview:large, max-video-preview:-1\" \/>\n<link rel=\"canonical\" href=\"https:\/\/taboofashion.com\/hu\/hitelkartyak\/\" \/>\n<meta property=\"og:locale\" content=\"hu_HU\" \/>\n<meta property=\"og:type\" content=\"article\" \/>\n<meta property=\"og:title\" content=\"HITELK\u00c1RTY\u00c1K &#8211; Fashion shop\" \/>\n<meta property=\"og:description\" content=\"[vc_row][vc_column width=&#8221;1\/1&#8243;][\/vc_column][\/vc_row][vc_row][vc_column width=&#8221;1\/1&#8243;][vc_column_text] Ezt a r\u00f6vidk\u00f3dot k\u00f6nnyen elk\u00e9sz\u00edtheti a Visual Composerben. [\/vc_column_text][\/vc_column][\/vc_row]\" \/>\n<meta property=\"og:url\" content=\"https:\/\/taboofashion.com\/hu\/hitelkartyak\/\" \/>\n<meta property=\"og:site_name\" content=\"Fashion shop\" \/>\n<meta property=\"article:publisher\" content=\"https:\/\/www.facebook.com\/TabooSlovakia\" \/>\n<meta property=\"article:modified_time\" content=\"2023-03-10T20:10:10+00:00\" \/>\n<meta name=\"twitter:card\" content=\"summary_large_image\" \/>\n<script type=\"application\/ld+json\" class=\"yoast-schema-graph\">{\"@context\":\"https:\/\/schema.org\",\"@graph\":[{\"@type\":\"WebPage\",\"@id\":\"https:\/\/taboofashion.com\/hu\/hitelkartyak\/\",\"url\":\"https:\/\/taboofashion.com\/hu\/hitelkartyak\/\",\"name\":\"HITELK\u00c1RTY\u00c1K &#8211; Fashion shop\",\"isPartOf\":{\"@id\":\"https:\/\/taboofashion.com\/hu\/#website\"},\"datePublished\":\"2013-11-11T04:43:24+00:00\",\"dateModified\":\"2023-03-10T20:10:10+00:00\",\"breadcrumb\":{\"@id\":\"https:\/\/taboofashion.com\/hu\/hitelkartyak\/#breadcrumb\"},\"inLanguage\":\"hu\",\"potentialAction\":[{\"@type\":\"ReadAction\",\"target\":[\"https:\/\/taboofashion.com\/hu\/hitelkartyak\/\"]}]},{\"@type\":\"BreadcrumbList\",\"@id\":\"https:\/\/taboofashion.com\/hu\/hitelkartyak\/#breadcrumb\",\"itemListElement\":[{\"@type\":\"ListItem\",\"position\":1,\"name\":\"Home\",\"item\":\"https:\/\/taboofashion.com\/hu\/\"},{\"@type\":\"ListItem\",\"position\":2,\"name\":\"HITELK\u00c1RTY\u00c1K\"}]},{\"@type\":\"WebSite\",\"@id\":\"https:\/\/taboofashion.com\/hu\/#website\",\"url\":\"https:\/\/taboofashion.com\/hu\/\",\"name\":\"Fashion shop\",\"description\":\"\",\"publisher\":{\"@id\":\"https:\/\/taboofashion.com\/hu\/#organization\"},\"potentialAction\":[{\"@type\":\"SearchAction\",\"target\":{\"@type\":\"EntryPoint\",\"urlTemplate\":\"https:\/\/taboofashion.com\/hu\/?s={search_term_string}\"},\"query-input\":\"required name=search_term_string\"}],\"inLanguage\":\"hu\"},{\"@type\":\"Organization\",\"@id\":\"https:\/\/taboofashion.com\/hu\/#organization\",\"name\":\"Taboo Slovakia s.r.o.\",\"url\":\"https:\/\/taboofashion.com\/hu\/\",\"logo\":{\"@type\":\"ImageObject\",\"inLanguage\":\"hu\",\"@id\":\"https:\/\/taboofashion.com\/hu\/#\/schema\/logo\/image\/\",\"url\":\"https:\/\/taboofashion.com\/wp-content\/uploads\/2022\/12\/taboologo2100-002.png\",\"contentUrl\":\"https:\/\/taboofashion.com\/wp-content\/uploads\/2022\/12\/taboologo2100-002.png\",\"width\":2100,\"height\":1050,\"caption\":\"Taboo Slovakia s.r.o.\"},\"image\":{\"@id\":\"https:\/\/taboofashion.com\/hu\/#\/schema\/logo\/image\/\"},\"sameAs\":[\"https:\/\/www.facebook.com\/TabooSlovakia\",\"https:\/\/www.linkedin.com\/company\/541747\/\",\"https:\/\/www.instagram.com\/taboofashion.com1\/\"]}]}<\/script>\n<!-- \/ Yoast SEO plugin. -->","yoast_head_json":{"title":"HITELK\u00c1RTY\u00c1K &#8211; Fashion shop","robots":{"index":"index","follow":"follow","max-snippet":"max-snippet:-1","max-image-preview":"max-image-preview:large","max-video-preview":"max-video-preview:-1"},"canonical":"https:\/\/taboofashion.com\/hu\/hitelkartyak\/","og_locale":"hu_HU","og_type":"article","og_title":"HITELK\u00c1RTY\u00c1K &#8211; Fashion shop","og_description":"[vc_row][vc_column width=&#8221;1\/1&#8243;][\/vc_column][\/vc_row][vc_row][vc_column width=&#8221;1\/1&#8243;][vc_column_text] Ezt a r\u00f6vidk\u00f3dot k\u00f6nnyen elk\u00e9sz\u00edtheti a Visual Composerben. [\/vc_column_text][\/vc_column][\/vc_row]","og_url":"https:\/\/taboofashion.com\/hu\/hitelkartyak\/","og_site_name":"Fashion shop","article_publisher":"https:\/\/www.facebook.com\/TabooSlovakia","article_modified_time":"2023-03-10T20:10:10+00:00","twitter_card":"summary_large_image","schema":{"@context":"https:\/\/schema.org","@graph":[{"@type":"WebPage","@id":"https:\/\/taboofashion.com\/hu\/hitelkartyak\/","url":"https:\/\/taboofashion.com\/hu\/hitelkartyak\/","name":"HITELK\u00c1RTY\u00c1K &#8211; Fashion shop","isPartOf":{"@id":"https:\/\/taboofashion.com\/hu\/#website"},"datePublished":"2013-11-11T04:43:24+00:00","dateModified":"2023-03-10T20:10:10+00:00","breadcrumb":{"@id":"https:\/\/taboofashion.com\/hu\/hitelkartyak\/#breadcrumb"},"inLanguage":"hu","potentialAction":[{"@type":"ReadAction","target":["https:\/\/taboofashion.com\/hu\/hitelkartyak\/"]}]},{"@type":"BreadcrumbList","@id":"https:\/\/taboofashion.com\/hu\/hitelkartyak\/#breadcrumb","itemListElement":[{"@type":"ListItem","position":1,"name":"Home","item":"https:\/\/taboofashion.com\/hu\/"},{"@type":"ListItem","position":2,"name":"HITELK\u00c1RTY\u00c1K"}]},{"@type":"WebSite","@id":"https:\/\/taboofashion.com\/hu\/#website","url":"https:\/\/taboofashion.com\/hu\/","name":"Fashion shop","description":"","publisher":{"@id":"https:\/\/taboofashion.com\/hu\/#organization"},"potentialAction":[{"@type":"SearchAction","target":{"@type":"EntryPoint","urlTemplate":"https:\/\/taboofashion.com\/hu\/?s={search_term_string}"},"query-input":"required name=search_term_string"}],"inLanguage":"hu"},{"@type":"Organization","@id":"https:\/\/taboofashion.com\/hu\/#organization","name":"Taboo Slovakia s.r.o.","url":"https:\/\/taboofashion.com\/hu\/","logo":{"@type":"ImageObject","inLanguage":"hu","@id":"https:\/\/taboofashion.com\/hu\/#\/schema\/logo\/image\/","url":"https:\/\/taboofashion.com\/wp-content\/uploads\/2022\/12\/taboologo2100-002.png","contentUrl":"https:\/\/taboofashion.com\/wp-content\/uploads\/2022\/12\/taboologo2100-002.png","width":2100,"height":1050,"caption":"Taboo Slovakia s.r.o."},"image":{"@id":"https:\/\/taboofashion.com\/hu\/#\/schema\/logo\/image\/"},"sameAs":["https:\/\/www.facebook.com\/TabooSlovakia","https:\/\/www.linkedin.com\/company\/541747\/","https:\/\/www.instagram.com\/taboofashion.com1\/"]}]}},"_links":{"self":[{"href":"https:\/\/taboofashion.com\/hu\/wp-json\/wp\/v2\/pages\/611113","targetHints":{"allow":["GET"]}}],"collection":[{"href":"https:\/\/taboofashion.com\/hu\/wp-json\/wp\/v2\/pages"}],"about":[{"href":"https:\/\/taboofashion.com\/hu\/wp-json\/wp\/v2\/types\/page"}],"author":[{"embeddable":true,"href":"https:\/\/taboofashion.com\/hu\/wp-json\/wp\/v2\/users\/6"}],"replies":[{"embeddable":true,"href":"https:\/\/taboofashion.com\/hu\/wp-json\/wp\/v2\/comments?post=611113"}],"version-history":[{"count":4,"href":"https:\/\/taboofashion.com\/hu\/wp-json\/wp\/v2\/pages\/611113\/revisions"}],"predecessor-version":[{"id":706232,"href":"https:\/\/taboofashion.com\/hu\/wp-json\/wp\/v2\/pages\/611113\/revisions\/706232"}],"wp:attachment":[{"href":"https:\/\/taboofashion.com\/hu\/wp-json\/wp\/v2\/media?parent=611113"}],"curies":[{"name":"wp","href":"https:\/\/api.w.org\/{rel}","templated":true}]}}