{"id":611142,"date":"2013-11-22T18:06:38","date_gmt":"2013-11-22T17:06:38","guid":{"rendered":"https:\/\/taboofashion.com\/tabu-garancia\/"},"modified":"2023-04-25T11:13:32","modified_gmt":"2023-04-25T09:13:32","slug":"tabu-garancia","status":"publish","type":"page","link":"https:\/\/taboofashion.com\/hu\/tabu-garancia\/","title":{"rendered":"Szolg\u00e1ltat\u00e1sok"},"content":{"rendered":"<h1>V\u00e1llalati ruh\u00e1zat digit\u00e1lis design<\/h1>\n<p>Vizu\u00e1lis tervez\u00e9si technol\u00f3gi\u00e1val rendelkez\u00fcnk, amely felgyors\u00edtja a v\u00e1llalati ruh\u00e1zat el\u0151gy\u00e1rt\u00e1si folyamatait, \u00e9s seg\u00edt az \u00fcgyfeleknek objekt\u00edven kiv\u00e1lasztani a legjobb ir\u00e1nyt, mintakollekci\u00f3k k\u00e9sz\u00edt\u00e9se n\u00e9lk\u00fcl.\u00a0Az egyenruh\u00e1k t\u00e1j\u00e9koztatj\u00e1k az \u00fcgyfelet arr\u00f3l, hogy ki a v\u00e1llalat, divatosnak tartj\u00e1k az alkalmazottakat, \u00e9s a speci\u00e1lis ipar\u00e1gakban biztons\u00e1gban tartj\u00e1k \u0151ket a bajt\u00f3l. Az el\u0151ny\u00f6k mellett a dolgoz\u00f3i egyenruh\u00e1k pozit\u00edv benyom\u00e1st is hagyhatnak az \u00fcgyfelekben. A v\u00e1llalati ruh\u00e1zat \u00e1ltal\u00e1ban professzion\u00e1lisnak t\u0171nik, \u00e9s azt jelzi az \u00fcgyfeleknek, hogy megb\u00edzhatnak a v\u00e1llalat alkalmazottaiban, hogy pozit\u00edv \u00e9lm\u00e9nyt ny\u00fajtanak. A k\u00f6vetkezetes v\u00e1llalati vizu\u00e1lis megjelen\u00e9s, amely kiterjed a csapat egyenruh\u00e1j\u00e1ra is, seg\u00edt az \u00fcgyfeleknek meg\u00e9rteni a m\u00e1rk\u00e1t.<\/p>\n<p><img loading=\"lazy\" decoding=\"async\" class=\"aligncenter\" src=\"https:\/\/taboofashion.com\/wp-content\/uploads\/2022\/10\/slide2-1024x410.jpg\" width=\"523\" height=\"209\" \/><\/p>\n<h1>Egyenruh\u00e1k \u00e9s munkaruh\u00e1zat gy\u00e1rt\u00e1sa<\/h1>\n<p>A v\u00e1llalati vagy munkaruh\u00e1zat lehet egyedi gy\u00e1rt\u00e1s\u00fa ruh\u00e1zat vagy rakt\u00e1rk\u00e9szleten l\u00e9v\u0151 ruhadarab, amelyhez hozz\u00e1adhatja log\u00f3j\u00e1t vagy \u00e9rt\u00e9kes\u00edt\u00e9si \u00fczenet\u00e9t.\u00a0 A megrendel\u00e9sre k\u00e9sz\u00fclt ruh\u00e1zat \u00e1ltal\u00e1ban hosszabb id\u0151t vesz ig\u00e9nybe, k\u00f6r\u00fclbel\u00fcl nem kevesebb, mint 12 hetet. A ruhadarabok kiv\u00e1laszt\u00e1sa a rakt\u00e1rk\u00e9szletb\u0151l \u00e9s a hirdet\u00e9si log\u00f3k sokkal gyorsabb folyamat. A v\u00e1llalati viseletre alkalmas ruhadarabok megtal\u00e1lhat\u00f3k az \u00fczletben.<\/p>\n<h1>Egys\u00e9ges m\u00e9retbe\u00e1ll\u00edt\u00e1s<\/h1>\n<p>A kiv\u00e1lasztott k\u00e9szletelemek m\u00e9rete minden munkav\u00e1llal\u00f3 sz\u00e1m\u00e1ra m\u00e9retre igaz\u00edthat\u00f3. A nadr\u00e1gok, szokny\u00e1k \u00e9s kab\u00e1tok ujjhossz\u00e1nak be\u00e1ll\u00edt\u00e1sa csak n\u00e9h\u00e1ny napot vesz ig\u00e9nybe. Nem csak a hossz, hanem a ruhadarabok sz\u00e9less\u00e9ge is v\u00e1ltoztathat\u00f3, hogy v\u00e9konyabb\u00e1 vagy sz\u00e9lesebb\u00e9 tegy\u00fck \u0151ket, szint\u00e9n nem jelent probl\u00e9m\u00e1t sz\u00e1munkra.<\/p>\n<h1>Log\u00f3 hozz\u00e1ad\u00e1sa a v\u00e1llalati ruh\u00e1zathoz<\/h1>\n<p>A nyomtat\u00e1s vagy h\u00edmz\u00e9s fontos k\u00e9rd\u00e9s. A v\u00e1llalati log\u00f3knak helyesen kell szerepelni\u00fck, ott kell elhelyezkedni\u00fck, ahol kell, \u00e9s sz\u00e1mos mos\u00e1s ut\u00e1n is tart\u00f3snak kell lenni\u00fck. Mi h\u00edmz\u00e9s, szitanyom\u00e1s \u00e9s szublim\u00e1ci\u00f3s nyomtat\u00e1s att\u00f3l f\u00fcgg\u0151en, hogy a ruhadarabokat v\u00e1lasztja a rakt\u00e1rb\u00f3l, amit gy\u00e1rtunk. Tapasztalatunk \u00e9s tud\u00e1sunk a megfelel\u0151 ir\u00e1nyba vezeti \u00d6nt.<\/p>\n<p><img loading=\"lazy\" decoding=\"async\" class=\"aligncenter\" src=\"https:\/\/taboofashion.com\/wp-content\/uploads\/2022\/11\/image.png\" width=\"389\" height=\"249\" \/><\/p>\n","protected":false},"excerpt":{"rendered":"<p>V\u00e1llalati ruh\u00e1zat digit\u00e1lis design Vizu\u00e1lis tervez\u00e9si technol\u00f3gi\u00e1val rendelkez\u00fcnk, amely felgyors\u00edtja a v\u00e1llalati ruh\u00e1zat el\u0151gy\u00e1rt\u00e1si folyamatait, \u00e9s seg\u00edt az \u00fcgyfeleknek objekt\u00edven kiv\u00e1lasztani a legjobb ir\u00e1nyt, mintakollekci\u00f3k k\u00e9sz\u00edt\u00e9se n\u00e9lk\u00fcl.\u00a0Az egyenruh\u00e1k t\u00e1j\u00e9koztatj\u00e1k az \u00fcgyfelet arr\u00f3l, hogy ki a v\u00e1llalat, divatosnak tartj\u00e1k az alkalmazottakat, \u00e9s a speci\u00e1lis ipar\u00e1gakban biztons\u00e1gban tartj\u00e1k \u0151ket a bajt\u00f3l. Az el\u0151ny\u00f6k mellett a dolgoz\u00f3i egyenruh\u00e1k [&hellip;]<\/p>\n","protected":false},"author":6,"featured_media":0,"parent":0,"menu_order":0,"comment_status":"open","ping_status":"closed","template":"template-home.php","meta":{"footnotes":""},"class_list":["post-611142","page","type-page","status-publish","hentry"],"yoast_head":"<!-- This site is optimized with the Yoast SEO plugin v21.8 - https:\/\/yoast.com\/wordpress\/plugins\/seo\/ -->\n<title>Szolg\u00e1ltat\u00e1sok &#8211; Fashion shop<\/title>\n<meta name=\"robots\" content=\"index, follow, max-snippet:-1, max-image-preview:large, max-video-preview:-1\" \/>\n<link rel=\"canonical\" href=\"https:\/\/taboofashion.com\/hu\/tabu-garancia\/\" \/>\n<meta property=\"og:locale\" content=\"hu_HU\" \/>\n<meta property=\"og:type\" content=\"article\" \/>\n<meta property=\"og:title\" content=\"Szolg\u00e1ltat\u00e1sok &#8211; Fashion shop\" \/>\n<meta property=\"og:description\" content=\"V\u00e1llalati ruh\u00e1zat digit\u00e1lis design Vizu\u00e1lis tervez\u00e9si technol\u00f3gi\u00e1val rendelkez\u00fcnk, amely felgyors\u00edtja a v\u00e1llalati ruh\u00e1zat el\u0151gy\u00e1rt\u00e1si folyamatait, \u00e9s seg\u00edt az \u00fcgyfeleknek objekt\u00edven kiv\u00e1lasztani a legjobb ir\u00e1nyt, mintakollekci\u00f3k k\u00e9sz\u00edt\u00e9se n\u00e9lk\u00fcl.\u00a0Az egyenruh\u00e1k t\u00e1j\u00e9koztatj\u00e1k az \u00fcgyfelet arr\u00f3l, hogy ki a v\u00e1llalat, divatosnak tartj\u00e1k az alkalmazottakat, \u00e9s a speci\u00e1lis ipar\u00e1gakban biztons\u00e1gban tartj\u00e1k \u0151ket a bajt\u00f3l. Az el\u0151ny\u00f6k mellett a dolgoz\u00f3i egyenruh\u00e1k [&hellip;]\" \/>\n<meta property=\"og:url\" content=\"https:\/\/taboofashion.com\/hu\/tabu-garancia\/\" \/>\n<meta property=\"og:site_name\" content=\"Fashion shop\" \/>\n<meta property=\"article:publisher\" content=\"https:\/\/www.facebook.com\/TabooSlovakia\" \/>\n<meta property=\"article:modified_time\" content=\"2023-04-25T09:13:32+00:00\" \/>\n<meta property=\"og:image\" content=\"https:\/\/taboofashion.com\/wp-content\/uploads\/2022\/10\/slide2-1024x410.jpg\" \/>\n<meta name=\"twitter:card\" content=\"summary_large_image\" \/>\n<script type=\"application\/ld+json\" class=\"yoast-schema-graph\">{\"@context\":\"https:\/\/schema.org\",\"@graph\":[{\"@type\":\"WebPage\",\"@id\":\"https:\/\/taboofashion.com\/hu\/tabu-garancia\/\",\"url\":\"https:\/\/taboofashion.com\/hu\/tabu-garancia\/\",\"name\":\"Szolg\u00e1ltat\u00e1sok &#8211; Fashion shop\",\"isPartOf\":{\"@id\":\"https:\/\/taboofashion.com\/hu\/#website\"},\"datePublished\":\"2013-11-22T17:06:38+00:00\",\"dateModified\":\"2023-04-25T09:13:32+00:00\",\"breadcrumb\":{\"@id\":\"https:\/\/taboofashion.com\/hu\/tabu-garancia\/#breadcrumb\"},\"inLanguage\":\"hu\",\"potentialAction\":[{\"@type\":\"ReadAction\",\"target\":[\"https:\/\/taboofashion.com\/hu\/tabu-garancia\/\"]}]},{\"@type\":\"BreadcrumbList\",\"@id\":\"https:\/\/taboofashion.com\/hu\/tabu-garancia\/#breadcrumb\",\"itemListElement\":[{\"@type\":\"ListItem\",\"position\":1,\"name\":\"Home\",\"item\":\"https:\/\/taboofashion.com\/hu\/\"},{\"@type\":\"ListItem\",\"position\":2,\"name\":\"Szolg\u00e1ltat\u00e1sok\"}]},{\"@type\":\"WebSite\",\"@id\":\"https:\/\/taboofashion.com\/hu\/#website\",\"url\":\"https:\/\/taboofashion.com\/hu\/\",\"name\":\"Fashion shop\",\"description\":\"\",\"publisher\":{\"@id\":\"https:\/\/taboofashion.com\/hu\/#organization\"},\"potentialAction\":[{\"@type\":\"SearchAction\",\"target\":{\"@type\":\"EntryPoint\",\"urlTemplate\":\"https:\/\/taboofashion.com\/hu\/?s={search_term_string}\"},\"query-input\":\"required name=search_term_string\"}],\"inLanguage\":\"hu\"},{\"@type\":\"Organization\",\"@id\":\"https:\/\/taboofashion.com\/hu\/#organization\",\"name\":\"Taboo Slovakia s.r.o.\",\"url\":\"https:\/\/taboofashion.com\/hu\/\",\"logo\":{\"@type\":\"ImageObject\",\"inLanguage\":\"hu\",\"@id\":\"https:\/\/taboofashion.com\/hu\/#\/schema\/logo\/image\/\",\"url\":\"https:\/\/taboofashion.com\/wp-content\/uploads\/2022\/12\/taboologo2100-002.png\",\"contentUrl\":\"https:\/\/taboofashion.com\/wp-content\/uploads\/2022\/12\/taboologo2100-002.png\",\"width\":2100,\"height\":1050,\"caption\":\"Taboo Slovakia s.r.o.\"},\"image\":{\"@id\":\"https:\/\/taboofashion.com\/hu\/#\/schema\/logo\/image\/\"},\"sameAs\":[\"https:\/\/www.facebook.com\/TabooSlovakia\",\"https:\/\/www.linkedin.com\/company\/541747\/\",\"https:\/\/www.instagram.com\/taboofashion.com1\/\"]}]}<\/script>\n<!-- \/ Yoast SEO plugin. -->","yoast_head_json":{"title":"Szolg\u00e1ltat\u00e1sok &#8211; Fashion shop","robots":{"index":"index","follow":"follow","max-snippet":"max-snippet:-1","max-image-preview":"max-image-preview:large","max-video-preview":"max-video-preview:-1"},"canonical":"https:\/\/taboofashion.com\/hu\/tabu-garancia\/","og_locale":"hu_HU","og_type":"article","og_title":"Szolg\u00e1ltat\u00e1sok &#8211; Fashion shop","og_description":"V\u00e1llalati ruh\u00e1zat digit\u00e1lis design Vizu\u00e1lis tervez\u00e9si technol\u00f3gi\u00e1val rendelkez\u00fcnk, amely felgyors\u00edtja a v\u00e1llalati ruh\u00e1zat el\u0151gy\u00e1rt\u00e1si folyamatait, \u00e9s seg\u00edt az \u00fcgyfeleknek objekt\u00edven kiv\u00e1lasztani a legjobb ir\u00e1nyt, mintakollekci\u00f3k k\u00e9sz\u00edt\u00e9se n\u00e9lk\u00fcl.\u00a0Az egyenruh\u00e1k t\u00e1j\u00e9koztatj\u00e1k az \u00fcgyfelet arr\u00f3l, hogy ki a v\u00e1llalat, divatosnak tartj\u00e1k az alkalmazottakat, \u00e9s a speci\u00e1lis ipar\u00e1gakban biztons\u00e1gban tartj\u00e1k \u0151ket a bajt\u00f3l. Az el\u0151ny\u00f6k mellett a dolgoz\u00f3i egyenruh\u00e1k [&hellip;]","og_url":"https:\/\/taboofashion.com\/hu\/tabu-garancia\/","og_site_name":"Fashion shop","article_publisher":"https:\/\/www.facebook.com\/TabooSlovakia","article_modified_time":"2023-04-25T09:13:32+00:00","og_image":[{"url":"https:\/\/taboofashion.com\/wp-content\/uploads\/2022\/10\/slide2-1024x410.jpg"}],"twitter_card":"summary_large_image","schema":{"@context":"https:\/\/schema.org","@graph":[{"@type":"WebPage","@id":"https:\/\/taboofashion.com\/hu\/tabu-garancia\/","url":"https:\/\/taboofashion.com\/hu\/tabu-garancia\/","name":"Szolg\u00e1ltat\u00e1sok &#8211; Fashion shop","isPartOf":{"@id":"https:\/\/taboofashion.com\/hu\/#website"},"datePublished":"2013-11-22T17:06:38+00:00","dateModified":"2023-04-25T09:13:32+00:00","breadcrumb":{"@id":"https:\/\/taboofashion.com\/hu\/tabu-garancia\/#breadcrumb"},"inLanguage":"hu","potentialAction":[{"@type":"ReadAction","target":["https:\/\/taboofashion.com\/hu\/tabu-garancia\/"]}]},{"@type":"BreadcrumbList","@id":"https:\/\/taboofashion.com\/hu\/tabu-garancia\/#breadcrumb","itemListElement":[{"@type":"ListItem","position":1,"name":"Home","item":"https:\/\/taboofashion.com\/hu\/"},{"@type":"ListItem","position":2,"name":"Szolg\u00e1ltat\u00e1sok"}]},{"@type":"WebSite","@id":"https:\/\/taboofashion.com\/hu\/#website","url":"https:\/\/taboofashion.com\/hu\/","name":"Fashion shop","description":"","publisher":{"@id":"https:\/\/taboofashion.com\/hu\/#organization"},"potentialAction":[{"@type":"SearchAction","target":{"@type":"EntryPoint","urlTemplate":"https:\/\/taboofashion.com\/hu\/?s={search_term_string}"},"query-input":"required name=search_term_string"}],"inLanguage":"hu"},{"@type":"Organization","@id":"https:\/\/taboofashion.com\/hu\/#organization","name":"Taboo Slovakia s.r.o.","url":"https:\/\/taboofashion.com\/hu\/","logo":{"@type":"ImageObject","inLanguage":"hu","@id":"https:\/\/taboofashion.com\/hu\/#\/schema\/logo\/image\/","url":"https:\/\/taboofashion.com\/wp-content\/uploads\/2022\/12\/taboologo2100-002.png","contentUrl":"https:\/\/taboofashion.com\/wp-content\/uploads\/2022\/12\/taboologo2100-002.png","width":2100,"height":1050,"caption":"Taboo Slovakia s.r.o."},"image":{"@id":"https:\/\/taboofashion.com\/hu\/#\/schema\/logo\/image\/"},"sameAs":["https:\/\/www.facebook.com\/TabooSlovakia","https:\/\/www.linkedin.com\/company\/541747\/","https:\/\/www.instagram.com\/taboofashion.com1\/"]}]}},"_links":{"self":[{"href":"https:\/\/taboofashion.com\/hu\/wp-json\/wp\/v2\/pages\/611142","targetHints":{"allow":["GET"]}}],"collection":[{"href":"https:\/\/taboofashion.com\/hu\/wp-json\/wp\/v2\/pages"}],"about":[{"href":"https:\/\/taboofashion.com\/hu\/wp-json\/wp\/v2\/types\/page"}],"author":[{"embeddable":true,"href":"https:\/\/taboofashion.com\/hu\/wp-json\/wp\/v2\/users\/6"}],"replies":[{"embeddable":true,"href":"https:\/\/taboofashion.com\/hu\/wp-json\/wp\/v2\/comments?post=611142"}],"version-history":[{"count":8,"href":"https:\/\/taboofashion.com\/hu\/wp-json\/wp\/v2\/pages\/611142\/revisions"}],"predecessor-version":[{"id":831060,"href":"https:\/\/taboofashion.com\/hu\/wp-json\/wp\/v2\/pages\/611142\/revisions\/831060"}],"wp:attachment":[{"href":"https:\/\/taboofashion.com\/hu\/wp-json\/wp\/v2\/media?parent=611142"}],"curies":[{"name":"wp","href":"https:\/\/api.w.org\/{rel}","templated":true}]}}