{"id":611287,"date":"2022-08-31T10:16:54","date_gmt":"2022-08-31T08:16:54","guid":{"rendered":"https:\/\/taboofashion.com\/shop\/25-mailing-bags-51x60-25-shipping-bags-with-bottom-fold\/"},"modified":"2022-08-31T10:16:54","modified_gmt":"2022-08-31T08:16:54","slug":"25-mailing-bags-51x60-25-shipping-bags-with-bottom-fold","status":"publish","type":"product","link":"https:\/\/taboofashion.com\/hu\/shop\/25-mailing-bags-51x60-25-shipping-bags-with-bottom-fold\/","title":{"rendered":"25 post\u00e1z\u00f3 zs\u00e1k 51&#215;60 25 sz\u00e1ll\u00edt\u00e1si zs\u00e1kok als\u00f3 hajt\u00e1ssal"},"content":{"rendered":"<p>\u00c1tl\u00e1tszatlan sz\u00e1ll\u00edtm\u00e1nyoz\u00f3 zs\u00e1k blokkos aljjal (120 mm-es hajt\u00e1s), szakad\u00e1s\u00e1ll\u00f3 \u00e9s v\u00edzleperget\u0151, meger\u0151s\u00edtett \u00e9s hegesztett varratokkal, \u00f6ntapad\u00f3s z\u00e1r\u00e1ssal.<\/p>\n","protected":false},"excerpt":{"rendered":"<p>\u00c1tl\u00e1tszatlan sz\u00e1ll\u00edtm\u00e1nyoz\u00f3 zs\u00e1k blokkos aljjal (120 mm-es hajt\u00e1s), szakad\u00e1s\u00e1ll\u00f3 \u00e9s v\u00edzleperget\u0151, meger\u0151s\u00edtett \u00e9s hegesztett varratokkal, \u00f6ntapad\u00f3s z\u00e1r\u00e1ssal.<\/p>\n","protected":false},"featured_media":608003,"template":"","meta":[],"product_cat":[3616],"product_tag":[],"class_list":{"0":"post-611287","1":"product","2":"type-product","3":"status-publish","4":"has-post-thumbnail","6":"product_cat-csomagoloanyag","7":"pa_brand-extras-hu","8":"pa_colour-feher","9":"pa_size-onesize-hu","11":"first","12":"instock","13":"taxable","14":"shipping-taxable","15":"purchasable","16":"product-type-simple"},"yoast_head":"<!-- This site is optimized with the Yoast SEO plugin v21.8 - https:\/\/yoast.com\/wordpress\/plugins\/seo\/ -->\n<title>25 post\u00e1z\u00f3 zs\u00e1k 51x60 25 sz\u00e1ll\u00edt\u00e1si zs\u00e1kok als\u00f3 hajt\u00e1ssal &#8211; Fashion shop<\/title>\n<meta name=\"robots\" content=\"index, follow, max-snippet:-1, max-image-preview:large, max-video-preview:-1\" \/>\n<link rel=\"canonical\" href=\"https:\/\/taboofashion.com\/hu\/shop\/25-mailing-bags-51x60-25-shipping-bags-with-bottom-fold\/\" \/>\n<meta property=\"og:locale\" content=\"hu_HU\" \/>\n<meta property=\"og:type\" content=\"article\" \/>\n<meta property=\"og:title\" content=\"25 post\u00e1z\u00f3 zs\u00e1k 51x60 25 sz\u00e1ll\u00edt\u00e1si zs\u00e1kok als\u00f3 hajt\u00e1ssal &#8211; Fashion shop\" \/>\n<meta property=\"og:description\" content=\"\u00c1tl\u00e1tszatlan sz\u00e1ll\u00edtm\u00e1nyoz\u00f3 zs\u00e1k blokkos aljjal (120 mm-es hajt\u00e1s), szakad\u00e1s\u00e1ll\u00f3 \u00e9s v\u00edzleperget\u0151, meger\u0151s\u00edtett \u00e9s hegesztett varratokkal, \u00f6ntapad\u00f3s z\u00e1r\u00e1ssal.\" \/>\n<meta property=\"og:url\" content=\"https:\/\/taboofashion.com\/hu\/shop\/25-mailing-bags-51x60-25-shipping-bags-with-bottom-fold\/\" \/>\n<meta property=\"og:site_name\" content=\"Fashion shop\" \/>\n<meta property=\"article:publisher\" content=\"https:\/\/www.facebook.com\/TabooSlovakia\" \/>\n<meta name=\"twitter:card\" content=\"summary_large_image\" \/>\n<script type=\"application\/ld+json\" class=\"yoast-schema-graph\">{\"@context\":\"https:\/\/schema.org\",\"@graph\":[{\"@type\":\"WebPage\",\"@id\":\"https:\/\/taboofashion.com\/hu\/shop\/25-mailing-bags-51x60-25-shipping-bags-with-bottom-fold\/\",\"url\":\"https:\/\/taboofashion.com\/hu\/shop\/25-mailing-bags-51x60-25-shipping-bags-with-bottom-fold\/\",\"name\":\"25 post\u00e1z\u00f3 zs\u00e1k 51x60 25 sz\u00e1ll\u00edt\u00e1si zs\u00e1kok als\u00f3 hajt\u00e1ssal &#8211; Fashion shop\",\"isPartOf\":{\"@id\":\"https:\/\/taboofashion.com\/hu\/#website\"},\"datePublished\":\"2022-08-31T08:16:54+00:00\",\"dateModified\":\"2022-08-31T08:16:54+00:00\",\"breadcrumb\":{\"@id\":\"https:\/\/taboofashion.com\/hu\/shop\/25-mailing-bags-51x60-25-shipping-bags-with-bottom-fold\/#breadcrumb\"},\"inLanguage\":\"hu\",\"potentialAction\":[{\"@type\":\"ReadAction\",\"target\":[\"https:\/\/taboofashion.com\/hu\/shop\/25-mailing-bags-51x60-25-shipping-bags-with-bottom-fold\/\"]}]},{\"@type\":\"BreadcrumbList\",\"@id\":\"https:\/\/taboofashion.com\/hu\/shop\/25-mailing-bags-51x60-25-shipping-bags-with-bottom-fold\/#breadcrumb\",\"itemListElement\":[{\"@type\":\"ListItem\",\"position\":1,\"name\":\"Home\",\"item\":\"https:\/\/taboofashion.com\/hu\/\"},{\"@type\":\"ListItem\",\"position\":2,\"name\":\"Bolt\",\"item\":\"https:\/\/taboofashion.com\/hu\/\"},{\"@type\":\"ListItem\",\"position\":3,\"name\":\"25 post\u00e1z\u00f3 zs\u00e1k 51&#215;60 25 sz\u00e1ll\u00edt\u00e1si zs\u00e1kok als\u00f3 hajt\u00e1ssal\"}]},{\"@type\":\"WebSite\",\"@id\":\"https:\/\/taboofashion.com\/hu\/#website\",\"url\":\"https:\/\/taboofashion.com\/hu\/\",\"name\":\"Fashion shop\",\"description\":\"\",\"publisher\":{\"@id\":\"https:\/\/taboofashion.com\/hu\/#organization\"},\"potentialAction\":[{\"@type\":\"SearchAction\",\"target\":{\"@type\":\"EntryPoint\",\"urlTemplate\":\"https:\/\/taboofashion.com\/hu\/?s={search_term_string}\"},\"query-input\":\"required name=search_term_string\"}],\"inLanguage\":\"hu\"},{\"@type\":\"Organization\",\"@id\":\"https:\/\/taboofashion.com\/hu\/#organization\",\"name\":\"Taboo Slovakia s.r.o.\",\"url\":\"https:\/\/taboofashion.com\/hu\/\",\"logo\":{\"@type\":\"ImageObject\",\"inLanguage\":\"hu\",\"@id\":\"https:\/\/taboofashion.com\/hu\/#\/schema\/logo\/image\/\",\"url\":\"https:\/\/taboofashion.com\/wp-content\/uploads\/2022\/12\/taboologo2100-002.png\",\"contentUrl\":\"https:\/\/taboofashion.com\/wp-content\/uploads\/2022\/12\/taboologo2100-002.png\",\"width\":2100,\"height\":1050,\"caption\":\"Taboo Slovakia s.r.o.\"},\"image\":{\"@id\":\"https:\/\/taboofashion.com\/hu\/#\/schema\/logo\/image\/\"},\"sameAs\":[\"https:\/\/www.facebook.com\/TabooSlovakia\",\"https:\/\/www.linkedin.com\/company\/541747\/\",\"https:\/\/www.instagram.com\/taboofashion.com1\/\"]}]}<\/script>\n<meta property=\"product:brand\" content=\"Extras\" \/>\n<meta property=\"product:price:amount\" content=\"9980\" \/>\n<meta property=\"product:price:currency\" content=\"HUF\" \/>\n<meta property=\"og:availability\" content=\"instock\" \/>\n<meta property=\"product:availability\" content=\"instock\" \/>\n<meta property=\"product:retailer_item_id\" content=\"80125100199\" \/>\n<meta property=\"product:condition\" content=\"new\" \/>\n<!-- \/ Yoast SEO plugin. -->","yoast_head_json":{"title":"25 post\u00e1z\u00f3 zs\u00e1k 51x60 25 sz\u00e1ll\u00edt\u00e1si zs\u00e1kok als\u00f3 hajt\u00e1ssal &#8211; Fashion shop","robots":{"index":"index","follow":"follow","max-snippet":"max-snippet:-1","max-image-preview":"max-image-preview:large","max-video-preview":"max-video-preview:-1"},"canonical":"https:\/\/taboofashion.com\/hu\/shop\/25-mailing-bags-51x60-25-shipping-bags-with-bottom-fold\/","og_locale":"hu_HU","og_type":"article","og_title":"25 post\u00e1z\u00f3 zs\u00e1k 51x60 25 sz\u00e1ll\u00edt\u00e1si zs\u00e1kok als\u00f3 hajt\u00e1ssal &#8211; Fashion shop","og_description":"\u00c1tl\u00e1tszatlan sz\u00e1ll\u00edtm\u00e1nyoz\u00f3 zs\u00e1k blokkos aljjal (120 mm-es hajt\u00e1s), szakad\u00e1s\u00e1ll\u00f3 \u00e9s v\u00edzleperget\u0151, meger\u0151s\u00edtett \u00e9s hegesztett varratokkal, \u00f6ntapad\u00f3s z\u00e1r\u00e1ssal.","og_url":"https:\/\/taboofashion.com\/hu\/shop\/25-mailing-bags-51x60-25-shipping-bags-with-bottom-fold\/","og_site_name":"Fashion shop","article_publisher":"https:\/\/www.facebook.com\/TabooSlovakia","twitter_card":"summary_large_image","schema":{"@context":"https:\/\/schema.org","@graph":[{"@type":"WebPage","@id":"https:\/\/taboofashion.com\/hu\/shop\/25-mailing-bags-51x60-25-shipping-bags-with-bottom-fold\/","url":"https:\/\/taboofashion.com\/hu\/shop\/25-mailing-bags-51x60-25-shipping-bags-with-bottom-fold\/","name":"25 post\u00e1z\u00f3 zs\u00e1k 51x60 25 sz\u00e1ll\u00edt\u00e1si zs\u00e1kok als\u00f3 hajt\u00e1ssal &#8211; Fashion shop","isPartOf":{"@id":"https:\/\/taboofashion.com\/hu\/#website"},"datePublished":"2022-08-31T08:16:54+00:00","dateModified":"2022-08-31T08:16:54+00:00","breadcrumb":{"@id":"https:\/\/taboofashion.com\/hu\/shop\/25-mailing-bags-51x60-25-shipping-bags-with-bottom-fold\/#breadcrumb"},"inLanguage":"hu","potentialAction":[{"@type":"ReadAction","target":["https:\/\/taboofashion.com\/hu\/shop\/25-mailing-bags-51x60-25-shipping-bags-with-bottom-fold\/"]}]},{"@type":"BreadcrumbList","@id":"https:\/\/taboofashion.com\/hu\/shop\/25-mailing-bags-51x60-25-shipping-bags-with-bottom-fold\/#breadcrumb","itemListElement":[{"@type":"ListItem","position":1,"name":"Home","item":"https:\/\/taboofashion.com\/hu\/"},{"@type":"ListItem","position":2,"name":"Bolt","item":"https:\/\/taboofashion.com\/hu\/"},{"@type":"ListItem","position":3,"name":"25 post\u00e1z\u00f3 zs\u00e1k 51&#215;60 25 sz\u00e1ll\u00edt\u00e1si zs\u00e1kok als\u00f3 hajt\u00e1ssal"}]},{"@type":"WebSite","@id":"https:\/\/taboofashion.com\/hu\/#website","url":"https:\/\/taboofashion.com\/hu\/","name":"Fashion shop","description":"","publisher":{"@id":"https:\/\/taboofashion.com\/hu\/#organization"},"potentialAction":[{"@type":"SearchAction","target":{"@type":"EntryPoint","urlTemplate":"https:\/\/taboofashion.com\/hu\/?s={search_term_string}"},"query-input":"required name=search_term_string"}],"inLanguage":"hu"},{"@type":"Organization","@id":"https:\/\/taboofashion.com\/hu\/#organization","name":"Taboo Slovakia s.r.o.","url":"https:\/\/taboofashion.com\/hu\/","logo":{"@type":"ImageObject","inLanguage":"hu","@id":"https:\/\/taboofashion.com\/hu\/#\/schema\/logo\/image\/","url":"https:\/\/taboofashion.com\/wp-content\/uploads\/2022\/12\/taboologo2100-002.png","contentUrl":"https:\/\/taboofashion.com\/wp-content\/uploads\/2022\/12\/taboologo2100-002.png","width":2100,"height":1050,"caption":"Taboo Slovakia s.r.o."},"image":{"@id":"https:\/\/taboofashion.com\/hu\/#\/schema\/logo\/image\/"},"sameAs":["https:\/\/www.facebook.com\/TabooSlovakia","https:\/\/www.linkedin.com\/company\/541747\/","https:\/\/www.instagram.com\/taboofashion.com1\/"]}]},"product_brand":"Extras","product_price_amount":"9980","product_price_currency":"HUF","og_availability":"instock","product_availability":"instock","product_retailer_item_id":"80125100199","product_condition":"new"},"_links":{"self":[{"href":"https:\/\/taboofashion.com\/hu\/wp-json\/wp\/v2\/product\/611287","targetHints":{"allow":["GET"]}}],"collection":[{"href":"https:\/\/taboofashion.com\/hu\/wp-json\/wp\/v2\/product"}],"about":[{"href":"https:\/\/taboofashion.com\/hu\/wp-json\/wp\/v2\/types\/product"}],"wp:featuredmedia":[{"embeddable":true,"href":"https:\/\/taboofashion.com\/hu\/wp-json\/wp\/v2\/media\/608003"}],"wp:attachment":[{"href":"https:\/\/taboofashion.com\/hu\/wp-json\/wp\/v2\/media?parent=611287"}],"wp:term":[{"taxonomy":"product_cat","embeddable":true,"href":"https:\/\/taboofashion.com\/hu\/wp-json\/wp\/v2\/product_cat?post=611287"},{"taxonomy":"product_tag","embeddable":true,"href":"https:\/\/taboofashion.com\/hu\/wp-json\/wp\/v2\/product_tag?post=611287"}],"curies":[{"name":"wp","href":"https:\/\/api.w.org\/{rel}","templated":true}]}}