{"id":611341,"date":"2022-08-31T10:17:06","date_gmt":"2022-08-31T08:17:06","guid":{"rendered":"https:\/\/taboofashion.com\/shop\/20-quick-pack-box-40x26x25-20-karton-postai-dobozok-ontapados-ontapados-csikkal\/"},"modified":"2022-08-31T10:17:06","modified_gmt":"2022-08-31T08:17:06","slug":"20-quick-pack-box-40x26x25-20-karton-postai-dobozok-ontapados-ontapados-csikkal","status":"publish","type":"product","link":"https:\/\/taboofashion.com\/hu\/shop\/20-quick-pack-box-40x26x25-20-karton-postai-dobozok-ontapados-ontapados-csikkal\/","title":{"rendered":"20 gyorscsomagol\u00f3 doboz 40x26x25 20 karton postai dobozok \u00f6ntapad\u00f3 cs\u00edkkal"},"content":{"rendered":"<p>Meger\u0151s\u00edtett alap, 1-hull\u00e1m\u00fa karton, 10 kg-ig terhelhet\u0151, szak\u00edt\u00f3szalaggal, 22 csomag\/paletta, m\u00e9ret: 40x26x25cm.<\/p>\n","protected":false},"excerpt":{"rendered":"<p>Meger\u0151s\u00edtett alap, 1-hull\u00e1m\u00fa karton, 10 kg-ig terhelhet\u0151, szak\u00edt\u00f3szalaggal, 22 csomag\/paletta, m\u00e9ret: 40x26x25cm.<\/p>\n","protected":false},"featured_media":608004,"template":"","meta":[],"product_cat":[3616],"product_tag":[],"class_list":{"0":"post-611341","1":"product","2":"type-product","3":"status-publish","4":"has-post-thumbnail","6":"product_cat-csomagoloanyag","7":"pa_brand-extras-hu","8":"pa_colour-termeszetes","9":"pa_size-onesize-hu","11":"first","12":"instock","13":"taxable","14":"shipping-taxable","15":"purchasable","16":"product-type-simple"},"yoast_head":"<!-- This site is optimized with the Yoast SEO plugin v21.8 - https:\/\/yoast.com\/wordpress\/plugins\/seo\/ -->\n<title>20 gyorscsomagol\u00f3 doboz 40x26x25 20 karton postai dobozok \u00f6ntapad\u00f3 cs\u00edkkal &#8211; Fashion shop<\/title>\n<meta name=\"robots\" content=\"index, follow, max-snippet:-1, max-image-preview:large, max-video-preview:-1\" \/>\n<link rel=\"canonical\" href=\"https:\/\/taboofashion.com\/hu\/shop\/20-quick-pack-box-40x26x25-20-karton-postai-dobozok-ontapados-ontapados-csikkal\/\" \/>\n<meta property=\"og:locale\" content=\"hu_HU\" \/>\n<meta property=\"og:type\" content=\"article\" \/>\n<meta property=\"og:title\" content=\"20 gyorscsomagol\u00f3 doboz 40x26x25 20 karton postai dobozok \u00f6ntapad\u00f3 cs\u00edkkal &#8211; Fashion shop\" \/>\n<meta property=\"og:description\" content=\"Meger\u0151s\u00edtett alap, 1-hull\u00e1m\u00fa karton, 10 kg-ig terhelhet\u0151, szak\u00edt\u00f3szalaggal, 22 csomag\/paletta, m\u00e9ret: 40x26x25cm.\" \/>\n<meta property=\"og:url\" content=\"https:\/\/taboofashion.com\/hu\/shop\/20-quick-pack-box-40x26x25-20-karton-postai-dobozok-ontapados-ontapados-csikkal\/\" \/>\n<meta property=\"og:site_name\" content=\"Fashion shop\" \/>\n<meta property=\"article:publisher\" content=\"https:\/\/www.facebook.com\/TabooSlovakia\" \/>\n<meta name=\"twitter:card\" content=\"summary_large_image\" \/>\n<script type=\"application\/ld+json\" class=\"yoast-schema-graph\">{\"@context\":\"https:\/\/schema.org\",\"@graph\":[{\"@type\":\"WebPage\",\"@id\":\"https:\/\/taboofashion.com\/hu\/shop\/20-quick-pack-box-40x26x25-20-karton-postai-dobozok-ontapados-ontapados-csikkal\/\",\"url\":\"https:\/\/taboofashion.com\/hu\/shop\/20-quick-pack-box-40x26x25-20-karton-postai-dobozok-ontapados-ontapados-csikkal\/\",\"name\":\"20 gyorscsomagol\u00f3 doboz 40x26x25 20 karton postai dobozok \u00f6ntapad\u00f3 cs\u00edkkal &#8211; Fashion shop\",\"isPartOf\":{\"@id\":\"https:\/\/taboofashion.com\/hu\/#website\"},\"datePublished\":\"2022-08-31T08:17:06+00:00\",\"dateModified\":\"2022-08-31T08:17:06+00:00\",\"breadcrumb\":{\"@id\":\"https:\/\/taboofashion.com\/hu\/shop\/20-quick-pack-box-40x26x25-20-karton-postai-dobozok-ontapados-ontapados-csikkal\/#breadcrumb\"},\"inLanguage\":\"hu\",\"potentialAction\":[{\"@type\":\"ReadAction\",\"target\":[\"https:\/\/taboofashion.com\/hu\/shop\/20-quick-pack-box-40x26x25-20-karton-postai-dobozok-ontapados-ontapados-csikkal\/\"]}]},{\"@type\":\"BreadcrumbList\",\"@id\":\"https:\/\/taboofashion.com\/hu\/shop\/20-quick-pack-box-40x26x25-20-karton-postai-dobozok-ontapados-ontapados-csikkal\/#breadcrumb\",\"itemListElement\":[{\"@type\":\"ListItem\",\"position\":1,\"name\":\"Home\",\"item\":\"https:\/\/taboofashion.com\/hu\/\"},{\"@type\":\"ListItem\",\"position\":2,\"name\":\"Bolt\",\"item\":\"https:\/\/taboofashion.com\/hu\/\"},{\"@type\":\"ListItem\",\"position\":3,\"name\":\"20 gyorscsomagol\u00f3 doboz 40x26x25 20 karton postai dobozok \u00f6ntapad\u00f3 cs\u00edkkal\"}]},{\"@type\":\"WebSite\",\"@id\":\"https:\/\/taboofashion.com\/hu\/#website\",\"url\":\"https:\/\/taboofashion.com\/hu\/\",\"name\":\"Fashion shop\",\"description\":\"\",\"publisher\":{\"@id\":\"https:\/\/taboofashion.com\/hu\/#organization\"},\"potentialAction\":[{\"@type\":\"SearchAction\",\"target\":{\"@type\":\"EntryPoint\",\"urlTemplate\":\"https:\/\/taboofashion.com\/hu\/?s={search_term_string}\"},\"query-input\":\"required name=search_term_string\"}],\"inLanguage\":\"hu\"},{\"@type\":\"Organization\",\"@id\":\"https:\/\/taboofashion.com\/hu\/#organization\",\"name\":\"Taboo Slovakia s.r.o.\",\"url\":\"https:\/\/taboofashion.com\/hu\/\",\"logo\":{\"@type\":\"ImageObject\",\"inLanguage\":\"hu\",\"@id\":\"https:\/\/taboofashion.com\/hu\/#\/schema\/logo\/image\/\",\"url\":\"https:\/\/taboofashion.com\/wp-content\/uploads\/2022\/12\/taboologo2100-002.png\",\"contentUrl\":\"https:\/\/taboofashion.com\/wp-content\/uploads\/2022\/12\/taboologo2100-002.png\",\"width\":2100,\"height\":1050,\"caption\":\"Taboo Slovakia s.r.o.\"},\"image\":{\"@id\":\"https:\/\/taboofashion.com\/hu\/#\/schema\/logo\/image\/\"},\"sameAs\":[\"https:\/\/www.facebook.com\/TabooSlovakia\",\"https:\/\/www.linkedin.com\/company\/541747\/\",\"https:\/\/www.instagram.com\/taboofashion.com1\/\"]}]}<\/script>\n<meta property=\"product:brand\" content=\"Extras\" \/>\n<meta property=\"product:price:amount\" content=\"12808\" \/>\n<meta property=\"product:price:currency\" content=\"HUF\" \/>\n<meta property=\"og:availability\" content=\"instock\" \/>\n<meta property=\"product:availability\" content=\"instock\" \/>\n<meta property=\"product:retailer_item_id\" content=\"80136010099\" \/>\n<meta property=\"product:condition\" content=\"new\" \/>\n<!-- \/ Yoast SEO plugin. -->","yoast_head_json":{"title":"20 gyorscsomagol\u00f3 doboz 40x26x25 20 karton postai dobozok \u00f6ntapad\u00f3 cs\u00edkkal &#8211; Fashion shop","robots":{"index":"index","follow":"follow","max-snippet":"max-snippet:-1","max-image-preview":"max-image-preview:large","max-video-preview":"max-video-preview:-1"},"canonical":"https:\/\/taboofashion.com\/hu\/shop\/20-quick-pack-box-40x26x25-20-karton-postai-dobozok-ontapados-ontapados-csikkal\/","og_locale":"hu_HU","og_type":"article","og_title":"20 gyorscsomagol\u00f3 doboz 40x26x25 20 karton postai dobozok \u00f6ntapad\u00f3 cs\u00edkkal &#8211; Fashion shop","og_description":"Meger\u0151s\u00edtett alap, 1-hull\u00e1m\u00fa karton, 10 kg-ig terhelhet\u0151, szak\u00edt\u00f3szalaggal, 22 csomag\/paletta, m\u00e9ret: 40x26x25cm.","og_url":"https:\/\/taboofashion.com\/hu\/shop\/20-quick-pack-box-40x26x25-20-karton-postai-dobozok-ontapados-ontapados-csikkal\/","og_site_name":"Fashion shop","article_publisher":"https:\/\/www.facebook.com\/TabooSlovakia","twitter_card":"summary_large_image","schema":{"@context":"https:\/\/schema.org","@graph":[{"@type":"WebPage","@id":"https:\/\/taboofashion.com\/hu\/shop\/20-quick-pack-box-40x26x25-20-karton-postai-dobozok-ontapados-ontapados-csikkal\/","url":"https:\/\/taboofashion.com\/hu\/shop\/20-quick-pack-box-40x26x25-20-karton-postai-dobozok-ontapados-ontapados-csikkal\/","name":"20 gyorscsomagol\u00f3 doboz 40x26x25 20 karton postai dobozok \u00f6ntapad\u00f3 cs\u00edkkal &#8211; Fashion shop","isPartOf":{"@id":"https:\/\/taboofashion.com\/hu\/#website"},"datePublished":"2022-08-31T08:17:06+00:00","dateModified":"2022-08-31T08:17:06+00:00","breadcrumb":{"@id":"https:\/\/taboofashion.com\/hu\/shop\/20-quick-pack-box-40x26x25-20-karton-postai-dobozok-ontapados-ontapados-csikkal\/#breadcrumb"},"inLanguage":"hu","potentialAction":[{"@type":"ReadAction","target":["https:\/\/taboofashion.com\/hu\/shop\/20-quick-pack-box-40x26x25-20-karton-postai-dobozok-ontapados-ontapados-csikkal\/"]}]},{"@type":"BreadcrumbList","@id":"https:\/\/taboofashion.com\/hu\/shop\/20-quick-pack-box-40x26x25-20-karton-postai-dobozok-ontapados-ontapados-csikkal\/#breadcrumb","itemListElement":[{"@type":"ListItem","position":1,"name":"Home","item":"https:\/\/taboofashion.com\/hu\/"},{"@type":"ListItem","position":2,"name":"Bolt","item":"https:\/\/taboofashion.com\/hu\/"},{"@type":"ListItem","position":3,"name":"20 gyorscsomagol\u00f3 doboz 40x26x25 20 karton postai dobozok \u00f6ntapad\u00f3 cs\u00edkkal"}]},{"@type":"WebSite","@id":"https:\/\/taboofashion.com\/hu\/#website","url":"https:\/\/taboofashion.com\/hu\/","name":"Fashion shop","description":"","publisher":{"@id":"https:\/\/taboofashion.com\/hu\/#organization"},"potentialAction":[{"@type":"SearchAction","target":{"@type":"EntryPoint","urlTemplate":"https:\/\/taboofashion.com\/hu\/?s={search_term_string}"},"query-input":"required name=search_term_string"}],"inLanguage":"hu"},{"@type":"Organization","@id":"https:\/\/taboofashion.com\/hu\/#organization","name":"Taboo Slovakia s.r.o.","url":"https:\/\/taboofashion.com\/hu\/","logo":{"@type":"ImageObject","inLanguage":"hu","@id":"https:\/\/taboofashion.com\/hu\/#\/schema\/logo\/image\/","url":"https:\/\/taboofashion.com\/wp-content\/uploads\/2022\/12\/taboologo2100-002.png","contentUrl":"https:\/\/taboofashion.com\/wp-content\/uploads\/2022\/12\/taboologo2100-002.png","width":2100,"height":1050,"caption":"Taboo Slovakia s.r.o."},"image":{"@id":"https:\/\/taboofashion.com\/hu\/#\/schema\/logo\/image\/"},"sameAs":["https:\/\/www.facebook.com\/TabooSlovakia","https:\/\/www.linkedin.com\/company\/541747\/","https:\/\/www.instagram.com\/taboofashion.com1\/"]}]},"product_brand":"Extras","product_price_amount":"12808","product_price_currency":"HUF","og_availability":"instock","product_availability":"instock","product_retailer_item_id":"80136010099","product_condition":"new"},"_links":{"self":[{"href":"https:\/\/taboofashion.com\/hu\/wp-json\/wp\/v2\/product\/611341","targetHints":{"allow":["GET"]}}],"collection":[{"href":"https:\/\/taboofashion.com\/hu\/wp-json\/wp\/v2\/product"}],"about":[{"href":"https:\/\/taboofashion.com\/hu\/wp-json\/wp\/v2\/types\/product"}],"wp:featuredmedia":[{"embeddable":true,"href":"https:\/\/taboofashion.com\/hu\/wp-json\/wp\/v2\/media\/608004"}],"wp:attachment":[{"href":"https:\/\/taboofashion.com\/hu\/wp-json\/wp\/v2\/media?parent=611341"}],"wp:term":[{"taxonomy":"product_cat","embeddable":true,"href":"https:\/\/taboofashion.com\/hu\/wp-json\/wp\/v2\/product_cat?post=611341"},{"taxonomy":"product_tag","embeddable":true,"href":"https:\/\/taboofashion.com\/hu\/wp-json\/wp\/v2\/product_tag?post=611341"}],"curies":[{"name":"wp","href":"https:\/\/api.w.org\/{rel}","templated":true}]}}