{"id":611942,"date":"2022-08-30T23:27:35","date_gmt":"2022-08-30T21:27:35","guid":{"rendered":"https:\/\/taboofashion.com\/shop\/korntex-kxq-nyari-biztonsagi-melleny-halo-2\/"},"modified":"2023-09-13T16:23:59","modified_gmt":"2023-09-13T14:23:59","slug":"korntex-kxq-nyari-biztonsagi-melleny-halo-2","status":"publish","type":"product","link":"https:\/\/taboofashion.com\/hu\/shop\/korntex-kxq-nyari-biztonsagi-melleny-halo-2\/","title":{"rendered":"KXQ F\u00e9rfi ny\u00e1ri biztons\u00e1gi mell\u00e9ny h\u00e1l\u00f3s"},"content":{"rendered":"<p>Nagyon l\u00e9legz\u0151, fekete poli\u00e9szter szeg\u00e9llyel b\u00e9lelt, \u00e1ll\u00edthat\u00f3 m\u00e9ret 2 t\u00e9p\u0151z\u00e1rral, t\u00f6k\u00e9letes forr\u00f3 munkak\u00f6rnyezetben, k\u00e9t 5 cm sz\u00e9les f\u00e9nyvisszaver\u0151 cs\u00edk a test k\u00f6r\u00fcl (v\u00e9d\u0151funkci\u00f3 n\u00e9lk\u00fcl).<\/p>\n","protected":false},"excerpt":{"rendered":"<p>55g\/m\u00b2, 100% poli\u00e9szter<\/p>\n","protected":false},"featured_media":609247,"template":"","meta":[],"product_cat":[3614,3625],"product_tag":[],"class_list":{"0":"post-611942","1":"product","2":"type-product","3":"status-publish","4":"has-post-thumbnail","6":"product_cat-dzsekik","7":"product_cat-munkaruha-vedoruhazat","8":"pa_brand-korntex-hu","9":"pa_colour-kek-hu","10":"pa_colour-piros","11":"pa_colour-zold-2","12":"pa_size-s-m-hu","13":"pa_size-l-xl-hu","14":"pa_size-xxl-hu","15":"pa_size-3xl-4xl-hu","16":"pa_size-5xl-hu","18":"first","19":"instock","20":"taxable","21":"shipping-taxable","22":"purchasable","23":"product-type-variable","24":"has-default-attributes"},"yoast_head":"<!-- This site is optimized with the Yoast SEO plugin v21.8 - https:\/\/yoast.com\/wordpress\/plugins\/seo\/ -->\n<title>KXQ F\u00e9rfi ny\u00e1ri biztons\u00e1gi mell\u00e9ny h\u00e1l\u00f3s &#8211; Fashion shop<\/title>\n<meta name=\"robots\" content=\"index, follow, max-snippet:-1, max-image-preview:large, max-video-preview:-1\" \/>\n<link rel=\"canonical\" href=\"https:\/\/taboofashion.com\/hu\/shop\/korntex-kxq-nyari-biztonsagi-melleny-halo-2\/\" \/>\n<meta property=\"og:locale\" content=\"hu_HU\" \/>\n<meta property=\"og:type\" content=\"article\" \/>\n<meta property=\"og:title\" content=\"KXQ F\u00e9rfi ny\u00e1ri biztons\u00e1gi mell\u00e9ny h\u00e1l\u00f3s &#8211; Fashion shop\" \/>\n<meta property=\"og:description\" content=\"55g\/m\u00b2, 100% poli\u00e9szter\" \/>\n<meta property=\"og:url\" content=\"https:\/\/taboofashion.com\/hu\/shop\/korntex-kxq-nyari-biztonsagi-melleny-halo-2\/\" \/>\n<meta property=\"og:site_name\" content=\"Fashion shop\" \/>\n<meta property=\"article:publisher\" content=\"https:\/\/www.facebook.com\/TabooSlovakia\" \/>\n<meta property=\"article:modified_time\" content=\"2023-09-13T14:23:59+00:00\" \/>\n<meta property=\"og:image\" content=\"https:\/\/taboofashion.com\/wp-content\/uploads\/2022\/08\/LS-76.KXQ2-Korntex-KXQ-\u2013-Thessaloniki-1.jpg\" \/>\n\t<meta property=\"og:image:width\" content=\"1000\" \/>\n\t<meta property=\"og:image:height\" content=\"1000\" \/>\n\t<meta property=\"og:image:type\" content=\"image\/jpeg\" \/>\n<meta name=\"twitter:card\" content=\"summary_large_image\" \/>\n<script type=\"application\/ld+json\" class=\"yoast-schema-graph\">{\"@context\":\"https:\/\/schema.org\",\"@graph\":[{\"@type\":\"WebPage\",\"@id\":\"https:\/\/taboofashion.com\/hu\/shop\/korntex-kxq-nyari-biztonsagi-melleny-halo-2\/\",\"url\":\"https:\/\/taboofashion.com\/hu\/shop\/korntex-kxq-nyari-biztonsagi-melleny-halo-2\/\",\"name\":\"KXQ F\u00e9rfi ny\u00e1ri biztons\u00e1gi mell\u00e9ny h\u00e1l\u00f3s &#8211; Fashion shop\",\"isPartOf\":{\"@id\":\"https:\/\/taboofashion.com\/hu\/#website\"},\"datePublished\":\"2022-08-30T21:27:35+00:00\",\"dateModified\":\"2023-09-13T14:23:59+00:00\",\"breadcrumb\":{\"@id\":\"https:\/\/taboofashion.com\/hu\/shop\/korntex-kxq-nyari-biztonsagi-melleny-halo-2\/#breadcrumb\"},\"inLanguage\":\"hu\",\"potentialAction\":[{\"@type\":\"ReadAction\",\"target\":[\"https:\/\/taboofashion.com\/hu\/shop\/korntex-kxq-nyari-biztonsagi-melleny-halo-2\/\"]}]},{\"@type\":\"BreadcrumbList\",\"@id\":\"https:\/\/taboofashion.com\/hu\/shop\/korntex-kxq-nyari-biztonsagi-melleny-halo-2\/#breadcrumb\",\"itemListElement\":[{\"@type\":\"ListItem\",\"position\":1,\"name\":\"Home\",\"item\":\"https:\/\/taboofashion.com\/hu\/\"},{\"@type\":\"ListItem\",\"position\":2,\"name\":\"Bolt\",\"item\":\"https:\/\/taboofashion.com\/hu\/\"},{\"@type\":\"ListItem\",\"position\":3,\"name\":\"KXQ F\u00e9rfi ny\u00e1ri biztons\u00e1gi mell\u00e9ny h\u00e1l\u00f3s\"}]},{\"@type\":\"WebSite\",\"@id\":\"https:\/\/taboofashion.com\/hu\/#website\",\"url\":\"https:\/\/taboofashion.com\/hu\/\",\"name\":\"Fashion shop\",\"description\":\"\",\"publisher\":{\"@id\":\"https:\/\/taboofashion.com\/hu\/#organization\"},\"potentialAction\":[{\"@type\":\"SearchAction\",\"target\":{\"@type\":\"EntryPoint\",\"urlTemplate\":\"https:\/\/taboofashion.com\/hu\/?s={search_term_string}\"},\"query-input\":\"required name=search_term_string\"}],\"inLanguage\":\"hu\"},{\"@type\":\"Organization\",\"@id\":\"https:\/\/taboofashion.com\/hu\/#organization\",\"name\":\"Taboo Slovakia s.r.o.\",\"url\":\"https:\/\/taboofashion.com\/hu\/\",\"logo\":{\"@type\":\"ImageObject\",\"inLanguage\":\"hu\",\"@id\":\"https:\/\/taboofashion.com\/hu\/#\/schema\/logo\/image\/\",\"url\":\"https:\/\/taboofashion.com\/wp-content\/uploads\/2022\/12\/taboologo2100-002.png\",\"contentUrl\":\"https:\/\/taboofashion.com\/wp-content\/uploads\/2022\/12\/taboologo2100-002.png\",\"width\":2100,\"height\":1050,\"caption\":\"Taboo Slovakia s.r.o.\"},\"image\":{\"@id\":\"https:\/\/taboofashion.com\/hu\/#\/schema\/logo\/image\/\"},\"sameAs\":[\"https:\/\/www.facebook.com\/TabooSlovakia\",\"https:\/\/www.linkedin.com\/company\/541747\/\",\"https:\/\/www.instagram.com\/taboofashion.com1\/\"]}]}<\/script>\n<meta property=\"product:brand\" content=\"Korntex\" \/>\n<meta property=\"og:availability\" content=\"instock\" \/>\n<meta property=\"product:availability\" content=\"instock\" \/>\n<meta property=\"product:retailer_item_id\" content=\"76KXQ200405\" \/>\n<meta property=\"product:condition\" content=\"new\" \/>\n<!-- \/ Yoast SEO plugin. -->","yoast_head_json":{"title":"KXQ F\u00e9rfi ny\u00e1ri biztons\u00e1gi mell\u00e9ny h\u00e1l\u00f3s &#8211; Fashion shop","robots":{"index":"index","follow":"follow","max-snippet":"max-snippet:-1","max-image-preview":"max-image-preview:large","max-video-preview":"max-video-preview:-1"},"canonical":"https:\/\/taboofashion.com\/hu\/shop\/korntex-kxq-nyari-biztonsagi-melleny-halo-2\/","og_locale":"hu_HU","og_type":"article","og_title":"KXQ F\u00e9rfi ny\u00e1ri biztons\u00e1gi mell\u00e9ny h\u00e1l\u00f3s &#8211; Fashion shop","og_description":"55g\/m\u00b2, 100% poli\u00e9szter","og_url":"https:\/\/taboofashion.com\/hu\/shop\/korntex-kxq-nyari-biztonsagi-melleny-halo-2\/","og_site_name":"Fashion shop","article_publisher":"https:\/\/www.facebook.com\/TabooSlovakia","article_modified_time":"2023-09-13T14:23:59+00:00","og_image":[{"width":1000,"height":1000,"url":"https:\/\/taboofashion.com\/wp-content\/uploads\/2022\/08\/LS-76.KXQ2-Korntex-KXQ-\u2013-Thessaloniki-1.jpg","type":"image\/jpeg"}],"twitter_card":"summary_large_image","schema":{"@context":"https:\/\/schema.org","@graph":[{"@type":"WebPage","@id":"https:\/\/taboofashion.com\/hu\/shop\/korntex-kxq-nyari-biztonsagi-melleny-halo-2\/","url":"https:\/\/taboofashion.com\/hu\/shop\/korntex-kxq-nyari-biztonsagi-melleny-halo-2\/","name":"KXQ F\u00e9rfi ny\u00e1ri biztons\u00e1gi mell\u00e9ny h\u00e1l\u00f3s &#8211; Fashion shop","isPartOf":{"@id":"https:\/\/taboofashion.com\/hu\/#website"},"datePublished":"2022-08-30T21:27:35+00:00","dateModified":"2023-09-13T14:23:59+00:00","breadcrumb":{"@id":"https:\/\/taboofashion.com\/hu\/shop\/korntex-kxq-nyari-biztonsagi-melleny-halo-2\/#breadcrumb"},"inLanguage":"hu","potentialAction":[{"@type":"ReadAction","target":["https:\/\/taboofashion.com\/hu\/shop\/korntex-kxq-nyari-biztonsagi-melleny-halo-2\/"]}]},{"@type":"BreadcrumbList","@id":"https:\/\/taboofashion.com\/hu\/shop\/korntex-kxq-nyari-biztonsagi-melleny-halo-2\/#breadcrumb","itemListElement":[{"@type":"ListItem","position":1,"name":"Home","item":"https:\/\/taboofashion.com\/hu\/"},{"@type":"ListItem","position":2,"name":"Bolt","item":"https:\/\/taboofashion.com\/hu\/"},{"@type":"ListItem","position":3,"name":"KXQ F\u00e9rfi ny\u00e1ri biztons\u00e1gi mell\u00e9ny h\u00e1l\u00f3s"}]},{"@type":"WebSite","@id":"https:\/\/taboofashion.com\/hu\/#website","url":"https:\/\/taboofashion.com\/hu\/","name":"Fashion shop","description":"","publisher":{"@id":"https:\/\/taboofashion.com\/hu\/#organization"},"potentialAction":[{"@type":"SearchAction","target":{"@type":"EntryPoint","urlTemplate":"https:\/\/taboofashion.com\/hu\/?s={search_term_string}"},"query-input":"required name=search_term_string"}],"inLanguage":"hu"},{"@type":"Organization","@id":"https:\/\/taboofashion.com\/hu\/#organization","name":"Taboo Slovakia s.r.o.","url":"https:\/\/taboofashion.com\/hu\/","logo":{"@type":"ImageObject","inLanguage":"hu","@id":"https:\/\/taboofashion.com\/hu\/#\/schema\/logo\/image\/","url":"https:\/\/taboofashion.com\/wp-content\/uploads\/2022\/12\/taboologo2100-002.png","contentUrl":"https:\/\/taboofashion.com\/wp-content\/uploads\/2022\/12\/taboologo2100-002.png","width":2100,"height":1050,"caption":"Taboo Slovakia s.r.o."},"image":{"@id":"https:\/\/taboofashion.com\/hu\/#\/schema\/logo\/image\/"},"sameAs":["https:\/\/www.facebook.com\/TabooSlovakia","https:\/\/www.linkedin.com\/company\/541747\/","https:\/\/www.instagram.com\/taboofashion.com1\/"]}]},"product_brand":"Korntex","og_availability":"instock","product_availability":"instock","product_retailer_item_id":"76KXQ200405","product_condition":"new"},"_links":{"self":[{"href":"https:\/\/taboofashion.com\/hu\/wp-json\/wp\/v2\/product\/611942","targetHints":{"allow":["GET"]}}],"collection":[{"href":"https:\/\/taboofashion.com\/hu\/wp-json\/wp\/v2\/product"}],"about":[{"href":"https:\/\/taboofashion.com\/hu\/wp-json\/wp\/v2\/types\/product"}],"wp:featuredmedia":[{"embeddable":true,"href":"https:\/\/taboofashion.com\/hu\/wp-json\/wp\/v2\/media\/609247"}],"wp:attachment":[{"href":"https:\/\/taboofashion.com\/hu\/wp-json\/wp\/v2\/media?parent=611942"}],"wp:term":[{"taxonomy":"product_cat","embeddable":true,"href":"https:\/\/taboofashion.com\/hu\/wp-json\/wp\/v2\/product_cat?post=611942"},{"taxonomy":"product_tag","embeddable":true,"href":"https:\/\/taboofashion.com\/hu\/wp-json\/wp\/v2\/product_tag?post=611942"}],"curies":[{"name":"wp","href":"https:\/\/api.w.org\/{rel}","templated":true}]}}