{"id":611945,"date":"2022-08-31T04:57:44","date_gmt":"2022-08-31T02:57:44","guid":{"rendered":"https:\/\/taboofashion.com\/shop\/semleges-o33001-gyerekek-organikus-raglan-pulover\/"},"modified":"2022-08-31T04:57:44","modified_gmt":"2022-08-31T02:57:44","slug":"semleges-o33001-gyerekek-organikus-raglan-pulover","status":"publish","type":"product","link":"https:\/\/taboofashion.com\/hu\/shop\/semleges-o33001-gyerekek-organikus-raglan-pulover\/","title":{"rendered":"O33001 Gyermek organikus Raglan pul\u00f3ver"},"content":{"rendered":"<p>Nyakkiv\u00e1g\u00e1s, raglan ujjak, bord\u00e1s mandzsetta az ujjakon \u00e9s a szeg\u00e9lyen, \u00e9rdes\u00edtett bels\u0151 oldal.<\/p>\n","protected":false},"excerpt":{"rendered":"<p>300g\/m\u00b2, 100% f\u00e9s\u00fclt, gy\u0171r\u0171sfonott, tan\u00fas\u00edtott organikus pamut, fair trade.<\/p>\n","protected":false},"featured_media":609813,"template":"","meta":[],"product_cat":[3624],"product_tag":[],"class_list":{"0":"post-611945","1":"product","2":"type-product","3":"status-publish","4":"has-post-thumbnail","6":"product_cat-soprt-puloverek","7":"pa_brand-neutral-hu","8":"pa_colour-fekete","9":"pa_colour-piros","10":"pa_colour-sarga-hu","11":"pa_colour-sport-szurke","12":"pa_colour-tengereszgyalogsag","13":"pa_colour-zold-2","14":"pa_size-104-110-hu","15":"pa_size-116-122-hu","16":"pa_size-128-134-hu","17":"pa_size-140-146-hu","18":"pa_size-152-158-hu","19":"pa_size-92-98-hu","21":"first","22":"instock","23":"taxable","24":"shipping-taxable","25":"purchasable","26":"product-type-variable","27":"has-default-attributes"},"yoast_head":"<!-- This site is optimized with the Yoast SEO plugin v21.8 - https:\/\/yoast.com\/wordpress\/plugins\/seo\/ -->\n<title>O33001 Gyermek organikus Raglan pul\u00f3ver &#8211; Fashion shop<\/title>\n<meta name=\"robots\" content=\"index, follow, max-snippet:-1, max-image-preview:large, max-video-preview:-1\" \/>\n<link rel=\"canonical\" href=\"https:\/\/taboofashion.com\/hu\/shop\/semleges-o33001-gyerekek-organikus-raglan-pulover\/\" \/>\n<meta property=\"og:locale\" content=\"hu_HU\" \/>\n<meta property=\"og:type\" content=\"article\" \/>\n<meta property=\"og:title\" content=\"O33001 Gyermek organikus Raglan pul\u00f3ver &#8211; Fashion shop\" \/>\n<meta property=\"og:description\" content=\"300g\/m\u00b2, 100% f\u00e9s\u00fclt, gy\u0171r\u0171sfonott, tan\u00fas\u00edtott organikus pamut, fair trade.\" \/>\n<meta property=\"og:url\" content=\"https:\/\/taboofashion.com\/hu\/shop\/semleges-o33001-gyerekek-organikus-raglan-pulover\/\" \/>\n<meta property=\"og:site_name\" content=\"Fashion shop\" \/>\n<meta property=\"article:publisher\" content=\"https:\/\/www.facebook.com\/TabooSlovakia\" \/>\n<meta name=\"twitter:card\" content=\"summary_large_image\" \/>\n<script type=\"application\/ld+json\" class=\"yoast-schema-graph\">{\"@context\":\"https:\/\/schema.org\",\"@graph\":[{\"@type\":\"WebPage\",\"@id\":\"https:\/\/taboofashion.com\/hu\/shop\/semleges-o33001-gyerekek-organikus-raglan-pulover\/\",\"url\":\"https:\/\/taboofashion.com\/hu\/shop\/semleges-o33001-gyerekek-organikus-raglan-pulover\/\",\"name\":\"O33001 Gyermek organikus Raglan pul\u00f3ver &#8211; Fashion shop\",\"isPartOf\":{\"@id\":\"https:\/\/taboofashion.com\/hu\/#website\"},\"datePublished\":\"2022-08-31T02:57:44+00:00\",\"dateModified\":\"2022-08-31T02:57:44+00:00\",\"breadcrumb\":{\"@id\":\"https:\/\/taboofashion.com\/hu\/shop\/semleges-o33001-gyerekek-organikus-raglan-pulover\/#breadcrumb\"},\"inLanguage\":\"hu\",\"potentialAction\":[{\"@type\":\"ReadAction\",\"target\":[\"https:\/\/taboofashion.com\/hu\/shop\/semleges-o33001-gyerekek-organikus-raglan-pulover\/\"]}]},{\"@type\":\"BreadcrumbList\",\"@id\":\"https:\/\/taboofashion.com\/hu\/shop\/semleges-o33001-gyerekek-organikus-raglan-pulover\/#breadcrumb\",\"itemListElement\":[{\"@type\":\"ListItem\",\"position\":1,\"name\":\"Home\",\"item\":\"https:\/\/taboofashion.com\/hu\/\"},{\"@type\":\"ListItem\",\"position\":2,\"name\":\"Bolt\",\"item\":\"https:\/\/taboofashion.com\/hu\/\"},{\"@type\":\"ListItem\",\"position\":3,\"name\":\"O33001 Gyermek organikus Raglan pul\u00f3ver\"}]},{\"@type\":\"WebSite\",\"@id\":\"https:\/\/taboofashion.com\/hu\/#website\",\"url\":\"https:\/\/taboofashion.com\/hu\/\",\"name\":\"Fashion shop\",\"description\":\"\",\"publisher\":{\"@id\":\"https:\/\/taboofashion.com\/hu\/#organization\"},\"potentialAction\":[{\"@type\":\"SearchAction\",\"target\":{\"@type\":\"EntryPoint\",\"urlTemplate\":\"https:\/\/taboofashion.com\/hu\/?s={search_term_string}\"},\"query-input\":\"required name=search_term_string\"}],\"inLanguage\":\"hu\"},{\"@type\":\"Organization\",\"@id\":\"https:\/\/taboofashion.com\/hu\/#organization\",\"name\":\"Taboo Slovakia s.r.o.\",\"url\":\"https:\/\/taboofashion.com\/hu\/\",\"logo\":{\"@type\":\"ImageObject\",\"inLanguage\":\"hu\",\"@id\":\"https:\/\/taboofashion.com\/hu\/#\/schema\/logo\/image\/\",\"url\":\"https:\/\/taboofashion.com\/wp-content\/uploads\/2022\/12\/taboologo2100-002.png\",\"contentUrl\":\"https:\/\/taboofashion.com\/wp-content\/uploads\/2022\/12\/taboologo2100-002.png\",\"width\":2100,\"height\":1050,\"caption\":\"Taboo Slovakia s.r.o.\"},\"image\":{\"@id\":\"https:\/\/taboofashion.com\/hu\/#\/schema\/logo\/image\/\"},\"sameAs\":[\"https:\/\/www.facebook.com\/TabooSlovakia\",\"https:\/\/www.linkedin.com\/company\/541747\/\",\"https:\/\/www.instagram.com\/taboofashion.com1\/\"]}]}<\/script>\n<meta property=\"product:brand\" content=\"Neutral\" \/>\n<meta property=\"og:availability\" content=\"instock\" \/>\n<meta property=\"product:availability\" content=\"instock\" \/>\n<meta property=\"product:retailer_item_id\" content=\"773301002y1\" \/>\n<meta property=\"product:condition\" content=\"new\" \/>\n<!-- \/ Yoast SEO plugin. -->","yoast_head_json":{"title":"O33001 Gyermek organikus Raglan pul\u00f3ver &#8211; Fashion shop","robots":{"index":"index","follow":"follow","max-snippet":"max-snippet:-1","max-image-preview":"max-image-preview:large","max-video-preview":"max-video-preview:-1"},"canonical":"https:\/\/taboofashion.com\/hu\/shop\/semleges-o33001-gyerekek-organikus-raglan-pulover\/","og_locale":"hu_HU","og_type":"article","og_title":"O33001 Gyermek organikus Raglan pul\u00f3ver &#8211; Fashion shop","og_description":"300g\/m\u00b2, 100% f\u00e9s\u00fclt, gy\u0171r\u0171sfonott, tan\u00fas\u00edtott organikus pamut, fair trade.","og_url":"https:\/\/taboofashion.com\/hu\/shop\/semleges-o33001-gyerekek-organikus-raglan-pulover\/","og_site_name":"Fashion shop","article_publisher":"https:\/\/www.facebook.com\/TabooSlovakia","twitter_card":"summary_large_image","schema":{"@context":"https:\/\/schema.org","@graph":[{"@type":"WebPage","@id":"https:\/\/taboofashion.com\/hu\/shop\/semleges-o33001-gyerekek-organikus-raglan-pulover\/","url":"https:\/\/taboofashion.com\/hu\/shop\/semleges-o33001-gyerekek-organikus-raglan-pulover\/","name":"O33001 Gyermek organikus Raglan pul\u00f3ver &#8211; Fashion shop","isPartOf":{"@id":"https:\/\/taboofashion.com\/hu\/#website"},"datePublished":"2022-08-31T02:57:44+00:00","dateModified":"2022-08-31T02:57:44+00:00","breadcrumb":{"@id":"https:\/\/taboofashion.com\/hu\/shop\/semleges-o33001-gyerekek-organikus-raglan-pulover\/#breadcrumb"},"inLanguage":"hu","potentialAction":[{"@type":"ReadAction","target":["https:\/\/taboofashion.com\/hu\/shop\/semleges-o33001-gyerekek-organikus-raglan-pulover\/"]}]},{"@type":"BreadcrumbList","@id":"https:\/\/taboofashion.com\/hu\/shop\/semleges-o33001-gyerekek-organikus-raglan-pulover\/#breadcrumb","itemListElement":[{"@type":"ListItem","position":1,"name":"Home","item":"https:\/\/taboofashion.com\/hu\/"},{"@type":"ListItem","position":2,"name":"Bolt","item":"https:\/\/taboofashion.com\/hu\/"},{"@type":"ListItem","position":3,"name":"O33001 Gyermek organikus Raglan pul\u00f3ver"}]},{"@type":"WebSite","@id":"https:\/\/taboofashion.com\/hu\/#website","url":"https:\/\/taboofashion.com\/hu\/","name":"Fashion shop","description":"","publisher":{"@id":"https:\/\/taboofashion.com\/hu\/#organization"},"potentialAction":[{"@type":"SearchAction","target":{"@type":"EntryPoint","urlTemplate":"https:\/\/taboofashion.com\/hu\/?s={search_term_string}"},"query-input":"required name=search_term_string"}],"inLanguage":"hu"},{"@type":"Organization","@id":"https:\/\/taboofashion.com\/hu\/#organization","name":"Taboo Slovakia s.r.o.","url":"https:\/\/taboofashion.com\/hu\/","logo":{"@type":"ImageObject","inLanguage":"hu","@id":"https:\/\/taboofashion.com\/hu\/#\/schema\/logo\/image\/","url":"https:\/\/taboofashion.com\/wp-content\/uploads\/2022\/12\/taboologo2100-002.png","contentUrl":"https:\/\/taboofashion.com\/wp-content\/uploads\/2022\/12\/taboologo2100-002.png","width":2100,"height":1050,"caption":"Taboo Slovakia s.r.o."},"image":{"@id":"https:\/\/taboofashion.com\/hu\/#\/schema\/logo\/image\/"},"sameAs":["https:\/\/www.facebook.com\/TabooSlovakia","https:\/\/www.linkedin.com\/company\/541747\/","https:\/\/www.instagram.com\/taboofashion.com1\/"]}]},"product_brand":"Neutral","og_availability":"instock","product_availability":"instock","product_retailer_item_id":"773301002y1","product_condition":"new"},"_links":{"self":[{"href":"https:\/\/taboofashion.com\/hu\/wp-json\/wp\/v2\/product\/611945","targetHints":{"allow":["GET"]}}],"collection":[{"href":"https:\/\/taboofashion.com\/hu\/wp-json\/wp\/v2\/product"}],"about":[{"href":"https:\/\/taboofashion.com\/hu\/wp-json\/wp\/v2\/types\/product"}],"wp:featuredmedia":[{"embeddable":true,"href":"https:\/\/taboofashion.com\/hu\/wp-json\/wp\/v2\/media\/609813"}],"wp:attachment":[{"href":"https:\/\/taboofashion.com\/hu\/wp-json\/wp\/v2\/media?parent=611945"}],"wp:term":[{"taxonomy":"product_cat","embeddable":true,"href":"https:\/\/taboofashion.com\/hu\/wp-json\/wp\/v2\/product_cat?post=611945"},{"taxonomy":"product_tag","embeddable":true,"href":"https:\/\/taboofashion.com\/hu\/wp-json\/wp\/v2\/product_tag?post=611945"}],"curies":[{"name":"wp","href":"https:\/\/api.w.org\/{rel}","templated":true}]}}