{"id":614740,"date":"2022-08-30T21:27:11","date_gmt":"2022-08-30T19:27:11","guid":{"rendered":"https:\/\/taboofashion.com\/shop\/babybugz-bz13-baba-romper-ruha\/"},"modified":"2023-02-27T16:22:59","modified_gmt":"2023-02-27T15:22:59","slug":"babybugz-bz13-baba-romper-ruha","status":"publish","type":"product","link":"https:\/\/taboofashion.com\/hu\/shop\/babybugz-bz13-baba-romper-ruha\/","title":{"rendered":"BZ13 Baba Romper \u00f6lt\u00f6ny"},"content":{"rendered":"<p>\u00c1tlapolt kerek nyakkiv\u00e1g\u00e1s, szeg\u00e9lyezett ujj- \u00e9s l\u00e1bv\u00e9gek, t\u00f3nusos nyom\u00f3gombok a l\u00e1bak k\u00f6z\u00f6tt, puha, rugalmas anyag.<\/p>\n","protected":false},"excerpt":{"rendered":"<p>200g\/m\u00b2, 100% tan\u00fas\u00edtott organikus pamut, sz\u00fcrke: 15% poli\u00e9szter, interlock.<\/p>\n","protected":false},"featured_media":608204,"template":"","meta":[],"product_cat":[3606],"product_tag":[],"class_list":{"0":"post-614740","1":"product","2":"type-product","3":"status-publish","4":"has-post-thumbnail","6":"product_cat-baba-ruha","7":"pa_brand-babybugz-hu","8":"pa_colour-feher","9":"pa_colour-fekete","10":"pa_colour-puderrozsaszin","11":"pa_colour-tengereszgyalogsag-hu-2","12":"pa_colour-dusty-blue-hu","13":"pa_colour-heather-grey-melange-hu","14":"pa_size-12-18-hu","15":"pa_size-3-6-hu","16":"pa_size-6-12-hu","18":"first","19":"instock","20":"taxable","21":"shipping-taxable","22":"purchasable","23":"product-type-variable","24":"has-default-attributes"},"yoast_head":"<!-- This site is optimized with the Yoast SEO plugin v21.8 - https:\/\/yoast.com\/wordpress\/plugins\/seo\/ -->\n<title>BZ13 Baba Romper \u00f6lt\u00f6ny &#8211; Fashion shop<\/title>\n<meta name=\"robots\" content=\"index, follow, max-snippet:-1, max-image-preview:large, max-video-preview:-1\" \/>\n<link rel=\"canonical\" href=\"https:\/\/taboofashion.com\/hu\/shop\/babybugz-bz13-baba-romper-ruha\/\" \/>\n<meta property=\"og:locale\" content=\"hu_HU\" \/>\n<meta property=\"og:type\" content=\"article\" \/>\n<meta property=\"og:title\" content=\"BZ13 Baba Romper \u00f6lt\u00f6ny &#8211; Fashion shop\" \/>\n<meta property=\"og:description\" content=\"200g\/m\u00b2, 100% tan\u00fas\u00edtott organikus pamut, sz\u00fcrke: 15% poli\u00e9szter, interlock.\" \/>\n<meta property=\"og:url\" content=\"https:\/\/taboofashion.com\/hu\/shop\/babybugz-bz13-baba-romper-ruha\/\" \/>\n<meta property=\"og:site_name\" content=\"Fashion shop\" \/>\n<meta property=\"article:publisher\" content=\"https:\/\/www.facebook.com\/TabooSlovakia\" \/>\n<meta property=\"article:modified_time\" content=\"2023-02-27T15:22:59+00:00\" \/>\n<meta property=\"og:image\" content=\"https:\/\/taboofashion.com\/wp-content\/uploads\/2022\/08\/LS-71.0013-Babybugz-BZ13-2.jpg\" \/>\n\t<meta property=\"og:image:width\" content=\"1000\" \/>\n\t<meta property=\"og:image:height\" content=\"1000\" \/>\n\t<meta property=\"og:image:type\" content=\"image\/jpeg\" \/>\n<meta name=\"twitter:card\" content=\"summary_large_image\" \/>\n<script type=\"application\/ld+json\" class=\"yoast-schema-graph\">{\"@context\":\"https:\/\/schema.org\",\"@graph\":[{\"@type\":\"WebPage\",\"@id\":\"https:\/\/taboofashion.com\/hu\/shop\/babybugz-bz13-baba-romper-ruha\/\",\"url\":\"https:\/\/taboofashion.com\/hu\/shop\/babybugz-bz13-baba-romper-ruha\/\",\"name\":\"BZ13 Baba Romper \u00f6lt\u00f6ny &#8211; Fashion shop\",\"isPartOf\":{\"@id\":\"https:\/\/taboofashion.com\/hu\/#website\"},\"datePublished\":\"2022-08-30T19:27:11+00:00\",\"dateModified\":\"2023-02-27T15:22:59+00:00\",\"breadcrumb\":{\"@id\":\"https:\/\/taboofashion.com\/hu\/shop\/babybugz-bz13-baba-romper-ruha\/#breadcrumb\"},\"inLanguage\":\"hu\",\"potentialAction\":[{\"@type\":\"ReadAction\",\"target\":[\"https:\/\/taboofashion.com\/hu\/shop\/babybugz-bz13-baba-romper-ruha\/\"]}]},{\"@type\":\"BreadcrumbList\",\"@id\":\"https:\/\/taboofashion.com\/hu\/shop\/babybugz-bz13-baba-romper-ruha\/#breadcrumb\",\"itemListElement\":[{\"@type\":\"ListItem\",\"position\":1,\"name\":\"Home\",\"item\":\"https:\/\/taboofashion.com\/hu\/\"},{\"@type\":\"ListItem\",\"position\":2,\"name\":\"Bolt\",\"item\":\"https:\/\/taboofashion.com\/hu\/\"},{\"@type\":\"ListItem\",\"position\":3,\"name\":\"BZ13 Baba Romper \u00f6lt\u00f6ny\"}]},{\"@type\":\"WebSite\",\"@id\":\"https:\/\/taboofashion.com\/hu\/#website\",\"url\":\"https:\/\/taboofashion.com\/hu\/\",\"name\":\"Fashion shop\",\"description\":\"\",\"publisher\":{\"@id\":\"https:\/\/taboofashion.com\/hu\/#organization\"},\"potentialAction\":[{\"@type\":\"SearchAction\",\"target\":{\"@type\":\"EntryPoint\",\"urlTemplate\":\"https:\/\/taboofashion.com\/hu\/?s={search_term_string}\"},\"query-input\":\"required name=search_term_string\"}],\"inLanguage\":\"hu\"},{\"@type\":\"Organization\",\"@id\":\"https:\/\/taboofashion.com\/hu\/#organization\",\"name\":\"Taboo Slovakia s.r.o.\",\"url\":\"https:\/\/taboofashion.com\/hu\/\",\"logo\":{\"@type\":\"ImageObject\",\"inLanguage\":\"hu\",\"@id\":\"https:\/\/taboofashion.com\/hu\/#\/schema\/logo\/image\/\",\"url\":\"https:\/\/taboofashion.com\/wp-content\/uploads\/2022\/12\/taboologo2100-002.png\",\"contentUrl\":\"https:\/\/taboofashion.com\/wp-content\/uploads\/2022\/12\/taboologo2100-002.png\",\"width\":2100,\"height\":1050,\"caption\":\"Taboo Slovakia s.r.o.\"},\"image\":{\"@id\":\"https:\/\/taboofashion.com\/hu\/#\/schema\/logo\/image\/\"},\"sameAs\":[\"https:\/\/www.facebook.com\/TabooSlovakia\",\"https:\/\/www.linkedin.com\/company\/541747\/\",\"https:\/\/www.instagram.com\/taboofashion.com1\/\"]}]}<\/script>\n<meta property=\"product:brand\" content=\"Babybugz\" \/>\n<meta property=\"og:availability\" content=\"instock\" \/>\n<meta property=\"product:availability\" content=\"instock\" \/>\n<meta property=\"product:retailer_item_id\" content=\"71001300175\" \/>\n<meta property=\"product:condition\" content=\"new\" \/>\n<!-- \/ Yoast SEO plugin. -->","yoast_head_json":{"title":"BZ13 Baba Romper \u00f6lt\u00f6ny &#8211; Fashion shop","robots":{"index":"index","follow":"follow","max-snippet":"max-snippet:-1","max-image-preview":"max-image-preview:large","max-video-preview":"max-video-preview:-1"},"canonical":"https:\/\/taboofashion.com\/hu\/shop\/babybugz-bz13-baba-romper-ruha\/","og_locale":"hu_HU","og_type":"article","og_title":"BZ13 Baba Romper \u00f6lt\u00f6ny &#8211; Fashion shop","og_description":"200g\/m\u00b2, 100% tan\u00fas\u00edtott organikus pamut, sz\u00fcrke: 15% poli\u00e9szter, interlock.","og_url":"https:\/\/taboofashion.com\/hu\/shop\/babybugz-bz13-baba-romper-ruha\/","og_site_name":"Fashion shop","article_publisher":"https:\/\/www.facebook.com\/TabooSlovakia","article_modified_time":"2023-02-27T15:22:59+00:00","og_image":[{"width":1000,"height":1000,"url":"https:\/\/taboofashion.com\/wp-content\/uploads\/2022\/08\/LS-71.0013-Babybugz-BZ13-2.jpg","type":"image\/jpeg"}],"twitter_card":"summary_large_image","schema":{"@context":"https:\/\/schema.org","@graph":[{"@type":"WebPage","@id":"https:\/\/taboofashion.com\/hu\/shop\/babybugz-bz13-baba-romper-ruha\/","url":"https:\/\/taboofashion.com\/hu\/shop\/babybugz-bz13-baba-romper-ruha\/","name":"BZ13 Baba Romper \u00f6lt\u00f6ny &#8211; Fashion shop","isPartOf":{"@id":"https:\/\/taboofashion.com\/hu\/#website"},"datePublished":"2022-08-30T19:27:11+00:00","dateModified":"2023-02-27T15:22:59+00:00","breadcrumb":{"@id":"https:\/\/taboofashion.com\/hu\/shop\/babybugz-bz13-baba-romper-ruha\/#breadcrumb"},"inLanguage":"hu","potentialAction":[{"@type":"ReadAction","target":["https:\/\/taboofashion.com\/hu\/shop\/babybugz-bz13-baba-romper-ruha\/"]}]},{"@type":"BreadcrumbList","@id":"https:\/\/taboofashion.com\/hu\/shop\/babybugz-bz13-baba-romper-ruha\/#breadcrumb","itemListElement":[{"@type":"ListItem","position":1,"name":"Home","item":"https:\/\/taboofashion.com\/hu\/"},{"@type":"ListItem","position":2,"name":"Bolt","item":"https:\/\/taboofashion.com\/hu\/"},{"@type":"ListItem","position":3,"name":"BZ13 Baba Romper \u00f6lt\u00f6ny"}]},{"@type":"WebSite","@id":"https:\/\/taboofashion.com\/hu\/#website","url":"https:\/\/taboofashion.com\/hu\/","name":"Fashion shop","description":"","publisher":{"@id":"https:\/\/taboofashion.com\/hu\/#organization"},"potentialAction":[{"@type":"SearchAction","target":{"@type":"EntryPoint","urlTemplate":"https:\/\/taboofashion.com\/hu\/?s={search_term_string}"},"query-input":"required name=search_term_string"}],"inLanguage":"hu"},{"@type":"Organization","@id":"https:\/\/taboofashion.com\/hu\/#organization","name":"Taboo Slovakia s.r.o.","url":"https:\/\/taboofashion.com\/hu\/","logo":{"@type":"ImageObject","inLanguage":"hu","@id":"https:\/\/taboofashion.com\/hu\/#\/schema\/logo\/image\/","url":"https:\/\/taboofashion.com\/wp-content\/uploads\/2022\/12\/taboologo2100-002.png","contentUrl":"https:\/\/taboofashion.com\/wp-content\/uploads\/2022\/12\/taboologo2100-002.png","width":2100,"height":1050,"caption":"Taboo Slovakia s.r.o."},"image":{"@id":"https:\/\/taboofashion.com\/hu\/#\/schema\/logo\/image\/"},"sameAs":["https:\/\/www.facebook.com\/TabooSlovakia","https:\/\/www.linkedin.com\/company\/541747\/","https:\/\/www.instagram.com\/taboofashion.com1\/"]}]},"product_brand":"Babybugz","og_availability":"instock","product_availability":"instock","product_retailer_item_id":"71001300175","product_condition":"new"},"_links":{"self":[{"href":"https:\/\/taboofashion.com\/hu\/wp-json\/wp\/v2\/product\/614740","targetHints":{"allow":["GET"]}}],"collection":[{"href":"https:\/\/taboofashion.com\/hu\/wp-json\/wp\/v2\/product"}],"about":[{"href":"https:\/\/taboofashion.com\/hu\/wp-json\/wp\/v2\/types\/product"}],"wp:featuredmedia":[{"embeddable":true,"href":"https:\/\/taboofashion.com\/hu\/wp-json\/wp\/v2\/media\/608204"}],"wp:attachment":[{"href":"https:\/\/taboofashion.com\/hu\/wp-json\/wp\/v2\/media?parent=614740"}],"wp:term":[{"taxonomy":"product_cat","embeddable":true,"href":"https:\/\/taboofashion.com\/hu\/wp-json\/wp\/v2\/product_cat?post=614740"},{"taxonomy":"product_tag","embeddable":true,"href":"https:\/\/taboofashion.com\/hu\/wp-json\/wp\/v2\/product_tag?post=614740"}],"curies":[{"name":"wp","href":"https:\/\/api.w.org\/{rel}","templated":true}]}}