{"id":614897,"date":"2022-08-30T21:44:56","date_gmt":"2022-08-30T19:44:56","guid":{"rendered":"https:\/\/taboofashion.com\/shop\/babybugz-bz46-baba-leggings-csikos\/"},"modified":"2023-02-27T16:23:01","modified_gmt":"2023-02-27T15:23:01","slug":"babybugz-bz46-baba-leggings-csikos","status":"publish","type":"product","link":"https:\/\/taboofashion.com\/hu\/shop\/babybugz-bz46-baba-leggings-csikos\/","title":{"rendered":"BZ46 Baba leggings cs\u00edkos"},"content":{"rendered":"<p>Enyh\u00e9n bukott l\u00e9p\u00e9ssz\u00f6g\u0171 szab\u00e1s, rugalmas mandzsetta, k\u00f6z\u00e9ps\u0151 varr\u00e1s n\u00e9lk\u00fcl, kerek zsalu, fonalfestett cs\u00edkok, puha, rugalmas anyag, TearAway c\u00edmke, 40\u00b0-os mos\u00e1s.<\/p>\n","protected":false},"excerpt":{"rendered":"<p>200g\/m\u00b2, 100% tan\u00fas\u00edtott organikus pamut, sz\u00fcrke: organikus pamut, 92% tan\u00fas\u00edtott organikus pamut, 8% viszk\u00f3z, organikus pamut vagy \u00e1talak\u00edt\u00e1s alatt organikusra (IC 2), interlock.<\/p>\n","protected":false},"featured_media":608191,"template":"","meta":[],"product_cat":[3606],"product_tag":[],"class_list":{"0":"post-614897","1":"product","2":"type-product","3":"status-publish","4":"has-post-thumbnail","6":"product_cat-baba-ruha","7":"pa_brand-babybugz-hu","8":"pa_colour-feher-navy-tengereszgyalogsag","9":"pa_colour-feher-szorszurke-melange","10":"pa_size-12-18-hu","11":"pa_size-3-6-hu","12":"pa_size-6-12-hu","14":"first","15":"instock","16":"taxable","17":"shipping-taxable","18":"purchasable","19":"product-type-variable","20":"has-default-attributes"},"yoast_head":"<!-- This site is optimized with the Yoast SEO plugin v21.8 - https:\/\/yoast.com\/wordpress\/plugins\/seo\/ -->\n<title>BZ46 Baba leggings cs\u00edkos &#8211; Fashion shop<\/title>\n<meta name=\"robots\" content=\"index, follow, max-snippet:-1, max-image-preview:large, max-video-preview:-1\" \/>\n<link rel=\"canonical\" href=\"https:\/\/taboofashion.com\/hu\/shop\/babybugz-bz46-baba-leggings-csikos\/\" \/>\n<meta property=\"og:locale\" content=\"hu_HU\" \/>\n<meta property=\"og:type\" content=\"article\" \/>\n<meta property=\"og:title\" content=\"BZ46 Baba leggings cs\u00edkos &#8211; Fashion shop\" \/>\n<meta property=\"og:description\" content=\"200g\/m\u00b2, 100% tan\u00fas\u00edtott organikus pamut, sz\u00fcrke: organikus pamut, 92% tan\u00fas\u00edtott organikus pamut, 8% viszk\u00f3z, organikus pamut vagy \u00e1talak\u00edt\u00e1s alatt organikusra (IC 2), interlock.\" \/>\n<meta property=\"og:url\" content=\"https:\/\/taboofashion.com\/hu\/shop\/babybugz-bz46-baba-leggings-csikos\/\" \/>\n<meta property=\"og:site_name\" content=\"Fashion shop\" \/>\n<meta property=\"article:publisher\" content=\"https:\/\/www.facebook.com\/TabooSlovakia\" \/>\n<meta property=\"article:modified_time\" content=\"2023-02-27T15:23:01+00:00\" \/>\n<meta property=\"og:image\" content=\"https:\/\/taboofashion.com\/wp-content\/uploads\/2022\/08\/LS-71.0046-Babybugz-BZ46-1.jpg\" \/>\n\t<meta property=\"og:image:width\" content=\"2000\" \/>\n\t<meta property=\"og:image:height\" content=\"2000\" \/>\n\t<meta property=\"og:image:type\" content=\"image\/jpeg\" \/>\n<meta name=\"twitter:card\" content=\"summary_large_image\" \/>\n<script type=\"application\/ld+json\" class=\"yoast-schema-graph\">{\"@context\":\"https:\/\/schema.org\",\"@graph\":[{\"@type\":\"WebPage\",\"@id\":\"https:\/\/taboofashion.com\/hu\/shop\/babybugz-bz46-baba-leggings-csikos\/\",\"url\":\"https:\/\/taboofashion.com\/hu\/shop\/babybugz-bz46-baba-leggings-csikos\/\",\"name\":\"BZ46 Baba leggings cs\u00edkos &#8211; Fashion shop\",\"isPartOf\":{\"@id\":\"https:\/\/taboofashion.com\/hu\/#website\"},\"datePublished\":\"2022-08-30T19:44:56+00:00\",\"dateModified\":\"2023-02-27T15:23:01+00:00\",\"breadcrumb\":{\"@id\":\"https:\/\/taboofashion.com\/hu\/shop\/babybugz-bz46-baba-leggings-csikos\/#breadcrumb\"},\"inLanguage\":\"hu\",\"potentialAction\":[{\"@type\":\"ReadAction\",\"target\":[\"https:\/\/taboofashion.com\/hu\/shop\/babybugz-bz46-baba-leggings-csikos\/\"]}]},{\"@type\":\"BreadcrumbList\",\"@id\":\"https:\/\/taboofashion.com\/hu\/shop\/babybugz-bz46-baba-leggings-csikos\/#breadcrumb\",\"itemListElement\":[{\"@type\":\"ListItem\",\"position\":1,\"name\":\"Home\",\"item\":\"https:\/\/taboofashion.com\/hu\/\"},{\"@type\":\"ListItem\",\"position\":2,\"name\":\"Bolt\",\"item\":\"https:\/\/taboofashion.com\/hu\/\"},{\"@type\":\"ListItem\",\"position\":3,\"name\":\"BZ46 Baba leggings cs\u00edkos\"}]},{\"@type\":\"WebSite\",\"@id\":\"https:\/\/taboofashion.com\/hu\/#website\",\"url\":\"https:\/\/taboofashion.com\/hu\/\",\"name\":\"Fashion shop\",\"description\":\"\",\"publisher\":{\"@id\":\"https:\/\/taboofashion.com\/hu\/#organization\"},\"potentialAction\":[{\"@type\":\"SearchAction\",\"target\":{\"@type\":\"EntryPoint\",\"urlTemplate\":\"https:\/\/taboofashion.com\/hu\/?s={search_term_string}\"},\"query-input\":\"required name=search_term_string\"}],\"inLanguage\":\"hu\"},{\"@type\":\"Organization\",\"@id\":\"https:\/\/taboofashion.com\/hu\/#organization\",\"name\":\"Taboo Slovakia s.r.o.\",\"url\":\"https:\/\/taboofashion.com\/hu\/\",\"logo\":{\"@type\":\"ImageObject\",\"inLanguage\":\"hu\",\"@id\":\"https:\/\/taboofashion.com\/hu\/#\/schema\/logo\/image\/\",\"url\":\"https:\/\/taboofashion.com\/wp-content\/uploads\/2022\/12\/taboologo2100-002.png\",\"contentUrl\":\"https:\/\/taboofashion.com\/wp-content\/uploads\/2022\/12\/taboologo2100-002.png\",\"width\":2100,\"height\":1050,\"caption\":\"Taboo Slovakia s.r.o.\"},\"image\":{\"@id\":\"https:\/\/taboofashion.com\/hu\/#\/schema\/logo\/image\/\"},\"sameAs\":[\"https:\/\/www.facebook.com\/TabooSlovakia\",\"https:\/\/www.linkedin.com\/company\/541747\/\",\"https:\/\/www.instagram.com\/taboofashion.com1\/\"]}]}<\/script>\n<meta property=\"product:brand\" content=\"Babybugz\" \/>\n<meta property=\"og:availability\" content=\"instock\" \/>\n<meta property=\"product:availability\" content=\"instock\" \/>\n<meta property=\"product:retailer_item_id\" content=\"710046t3575\" \/>\n<meta property=\"product:condition\" content=\"new\" \/>\n<!-- \/ Yoast SEO plugin. -->","yoast_head_json":{"title":"BZ46 Baba leggings cs\u00edkos &#8211; Fashion shop","robots":{"index":"index","follow":"follow","max-snippet":"max-snippet:-1","max-image-preview":"max-image-preview:large","max-video-preview":"max-video-preview:-1"},"canonical":"https:\/\/taboofashion.com\/hu\/shop\/babybugz-bz46-baba-leggings-csikos\/","og_locale":"hu_HU","og_type":"article","og_title":"BZ46 Baba leggings cs\u00edkos &#8211; Fashion shop","og_description":"200g\/m\u00b2, 100% tan\u00fas\u00edtott organikus pamut, sz\u00fcrke: organikus pamut, 92% tan\u00fas\u00edtott organikus pamut, 8% viszk\u00f3z, organikus pamut vagy \u00e1talak\u00edt\u00e1s alatt organikusra (IC 2), interlock.","og_url":"https:\/\/taboofashion.com\/hu\/shop\/babybugz-bz46-baba-leggings-csikos\/","og_site_name":"Fashion shop","article_publisher":"https:\/\/www.facebook.com\/TabooSlovakia","article_modified_time":"2023-02-27T15:23:01+00:00","og_image":[{"width":2000,"height":2000,"url":"https:\/\/taboofashion.com\/wp-content\/uploads\/2022\/08\/LS-71.0046-Babybugz-BZ46-1.jpg","type":"image\/jpeg"}],"twitter_card":"summary_large_image","schema":{"@context":"https:\/\/schema.org","@graph":[{"@type":"WebPage","@id":"https:\/\/taboofashion.com\/hu\/shop\/babybugz-bz46-baba-leggings-csikos\/","url":"https:\/\/taboofashion.com\/hu\/shop\/babybugz-bz46-baba-leggings-csikos\/","name":"BZ46 Baba leggings cs\u00edkos &#8211; Fashion shop","isPartOf":{"@id":"https:\/\/taboofashion.com\/hu\/#website"},"datePublished":"2022-08-30T19:44:56+00:00","dateModified":"2023-02-27T15:23:01+00:00","breadcrumb":{"@id":"https:\/\/taboofashion.com\/hu\/shop\/babybugz-bz46-baba-leggings-csikos\/#breadcrumb"},"inLanguage":"hu","potentialAction":[{"@type":"ReadAction","target":["https:\/\/taboofashion.com\/hu\/shop\/babybugz-bz46-baba-leggings-csikos\/"]}]},{"@type":"BreadcrumbList","@id":"https:\/\/taboofashion.com\/hu\/shop\/babybugz-bz46-baba-leggings-csikos\/#breadcrumb","itemListElement":[{"@type":"ListItem","position":1,"name":"Home","item":"https:\/\/taboofashion.com\/hu\/"},{"@type":"ListItem","position":2,"name":"Bolt","item":"https:\/\/taboofashion.com\/hu\/"},{"@type":"ListItem","position":3,"name":"BZ46 Baba leggings cs\u00edkos"}]},{"@type":"WebSite","@id":"https:\/\/taboofashion.com\/hu\/#website","url":"https:\/\/taboofashion.com\/hu\/","name":"Fashion shop","description":"","publisher":{"@id":"https:\/\/taboofashion.com\/hu\/#organization"},"potentialAction":[{"@type":"SearchAction","target":{"@type":"EntryPoint","urlTemplate":"https:\/\/taboofashion.com\/hu\/?s={search_term_string}"},"query-input":"required name=search_term_string"}],"inLanguage":"hu"},{"@type":"Organization","@id":"https:\/\/taboofashion.com\/hu\/#organization","name":"Taboo Slovakia s.r.o.","url":"https:\/\/taboofashion.com\/hu\/","logo":{"@type":"ImageObject","inLanguage":"hu","@id":"https:\/\/taboofashion.com\/hu\/#\/schema\/logo\/image\/","url":"https:\/\/taboofashion.com\/wp-content\/uploads\/2022\/12\/taboologo2100-002.png","contentUrl":"https:\/\/taboofashion.com\/wp-content\/uploads\/2022\/12\/taboologo2100-002.png","width":2100,"height":1050,"caption":"Taboo Slovakia s.r.o."},"image":{"@id":"https:\/\/taboofashion.com\/hu\/#\/schema\/logo\/image\/"},"sameAs":["https:\/\/www.facebook.com\/TabooSlovakia","https:\/\/www.linkedin.com\/company\/541747\/","https:\/\/www.instagram.com\/taboofashion.com1\/"]}]},"product_brand":"Babybugz","og_availability":"instock","product_availability":"instock","product_retailer_item_id":"710046t3575","product_condition":"new"},"_links":{"self":[{"href":"https:\/\/taboofashion.com\/hu\/wp-json\/wp\/v2\/product\/614897","targetHints":{"allow":["GET"]}}],"collection":[{"href":"https:\/\/taboofashion.com\/hu\/wp-json\/wp\/v2\/product"}],"about":[{"href":"https:\/\/taboofashion.com\/hu\/wp-json\/wp\/v2\/types\/product"}],"wp:featuredmedia":[{"embeddable":true,"href":"https:\/\/taboofashion.com\/hu\/wp-json\/wp\/v2\/media\/608191"}],"wp:attachment":[{"href":"https:\/\/taboofashion.com\/hu\/wp-json\/wp\/v2\/media?parent=614897"}],"wp:term":[{"taxonomy":"product_cat","embeddable":true,"href":"https:\/\/taboofashion.com\/hu\/wp-json\/wp\/v2\/product_cat?post=614897"},{"taxonomy":"product_tag","embeddable":true,"href":"https:\/\/taboofashion.com\/hu\/wp-json\/wp\/v2\/product_tag?post=614897"}],"curies":[{"name":"wp","href":"https:\/\/api.w.org\/{rel}","templated":true}]}}