{"id":615047,"date":"2022-08-30T20:20:54","date_gmt":"2022-08-30T18:20:54","guid":{"rendered":"https:\/\/taboofashion.com\/shop\/mantis-m73-ferfi-kapucnis-melegitofelso-szupersztar\/"},"modified":"2022-08-30T20:20:54","modified_gmt":"2022-08-30T18:20:54","slug":"mantis-m73-ferfi-kapucnis-melegitofelso-szupersztar","status":"publish","type":"product","link":"https:\/\/taboofashion.com\/hu\/shop\/mantis-m73-ferfi-kapucnis-melegitofelso-szupersztar\/","title":{"rendered":"M73 F\u00e9rfi kapucnis pul\u00f3ver &#8222;Superstar&#8221;"},"content":{"rendered":"<p>3-r\u00e9szes kapucni waffle bels\u0151 b\u00e9l\u00e9ssel, term\u00e9szetes sz\u00edn\u0171, lapos pamut zsin\u00f3r, dupla nyakkiv\u00e1g\u00e1s, raglan ujjak, 2&#215;2 bord\u00e1s k\u00f6t\u00e9s az ujjakon \u00e9s a szeg\u00e9lyen elaszt\u00e1nnal, kenguru zseb, flatlock varratok, \u00e9rdes\u00edtett bels\u0151 oldal, TearAway c\u00edmke, 40\u00b0 moshat\u00f3.<\/p>\n","protected":false},"excerpt":{"rendered":"<p>330g\/m\u00b2, 80% tan\u00fas\u00edtott bio pamut, 20% poli\u00e9szter, bio pamut vagy bio pamutra val\u00f3 \u00e1t\u00e1ll\u00e1sban (IC 2), barackos kivitelben.<\/p>\n","protected":false},"featured_media":609823,"template":"","meta":[],"product_cat":[3624],"product_tag":[],"class_list":{"0":"post-615047","1":"product","2":"type-product","3":"status-publish","4":"has-post-thumbnail","6":"product_cat-soprt-puloverek","7":"pa_brand-mantis-hu","8":"pa_colour-erdo-zold","9":"pa_colour-fekete","10":"pa_colour-svajci-haditengereszet","11":"pa_colour-szenszurke-melange","12":"pa_colour-heather-grey-melange-hu","13":"pa_size-s-hu","14":"pa_size-m-hu","15":"pa_size-l-hu","16":"pa_size-xl-hu","17":"pa_size-xxl-hu","19":"first","20":"instock","21":"taxable","22":"shipping-taxable","23":"purchasable","24":"product-type-variable","25":"has-default-attributes"},"yoast_head":"<!-- This site is optimized with the Yoast SEO plugin v21.8 - https:\/\/yoast.com\/wordpress\/plugins\/seo\/ -->\n<title>M73 F\u00e9rfi kapucnis pul\u00f3ver &quot;Superstar&quot; &#8211; Fashion shop<\/title>\n<meta name=\"robots\" content=\"index, follow, max-snippet:-1, max-image-preview:large, max-video-preview:-1\" \/>\n<link rel=\"canonical\" href=\"https:\/\/taboofashion.com\/hu\/shop\/mantis-m73-ferfi-kapucnis-melegitofelso-szupersztar\/\" \/>\n<meta property=\"og:locale\" content=\"hu_HU\" \/>\n<meta property=\"og:type\" content=\"article\" \/>\n<meta property=\"og:title\" content=\"M73 F\u00e9rfi kapucnis pul\u00f3ver &quot;Superstar&quot; &#8211; Fashion shop\" \/>\n<meta property=\"og:description\" content=\"330g\/m\u00b2, 80% tan\u00fas\u00edtott bio pamut, 20% poli\u00e9szter, bio pamut vagy bio pamutra val\u00f3 \u00e1t\u00e1ll\u00e1sban (IC 2), barackos kivitelben.\" \/>\n<meta property=\"og:url\" content=\"https:\/\/taboofashion.com\/hu\/shop\/mantis-m73-ferfi-kapucnis-melegitofelso-szupersztar\/\" \/>\n<meta property=\"og:site_name\" content=\"Fashion shop\" \/>\n<meta property=\"article:publisher\" content=\"https:\/\/www.facebook.com\/TabooSlovakia\" \/>\n<meta name=\"twitter:card\" content=\"summary_large_image\" \/>\n<script type=\"application\/ld+json\" class=\"yoast-schema-graph\">{\"@context\":\"https:\/\/schema.org\",\"@graph\":[{\"@type\":\"WebPage\",\"@id\":\"https:\/\/taboofashion.com\/hu\/shop\/mantis-m73-ferfi-kapucnis-melegitofelso-szupersztar\/\",\"url\":\"https:\/\/taboofashion.com\/hu\/shop\/mantis-m73-ferfi-kapucnis-melegitofelso-szupersztar\/\",\"name\":\"M73 F\u00e9rfi kapucnis pul\u00f3ver \\\"Superstar\\\" &#8211; Fashion shop\",\"isPartOf\":{\"@id\":\"https:\/\/taboofashion.com\/hu\/#website\"},\"datePublished\":\"2022-08-30T18:20:54+00:00\",\"dateModified\":\"2022-08-30T18:20:54+00:00\",\"breadcrumb\":{\"@id\":\"https:\/\/taboofashion.com\/hu\/shop\/mantis-m73-ferfi-kapucnis-melegitofelso-szupersztar\/#breadcrumb\"},\"inLanguage\":\"hu\",\"potentialAction\":[{\"@type\":\"ReadAction\",\"target\":[\"https:\/\/taboofashion.com\/hu\/shop\/mantis-m73-ferfi-kapucnis-melegitofelso-szupersztar\/\"]}]},{\"@type\":\"BreadcrumbList\",\"@id\":\"https:\/\/taboofashion.com\/hu\/shop\/mantis-m73-ferfi-kapucnis-melegitofelso-szupersztar\/#breadcrumb\",\"itemListElement\":[{\"@type\":\"ListItem\",\"position\":1,\"name\":\"Home\",\"item\":\"https:\/\/taboofashion.com\/hu\/\"},{\"@type\":\"ListItem\",\"position\":2,\"name\":\"Bolt\",\"item\":\"https:\/\/taboofashion.com\/hu\/\"},{\"@type\":\"ListItem\",\"position\":3,\"name\":\"M73 F\u00e9rfi kapucnis pul\u00f3ver &#8222;Superstar&#8221;\"}]},{\"@type\":\"WebSite\",\"@id\":\"https:\/\/taboofashion.com\/hu\/#website\",\"url\":\"https:\/\/taboofashion.com\/hu\/\",\"name\":\"Fashion shop\",\"description\":\"\",\"publisher\":{\"@id\":\"https:\/\/taboofashion.com\/hu\/#organization\"},\"potentialAction\":[{\"@type\":\"SearchAction\",\"target\":{\"@type\":\"EntryPoint\",\"urlTemplate\":\"https:\/\/taboofashion.com\/hu\/?s={search_term_string}\"},\"query-input\":\"required name=search_term_string\"}],\"inLanguage\":\"hu\"},{\"@type\":\"Organization\",\"@id\":\"https:\/\/taboofashion.com\/hu\/#organization\",\"name\":\"Taboo Slovakia s.r.o.\",\"url\":\"https:\/\/taboofashion.com\/hu\/\",\"logo\":{\"@type\":\"ImageObject\",\"inLanguage\":\"hu\",\"@id\":\"https:\/\/taboofashion.com\/hu\/#\/schema\/logo\/image\/\",\"url\":\"https:\/\/taboofashion.com\/wp-content\/uploads\/2022\/12\/taboologo2100-002.png\",\"contentUrl\":\"https:\/\/taboofashion.com\/wp-content\/uploads\/2022\/12\/taboologo2100-002.png\",\"width\":2100,\"height\":1050,\"caption\":\"Taboo Slovakia s.r.o.\"},\"image\":{\"@id\":\"https:\/\/taboofashion.com\/hu\/#\/schema\/logo\/image\/\"},\"sameAs\":[\"https:\/\/www.facebook.com\/TabooSlovakia\",\"https:\/\/www.linkedin.com\/company\/541747\/\",\"https:\/\/www.instagram.com\/taboofashion.com1\/\"]}]}<\/script>\n<meta property=\"product:brand\" content=\"Mantis\" \/>\n<meta property=\"og:availability\" content=\"instock\" \/>\n<meta property=\"product:availability\" content=\"instock\" \/>\n<meta property=\"product:retailer_item_id\" content=\"70007300201\" \/>\n<meta property=\"product:condition\" content=\"new\" \/>\n<!-- \/ Yoast SEO plugin. -->","yoast_head_json":{"title":"M73 F\u00e9rfi kapucnis pul\u00f3ver \"Superstar\" &#8211; Fashion shop","robots":{"index":"index","follow":"follow","max-snippet":"max-snippet:-1","max-image-preview":"max-image-preview:large","max-video-preview":"max-video-preview:-1"},"canonical":"https:\/\/taboofashion.com\/hu\/shop\/mantis-m73-ferfi-kapucnis-melegitofelso-szupersztar\/","og_locale":"hu_HU","og_type":"article","og_title":"M73 F\u00e9rfi kapucnis pul\u00f3ver \"Superstar\" &#8211; Fashion shop","og_description":"330g\/m\u00b2, 80% tan\u00fas\u00edtott bio pamut, 20% poli\u00e9szter, bio pamut vagy bio pamutra val\u00f3 \u00e1t\u00e1ll\u00e1sban (IC 2), barackos kivitelben.","og_url":"https:\/\/taboofashion.com\/hu\/shop\/mantis-m73-ferfi-kapucnis-melegitofelso-szupersztar\/","og_site_name":"Fashion shop","article_publisher":"https:\/\/www.facebook.com\/TabooSlovakia","twitter_card":"summary_large_image","schema":{"@context":"https:\/\/schema.org","@graph":[{"@type":"WebPage","@id":"https:\/\/taboofashion.com\/hu\/shop\/mantis-m73-ferfi-kapucnis-melegitofelso-szupersztar\/","url":"https:\/\/taboofashion.com\/hu\/shop\/mantis-m73-ferfi-kapucnis-melegitofelso-szupersztar\/","name":"M73 F\u00e9rfi kapucnis pul\u00f3ver \"Superstar\" &#8211; Fashion shop","isPartOf":{"@id":"https:\/\/taboofashion.com\/hu\/#website"},"datePublished":"2022-08-30T18:20:54+00:00","dateModified":"2022-08-30T18:20:54+00:00","breadcrumb":{"@id":"https:\/\/taboofashion.com\/hu\/shop\/mantis-m73-ferfi-kapucnis-melegitofelso-szupersztar\/#breadcrumb"},"inLanguage":"hu","potentialAction":[{"@type":"ReadAction","target":["https:\/\/taboofashion.com\/hu\/shop\/mantis-m73-ferfi-kapucnis-melegitofelso-szupersztar\/"]}]},{"@type":"BreadcrumbList","@id":"https:\/\/taboofashion.com\/hu\/shop\/mantis-m73-ferfi-kapucnis-melegitofelso-szupersztar\/#breadcrumb","itemListElement":[{"@type":"ListItem","position":1,"name":"Home","item":"https:\/\/taboofashion.com\/hu\/"},{"@type":"ListItem","position":2,"name":"Bolt","item":"https:\/\/taboofashion.com\/hu\/"},{"@type":"ListItem","position":3,"name":"M73 F\u00e9rfi kapucnis pul\u00f3ver &#8222;Superstar&#8221;"}]},{"@type":"WebSite","@id":"https:\/\/taboofashion.com\/hu\/#website","url":"https:\/\/taboofashion.com\/hu\/","name":"Fashion shop","description":"","publisher":{"@id":"https:\/\/taboofashion.com\/hu\/#organization"},"potentialAction":[{"@type":"SearchAction","target":{"@type":"EntryPoint","urlTemplate":"https:\/\/taboofashion.com\/hu\/?s={search_term_string}"},"query-input":"required name=search_term_string"}],"inLanguage":"hu"},{"@type":"Organization","@id":"https:\/\/taboofashion.com\/hu\/#organization","name":"Taboo Slovakia s.r.o.","url":"https:\/\/taboofashion.com\/hu\/","logo":{"@type":"ImageObject","inLanguage":"hu","@id":"https:\/\/taboofashion.com\/hu\/#\/schema\/logo\/image\/","url":"https:\/\/taboofashion.com\/wp-content\/uploads\/2022\/12\/taboologo2100-002.png","contentUrl":"https:\/\/taboofashion.com\/wp-content\/uploads\/2022\/12\/taboologo2100-002.png","width":2100,"height":1050,"caption":"Taboo Slovakia s.r.o."},"image":{"@id":"https:\/\/taboofashion.com\/hu\/#\/schema\/logo\/image\/"},"sameAs":["https:\/\/www.facebook.com\/TabooSlovakia","https:\/\/www.linkedin.com\/company\/541747\/","https:\/\/www.instagram.com\/taboofashion.com1\/"]}]},"product_brand":"Mantis","og_availability":"instock","product_availability":"instock","product_retailer_item_id":"70007300201","product_condition":"new"},"_links":{"self":[{"href":"https:\/\/taboofashion.com\/hu\/wp-json\/wp\/v2\/product\/615047","targetHints":{"allow":["GET"]}}],"collection":[{"href":"https:\/\/taboofashion.com\/hu\/wp-json\/wp\/v2\/product"}],"about":[{"href":"https:\/\/taboofashion.com\/hu\/wp-json\/wp\/v2\/types\/product"}],"wp:featuredmedia":[{"embeddable":true,"href":"https:\/\/taboofashion.com\/hu\/wp-json\/wp\/v2\/media\/609823"}],"wp:attachment":[{"href":"https:\/\/taboofashion.com\/hu\/wp-json\/wp\/v2\/media?parent=615047"}],"wp:term":[{"taxonomy":"product_cat","embeddable":true,"href":"https:\/\/taboofashion.com\/hu\/wp-json\/wp\/v2\/product_cat?post=615047"},{"taxonomy":"product_tag","embeddable":true,"href":"https:\/\/taboofashion.com\/hu\/wp-json\/wp\/v2\/product_tag?post=615047"}],"curies":[{"name":"wp","href":"https:\/\/api.w.org\/{rel}","templated":true}]}}