{"id":615890,"date":"2022-08-30T18:49:36","date_gmt":"2022-08-30T16:49:36","guid":{"rendered":"https:\/\/taboofashion.com\/shop\/flexfit-5003bd-halasz-kalap-nyakkendoben-szinben-szines\/"},"modified":"2022-08-30T18:49:36","modified_gmt":"2022-08-30T16:49:36","slug":"flexfit-5003bd-halasz-kalap-nyakkendoben-szinben-szines","status":"publish","type":"product","link":"https:\/\/taboofashion.com\/hu\/shop\/flexfit-5003bd-halasz-kalap-nyakkendoben-szinben-szines\/","title":{"rendered":"5003BD Hal\u00e1szkalap nyakkend\u0151s sz\u00ednben"},"content":{"rendered":"<p>Egysz\u00edn\u0171 fekete bels\u0151, 6 d\u00edszvarr\u00e1s a karim\u00e1n, hordozhat\u00f3 mindk\u00e9t oldalon, varrott f\u0171z\u0151szemek<\/p>\n","protected":false},"excerpt":{"rendered":"<p>274g\/m\u00b2, 100% poli\u00e9szter<\/p>\n","protected":false},"featured_media":610661,"template":"","meta":[],"product_cat":[3613],"product_tag":[],"class_list":{"0":"post-615890","1":"product","2":"type-product","3":"status-publish","4":"has-post-thumbnail","6":"product_cat-sapkak","7":"pa_brand-flexfit-hu","8":"pa_colour-fekete-feher","9":"pa_size-onesize-hu","11":"first","12":"instock","13":"taxable","14":"shipping-taxable","15":"purchasable","16":"product-type-simple"},"yoast_head":"<!-- This site is optimized with the Yoast SEO plugin v21.8 - https:\/\/yoast.com\/wordpress\/plugins\/seo\/ -->\n<title>5003BD Hal\u00e1szkalap nyakkend\u0151s sz\u00ednben &#8211; Fashion shop<\/title>\n<meta name=\"robots\" content=\"index, follow, max-snippet:-1, max-image-preview:large, max-video-preview:-1\" \/>\n<link rel=\"canonical\" href=\"https:\/\/taboofashion.com\/hu\/shop\/flexfit-5003bd-halasz-kalap-nyakkendoben-szinben-szines\/\" \/>\n<meta property=\"og:locale\" content=\"hu_HU\" \/>\n<meta property=\"og:type\" content=\"article\" \/>\n<meta property=\"og:title\" content=\"5003BD Hal\u00e1szkalap nyakkend\u0151s sz\u00ednben &#8211; Fashion shop\" \/>\n<meta property=\"og:description\" content=\"274g\/m\u00b2, 100% poli\u00e9szter\" \/>\n<meta property=\"og:url\" content=\"https:\/\/taboofashion.com\/hu\/shop\/flexfit-5003bd-halasz-kalap-nyakkendoben-szinben-szines\/\" \/>\n<meta property=\"og:site_name\" content=\"Fashion shop\" \/>\n<meta property=\"article:publisher\" content=\"https:\/\/www.facebook.com\/TabooSlovakia\" \/>\n<meta name=\"twitter:card\" content=\"summary_large_image\" \/>\n<script type=\"application\/ld+json\" class=\"yoast-schema-graph\">{\"@context\":\"https:\/\/schema.org\",\"@graph\":[{\"@type\":\"WebPage\",\"@id\":\"https:\/\/taboofashion.com\/hu\/shop\/flexfit-5003bd-halasz-kalap-nyakkendoben-szinben-szines\/\",\"url\":\"https:\/\/taboofashion.com\/hu\/shop\/flexfit-5003bd-halasz-kalap-nyakkendoben-szinben-szines\/\",\"name\":\"5003BD Hal\u00e1szkalap nyakkend\u0151s sz\u00ednben &#8211; Fashion shop\",\"isPartOf\":{\"@id\":\"https:\/\/taboofashion.com\/hu\/#website\"},\"datePublished\":\"2022-08-30T16:49:36+00:00\",\"dateModified\":\"2022-08-30T16:49:36+00:00\",\"breadcrumb\":{\"@id\":\"https:\/\/taboofashion.com\/hu\/shop\/flexfit-5003bd-halasz-kalap-nyakkendoben-szinben-szines\/#breadcrumb\"},\"inLanguage\":\"hu\",\"potentialAction\":[{\"@type\":\"ReadAction\",\"target\":[\"https:\/\/taboofashion.com\/hu\/shop\/flexfit-5003bd-halasz-kalap-nyakkendoben-szinben-szines\/\"]}]},{\"@type\":\"BreadcrumbList\",\"@id\":\"https:\/\/taboofashion.com\/hu\/shop\/flexfit-5003bd-halasz-kalap-nyakkendoben-szinben-szines\/#breadcrumb\",\"itemListElement\":[{\"@type\":\"ListItem\",\"position\":1,\"name\":\"Home\",\"item\":\"https:\/\/taboofashion.com\/hu\/\"},{\"@type\":\"ListItem\",\"position\":2,\"name\":\"Bolt\",\"item\":\"https:\/\/taboofashion.com\/hu\/\"},{\"@type\":\"ListItem\",\"position\":3,\"name\":\"5003BD Hal\u00e1szkalap nyakkend\u0151s sz\u00ednben\"}]},{\"@type\":\"WebSite\",\"@id\":\"https:\/\/taboofashion.com\/hu\/#website\",\"url\":\"https:\/\/taboofashion.com\/hu\/\",\"name\":\"Fashion shop\",\"description\":\"\",\"publisher\":{\"@id\":\"https:\/\/taboofashion.com\/hu\/#organization\"},\"potentialAction\":[{\"@type\":\"SearchAction\",\"target\":{\"@type\":\"EntryPoint\",\"urlTemplate\":\"https:\/\/taboofashion.com\/hu\/?s={search_term_string}\"},\"query-input\":\"required name=search_term_string\"}],\"inLanguage\":\"hu\"},{\"@type\":\"Organization\",\"@id\":\"https:\/\/taboofashion.com\/hu\/#organization\",\"name\":\"Taboo Slovakia s.r.o.\",\"url\":\"https:\/\/taboofashion.com\/hu\/\",\"logo\":{\"@type\":\"ImageObject\",\"inLanguage\":\"hu\",\"@id\":\"https:\/\/taboofashion.com\/hu\/#\/schema\/logo\/image\/\",\"url\":\"https:\/\/taboofashion.com\/wp-content\/uploads\/2022\/12\/taboologo2100-002.png\",\"contentUrl\":\"https:\/\/taboofashion.com\/wp-content\/uploads\/2022\/12\/taboologo2100-002.png\",\"width\":2100,\"height\":1050,\"caption\":\"Taboo Slovakia s.r.o.\"},\"image\":{\"@id\":\"https:\/\/taboofashion.com\/hu\/#\/schema\/logo\/image\/\"},\"sameAs\":[\"https:\/\/www.facebook.com\/TabooSlovakia\",\"https:\/\/www.linkedin.com\/company\/541747\/\",\"https:\/\/www.instagram.com\/taboofashion.com1\/\"]}]}<\/script>\n<meta property=\"product:brand\" content=\"Flexfit\" \/>\n<meta property=\"product:price:amount\" content=\"10788\" \/>\n<meta property=\"product:price:currency\" content=\"HUF\" \/>\n<meta property=\"og:availability\" content=\"instock\" \/>\n<meta property=\"product:availability\" content=\"instock\" \/>\n<meta property=\"product:retailer_item_id\" content=\"5503BD98099\" \/>\n<meta property=\"product:condition\" content=\"new\" \/>\n<!-- \/ Yoast SEO plugin. -->","yoast_head_json":{"title":"5003BD Hal\u00e1szkalap nyakkend\u0151s sz\u00ednben &#8211; Fashion shop","robots":{"index":"index","follow":"follow","max-snippet":"max-snippet:-1","max-image-preview":"max-image-preview:large","max-video-preview":"max-video-preview:-1"},"canonical":"https:\/\/taboofashion.com\/hu\/shop\/flexfit-5003bd-halasz-kalap-nyakkendoben-szinben-szines\/","og_locale":"hu_HU","og_type":"article","og_title":"5003BD Hal\u00e1szkalap nyakkend\u0151s sz\u00ednben &#8211; Fashion shop","og_description":"274g\/m\u00b2, 100% poli\u00e9szter","og_url":"https:\/\/taboofashion.com\/hu\/shop\/flexfit-5003bd-halasz-kalap-nyakkendoben-szinben-szines\/","og_site_name":"Fashion shop","article_publisher":"https:\/\/www.facebook.com\/TabooSlovakia","twitter_card":"summary_large_image","schema":{"@context":"https:\/\/schema.org","@graph":[{"@type":"WebPage","@id":"https:\/\/taboofashion.com\/hu\/shop\/flexfit-5003bd-halasz-kalap-nyakkendoben-szinben-szines\/","url":"https:\/\/taboofashion.com\/hu\/shop\/flexfit-5003bd-halasz-kalap-nyakkendoben-szinben-szines\/","name":"5003BD Hal\u00e1szkalap nyakkend\u0151s sz\u00ednben &#8211; Fashion shop","isPartOf":{"@id":"https:\/\/taboofashion.com\/hu\/#website"},"datePublished":"2022-08-30T16:49:36+00:00","dateModified":"2022-08-30T16:49:36+00:00","breadcrumb":{"@id":"https:\/\/taboofashion.com\/hu\/shop\/flexfit-5003bd-halasz-kalap-nyakkendoben-szinben-szines\/#breadcrumb"},"inLanguage":"hu","potentialAction":[{"@type":"ReadAction","target":["https:\/\/taboofashion.com\/hu\/shop\/flexfit-5003bd-halasz-kalap-nyakkendoben-szinben-szines\/"]}]},{"@type":"BreadcrumbList","@id":"https:\/\/taboofashion.com\/hu\/shop\/flexfit-5003bd-halasz-kalap-nyakkendoben-szinben-szines\/#breadcrumb","itemListElement":[{"@type":"ListItem","position":1,"name":"Home","item":"https:\/\/taboofashion.com\/hu\/"},{"@type":"ListItem","position":2,"name":"Bolt","item":"https:\/\/taboofashion.com\/hu\/"},{"@type":"ListItem","position":3,"name":"5003BD Hal\u00e1szkalap nyakkend\u0151s sz\u00ednben"}]},{"@type":"WebSite","@id":"https:\/\/taboofashion.com\/hu\/#website","url":"https:\/\/taboofashion.com\/hu\/","name":"Fashion shop","description":"","publisher":{"@id":"https:\/\/taboofashion.com\/hu\/#organization"},"potentialAction":[{"@type":"SearchAction","target":{"@type":"EntryPoint","urlTemplate":"https:\/\/taboofashion.com\/hu\/?s={search_term_string}"},"query-input":"required name=search_term_string"}],"inLanguage":"hu"},{"@type":"Organization","@id":"https:\/\/taboofashion.com\/hu\/#organization","name":"Taboo Slovakia s.r.o.","url":"https:\/\/taboofashion.com\/hu\/","logo":{"@type":"ImageObject","inLanguage":"hu","@id":"https:\/\/taboofashion.com\/hu\/#\/schema\/logo\/image\/","url":"https:\/\/taboofashion.com\/wp-content\/uploads\/2022\/12\/taboologo2100-002.png","contentUrl":"https:\/\/taboofashion.com\/wp-content\/uploads\/2022\/12\/taboologo2100-002.png","width":2100,"height":1050,"caption":"Taboo Slovakia s.r.o."},"image":{"@id":"https:\/\/taboofashion.com\/hu\/#\/schema\/logo\/image\/"},"sameAs":["https:\/\/www.facebook.com\/TabooSlovakia","https:\/\/www.linkedin.com\/company\/541747\/","https:\/\/www.instagram.com\/taboofashion.com1\/"]}]},"product_brand":"Flexfit","product_price_amount":"10788","product_price_currency":"HUF","og_availability":"instock","product_availability":"instock","product_retailer_item_id":"5503BD98099","product_condition":"new"},"_links":{"self":[{"href":"https:\/\/taboofashion.com\/hu\/wp-json\/wp\/v2\/product\/615890","targetHints":{"allow":["GET"]}}],"collection":[{"href":"https:\/\/taboofashion.com\/hu\/wp-json\/wp\/v2\/product"}],"about":[{"href":"https:\/\/taboofashion.com\/hu\/wp-json\/wp\/v2\/types\/product"}],"wp:featuredmedia":[{"embeddable":true,"href":"https:\/\/taboofashion.com\/hu\/wp-json\/wp\/v2\/media\/610661"}],"wp:attachment":[{"href":"https:\/\/taboofashion.com\/hu\/wp-json\/wp\/v2\/media?parent=615890"}],"wp:term":[{"taxonomy":"product_cat","embeddable":true,"href":"https:\/\/taboofashion.com\/hu\/wp-json\/wp\/v2\/product_cat?post=615890"},{"taxonomy":"product_tag","embeddable":true,"href":"https:\/\/taboofashion.com\/hu\/wp-json\/wp\/v2\/product_tag?post=615890"}],"curies":[{"name":"wp","href":"https:\/\/api.w.org\/{rel}","templated":true}]}}