{"id":616814,"date":"2022-08-30T17:09:05","date_gmt":"2022-08-30T15:09:05","guid":{"rendered":"https:\/\/taboofashion.com\/shop\/taska-bazis-bg150-taska-csomagolva\/"},"modified":"2022-08-30T17:09:05","modified_gmt":"2022-08-30T15:09:05","slug":"taska-bazis-bg150-taska-csomagolva","status":"publish","type":"product","link":"https:\/\/taboofashion.com\/hu\/shop\/taska-bazis-bg150-taska-csomagolva\/","title":{"rendered":"BG150 t\u00e1ska &#8222;Packaway&#8221;"},"content":{"rendered":"<p>V\u00edzleperget\u0151 anyag, sz\u00f6v\u00f6tt foganty\u00fak, kombin\u00e1lt t\u00e1rol\u00f3 tasak\/bels\u0151 zseb, ultrak\u00f6nny\u0171, m\u00e9gis tart\u00f3s, TearAway c\u00edmke, \u0171rtartalom: 32l, m\u00e9ret: 50x30x26cm.<\/p>\n","protected":false},"excerpt":{"rendered":"<p>150g, 210D poli\u00e9szter, ez\u00fcst: 210D nylon<\/p>\n","protected":false},"featured_media":610636,"template":"","meta":[],"product_cat":[3623,3607],"product_tag":[6676],"class_list":{"0":"post-616814","1":"product","2":"type-product","3":"status-publish","4":"has-post-thumbnail","6":"product_cat-sport-ruhazat","7":"product_cat-taskak","8":"product_tag-bagbase_52_0150-hu","9":"pa_brand-bagbase-hu","10":"pa_colour-dzsungel-terepszinu-fekete-hu","11":"pa_colour-ezust-fekete-hu","12":"pa_colour-feher","13":"pa_colour-fekete","14":"pa_colour-fekete-feher","15":"pa_colour-fekete-fekete-hu","16":"pa_colour-fluoreszkalo-rozsaszin-fekete","17":"pa_colour-fluoreszkalo-sarga-fekete-hu","18":"pa_colour-francia-haditengereszet-francia-haditengereszet","19":"pa_colour-fukszia","20":"pa_colour-grafitszurke-grafitszurke-hu","21":"pa_colour-klasszikus-piros-2","22":"pa_colour-kozepkek-hu-4","23":"pa_colour-lime-zold","24":"pa_colour-olajzold-fekete","25":"pa_size-onesize-hu","27":"first","28":"instock","29":"taxable","30":"shipping-taxable","31":"purchasable","32":"product-type-variable","33":"has-default-attributes"},"yoast_head":"<!-- This site is optimized with the Yoast SEO plugin v21.8 - https:\/\/yoast.com\/wordpress\/plugins\/seo\/ -->\n<title>BG150 t\u00e1ska &quot;Packaway&quot; &#8211; Fashion shop<\/title>\n<meta name=\"robots\" content=\"index, follow, max-snippet:-1, max-image-preview:large, max-video-preview:-1\" \/>\n<link rel=\"canonical\" href=\"https:\/\/taboofashion.com\/hu\/shop\/taska-bazis-bg150-taska-csomagolva\/\" \/>\n<meta property=\"og:locale\" content=\"hu_HU\" \/>\n<meta property=\"og:type\" content=\"article\" \/>\n<meta property=\"og:title\" content=\"BG150 t\u00e1ska &quot;Packaway&quot; &#8211; Fashion shop\" \/>\n<meta property=\"og:description\" content=\"150g, 210D poli\u00e9szter, ez\u00fcst: 210D nylon\" \/>\n<meta property=\"og:url\" content=\"https:\/\/taboofashion.com\/hu\/shop\/taska-bazis-bg150-taska-csomagolva\/\" \/>\n<meta property=\"og:site_name\" content=\"Fashion shop\" \/>\n<meta property=\"article:publisher\" content=\"https:\/\/www.facebook.com\/TabooSlovakia\" \/>\n<meta name=\"twitter:card\" content=\"summary_large_image\" \/>\n<script type=\"application\/ld+json\" class=\"yoast-schema-graph\">{\"@context\":\"https:\/\/schema.org\",\"@graph\":[{\"@type\":\"WebPage\",\"@id\":\"https:\/\/taboofashion.com\/hu\/shop\/taska-bazis-bg150-taska-csomagolva\/\",\"url\":\"https:\/\/taboofashion.com\/hu\/shop\/taska-bazis-bg150-taska-csomagolva\/\",\"name\":\"BG150 t\u00e1ska \\\"Packaway\\\" &#8211; Fashion shop\",\"isPartOf\":{\"@id\":\"https:\/\/taboofashion.com\/hu\/#website\"},\"datePublished\":\"2022-08-30T15:09:05+00:00\",\"dateModified\":\"2022-08-30T15:09:05+00:00\",\"breadcrumb\":{\"@id\":\"https:\/\/taboofashion.com\/hu\/shop\/taska-bazis-bg150-taska-csomagolva\/#breadcrumb\"},\"inLanguage\":\"hu\",\"potentialAction\":[{\"@type\":\"ReadAction\",\"target\":[\"https:\/\/taboofashion.com\/hu\/shop\/taska-bazis-bg150-taska-csomagolva\/\"]}]},{\"@type\":\"BreadcrumbList\",\"@id\":\"https:\/\/taboofashion.com\/hu\/shop\/taska-bazis-bg150-taska-csomagolva\/#breadcrumb\",\"itemListElement\":[{\"@type\":\"ListItem\",\"position\":1,\"name\":\"Home\",\"item\":\"https:\/\/taboofashion.com\/hu\/\"},{\"@type\":\"ListItem\",\"position\":2,\"name\":\"Bolt\",\"item\":\"https:\/\/taboofashion.com\/hu\/\"},{\"@type\":\"ListItem\",\"position\":3,\"name\":\"BG150 t\u00e1ska &#8222;Packaway&#8221;\"}]},{\"@type\":\"WebSite\",\"@id\":\"https:\/\/taboofashion.com\/hu\/#website\",\"url\":\"https:\/\/taboofashion.com\/hu\/\",\"name\":\"Fashion shop\",\"description\":\"\",\"publisher\":{\"@id\":\"https:\/\/taboofashion.com\/hu\/#organization\"},\"potentialAction\":[{\"@type\":\"SearchAction\",\"target\":{\"@type\":\"EntryPoint\",\"urlTemplate\":\"https:\/\/taboofashion.com\/hu\/?s={search_term_string}\"},\"query-input\":\"required name=search_term_string\"}],\"inLanguage\":\"hu\"},{\"@type\":\"Organization\",\"@id\":\"https:\/\/taboofashion.com\/hu\/#organization\",\"name\":\"Taboo Slovakia s.r.o.\",\"url\":\"https:\/\/taboofashion.com\/hu\/\",\"logo\":{\"@type\":\"ImageObject\",\"inLanguage\":\"hu\",\"@id\":\"https:\/\/taboofashion.com\/hu\/#\/schema\/logo\/image\/\",\"url\":\"https:\/\/taboofashion.com\/wp-content\/uploads\/2022\/12\/taboologo2100-002.png\",\"contentUrl\":\"https:\/\/taboofashion.com\/wp-content\/uploads\/2022\/12\/taboologo2100-002.png\",\"width\":2100,\"height\":1050,\"caption\":\"Taboo Slovakia s.r.o.\"},\"image\":{\"@id\":\"https:\/\/taboofashion.com\/hu\/#\/schema\/logo\/image\/\"},\"sameAs\":[\"https:\/\/www.facebook.com\/TabooSlovakia\",\"https:\/\/www.linkedin.com\/company\/541747\/\",\"https:\/\/www.instagram.com\/taboofashion.com1\/\"]}]}<\/script>\n<meta property=\"product:brand\" content=\"BagBase\" \/>\n<meta property=\"og:availability\" content=\"instock\" \/>\n<meta property=\"product:availability\" content=\"instock\" \/>\n<meta property=\"product:retailer_item_id\" content=\"52015000199\" \/>\n<meta property=\"product:condition\" content=\"new\" \/>\n<!-- \/ Yoast SEO plugin. -->","yoast_head_json":{"title":"BG150 t\u00e1ska \"Packaway\" &#8211; Fashion shop","robots":{"index":"index","follow":"follow","max-snippet":"max-snippet:-1","max-image-preview":"max-image-preview:large","max-video-preview":"max-video-preview:-1"},"canonical":"https:\/\/taboofashion.com\/hu\/shop\/taska-bazis-bg150-taska-csomagolva\/","og_locale":"hu_HU","og_type":"article","og_title":"BG150 t\u00e1ska \"Packaway\" &#8211; Fashion shop","og_description":"150g, 210D poli\u00e9szter, ez\u00fcst: 210D nylon","og_url":"https:\/\/taboofashion.com\/hu\/shop\/taska-bazis-bg150-taska-csomagolva\/","og_site_name":"Fashion shop","article_publisher":"https:\/\/www.facebook.com\/TabooSlovakia","twitter_card":"summary_large_image","schema":{"@context":"https:\/\/schema.org","@graph":[{"@type":"WebPage","@id":"https:\/\/taboofashion.com\/hu\/shop\/taska-bazis-bg150-taska-csomagolva\/","url":"https:\/\/taboofashion.com\/hu\/shop\/taska-bazis-bg150-taska-csomagolva\/","name":"BG150 t\u00e1ska \"Packaway\" &#8211; Fashion shop","isPartOf":{"@id":"https:\/\/taboofashion.com\/hu\/#website"},"datePublished":"2022-08-30T15:09:05+00:00","dateModified":"2022-08-30T15:09:05+00:00","breadcrumb":{"@id":"https:\/\/taboofashion.com\/hu\/shop\/taska-bazis-bg150-taska-csomagolva\/#breadcrumb"},"inLanguage":"hu","potentialAction":[{"@type":"ReadAction","target":["https:\/\/taboofashion.com\/hu\/shop\/taska-bazis-bg150-taska-csomagolva\/"]}]},{"@type":"BreadcrumbList","@id":"https:\/\/taboofashion.com\/hu\/shop\/taska-bazis-bg150-taska-csomagolva\/#breadcrumb","itemListElement":[{"@type":"ListItem","position":1,"name":"Home","item":"https:\/\/taboofashion.com\/hu\/"},{"@type":"ListItem","position":2,"name":"Bolt","item":"https:\/\/taboofashion.com\/hu\/"},{"@type":"ListItem","position":3,"name":"BG150 t\u00e1ska &#8222;Packaway&#8221;"}]},{"@type":"WebSite","@id":"https:\/\/taboofashion.com\/hu\/#website","url":"https:\/\/taboofashion.com\/hu\/","name":"Fashion shop","description":"","publisher":{"@id":"https:\/\/taboofashion.com\/hu\/#organization"},"potentialAction":[{"@type":"SearchAction","target":{"@type":"EntryPoint","urlTemplate":"https:\/\/taboofashion.com\/hu\/?s={search_term_string}"},"query-input":"required name=search_term_string"}],"inLanguage":"hu"},{"@type":"Organization","@id":"https:\/\/taboofashion.com\/hu\/#organization","name":"Taboo Slovakia s.r.o.","url":"https:\/\/taboofashion.com\/hu\/","logo":{"@type":"ImageObject","inLanguage":"hu","@id":"https:\/\/taboofashion.com\/hu\/#\/schema\/logo\/image\/","url":"https:\/\/taboofashion.com\/wp-content\/uploads\/2022\/12\/taboologo2100-002.png","contentUrl":"https:\/\/taboofashion.com\/wp-content\/uploads\/2022\/12\/taboologo2100-002.png","width":2100,"height":1050,"caption":"Taboo Slovakia s.r.o."},"image":{"@id":"https:\/\/taboofashion.com\/hu\/#\/schema\/logo\/image\/"},"sameAs":["https:\/\/www.facebook.com\/TabooSlovakia","https:\/\/www.linkedin.com\/company\/541747\/","https:\/\/www.instagram.com\/taboofashion.com1\/"]}]},"product_brand":"BagBase","og_availability":"instock","product_availability":"instock","product_retailer_item_id":"52015000199","product_condition":"new"},"_links":{"self":[{"href":"https:\/\/taboofashion.com\/hu\/wp-json\/wp\/v2\/product\/616814","targetHints":{"allow":["GET"]}}],"collection":[{"href":"https:\/\/taboofashion.com\/hu\/wp-json\/wp\/v2\/product"}],"about":[{"href":"https:\/\/taboofashion.com\/hu\/wp-json\/wp\/v2\/types\/product"}],"wp:featuredmedia":[{"embeddable":true,"href":"https:\/\/taboofashion.com\/hu\/wp-json\/wp\/v2\/media\/610636"}],"wp:attachment":[{"href":"https:\/\/taboofashion.com\/hu\/wp-json\/wp\/v2\/media?parent=616814"}],"wp:term":[{"taxonomy":"product_cat","embeddable":true,"href":"https:\/\/taboofashion.com\/hu\/wp-json\/wp\/v2\/product_cat?post=616814"},{"taxonomy":"product_tag","embeddable":true,"href":"https:\/\/taboofashion.com\/hu\/wp-json\/wp\/v2\/product_tag?post=616814"}],"curies":[{"name":"wp","href":"https:\/\/api.w.org\/{rel}","templated":true}]}}