{"id":616885,"date":"2022-08-30T17:23:43","date_gmt":"2022-08-30T15:23:43","guid":{"rendered":"https:\/\/taboofashion.com\/shop\/bagbase-bg760-utazotaska-boutique\/"},"modified":"2022-08-30T17:23:43","modified_gmt":"2022-08-30T15:23:43","slug":"bagbase-bg760-utazotaska-boutique","status":"publish","type":"product","link":"https:\/\/taboofashion.com\/hu\/shop\/bagbase-bg760-utazotaska-boutique\/","title":{"rendered":"BG760 &#8222;Boutique&#8221; utaz\u00f3t\u00e1ska"},"content":{"rendered":"<p>2 r\u00f6vid foganty\u00fa, levehet\u0151, \u00e1ll\u00edthat\u00f3 v\u00e1llp\u00e1nt, foganty\u00fa hossza: 57cm, alternat\u00edv v\u00e1llp\u00e1nt k\u00fcl\u00f6n rendelhet\u0151 (52.0765 cikk), kis l\u00e1bak, extra hossz\u00fa cipz\u00e1r a f\u0151rekeszben, bels\u0151 zseb cipz\u00e1rral, Soft touch b\u00e9l\u00e9s, d\u00edsz\u00edt\u00e9s a b\u00e9l\u00e9sen, k\u00e9zben vagy v\u00e1llon \u00e1tvihet\u0151, TearAway c\u00edmke, \u0171rtartalom: 25l, m\u00e9ret: 53x26x24cm.<\/p>\n","protected":false},"excerpt":{"rendered":"<p>1,450g, 100% PU b\u0151r megjelen\u00e9s, b\u00e9l\u00e9s: 100% poli\u00e9szter<\/p>\n","protected":false},"featured_media":610569,"template":"","meta":[],"product_cat":[3607],"product_tag":[6679],"class_list":{"0":"post-616885","1":"product","2":"type-product","3":"status-publish","4":"has-post-thumbnail","6":"product_cat-taskak","7":"product_tag-bagbase_52_0760-hu","8":"pa_brand-bagbase-hu","9":"pa_colour-fekete","10":"pa_colour-lagy-szurke-hu","11":"pa_colour-osztriga","12":"pa_size-onesize-hu","14":"first","15":"instock","16":"taxable","17":"shipping-taxable","18":"purchasable","19":"product-type-variable","20":"has-default-attributes"},"yoast_head":"<!-- This site is optimized with the Yoast SEO plugin v21.8 - https:\/\/yoast.com\/wordpress\/plugins\/seo\/ -->\n<title>BG760 &quot;Boutique&quot; utaz\u00f3t\u00e1ska &#8211; Fashion shop<\/title>\n<meta name=\"robots\" content=\"index, follow, max-snippet:-1, max-image-preview:large, max-video-preview:-1\" \/>\n<link rel=\"canonical\" href=\"https:\/\/taboofashion.com\/hu\/shop\/bagbase-bg760-utazotaska-boutique\/\" \/>\n<meta property=\"og:locale\" content=\"hu_HU\" \/>\n<meta property=\"og:type\" content=\"article\" \/>\n<meta property=\"og:title\" content=\"BG760 &quot;Boutique&quot; utaz\u00f3t\u00e1ska &#8211; Fashion shop\" \/>\n<meta property=\"og:description\" content=\"1,450g, 100% PU b\u0151r megjelen\u00e9s, b\u00e9l\u00e9s: 100% poli\u00e9szter\" \/>\n<meta property=\"og:url\" content=\"https:\/\/taboofashion.com\/hu\/shop\/bagbase-bg760-utazotaska-boutique\/\" \/>\n<meta property=\"og:site_name\" content=\"Fashion shop\" \/>\n<meta property=\"article:publisher\" content=\"https:\/\/www.facebook.com\/TabooSlovakia\" \/>\n<meta name=\"twitter:card\" content=\"summary_large_image\" \/>\n<script type=\"application\/ld+json\" class=\"yoast-schema-graph\">{\"@context\":\"https:\/\/schema.org\",\"@graph\":[{\"@type\":\"WebPage\",\"@id\":\"https:\/\/taboofashion.com\/hu\/shop\/bagbase-bg760-utazotaska-boutique\/\",\"url\":\"https:\/\/taboofashion.com\/hu\/shop\/bagbase-bg760-utazotaska-boutique\/\",\"name\":\"BG760 \\\"Boutique\\\" utaz\u00f3t\u00e1ska &#8211; Fashion shop\",\"isPartOf\":{\"@id\":\"https:\/\/taboofashion.com\/hu\/#website\"},\"datePublished\":\"2022-08-30T15:23:43+00:00\",\"dateModified\":\"2022-08-30T15:23:43+00:00\",\"breadcrumb\":{\"@id\":\"https:\/\/taboofashion.com\/hu\/shop\/bagbase-bg760-utazotaska-boutique\/#breadcrumb\"},\"inLanguage\":\"hu\",\"potentialAction\":[{\"@type\":\"ReadAction\",\"target\":[\"https:\/\/taboofashion.com\/hu\/shop\/bagbase-bg760-utazotaska-boutique\/\"]}]},{\"@type\":\"BreadcrumbList\",\"@id\":\"https:\/\/taboofashion.com\/hu\/shop\/bagbase-bg760-utazotaska-boutique\/#breadcrumb\",\"itemListElement\":[{\"@type\":\"ListItem\",\"position\":1,\"name\":\"Home\",\"item\":\"https:\/\/taboofashion.com\/hu\/\"},{\"@type\":\"ListItem\",\"position\":2,\"name\":\"Bolt\",\"item\":\"https:\/\/taboofashion.com\/hu\/\"},{\"@type\":\"ListItem\",\"position\":3,\"name\":\"BG760 &#8222;Boutique&#8221; utaz\u00f3t\u00e1ska\"}]},{\"@type\":\"WebSite\",\"@id\":\"https:\/\/taboofashion.com\/hu\/#website\",\"url\":\"https:\/\/taboofashion.com\/hu\/\",\"name\":\"Fashion shop\",\"description\":\"\",\"publisher\":{\"@id\":\"https:\/\/taboofashion.com\/hu\/#organization\"},\"potentialAction\":[{\"@type\":\"SearchAction\",\"target\":{\"@type\":\"EntryPoint\",\"urlTemplate\":\"https:\/\/taboofashion.com\/hu\/?s={search_term_string}\"},\"query-input\":\"required name=search_term_string\"}],\"inLanguage\":\"hu\"},{\"@type\":\"Organization\",\"@id\":\"https:\/\/taboofashion.com\/hu\/#organization\",\"name\":\"Taboo Slovakia s.r.o.\",\"url\":\"https:\/\/taboofashion.com\/hu\/\",\"logo\":{\"@type\":\"ImageObject\",\"inLanguage\":\"hu\",\"@id\":\"https:\/\/taboofashion.com\/hu\/#\/schema\/logo\/image\/\",\"url\":\"https:\/\/taboofashion.com\/wp-content\/uploads\/2022\/12\/taboologo2100-002.png\",\"contentUrl\":\"https:\/\/taboofashion.com\/wp-content\/uploads\/2022\/12\/taboologo2100-002.png\",\"width\":2100,\"height\":1050,\"caption\":\"Taboo Slovakia s.r.o.\"},\"image\":{\"@id\":\"https:\/\/taboofashion.com\/hu\/#\/schema\/logo\/image\/\"},\"sameAs\":[\"https:\/\/www.facebook.com\/TabooSlovakia\",\"https:\/\/www.linkedin.com\/company\/541747\/\",\"https:\/\/www.instagram.com\/taboofashion.com1\/\"]}]}<\/script>\n<meta property=\"product:brand\" content=\"BagBase\" \/>\n<meta property=\"og:availability\" content=\"instock\" \/>\n<meta property=\"product:availability\" content=\"instock\" \/>\n<meta property=\"product:retailer_item_id\" content=\"52076000299\" \/>\n<meta property=\"product:condition\" content=\"new\" \/>\n<!-- \/ Yoast SEO plugin. -->","yoast_head_json":{"title":"BG760 \"Boutique\" utaz\u00f3t\u00e1ska &#8211; Fashion shop","robots":{"index":"index","follow":"follow","max-snippet":"max-snippet:-1","max-image-preview":"max-image-preview:large","max-video-preview":"max-video-preview:-1"},"canonical":"https:\/\/taboofashion.com\/hu\/shop\/bagbase-bg760-utazotaska-boutique\/","og_locale":"hu_HU","og_type":"article","og_title":"BG760 \"Boutique\" utaz\u00f3t\u00e1ska &#8211; Fashion shop","og_description":"1,450g, 100% PU b\u0151r megjelen\u00e9s, b\u00e9l\u00e9s: 100% poli\u00e9szter","og_url":"https:\/\/taboofashion.com\/hu\/shop\/bagbase-bg760-utazotaska-boutique\/","og_site_name":"Fashion shop","article_publisher":"https:\/\/www.facebook.com\/TabooSlovakia","twitter_card":"summary_large_image","schema":{"@context":"https:\/\/schema.org","@graph":[{"@type":"WebPage","@id":"https:\/\/taboofashion.com\/hu\/shop\/bagbase-bg760-utazotaska-boutique\/","url":"https:\/\/taboofashion.com\/hu\/shop\/bagbase-bg760-utazotaska-boutique\/","name":"BG760 \"Boutique\" utaz\u00f3t\u00e1ska &#8211; Fashion shop","isPartOf":{"@id":"https:\/\/taboofashion.com\/hu\/#website"},"datePublished":"2022-08-30T15:23:43+00:00","dateModified":"2022-08-30T15:23:43+00:00","breadcrumb":{"@id":"https:\/\/taboofashion.com\/hu\/shop\/bagbase-bg760-utazotaska-boutique\/#breadcrumb"},"inLanguage":"hu","potentialAction":[{"@type":"ReadAction","target":["https:\/\/taboofashion.com\/hu\/shop\/bagbase-bg760-utazotaska-boutique\/"]}]},{"@type":"BreadcrumbList","@id":"https:\/\/taboofashion.com\/hu\/shop\/bagbase-bg760-utazotaska-boutique\/#breadcrumb","itemListElement":[{"@type":"ListItem","position":1,"name":"Home","item":"https:\/\/taboofashion.com\/hu\/"},{"@type":"ListItem","position":2,"name":"Bolt","item":"https:\/\/taboofashion.com\/hu\/"},{"@type":"ListItem","position":3,"name":"BG760 &#8222;Boutique&#8221; utaz\u00f3t\u00e1ska"}]},{"@type":"WebSite","@id":"https:\/\/taboofashion.com\/hu\/#website","url":"https:\/\/taboofashion.com\/hu\/","name":"Fashion shop","description":"","publisher":{"@id":"https:\/\/taboofashion.com\/hu\/#organization"},"potentialAction":[{"@type":"SearchAction","target":{"@type":"EntryPoint","urlTemplate":"https:\/\/taboofashion.com\/hu\/?s={search_term_string}"},"query-input":"required name=search_term_string"}],"inLanguage":"hu"},{"@type":"Organization","@id":"https:\/\/taboofashion.com\/hu\/#organization","name":"Taboo Slovakia s.r.o.","url":"https:\/\/taboofashion.com\/hu\/","logo":{"@type":"ImageObject","inLanguage":"hu","@id":"https:\/\/taboofashion.com\/hu\/#\/schema\/logo\/image\/","url":"https:\/\/taboofashion.com\/wp-content\/uploads\/2022\/12\/taboologo2100-002.png","contentUrl":"https:\/\/taboofashion.com\/wp-content\/uploads\/2022\/12\/taboologo2100-002.png","width":2100,"height":1050,"caption":"Taboo Slovakia s.r.o."},"image":{"@id":"https:\/\/taboofashion.com\/hu\/#\/schema\/logo\/image\/"},"sameAs":["https:\/\/www.facebook.com\/TabooSlovakia","https:\/\/www.linkedin.com\/company\/541747\/","https:\/\/www.instagram.com\/taboofashion.com1\/"]}]},"product_brand":"BagBase","og_availability":"instock","product_availability":"instock","product_retailer_item_id":"52076000299","product_condition":"new"},"_links":{"self":[{"href":"https:\/\/taboofashion.com\/hu\/wp-json\/wp\/v2\/product\/616885","targetHints":{"allow":["GET"]}}],"collection":[{"href":"https:\/\/taboofashion.com\/hu\/wp-json\/wp\/v2\/product"}],"about":[{"href":"https:\/\/taboofashion.com\/hu\/wp-json\/wp\/v2\/types\/product"}],"wp:featuredmedia":[{"embeddable":true,"href":"https:\/\/taboofashion.com\/hu\/wp-json\/wp\/v2\/media\/610569"}],"wp:attachment":[{"href":"https:\/\/taboofashion.com\/hu\/wp-json\/wp\/v2\/media?parent=616885"}],"wp:term":[{"taxonomy":"product_cat","embeddable":true,"href":"https:\/\/taboofashion.com\/hu\/wp-json\/wp\/v2\/product_cat?post=616885"},{"taxonomy":"product_tag","embeddable":true,"href":"https:\/\/taboofashion.com\/hu\/wp-json\/wp\/v2\/product_tag?post=616885"}],"curies":[{"name":"wp","href":"https:\/\/api.w.org\/{rel}","templated":true}]}}