{"id":617071,"date":"2022-08-30T17:15:48","date_gmt":"2022-08-30T15:15:48","guid":{"rendered":"https:\/\/taboofashion.com\/shop\/taskabazis-bg544-sport-utazotaska\/"},"modified":"2022-08-30T17:15:48","modified_gmt":"2022-08-30T15:15:48","slug":"taskabazis-bg544-sport-utazotaska","status":"publish","type":"product","link":"https:\/\/taboofashion.com\/hu\/shop\/taskabazis-bg544-sport-utazotaska\/","title":{"rendered":"BG544 Sport- \u00e9s utaz\u00f3t\u00e1ska"},"content":{"rendered":"<p>V\u00edzleperget\u0151, p\u00e1rn\u00e1zott foganty\u00fa, levehet\u0151, \u00e1ll\u00edthat\u00f3 v\u00e1llp\u00e1nt p\u00e1rn\u00e1z\u00e1ssal, m\u0171anyag v\u00e9d\u0151 talp, k\u00fcls\u0151 h\u00e1l\u00f3s zseb, bels\u0151 zseb, cipz\u00e1ras oldalzsebek, cip\u0151alag\u00fat\/nedves zseb, f\u00e9m szell\u0151z\u0151ny\u00edl\u00e1sok, TearAway c\u00edmke, \u0171rtartalom: 30l, m\u00e9ret: 54x29x26cm.<\/p>\n","protected":false},"excerpt":{"rendered":"<p>830g, 600D\/420D poli\u00e9szter kombin\u00e1ci\u00f3<\/p>\n","protected":false},"featured_media":610629,"template":"","meta":[],"product_cat":[3623,3607],"product_tag":[6691],"class_list":{"0":"post-617071","1":"product","2":"type-product","3":"status-publish","4":"has-post-thumbnail","6":"product_cat-sport-ruhazat","7":"product_cat-taskak","8":"product_tag-bagbase_52_0544-hu","9":"pa_brand-bagbase-hu","10":"pa_colour-dzsungel-alcazas-hu","11":"pa_colour-ejfeli-alcazas","12":"pa_colour-fekete","13":"pa_colour-fekete-fekete-hu","14":"pa_colour-francia-haditengereszet","15":"pa_colour-fukszia","16":"pa_colour-klasszikus-piros-2","17":"pa_colour-kozepkek-hu-4","18":"pa_colour-lime-zold","19":"pa_colour-narancs","20":"pa_colour-szurke-marga","21":"pa_size-onesize-hu","23":"first","24":"instock","25":"taxable","26":"shipping-taxable","27":"purchasable","28":"product-type-variable","29":"has-default-attributes"},"yoast_head":"<!-- This site is optimized with the Yoast SEO plugin v21.8 - https:\/\/yoast.com\/wordpress\/plugins\/seo\/ -->\n<title>BG544 Sport- \u00e9s utaz\u00f3t\u00e1ska &#8211; Fashion shop<\/title>\n<meta name=\"robots\" content=\"index, follow, max-snippet:-1, max-image-preview:large, max-video-preview:-1\" \/>\n<link rel=\"canonical\" href=\"https:\/\/taboofashion.com\/hu\/shop\/taskabazis-bg544-sport-utazotaska\/\" \/>\n<meta property=\"og:locale\" content=\"hu_HU\" \/>\n<meta property=\"og:type\" content=\"article\" \/>\n<meta property=\"og:title\" content=\"BG544 Sport- \u00e9s utaz\u00f3t\u00e1ska &#8211; Fashion shop\" \/>\n<meta property=\"og:description\" content=\"830g, 600D\/420D poli\u00e9szter kombin\u00e1ci\u00f3\" \/>\n<meta property=\"og:url\" content=\"https:\/\/taboofashion.com\/hu\/shop\/taskabazis-bg544-sport-utazotaska\/\" \/>\n<meta property=\"og:site_name\" content=\"Fashion shop\" \/>\n<meta property=\"article:publisher\" content=\"https:\/\/www.facebook.com\/TabooSlovakia\" \/>\n<meta name=\"twitter:card\" content=\"summary_large_image\" \/>\n<script type=\"application\/ld+json\" class=\"yoast-schema-graph\">{\"@context\":\"https:\/\/schema.org\",\"@graph\":[{\"@type\":\"WebPage\",\"@id\":\"https:\/\/taboofashion.com\/hu\/shop\/taskabazis-bg544-sport-utazotaska\/\",\"url\":\"https:\/\/taboofashion.com\/hu\/shop\/taskabazis-bg544-sport-utazotaska\/\",\"name\":\"BG544 Sport- \u00e9s utaz\u00f3t\u00e1ska &#8211; Fashion shop\",\"isPartOf\":{\"@id\":\"https:\/\/taboofashion.com\/hu\/#website\"},\"datePublished\":\"2022-08-30T15:15:48+00:00\",\"dateModified\":\"2022-08-30T15:15:48+00:00\",\"breadcrumb\":{\"@id\":\"https:\/\/taboofashion.com\/hu\/shop\/taskabazis-bg544-sport-utazotaska\/#breadcrumb\"},\"inLanguage\":\"hu\",\"potentialAction\":[{\"@type\":\"ReadAction\",\"target\":[\"https:\/\/taboofashion.com\/hu\/shop\/taskabazis-bg544-sport-utazotaska\/\"]}]},{\"@type\":\"BreadcrumbList\",\"@id\":\"https:\/\/taboofashion.com\/hu\/shop\/taskabazis-bg544-sport-utazotaska\/#breadcrumb\",\"itemListElement\":[{\"@type\":\"ListItem\",\"position\":1,\"name\":\"Home\",\"item\":\"https:\/\/taboofashion.com\/hu\/\"},{\"@type\":\"ListItem\",\"position\":2,\"name\":\"Bolt\",\"item\":\"https:\/\/taboofashion.com\/hu\/\"},{\"@type\":\"ListItem\",\"position\":3,\"name\":\"BG544 Sport- \u00e9s utaz\u00f3t\u00e1ska\"}]},{\"@type\":\"WebSite\",\"@id\":\"https:\/\/taboofashion.com\/hu\/#website\",\"url\":\"https:\/\/taboofashion.com\/hu\/\",\"name\":\"Fashion shop\",\"description\":\"\",\"publisher\":{\"@id\":\"https:\/\/taboofashion.com\/hu\/#organization\"},\"potentialAction\":[{\"@type\":\"SearchAction\",\"target\":{\"@type\":\"EntryPoint\",\"urlTemplate\":\"https:\/\/taboofashion.com\/hu\/?s={search_term_string}\"},\"query-input\":\"required name=search_term_string\"}],\"inLanguage\":\"hu\"},{\"@type\":\"Organization\",\"@id\":\"https:\/\/taboofashion.com\/hu\/#organization\",\"name\":\"Taboo Slovakia s.r.o.\",\"url\":\"https:\/\/taboofashion.com\/hu\/\",\"logo\":{\"@type\":\"ImageObject\",\"inLanguage\":\"hu\",\"@id\":\"https:\/\/taboofashion.com\/hu\/#\/schema\/logo\/image\/\",\"url\":\"https:\/\/taboofashion.com\/wp-content\/uploads\/2022\/12\/taboologo2100-002.png\",\"contentUrl\":\"https:\/\/taboofashion.com\/wp-content\/uploads\/2022\/12\/taboologo2100-002.png\",\"width\":2100,\"height\":1050,\"caption\":\"Taboo Slovakia s.r.o.\"},\"image\":{\"@id\":\"https:\/\/taboofashion.com\/hu\/#\/schema\/logo\/image\/\"},\"sameAs\":[\"https:\/\/www.facebook.com\/TabooSlovakia\",\"https:\/\/www.linkedin.com\/company\/541747\/\",\"https:\/\/www.instagram.com\/taboofashion.com1\/\"]}]}<\/script>\n<meta property=\"product:brand\" content=\"BagBase\" \/>\n<meta property=\"og:availability\" content=\"instock\" \/>\n<meta property=\"product:availability\" content=\"instock\" \/>\n<meta property=\"product:retailer_item_id\" content=\"52054400299\" \/>\n<meta property=\"product:condition\" content=\"new\" \/>\n<!-- \/ Yoast SEO plugin. -->","yoast_head_json":{"title":"BG544 Sport- \u00e9s utaz\u00f3t\u00e1ska &#8211; Fashion shop","robots":{"index":"index","follow":"follow","max-snippet":"max-snippet:-1","max-image-preview":"max-image-preview:large","max-video-preview":"max-video-preview:-1"},"canonical":"https:\/\/taboofashion.com\/hu\/shop\/taskabazis-bg544-sport-utazotaska\/","og_locale":"hu_HU","og_type":"article","og_title":"BG544 Sport- \u00e9s utaz\u00f3t\u00e1ska &#8211; Fashion shop","og_description":"830g, 600D\/420D poli\u00e9szter kombin\u00e1ci\u00f3","og_url":"https:\/\/taboofashion.com\/hu\/shop\/taskabazis-bg544-sport-utazotaska\/","og_site_name":"Fashion shop","article_publisher":"https:\/\/www.facebook.com\/TabooSlovakia","twitter_card":"summary_large_image","schema":{"@context":"https:\/\/schema.org","@graph":[{"@type":"WebPage","@id":"https:\/\/taboofashion.com\/hu\/shop\/taskabazis-bg544-sport-utazotaska\/","url":"https:\/\/taboofashion.com\/hu\/shop\/taskabazis-bg544-sport-utazotaska\/","name":"BG544 Sport- \u00e9s utaz\u00f3t\u00e1ska &#8211; Fashion shop","isPartOf":{"@id":"https:\/\/taboofashion.com\/hu\/#website"},"datePublished":"2022-08-30T15:15:48+00:00","dateModified":"2022-08-30T15:15:48+00:00","breadcrumb":{"@id":"https:\/\/taboofashion.com\/hu\/shop\/taskabazis-bg544-sport-utazotaska\/#breadcrumb"},"inLanguage":"hu","potentialAction":[{"@type":"ReadAction","target":["https:\/\/taboofashion.com\/hu\/shop\/taskabazis-bg544-sport-utazotaska\/"]}]},{"@type":"BreadcrumbList","@id":"https:\/\/taboofashion.com\/hu\/shop\/taskabazis-bg544-sport-utazotaska\/#breadcrumb","itemListElement":[{"@type":"ListItem","position":1,"name":"Home","item":"https:\/\/taboofashion.com\/hu\/"},{"@type":"ListItem","position":2,"name":"Bolt","item":"https:\/\/taboofashion.com\/hu\/"},{"@type":"ListItem","position":3,"name":"BG544 Sport- \u00e9s utaz\u00f3t\u00e1ska"}]},{"@type":"WebSite","@id":"https:\/\/taboofashion.com\/hu\/#website","url":"https:\/\/taboofashion.com\/hu\/","name":"Fashion shop","description":"","publisher":{"@id":"https:\/\/taboofashion.com\/hu\/#organization"},"potentialAction":[{"@type":"SearchAction","target":{"@type":"EntryPoint","urlTemplate":"https:\/\/taboofashion.com\/hu\/?s={search_term_string}"},"query-input":"required name=search_term_string"}],"inLanguage":"hu"},{"@type":"Organization","@id":"https:\/\/taboofashion.com\/hu\/#organization","name":"Taboo Slovakia s.r.o.","url":"https:\/\/taboofashion.com\/hu\/","logo":{"@type":"ImageObject","inLanguage":"hu","@id":"https:\/\/taboofashion.com\/hu\/#\/schema\/logo\/image\/","url":"https:\/\/taboofashion.com\/wp-content\/uploads\/2022\/12\/taboologo2100-002.png","contentUrl":"https:\/\/taboofashion.com\/wp-content\/uploads\/2022\/12\/taboologo2100-002.png","width":2100,"height":1050,"caption":"Taboo Slovakia s.r.o."},"image":{"@id":"https:\/\/taboofashion.com\/hu\/#\/schema\/logo\/image\/"},"sameAs":["https:\/\/www.facebook.com\/TabooSlovakia","https:\/\/www.linkedin.com\/company\/541747\/","https:\/\/www.instagram.com\/taboofashion.com1\/"]}]},"product_brand":"BagBase","og_availability":"instock","product_availability":"instock","product_retailer_item_id":"52054400299","product_condition":"new"},"_links":{"self":[{"href":"https:\/\/taboofashion.com\/hu\/wp-json\/wp\/v2\/product\/617071","targetHints":{"allow":["GET"]}}],"collection":[{"href":"https:\/\/taboofashion.com\/hu\/wp-json\/wp\/v2\/product"}],"about":[{"href":"https:\/\/taboofashion.com\/hu\/wp-json\/wp\/v2\/types\/product"}],"wp:featuredmedia":[{"embeddable":true,"href":"https:\/\/taboofashion.com\/hu\/wp-json\/wp\/v2\/media\/610629"}],"wp:attachment":[{"href":"https:\/\/taboofashion.com\/hu\/wp-json\/wp\/v2\/media?parent=617071"}],"wp:term":[{"taxonomy":"product_cat","embeddable":true,"href":"https:\/\/taboofashion.com\/hu\/wp-json\/wp\/v2\/product_cat?post=617071"},{"taxonomy":"product_tag","embeddable":true,"href":"https:\/\/taboofashion.com\/hu\/wp-json\/wp\/v2\/product_tag?post=617071"}],"curies":[{"name":"wp","href":"https:\/\/api.w.org\/{rel}","templated":true}]}}