{"id":617100,"date":"2022-08-30T18:30:28","date_gmt":"2022-08-30T16:30:28","guid":{"rendered":"https:\/\/taboofashion.com\/shop\/beechfield-b900-morf-original\/"},"modified":"2023-09-14T18:54:52","modified_gmt":"2023-09-14T16:54:52","slug":"beechfield-b900-morf-original","status":"publish","type":"product","link":"https:\/\/taboofashion.com\/hu\/shop\/beechfield-b900-morf-original\/","title":{"rendered":"B900 Morf\u00ae Original nyakmeleg\u00edt\u0151"},"content":{"rendered":"<p>L\u00e9g\u00e1tereszt\u0151, varr\u00e1s n\u00e9lk\u00fcli, t\u00f6bbfunkci\u00f3s, nem orvosi term\u00e9k \u00e9s nem egy\u00e9ni v\u00e9d\u0151eszk\u00f6z (PPE), m\u00e9rete: 50&#215;25 cm, moshat\u00f3 (nem vasalhat\u00f3).<\/p>\n","protected":false},"excerpt":{"rendered":"<p>100% poli\u00e9szter mikrosz\u00e1las<\/p>\n","protected":false},"featured_media":610133,"template":"","meta":[],"product_cat":[3605,3610,3613,3623],"product_tag":[],"class_list":{"0":"post-617100","1":"product","2":"type-product","3":"status-publish","4":"has-post-thumbnail","6":"product_cat-kiegeszitok","7":"product_cat-maszkok","8":"product_cat-sapkak","9":"product_cat-sport-ruhazat","10":"pa_brand-beechfield-hu","11":"pa_colour-bordo","12":"pa_colour-csokolade-barna","13":"pa_colour-dzsungel-alcazas-hu","14":"pa_colour-egszinkek","15":"pa_colour-ejfeli-alcazas","16":"pa_colour-elenkpiros","17":"pa_colour-feher","18":"pa_colour-fekete","19":"pa_colour-fluoreszkalo-narancssarga-hu","20":"pa_colour-fluoreszkalo-rozsaszin","21":"pa_colour-fluoreszkalo-sarga-2","22":"pa_colour-francia-haditengereszet","23":"pa_colour-fukszia","24":"pa_colour-grafitszurke-2","25":"pa_colour-homok","26":"pa_colour-kelly-green-hu","27":"pa_colour-klasszikus-piros-2","28":"pa_colour-klasszikus-rozsaszin","29":"pa_colour-kozepkek-hu-4","30":"pa_colour-legiero-kek","31":"pa_colour-lila","32":"pa_colour-lime-zold","33":"pa_colour-mentazold","34":"pa_colour-narancs","35":"pa_colour-olajzold","36":"pa_colour-sarga-hu","37":"pa_colour-sarkvideki-alcazas-hu-2","38":"pa_colour-szorfkek","39":"pa_colour-szurke-hofeherke","40":"pa_colour-uveg-zold","41":"pa_colour-vilagosszurke","42":"pa_colour-zafirkek-hu","43":"pa_size-onesize-hu","45":"first","46":"instock","47":"taxable","48":"shipping-taxable","49":"purchasable","50":"product-type-variable","51":"has-default-attributes"},"yoast_head":"<!-- This site is optimized with the Yoast SEO plugin v21.8 - https:\/\/yoast.com\/wordpress\/plugins\/seo\/ -->\n<title>B900 Morf\u00ae Original nyakmeleg\u00edt\u0151 &#8211; Fashion shop<\/title>\n<meta name=\"robots\" content=\"index, follow, max-snippet:-1, max-image-preview:large, max-video-preview:-1\" \/>\n<link rel=\"canonical\" href=\"https:\/\/taboofashion.com\/hu\/shop\/beechfield-b900-morf-original\/\" \/>\n<meta property=\"og:locale\" content=\"hu_HU\" \/>\n<meta property=\"og:type\" content=\"article\" \/>\n<meta property=\"og:title\" content=\"B900 Morf\u00ae Original nyakmeleg\u00edt\u0151 &#8211; Fashion shop\" \/>\n<meta property=\"og:description\" content=\"100% poli\u00e9szter mikrosz\u00e1las\" \/>\n<meta property=\"og:url\" content=\"https:\/\/taboofashion.com\/hu\/shop\/beechfield-b900-morf-original\/\" \/>\n<meta property=\"og:site_name\" content=\"Fashion shop\" \/>\n<meta property=\"article:publisher\" content=\"https:\/\/www.facebook.com\/TabooSlovakia\" \/>\n<meta property=\"article:modified_time\" content=\"2023-09-14T16:54:52+00:00\" \/>\n<meta property=\"og:image\" content=\"https:\/\/taboofashion.com\/wp-content\/uploads\/2022\/08\/LS-53.900B-Beechfield-B900B-1.jpg\" \/>\n\t<meta property=\"og:image:width\" content=\"1000\" \/>\n\t<meta property=\"og:image:height\" content=\"1000\" \/>\n\t<meta property=\"og:image:type\" content=\"image\/jpeg\" \/>\n<meta name=\"twitter:card\" content=\"summary_large_image\" \/>\n<script type=\"application\/ld+json\" class=\"yoast-schema-graph\">{\"@context\":\"https:\/\/schema.org\",\"@graph\":[{\"@type\":\"WebPage\",\"@id\":\"https:\/\/taboofashion.com\/hu\/shop\/beechfield-b900-morf-original\/\",\"url\":\"https:\/\/taboofashion.com\/hu\/shop\/beechfield-b900-morf-original\/\",\"name\":\"B900 Morf\u00ae Original nyakmeleg\u00edt\u0151 &#8211; Fashion shop\",\"isPartOf\":{\"@id\":\"https:\/\/taboofashion.com\/hu\/#website\"},\"datePublished\":\"2022-08-30T16:30:28+00:00\",\"dateModified\":\"2023-09-14T16:54:52+00:00\",\"breadcrumb\":{\"@id\":\"https:\/\/taboofashion.com\/hu\/shop\/beechfield-b900-morf-original\/#breadcrumb\"},\"inLanguage\":\"hu\",\"potentialAction\":[{\"@type\":\"ReadAction\",\"target\":[\"https:\/\/taboofashion.com\/hu\/shop\/beechfield-b900-morf-original\/\"]}]},{\"@type\":\"BreadcrumbList\",\"@id\":\"https:\/\/taboofashion.com\/hu\/shop\/beechfield-b900-morf-original\/#breadcrumb\",\"itemListElement\":[{\"@type\":\"ListItem\",\"position\":1,\"name\":\"Home\",\"item\":\"https:\/\/taboofashion.com\/hu\/\"},{\"@type\":\"ListItem\",\"position\":2,\"name\":\"Bolt\",\"item\":\"https:\/\/taboofashion.com\/hu\/\"},{\"@type\":\"ListItem\",\"position\":3,\"name\":\"B900 Morf\u00ae Original nyakmeleg\u00edt\u0151\"}]},{\"@type\":\"WebSite\",\"@id\":\"https:\/\/taboofashion.com\/hu\/#website\",\"url\":\"https:\/\/taboofashion.com\/hu\/\",\"name\":\"Fashion shop\",\"description\":\"\",\"publisher\":{\"@id\":\"https:\/\/taboofashion.com\/hu\/#organization\"},\"potentialAction\":[{\"@type\":\"SearchAction\",\"target\":{\"@type\":\"EntryPoint\",\"urlTemplate\":\"https:\/\/taboofashion.com\/hu\/?s={search_term_string}\"},\"query-input\":\"required name=search_term_string\"}],\"inLanguage\":\"hu\"},{\"@type\":\"Organization\",\"@id\":\"https:\/\/taboofashion.com\/hu\/#organization\",\"name\":\"Taboo Slovakia s.r.o.\",\"url\":\"https:\/\/taboofashion.com\/hu\/\",\"logo\":{\"@type\":\"ImageObject\",\"inLanguage\":\"hu\",\"@id\":\"https:\/\/taboofashion.com\/hu\/#\/schema\/logo\/image\/\",\"url\":\"https:\/\/taboofashion.com\/wp-content\/uploads\/2022\/12\/taboologo2100-002.png\",\"contentUrl\":\"https:\/\/taboofashion.com\/wp-content\/uploads\/2022\/12\/taboologo2100-002.png\",\"width\":2100,\"height\":1050,\"caption\":\"Taboo Slovakia s.r.o.\"},\"image\":{\"@id\":\"https:\/\/taboofashion.com\/hu\/#\/schema\/logo\/image\/\"},\"sameAs\":[\"https:\/\/www.facebook.com\/TabooSlovakia\",\"https:\/\/www.linkedin.com\/company\/541747\/\",\"https:\/\/www.instagram.com\/taboofashion.com1\/\"]}]}<\/script>\n<meta property=\"product:brand\" content=\"Beechfield\" \/>\n<meta property=\"og:availability\" content=\"instock\" \/>\n<meta property=\"product:availability\" content=\"instock\" \/>\n<meta property=\"product:retailer_item_id\" content=\"53090000199\" \/>\n<meta property=\"product:condition\" content=\"new\" \/>\n<!-- \/ Yoast SEO plugin. -->","yoast_head_json":{"title":"B900 Morf\u00ae Original nyakmeleg\u00edt\u0151 &#8211; Fashion shop","robots":{"index":"index","follow":"follow","max-snippet":"max-snippet:-1","max-image-preview":"max-image-preview:large","max-video-preview":"max-video-preview:-1"},"canonical":"https:\/\/taboofashion.com\/hu\/shop\/beechfield-b900-morf-original\/","og_locale":"hu_HU","og_type":"article","og_title":"B900 Morf\u00ae Original nyakmeleg\u00edt\u0151 &#8211; Fashion shop","og_description":"100% poli\u00e9szter mikrosz\u00e1las","og_url":"https:\/\/taboofashion.com\/hu\/shop\/beechfield-b900-morf-original\/","og_site_name":"Fashion shop","article_publisher":"https:\/\/www.facebook.com\/TabooSlovakia","article_modified_time":"2023-09-14T16:54:52+00:00","og_image":[{"width":1000,"height":1000,"url":"https:\/\/taboofashion.com\/wp-content\/uploads\/2022\/08\/LS-53.900B-Beechfield-B900B-1.jpg","type":"image\/jpeg"}],"twitter_card":"summary_large_image","schema":{"@context":"https:\/\/schema.org","@graph":[{"@type":"WebPage","@id":"https:\/\/taboofashion.com\/hu\/shop\/beechfield-b900-morf-original\/","url":"https:\/\/taboofashion.com\/hu\/shop\/beechfield-b900-morf-original\/","name":"B900 Morf\u00ae Original nyakmeleg\u00edt\u0151 &#8211; Fashion shop","isPartOf":{"@id":"https:\/\/taboofashion.com\/hu\/#website"},"datePublished":"2022-08-30T16:30:28+00:00","dateModified":"2023-09-14T16:54:52+00:00","breadcrumb":{"@id":"https:\/\/taboofashion.com\/hu\/shop\/beechfield-b900-morf-original\/#breadcrumb"},"inLanguage":"hu","potentialAction":[{"@type":"ReadAction","target":["https:\/\/taboofashion.com\/hu\/shop\/beechfield-b900-morf-original\/"]}]},{"@type":"BreadcrumbList","@id":"https:\/\/taboofashion.com\/hu\/shop\/beechfield-b900-morf-original\/#breadcrumb","itemListElement":[{"@type":"ListItem","position":1,"name":"Home","item":"https:\/\/taboofashion.com\/hu\/"},{"@type":"ListItem","position":2,"name":"Bolt","item":"https:\/\/taboofashion.com\/hu\/"},{"@type":"ListItem","position":3,"name":"B900 Morf\u00ae Original nyakmeleg\u00edt\u0151"}]},{"@type":"WebSite","@id":"https:\/\/taboofashion.com\/hu\/#website","url":"https:\/\/taboofashion.com\/hu\/","name":"Fashion shop","description":"","publisher":{"@id":"https:\/\/taboofashion.com\/hu\/#organization"},"potentialAction":[{"@type":"SearchAction","target":{"@type":"EntryPoint","urlTemplate":"https:\/\/taboofashion.com\/hu\/?s={search_term_string}"},"query-input":"required name=search_term_string"}],"inLanguage":"hu"},{"@type":"Organization","@id":"https:\/\/taboofashion.com\/hu\/#organization","name":"Taboo Slovakia s.r.o.","url":"https:\/\/taboofashion.com\/hu\/","logo":{"@type":"ImageObject","inLanguage":"hu","@id":"https:\/\/taboofashion.com\/hu\/#\/schema\/logo\/image\/","url":"https:\/\/taboofashion.com\/wp-content\/uploads\/2022\/12\/taboologo2100-002.png","contentUrl":"https:\/\/taboofashion.com\/wp-content\/uploads\/2022\/12\/taboologo2100-002.png","width":2100,"height":1050,"caption":"Taboo Slovakia s.r.o."},"image":{"@id":"https:\/\/taboofashion.com\/hu\/#\/schema\/logo\/image\/"},"sameAs":["https:\/\/www.facebook.com\/TabooSlovakia","https:\/\/www.linkedin.com\/company\/541747\/","https:\/\/www.instagram.com\/taboofashion.com1\/"]}]},"product_brand":"Beechfield","og_availability":"instock","product_availability":"instock","product_retailer_item_id":"53090000199","product_condition":"new"},"_links":{"self":[{"href":"https:\/\/taboofashion.com\/hu\/wp-json\/wp\/v2\/product\/617100","targetHints":{"allow":["GET"]}}],"collection":[{"href":"https:\/\/taboofashion.com\/hu\/wp-json\/wp\/v2\/product"}],"about":[{"href":"https:\/\/taboofashion.com\/hu\/wp-json\/wp\/v2\/types\/product"}],"wp:featuredmedia":[{"embeddable":true,"href":"https:\/\/taboofashion.com\/hu\/wp-json\/wp\/v2\/media\/610133"}],"wp:attachment":[{"href":"https:\/\/taboofashion.com\/hu\/wp-json\/wp\/v2\/media?parent=617100"}],"wp:term":[{"taxonomy":"product_cat","embeddable":true,"href":"https:\/\/taboofashion.com\/hu\/wp-json\/wp\/v2\/product_cat?post=617100"},{"taxonomy":"product_tag","embeddable":true,"href":"https:\/\/taboofashion.com\/hu\/wp-json\/wp\/v2\/product_tag?post=617100"}],"curies":[{"name":"wp","href":"https:\/\/api.w.org\/{rel}","templated":true}]}}