{"id":617106,"date":"2022-08-30T16:59:57","date_gmt":"2022-08-30T14:59:57","guid":{"rendered":"https:\/\/taboofashion.com\/shop\/taskabazis-bg125-eredeti-divatos-hatizsak\/"},"modified":"2022-08-30T16:59:57","modified_gmt":"2022-08-30T14:59:57","slug":"taskabazis-bg125-eredeti-divatos-hatizsak","status":"publish","type":"product","link":"https:\/\/taboofashion.com\/hu\/shop\/taskabazis-bg125-eredeti-divatos-hatizsak\/","title":{"rendered":"BG125 Eredeti divatos h\u00e1tizs\u00e1k"},"content":{"rendered":"<p>Foganty\u00fa, \u00e1ll\u00edthat\u00f3, p\u00e1rn\u00e1zott v\u00e1llp\u00e1nt, cipz\u00e1ras els\u0151 rekesz, p\u00e1rn\u00e1zott h\u00e1tlap, TearAway c\u00edmke, \u0171rtartalom: 18 l, m\u00e9ret: 31x42x21 cm.<\/p>\n","protected":false},"excerpt":{"rendered":"<p>380g, 600D poli\u00e9szter<\/p>\n","protected":false},"featured_media":610638,"template":"","meta":[],"product_cat":[3607],"product_tag":[6693],"class_list":{"0":"post-617106","1":"product","2":"type-product","3":"status-publish","4":"has-post-thumbnail","6":"product_cat-taskak","7":"product_tag-bagbase_52_0125-hu","8":"pa_brand-bagbase-hu","9":"pa_colour-bordo","10":"pa_colour-egszinkek-francia-tengereszgyalogsag-hu","11":"pa_colour-elenkpiros","12":"pa_colour-feher-grafitszurke-hu","13":"pa_colour-fekete","14":"pa_colour-fekete-fekete-hu","15":"pa_colour-fluoreszkalo-rozsaszin","16":"pa_colour-fluoreszkalo-sarga-2","17":"pa_colour-francia-haditengereszet","18":"pa_colour-fukszia-grafitszurke","19":"pa_colour-grafitszurke-2","20":"pa_colour-karamell","21":"pa_colour-kelly-green-hu","22":"pa_colour-klasszikus-piros-2","23":"pa_colour-klasszikus-rozsaszin-grafitszurke-2","24":"pa_colour-korall-korall-hu","25":"pa_colour-kozepkek-hu-4","26":"pa_colour-legiero-kek-grafit-szurke-hu","27":"pa_colour-lila","28":"pa_colour-lime-zold-grafit-szurke","29":"pa_colour-magenta-hu","30":"pa_colour-mentazold-vilagosszurke","31":"pa_colour-mustar-hu","32":"pa_colour-narancs-grafitszurke","33":"pa_colour-narancssarga-rozsdaszin","34":"pa_colour-olajzold","35":"pa_colour-sarga-grafitszurke","36":"pa_colour-smaragd-grafitszurke-hu","37":"pa_colour-szorfkek-grafitszurke","38":"pa_colour-termeszetes-termeszetes-hu","39":"pa_colour-uveg-zold","40":"pa_colour-valodi-rozsaszin-grafitszurke-hu","41":"pa_colour-vilagosszurke-grafitszurke","42":"pa_colour-zafirkek-hu","43":"pa_size-onesize-hu","45":"first","46":"instock","47":"taxable","48":"shipping-taxable","49":"purchasable","50":"product-type-variable","51":"has-default-attributes"},"yoast_head":"<!-- This site is optimized with the Yoast SEO plugin v21.8 - https:\/\/yoast.com\/wordpress\/plugins\/seo\/ -->\n<title>BG125 Eredeti divatos h\u00e1tizs\u00e1k &#8211; Fashion shop<\/title>\n<meta name=\"robots\" content=\"index, follow, max-snippet:-1, max-image-preview:large, max-video-preview:-1\" \/>\n<link rel=\"canonical\" href=\"https:\/\/taboofashion.com\/hu\/shop\/taskabazis-bg125-eredeti-divatos-hatizsak\/\" \/>\n<meta property=\"og:locale\" content=\"hu_HU\" \/>\n<meta property=\"og:type\" content=\"article\" \/>\n<meta property=\"og:title\" content=\"BG125 Eredeti divatos h\u00e1tizs\u00e1k &#8211; Fashion shop\" \/>\n<meta property=\"og:description\" content=\"380g, 600D poli\u00e9szter\" \/>\n<meta property=\"og:url\" content=\"https:\/\/taboofashion.com\/hu\/shop\/taskabazis-bg125-eredeti-divatos-hatizsak\/\" \/>\n<meta property=\"og:site_name\" content=\"Fashion shop\" \/>\n<meta property=\"article:publisher\" content=\"https:\/\/www.facebook.com\/TabooSlovakia\" \/>\n<meta name=\"twitter:card\" content=\"summary_large_image\" \/>\n<script type=\"application\/ld+json\" class=\"yoast-schema-graph\">{\"@context\":\"https:\/\/schema.org\",\"@graph\":[{\"@type\":\"WebPage\",\"@id\":\"https:\/\/taboofashion.com\/hu\/shop\/taskabazis-bg125-eredeti-divatos-hatizsak\/\",\"url\":\"https:\/\/taboofashion.com\/hu\/shop\/taskabazis-bg125-eredeti-divatos-hatizsak\/\",\"name\":\"BG125 Eredeti divatos h\u00e1tizs\u00e1k &#8211; Fashion shop\",\"isPartOf\":{\"@id\":\"https:\/\/taboofashion.com\/hu\/#website\"},\"datePublished\":\"2022-08-30T14:59:57+00:00\",\"dateModified\":\"2022-08-30T14:59:57+00:00\",\"breadcrumb\":{\"@id\":\"https:\/\/taboofashion.com\/hu\/shop\/taskabazis-bg125-eredeti-divatos-hatizsak\/#breadcrumb\"},\"inLanguage\":\"hu\",\"potentialAction\":[{\"@type\":\"ReadAction\",\"target\":[\"https:\/\/taboofashion.com\/hu\/shop\/taskabazis-bg125-eredeti-divatos-hatizsak\/\"]}]},{\"@type\":\"BreadcrumbList\",\"@id\":\"https:\/\/taboofashion.com\/hu\/shop\/taskabazis-bg125-eredeti-divatos-hatizsak\/#breadcrumb\",\"itemListElement\":[{\"@type\":\"ListItem\",\"position\":1,\"name\":\"Home\",\"item\":\"https:\/\/taboofashion.com\/hu\/\"},{\"@type\":\"ListItem\",\"position\":2,\"name\":\"Bolt\",\"item\":\"https:\/\/taboofashion.com\/hu\/\"},{\"@type\":\"ListItem\",\"position\":3,\"name\":\"BG125 Eredeti divatos h\u00e1tizs\u00e1k\"}]},{\"@type\":\"WebSite\",\"@id\":\"https:\/\/taboofashion.com\/hu\/#website\",\"url\":\"https:\/\/taboofashion.com\/hu\/\",\"name\":\"Fashion shop\",\"description\":\"\",\"publisher\":{\"@id\":\"https:\/\/taboofashion.com\/hu\/#organization\"},\"potentialAction\":[{\"@type\":\"SearchAction\",\"target\":{\"@type\":\"EntryPoint\",\"urlTemplate\":\"https:\/\/taboofashion.com\/hu\/?s={search_term_string}\"},\"query-input\":\"required name=search_term_string\"}],\"inLanguage\":\"hu\"},{\"@type\":\"Organization\",\"@id\":\"https:\/\/taboofashion.com\/hu\/#organization\",\"name\":\"Taboo Slovakia s.r.o.\",\"url\":\"https:\/\/taboofashion.com\/hu\/\",\"logo\":{\"@type\":\"ImageObject\",\"inLanguage\":\"hu\",\"@id\":\"https:\/\/taboofashion.com\/hu\/#\/schema\/logo\/image\/\",\"url\":\"https:\/\/taboofashion.com\/wp-content\/uploads\/2022\/12\/taboologo2100-002.png\",\"contentUrl\":\"https:\/\/taboofashion.com\/wp-content\/uploads\/2022\/12\/taboologo2100-002.png\",\"width\":2100,\"height\":1050,\"caption\":\"Taboo Slovakia s.r.o.\"},\"image\":{\"@id\":\"https:\/\/taboofashion.com\/hu\/#\/schema\/logo\/image\/\"},\"sameAs\":[\"https:\/\/www.facebook.com\/TabooSlovakia\",\"https:\/\/www.linkedin.com\/company\/541747\/\",\"https:\/\/www.instagram.com\/taboofashion.com1\/\"]}]}<\/script>\n<meta property=\"product:brand\" content=\"BagBase\" \/>\n<meta property=\"og:availability\" content=\"instock\" \/>\n<meta property=\"product:availability\" content=\"instock\" \/>\n<meta property=\"product:retailer_item_id\" content=\"52012500299\" \/>\n<meta property=\"product:condition\" content=\"new\" \/>\n<!-- \/ Yoast SEO plugin. -->","yoast_head_json":{"title":"BG125 Eredeti divatos h\u00e1tizs\u00e1k &#8211; Fashion shop","robots":{"index":"index","follow":"follow","max-snippet":"max-snippet:-1","max-image-preview":"max-image-preview:large","max-video-preview":"max-video-preview:-1"},"canonical":"https:\/\/taboofashion.com\/hu\/shop\/taskabazis-bg125-eredeti-divatos-hatizsak\/","og_locale":"hu_HU","og_type":"article","og_title":"BG125 Eredeti divatos h\u00e1tizs\u00e1k &#8211; Fashion shop","og_description":"380g, 600D poli\u00e9szter","og_url":"https:\/\/taboofashion.com\/hu\/shop\/taskabazis-bg125-eredeti-divatos-hatizsak\/","og_site_name":"Fashion shop","article_publisher":"https:\/\/www.facebook.com\/TabooSlovakia","twitter_card":"summary_large_image","schema":{"@context":"https:\/\/schema.org","@graph":[{"@type":"WebPage","@id":"https:\/\/taboofashion.com\/hu\/shop\/taskabazis-bg125-eredeti-divatos-hatizsak\/","url":"https:\/\/taboofashion.com\/hu\/shop\/taskabazis-bg125-eredeti-divatos-hatizsak\/","name":"BG125 Eredeti divatos h\u00e1tizs\u00e1k &#8211; Fashion shop","isPartOf":{"@id":"https:\/\/taboofashion.com\/hu\/#website"},"datePublished":"2022-08-30T14:59:57+00:00","dateModified":"2022-08-30T14:59:57+00:00","breadcrumb":{"@id":"https:\/\/taboofashion.com\/hu\/shop\/taskabazis-bg125-eredeti-divatos-hatizsak\/#breadcrumb"},"inLanguage":"hu","potentialAction":[{"@type":"ReadAction","target":["https:\/\/taboofashion.com\/hu\/shop\/taskabazis-bg125-eredeti-divatos-hatizsak\/"]}]},{"@type":"BreadcrumbList","@id":"https:\/\/taboofashion.com\/hu\/shop\/taskabazis-bg125-eredeti-divatos-hatizsak\/#breadcrumb","itemListElement":[{"@type":"ListItem","position":1,"name":"Home","item":"https:\/\/taboofashion.com\/hu\/"},{"@type":"ListItem","position":2,"name":"Bolt","item":"https:\/\/taboofashion.com\/hu\/"},{"@type":"ListItem","position":3,"name":"BG125 Eredeti divatos h\u00e1tizs\u00e1k"}]},{"@type":"WebSite","@id":"https:\/\/taboofashion.com\/hu\/#website","url":"https:\/\/taboofashion.com\/hu\/","name":"Fashion shop","description":"","publisher":{"@id":"https:\/\/taboofashion.com\/hu\/#organization"},"potentialAction":[{"@type":"SearchAction","target":{"@type":"EntryPoint","urlTemplate":"https:\/\/taboofashion.com\/hu\/?s={search_term_string}"},"query-input":"required name=search_term_string"}],"inLanguage":"hu"},{"@type":"Organization","@id":"https:\/\/taboofashion.com\/hu\/#organization","name":"Taboo Slovakia s.r.o.","url":"https:\/\/taboofashion.com\/hu\/","logo":{"@type":"ImageObject","inLanguage":"hu","@id":"https:\/\/taboofashion.com\/hu\/#\/schema\/logo\/image\/","url":"https:\/\/taboofashion.com\/wp-content\/uploads\/2022\/12\/taboologo2100-002.png","contentUrl":"https:\/\/taboofashion.com\/wp-content\/uploads\/2022\/12\/taboologo2100-002.png","width":2100,"height":1050,"caption":"Taboo Slovakia s.r.o."},"image":{"@id":"https:\/\/taboofashion.com\/hu\/#\/schema\/logo\/image\/"},"sameAs":["https:\/\/www.facebook.com\/TabooSlovakia","https:\/\/www.linkedin.com\/company\/541747\/","https:\/\/www.instagram.com\/taboofashion.com1\/"]}]},"product_brand":"BagBase","og_availability":"instock","product_availability":"instock","product_retailer_item_id":"52012500299","product_condition":"new"},"_links":{"self":[{"href":"https:\/\/taboofashion.com\/hu\/wp-json\/wp\/v2\/product\/617106","targetHints":{"allow":["GET"]}}],"collection":[{"href":"https:\/\/taboofashion.com\/hu\/wp-json\/wp\/v2\/product"}],"about":[{"href":"https:\/\/taboofashion.com\/hu\/wp-json\/wp\/v2\/types\/product"}],"wp:featuredmedia":[{"embeddable":true,"href":"https:\/\/taboofashion.com\/hu\/wp-json\/wp\/v2\/media\/610638"}],"wp:attachment":[{"href":"https:\/\/taboofashion.com\/hu\/wp-json\/wp\/v2\/media?parent=617106"}],"wp:term":[{"taxonomy":"product_cat","embeddable":true,"href":"https:\/\/taboofashion.com\/hu\/wp-json\/wp\/v2\/product_cat?post=617106"},{"taxonomy":"product_tag","embeddable":true,"href":"https:\/\/taboofashion.com\/hu\/wp-json\/wp\/v2\/product_tag?post=617106"}],"curies":[{"name":"wp","href":"https:\/\/api.w.org\/{rel}","templated":true}]}}