{"id":617193,"date":"2022-08-29T04:00:58","date_gmt":"2022-08-29T02:00:58","guid":{"rendered":"https:\/\/taboofashion.com\/shop\/sols-miles-baba-baba-bodysuit-csikos\/"},"modified":"2022-08-29T04:00:58","modified_gmt":"2022-08-29T02:00:58","slug":"sols-miles-baba-baba-bodysuit-csikos","status":"publish","type":"product","link":"https:\/\/taboofashion.com\/hu\/shop\/sols-miles-baba-baba-bodysuit-csikos\/","title":{"rendered":"Miles Baby Baby bodysuit cs\u00edkos"},"content":{"rendered":"<p>\u00c1tfed\u0151 kerek nyakkiv\u00e1g\u00e1s, nyom\u00f3gombok a l\u00e9p\u00e9sn\u00e9l, kontrasztos sz\u00edn\u0171 k\u00f6t\u00e9s a nyakon, a karon \u00e9s a l\u00e1bsz\u00e1ron, 1&#215;1 bord\u00e1s k\u00f6t\u00e9s, semleges m\u00e9retc\u00edmke.<\/p>\n","protected":false},"excerpt":{"rendered":"<p>180g\/m\u00b2, 100% f\u00e9s\u00fclt, gy\u0171r\u0171sfonott pamut, hamvas citroms\u00e1rga: 97% pamut, 3% poli\u00e9szter.<\/p>\n","protected":false},"featured_media":608216,"template":"","meta":[],"product_cat":[3606],"product_tag":[],"class_list":{"0":"post-617193","1":"product","2":"type-product","3":"status-publish","4":"has-post-thumbnail","6":"product_cat-baba-ruha","7":"pa_brand-sols-collection-hu","8":"pa_colour-feher-navy-hu","9":"pa_colour-feher-piros","10":"pa_colour-hamu-citrom-hu","11":"pa_size-12-18-hu","12":"pa_size-18-23-hu","13":"pa_size-3-6-hu","14":"pa_size-6-12-hu","16":"first","17":"instock","18":"taxable","19":"shipping-taxable","20":"purchasable","21":"product-type-variable","22":"has-default-attributes"},"yoast_head":"<!-- This site is optimized with the Yoast SEO plugin v21.8 - https:\/\/yoast.com\/wordpress\/plugins\/seo\/ -->\n<title>Miles Baby Baby bodysuit cs\u00edkos &#8211; Fashion shop<\/title>\n<meta name=\"robots\" content=\"index, follow, max-snippet:-1, max-image-preview:large, max-video-preview:-1\" \/>\n<link rel=\"canonical\" href=\"https:\/\/taboofashion.com\/hu\/shop\/sols-miles-baba-baba-bodysuit-csikos\/\" \/>\n<meta property=\"og:locale\" content=\"hu_HU\" \/>\n<meta property=\"og:type\" content=\"article\" \/>\n<meta property=\"og:title\" content=\"Miles Baby Baby bodysuit cs\u00edkos &#8211; Fashion shop\" \/>\n<meta property=\"og:description\" content=\"180g\/m\u00b2, 100% f\u00e9s\u00fclt, gy\u0171r\u0171sfonott pamut, hamvas citroms\u00e1rga: 97% pamut, 3% poli\u00e9szter.\" \/>\n<meta property=\"og:url\" content=\"https:\/\/taboofashion.com\/hu\/shop\/sols-miles-baba-baba-bodysuit-csikos\/\" \/>\n<meta property=\"og:site_name\" content=\"Fashion shop\" \/>\n<meta property=\"article:publisher\" content=\"https:\/\/www.facebook.com\/TabooSlovakia\" \/>\n<meta name=\"twitter:card\" content=\"summary_large_image\" \/>\n<script type=\"application\/ld+json\" class=\"yoast-schema-graph\">{\"@context\":\"https:\/\/schema.org\",\"@graph\":[{\"@type\":\"WebPage\",\"@id\":\"https:\/\/taboofashion.com\/hu\/shop\/sols-miles-baba-baba-bodysuit-csikos\/\",\"url\":\"https:\/\/taboofashion.com\/hu\/shop\/sols-miles-baba-baba-bodysuit-csikos\/\",\"name\":\"Miles Baby Baby bodysuit cs\u00edkos &#8211; Fashion shop\",\"isPartOf\":{\"@id\":\"https:\/\/taboofashion.com\/hu\/#website\"},\"datePublished\":\"2022-08-29T02:00:58+00:00\",\"dateModified\":\"2022-08-29T02:00:58+00:00\",\"breadcrumb\":{\"@id\":\"https:\/\/taboofashion.com\/hu\/shop\/sols-miles-baba-baba-bodysuit-csikos\/#breadcrumb\"},\"inLanguage\":\"hu\",\"potentialAction\":[{\"@type\":\"ReadAction\",\"target\":[\"https:\/\/taboofashion.com\/hu\/shop\/sols-miles-baba-baba-bodysuit-csikos\/\"]}]},{\"@type\":\"BreadcrumbList\",\"@id\":\"https:\/\/taboofashion.com\/hu\/shop\/sols-miles-baba-baba-bodysuit-csikos\/#breadcrumb\",\"itemListElement\":[{\"@type\":\"ListItem\",\"position\":1,\"name\":\"Home\",\"item\":\"https:\/\/taboofashion.com\/hu\/\"},{\"@type\":\"ListItem\",\"position\":2,\"name\":\"Bolt\",\"item\":\"https:\/\/taboofashion.com\/hu\/\"},{\"@type\":\"ListItem\",\"position\":3,\"name\":\"Miles Baby Baby bodysuit cs\u00edkos\"}]},{\"@type\":\"WebSite\",\"@id\":\"https:\/\/taboofashion.com\/hu\/#website\",\"url\":\"https:\/\/taboofashion.com\/hu\/\",\"name\":\"Fashion shop\",\"description\":\"\",\"publisher\":{\"@id\":\"https:\/\/taboofashion.com\/hu\/#organization\"},\"potentialAction\":[{\"@type\":\"SearchAction\",\"target\":{\"@type\":\"EntryPoint\",\"urlTemplate\":\"https:\/\/taboofashion.com\/hu\/?s={search_term_string}\"},\"query-input\":\"required name=search_term_string\"}],\"inLanguage\":\"hu\"},{\"@type\":\"Organization\",\"@id\":\"https:\/\/taboofashion.com\/hu\/#organization\",\"name\":\"Taboo Slovakia s.r.o.\",\"url\":\"https:\/\/taboofashion.com\/hu\/\",\"logo\":{\"@type\":\"ImageObject\",\"inLanguage\":\"hu\",\"@id\":\"https:\/\/taboofashion.com\/hu\/#\/schema\/logo\/image\/\",\"url\":\"https:\/\/taboofashion.com\/wp-content\/uploads\/2022\/12\/taboologo2100-002.png\",\"contentUrl\":\"https:\/\/taboofashion.com\/wp-content\/uploads\/2022\/12\/taboologo2100-002.png\",\"width\":2100,\"height\":1050,\"caption\":\"Taboo Slovakia s.r.o.\"},\"image\":{\"@id\":\"https:\/\/taboofashion.com\/hu\/#\/schema\/logo\/image\/\"},\"sameAs\":[\"https:\/\/www.facebook.com\/TabooSlovakia\",\"https:\/\/www.linkedin.com\/company\/541747\/\",\"https:\/\/www.instagram.com\/taboofashion.com1\/\"]}]}<\/script>\n<meta property=\"product:brand\" content=\"SOL&#039;s Collection\" \/>\n<meta property=\"og:availability\" content=\"instock\" \/>\n<meta property=\"product:availability\" content=\"instock\" \/>\n<meta property=\"product:retailer_item_id\" content=\"25140190375\" \/>\n<meta property=\"product:condition\" content=\"new\" \/>\n<!-- \/ Yoast SEO plugin. -->","yoast_head_json":{"title":"Miles Baby Baby bodysuit cs\u00edkos &#8211; Fashion shop","robots":{"index":"index","follow":"follow","max-snippet":"max-snippet:-1","max-image-preview":"max-image-preview:large","max-video-preview":"max-video-preview:-1"},"canonical":"https:\/\/taboofashion.com\/hu\/shop\/sols-miles-baba-baba-bodysuit-csikos\/","og_locale":"hu_HU","og_type":"article","og_title":"Miles Baby Baby bodysuit cs\u00edkos &#8211; Fashion shop","og_description":"180g\/m\u00b2, 100% f\u00e9s\u00fclt, gy\u0171r\u0171sfonott pamut, hamvas citroms\u00e1rga: 97% pamut, 3% poli\u00e9szter.","og_url":"https:\/\/taboofashion.com\/hu\/shop\/sols-miles-baba-baba-bodysuit-csikos\/","og_site_name":"Fashion shop","article_publisher":"https:\/\/www.facebook.com\/TabooSlovakia","twitter_card":"summary_large_image","schema":{"@context":"https:\/\/schema.org","@graph":[{"@type":"WebPage","@id":"https:\/\/taboofashion.com\/hu\/shop\/sols-miles-baba-baba-bodysuit-csikos\/","url":"https:\/\/taboofashion.com\/hu\/shop\/sols-miles-baba-baba-bodysuit-csikos\/","name":"Miles Baby Baby bodysuit cs\u00edkos &#8211; Fashion shop","isPartOf":{"@id":"https:\/\/taboofashion.com\/hu\/#website"},"datePublished":"2022-08-29T02:00:58+00:00","dateModified":"2022-08-29T02:00:58+00:00","breadcrumb":{"@id":"https:\/\/taboofashion.com\/hu\/shop\/sols-miles-baba-baba-bodysuit-csikos\/#breadcrumb"},"inLanguage":"hu","potentialAction":[{"@type":"ReadAction","target":["https:\/\/taboofashion.com\/hu\/shop\/sols-miles-baba-baba-bodysuit-csikos\/"]}]},{"@type":"BreadcrumbList","@id":"https:\/\/taboofashion.com\/hu\/shop\/sols-miles-baba-baba-bodysuit-csikos\/#breadcrumb","itemListElement":[{"@type":"ListItem","position":1,"name":"Home","item":"https:\/\/taboofashion.com\/hu\/"},{"@type":"ListItem","position":2,"name":"Bolt","item":"https:\/\/taboofashion.com\/hu\/"},{"@type":"ListItem","position":3,"name":"Miles Baby Baby bodysuit cs\u00edkos"}]},{"@type":"WebSite","@id":"https:\/\/taboofashion.com\/hu\/#website","url":"https:\/\/taboofashion.com\/hu\/","name":"Fashion shop","description":"","publisher":{"@id":"https:\/\/taboofashion.com\/hu\/#organization"},"potentialAction":[{"@type":"SearchAction","target":{"@type":"EntryPoint","urlTemplate":"https:\/\/taboofashion.com\/hu\/?s={search_term_string}"},"query-input":"required name=search_term_string"}],"inLanguage":"hu"},{"@type":"Organization","@id":"https:\/\/taboofashion.com\/hu\/#organization","name":"Taboo Slovakia s.r.o.","url":"https:\/\/taboofashion.com\/hu\/","logo":{"@type":"ImageObject","inLanguage":"hu","@id":"https:\/\/taboofashion.com\/hu\/#\/schema\/logo\/image\/","url":"https:\/\/taboofashion.com\/wp-content\/uploads\/2022\/12\/taboologo2100-002.png","contentUrl":"https:\/\/taboofashion.com\/wp-content\/uploads\/2022\/12\/taboologo2100-002.png","width":2100,"height":1050,"caption":"Taboo Slovakia s.r.o."},"image":{"@id":"https:\/\/taboofashion.com\/hu\/#\/schema\/logo\/image\/"},"sameAs":["https:\/\/www.facebook.com\/TabooSlovakia","https:\/\/www.linkedin.com\/company\/541747\/","https:\/\/www.instagram.com\/taboofashion.com1\/"]}]},"product_brand":"SOL&#039;s Collection","og_availability":"instock","product_availability":"instock","product_retailer_item_id":"25140190375","product_condition":"new"},"_links":{"self":[{"href":"https:\/\/taboofashion.com\/hu\/wp-json\/wp\/v2\/product\/617193","targetHints":{"allow":["GET"]}}],"collection":[{"href":"https:\/\/taboofashion.com\/hu\/wp-json\/wp\/v2\/product"}],"about":[{"href":"https:\/\/taboofashion.com\/hu\/wp-json\/wp\/v2\/types\/product"}],"wp:featuredmedia":[{"embeddable":true,"href":"https:\/\/taboofashion.com\/hu\/wp-json\/wp\/v2\/media\/608216"}],"wp:attachment":[{"href":"https:\/\/taboofashion.com\/hu\/wp-json\/wp\/v2\/media?parent=617193"}],"wp:term":[{"taxonomy":"product_cat","embeddable":true,"href":"https:\/\/taboofashion.com\/hu\/wp-json\/wp\/v2\/product_cat?post=617193"},{"taxonomy":"product_tag","embeddable":true,"href":"https:\/\/taboofashion.com\/hu\/wp-json\/wp\/v2\/product_tag?post=617193"}],"curies":[{"name":"wp","href":"https:\/\/api.w.org\/{rel}","templated":true}]}}