{"id":617638,"date":"2022-08-30T16:41:01","date_gmt":"2022-08-30T14:41:01","guid":{"rendered":"https:\/\/taboofashion.com\/shop\/quadra-qs77-csapatruha-sporttaska\/"},"modified":"2022-08-30T16:41:01","modified_gmt":"2022-08-30T14:41:01","slug":"quadra-qs77-csapatruha-sporttaska","status":"publish","type":"product","link":"https:\/\/taboofashion.com\/hu\/shop\/quadra-qs77-csapatruha-sporttaska\/","title":{"rendered":"QS77 Teamwear sportt\u00e1ska"},"content":{"rendered":"<p>P\u00e1rn\u00e1zott foganty\u00fa, levehet\u0151, \u00e1ll\u00edthat\u00f3, p\u00e1rn\u00e1zott v\u00e1llp\u00e1nt, v\u00e9d\u0151 talp, bels\u0151 talapzat, oldals\u00f3 zsebek (az egyik h\u00e1l\u00f3s bet\u00e9ttel), kompakt m\u00e9ret, hogy a legt\u00f6bb szekr\u00e9nybe belef\u00e9rjen, \u0171rtartalom: 30l, m\u00e9ret: 47x30x27cm.<\/p>\n","protected":false},"excerpt":{"rendered":"<p>760g, 600D\/420D poli\u00e9szter kombin\u00e1ci\u00f3ja<\/p>\n","protected":false},"featured_media":610140,"template":"","meta":[],"product_cat":[3623,3607],"product_tag":[],"class_list":{"0":"post-617638","1":"product","2":"type-product","3":"status-publish","4":"has-post-thumbnail","6":"product_cat-sport-ruhazat","7":"product_cat-taskak","8":"pa_brand-quadra-hu","9":"pa_colour-egszinkek-francia-tengereszgyalogsag-feher","10":"pa_colour-fekete-fukszia-hu","11":"pa_colour-fekete-lime-zold","12":"pa_colour-fekete-sarga","13":"pa_colour-fekete-vilagosszurke-hu","14":"pa_colour-fenyes-kiralyi-fekete-feher-hu","15":"pa_colour-francia-tengereszgyalogsag-vilagosszurke","16":"pa_colour-klasszikus-piros-fekete-feher-hu","17":"pa_colour-klasszikus-rozsaszin-grafitszurke-feher-hu","18":"pa_size-onesize-hu","20":"first","21":"instock","22":"taxable","23":"shipping-taxable","24":"purchasable","25":"product-type-variable","26":"has-default-attributes"},"yoast_head":"<!-- This site is optimized with the Yoast SEO plugin v21.8 - https:\/\/yoast.com\/wordpress\/plugins\/seo\/ -->\n<title>QS77 Teamwear sportt\u00e1ska &#8211; Fashion shop<\/title>\n<meta name=\"robots\" content=\"index, follow, max-snippet:-1, max-image-preview:large, max-video-preview:-1\" \/>\n<link rel=\"canonical\" href=\"https:\/\/taboofashion.com\/hu\/shop\/quadra-qs77-csapatruha-sporttaska\/\" \/>\n<meta property=\"og:locale\" content=\"hu_HU\" \/>\n<meta property=\"og:type\" content=\"article\" \/>\n<meta property=\"og:title\" content=\"QS77 Teamwear sportt\u00e1ska &#8211; Fashion shop\" \/>\n<meta property=\"og:description\" content=\"760g, 600D\/420D poli\u00e9szter kombin\u00e1ci\u00f3ja\" \/>\n<meta property=\"og:url\" content=\"https:\/\/taboofashion.com\/hu\/shop\/quadra-qs77-csapatruha-sporttaska\/\" \/>\n<meta property=\"og:site_name\" content=\"Fashion shop\" \/>\n<meta property=\"article:publisher\" content=\"https:\/\/www.facebook.com\/TabooSlovakia\" \/>\n<meta name=\"twitter:card\" content=\"summary_large_image\" \/>\n<script type=\"application\/ld+json\" class=\"yoast-schema-graph\">{\"@context\":\"https:\/\/schema.org\",\"@graph\":[{\"@type\":\"WebPage\",\"@id\":\"https:\/\/taboofashion.com\/hu\/shop\/quadra-qs77-csapatruha-sporttaska\/\",\"url\":\"https:\/\/taboofashion.com\/hu\/shop\/quadra-qs77-csapatruha-sporttaska\/\",\"name\":\"QS77 Teamwear sportt\u00e1ska &#8211; Fashion shop\",\"isPartOf\":{\"@id\":\"https:\/\/taboofashion.com\/hu\/#website\"},\"datePublished\":\"2022-08-30T14:41:01+00:00\",\"dateModified\":\"2022-08-30T14:41:01+00:00\",\"breadcrumb\":{\"@id\":\"https:\/\/taboofashion.com\/hu\/shop\/quadra-qs77-csapatruha-sporttaska\/#breadcrumb\"},\"inLanguage\":\"hu\",\"potentialAction\":[{\"@type\":\"ReadAction\",\"target\":[\"https:\/\/taboofashion.com\/hu\/shop\/quadra-qs77-csapatruha-sporttaska\/\"]}]},{\"@type\":\"BreadcrumbList\",\"@id\":\"https:\/\/taboofashion.com\/hu\/shop\/quadra-qs77-csapatruha-sporttaska\/#breadcrumb\",\"itemListElement\":[{\"@type\":\"ListItem\",\"position\":1,\"name\":\"Home\",\"item\":\"https:\/\/taboofashion.com\/hu\/\"},{\"@type\":\"ListItem\",\"position\":2,\"name\":\"Bolt\",\"item\":\"https:\/\/taboofashion.com\/hu\/\"},{\"@type\":\"ListItem\",\"position\":3,\"name\":\"QS77 Teamwear sportt\u00e1ska\"}]},{\"@type\":\"WebSite\",\"@id\":\"https:\/\/taboofashion.com\/hu\/#website\",\"url\":\"https:\/\/taboofashion.com\/hu\/\",\"name\":\"Fashion shop\",\"description\":\"\",\"publisher\":{\"@id\":\"https:\/\/taboofashion.com\/hu\/#organization\"},\"potentialAction\":[{\"@type\":\"SearchAction\",\"target\":{\"@type\":\"EntryPoint\",\"urlTemplate\":\"https:\/\/taboofashion.com\/hu\/?s={search_term_string}\"},\"query-input\":\"required name=search_term_string\"}],\"inLanguage\":\"hu\"},{\"@type\":\"Organization\",\"@id\":\"https:\/\/taboofashion.com\/hu\/#organization\",\"name\":\"Taboo Slovakia s.r.o.\",\"url\":\"https:\/\/taboofashion.com\/hu\/\",\"logo\":{\"@type\":\"ImageObject\",\"inLanguage\":\"hu\",\"@id\":\"https:\/\/taboofashion.com\/hu\/#\/schema\/logo\/image\/\",\"url\":\"https:\/\/taboofashion.com\/wp-content\/uploads\/2022\/12\/taboologo2100-002.png\",\"contentUrl\":\"https:\/\/taboofashion.com\/wp-content\/uploads\/2022\/12\/taboologo2100-002.png\",\"width\":2100,\"height\":1050,\"caption\":\"Taboo Slovakia s.r.o.\"},\"image\":{\"@id\":\"https:\/\/taboofashion.com\/hu\/#\/schema\/logo\/image\/\"},\"sameAs\":[\"https:\/\/www.facebook.com\/TabooSlovakia\",\"https:\/\/www.linkedin.com\/company\/541747\/\",\"https:\/\/www.instagram.com\/taboofashion.com1\/\"]}]}<\/script>\n<meta property=\"product:brand\" content=\"Quadra\" \/>\n<meta property=\"og:availability\" content=\"instock\" \/>\n<meta property=\"product:availability\" content=\"instock\" \/>\n<meta property=\"product:retailer_item_id\" content=\"51S07719799\" \/>\n<meta property=\"product:condition\" content=\"new\" \/>\n<!-- \/ Yoast SEO plugin. -->","yoast_head_json":{"title":"QS77 Teamwear sportt\u00e1ska &#8211; Fashion shop","robots":{"index":"index","follow":"follow","max-snippet":"max-snippet:-1","max-image-preview":"max-image-preview:large","max-video-preview":"max-video-preview:-1"},"canonical":"https:\/\/taboofashion.com\/hu\/shop\/quadra-qs77-csapatruha-sporttaska\/","og_locale":"hu_HU","og_type":"article","og_title":"QS77 Teamwear sportt\u00e1ska &#8211; Fashion shop","og_description":"760g, 600D\/420D poli\u00e9szter kombin\u00e1ci\u00f3ja","og_url":"https:\/\/taboofashion.com\/hu\/shop\/quadra-qs77-csapatruha-sporttaska\/","og_site_name":"Fashion shop","article_publisher":"https:\/\/www.facebook.com\/TabooSlovakia","twitter_card":"summary_large_image","schema":{"@context":"https:\/\/schema.org","@graph":[{"@type":"WebPage","@id":"https:\/\/taboofashion.com\/hu\/shop\/quadra-qs77-csapatruha-sporttaska\/","url":"https:\/\/taboofashion.com\/hu\/shop\/quadra-qs77-csapatruha-sporttaska\/","name":"QS77 Teamwear sportt\u00e1ska &#8211; Fashion shop","isPartOf":{"@id":"https:\/\/taboofashion.com\/hu\/#website"},"datePublished":"2022-08-30T14:41:01+00:00","dateModified":"2022-08-30T14:41:01+00:00","breadcrumb":{"@id":"https:\/\/taboofashion.com\/hu\/shop\/quadra-qs77-csapatruha-sporttaska\/#breadcrumb"},"inLanguage":"hu","potentialAction":[{"@type":"ReadAction","target":["https:\/\/taboofashion.com\/hu\/shop\/quadra-qs77-csapatruha-sporttaska\/"]}]},{"@type":"BreadcrumbList","@id":"https:\/\/taboofashion.com\/hu\/shop\/quadra-qs77-csapatruha-sporttaska\/#breadcrumb","itemListElement":[{"@type":"ListItem","position":1,"name":"Home","item":"https:\/\/taboofashion.com\/hu\/"},{"@type":"ListItem","position":2,"name":"Bolt","item":"https:\/\/taboofashion.com\/hu\/"},{"@type":"ListItem","position":3,"name":"QS77 Teamwear sportt\u00e1ska"}]},{"@type":"WebSite","@id":"https:\/\/taboofashion.com\/hu\/#website","url":"https:\/\/taboofashion.com\/hu\/","name":"Fashion shop","description":"","publisher":{"@id":"https:\/\/taboofashion.com\/hu\/#organization"},"potentialAction":[{"@type":"SearchAction","target":{"@type":"EntryPoint","urlTemplate":"https:\/\/taboofashion.com\/hu\/?s={search_term_string}"},"query-input":"required name=search_term_string"}],"inLanguage":"hu"},{"@type":"Organization","@id":"https:\/\/taboofashion.com\/hu\/#organization","name":"Taboo Slovakia s.r.o.","url":"https:\/\/taboofashion.com\/hu\/","logo":{"@type":"ImageObject","inLanguage":"hu","@id":"https:\/\/taboofashion.com\/hu\/#\/schema\/logo\/image\/","url":"https:\/\/taboofashion.com\/wp-content\/uploads\/2022\/12\/taboologo2100-002.png","contentUrl":"https:\/\/taboofashion.com\/wp-content\/uploads\/2022\/12\/taboologo2100-002.png","width":2100,"height":1050,"caption":"Taboo Slovakia s.r.o."},"image":{"@id":"https:\/\/taboofashion.com\/hu\/#\/schema\/logo\/image\/"},"sameAs":["https:\/\/www.facebook.com\/TabooSlovakia","https:\/\/www.linkedin.com\/company\/541747\/","https:\/\/www.instagram.com\/taboofashion.com1\/"]}]},"product_brand":"Quadra","og_availability":"instock","product_availability":"instock","product_retailer_item_id":"51S07719799","product_condition":"new"},"_links":{"self":[{"href":"https:\/\/taboofashion.com\/hu\/wp-json\/wp\/v2\/product\/617638","targetHints":{"allow":["GET"]}}],"collection":[{"href":"https:\/\/taboofashion.com\/hu\/wp-json\/wp\/v2\/product"}],"about":[{"href":"https:\/\/taboofashion.com\/hu\/wp-json\/wp\/v2\/types\/product"}],"wp:featuredmedia":[{"embeddable":true,"href":"https:\/\/taboofashion.com\/hu\/wp-json\/wp\/v2\/media\/610140"}],"wp:attachment":[{"href":"https:\/\/taboofashion.com\/hu\/wp-json\/wp\/v2\/media?parent=617638"}],"wp:term":[{"taxonomy":"product_cat","embeddable":true,"href":"https:\/\/taboofashion.com\/hu\/wp-json\/wp\/v2\/product_cat?post=617638"},{"taxonomy":"product_tag","embeddable":true,"href":"https:\/\/taboofashion.com\/hu\/wp-json\/wp\/v2\/product_tag?post=617638"}],"curies":[{"name":"wp","href":"https:\/\/api.w.org\/{rel}","templated":true}]}}