{"id":619867,"date":"2022-08-24T20:39:04","date_gmt":"2022-08-24T18:39:04","guid":{"rendered":"https:\/\/taboofashion.com\/shop\/bc-inspire-slub-t-men_-men-organic-medium-fit-slub-polo\/"},"modified":"2023-05-24T16:45:30","modified_gmt":"2023-05-24T14:45:30","slug":"bc-inspire-wedding-t-men_-men-organic-medium-fit-wedding-half","status":"publish","type":"product","link":"https:\/\/taboofashion.com\/hu\/shop\/bc-inspire-wedding-t-men_-men-organic-medium-fit-wedding-half\/","title":{"rendered":"Inspire Organikus f\u00e9rfi p\u00f3l\u00f3"},"content":{"rendered":"<p>Lezser szab\u00e1s, keskeny szeg\u00e9ly, kerek nyakkiv\u00e1g\u00e1s, folyamatos nyak- \u00e9s v\u00e1llszalag, m\u00e9retsemleges c\u00edmke<\/p>\n","protected":false},"excerpt":{"rendered":"<p>120g\/m\u00b2, 100% f\u00e9s\u00fclt, gy\u0171r\u0171s fon\u00e1s\u00fa, min\u0151s\u00edtett biopamut, slub single jersey<\/p>\n","protected":false},"featured_media":610356,"template":"","meta":[],"product_cat":[3629],"product_tag":[6729],"class_list":{"0":"post-619867","1":"product","2":"type-product","3":"status-publish","4":"has-post-thumbnail","6":"product_cat-polok","7":"product_tag-bc_01_tm46_men-hu","8":"pa_brand-bc-collection-hu","9":"pa_colour-antracit-hu","10":"pa_colour-fekete-hu","11":"pa_colour-piros-hu","12":"pa_colour-tengereszkek-hu-2","13":"pa_colour-tiszta-feher-hu","14":"pa_size-s-hu","15":"pa_size-m-hu","16":"pa_size-l-hu","17":"pa_size-xl-hu","18":"pa_size-xxl-hu","19":"pa_size-3xl-hu","21":"first","22":"instock","23":"taxable","24":"shipping-taxable","25":"purchasable","26":"product-type-variable","27":"has-default-attributes"},"yoast_head":"<!-- This site is optimized with the Yoast SEO plugin v21.8 - https:\/\/yoast.com\/wordpress\/plugins\/seo\/ -->\n<title>Inspire Organikus f\u00e9rfi p\u00f3l\u00f3 &#8211; Fashion shop<\/title>\n<meta name=\"robots\" content=\"index, follow, max-snippet:-1, max-image-preview:large, max-video-preview:-1\" \/>\n<link rel=\"canonical\" href=\"https:\/\/taboofashion.com\/hu\/shop\/bc-inspire-wedding-t-men_-men-organic-medium-fit-wedding-half\/\" \/>\n<meta property=\"og:locale\" content=\"hu_HU\" \/>\n<meta property=\"og:type\" content=\"article\" \/>\n<meta property=\"og:title\" content=\"Inspire Organikus f\u00e9rfi p\u00f3l\u00f3 &#8211; Fashion shop\" \/>\n<meta property=\"og:description\" content=\"120g\/m\u00b2, 100% f\u00e9s\u00fclt, gy\u0171r\u0171s fon\u00e1s\u00fa, min\u0151s\u00edtett biopamut, slub single jersey\" \/>\n<meta property=\"og:url\" content=\"https:\/\/taboofashion.com\/hu\/shop\/bc-inspire-wedding-t-men_-men-organic-medium-fit-wedding-half\/\" \/>\n<meta property=\"og:site_name\" content=\"Fashion shop\" \/>\n<meta property=\"article:publisher\" content=\"https:\/\/www.facebook.com\/TabooSlovakia\" \/>\n<meta property=\"article:modified_time\" content=\"2023-05-24T14:45:30+00:00\" \/>\n<meta property=\"og:image\" content=\"https:\/\/taboofashion.com\/wp-content\/uploads\/2022\/08\/BC_01_TM46_Men.jpg\" \/>\n\t<meta property=\"og:image:width\" content=\"1000\" \/>\n\t<meta property=\"og:image:height\" content=\"1000\" \/>\n\t<meta property=\"og:image:type\" content=\"image\/jpeg\" \/>\n<meta name=\"twitter:card\" content=\"summary_large_image\" \/>\n<script type=\"application\/ld+json\" class=\"yoast-schema-graph\">{\"@context\":\"https:\/\/schema.org\",\"@graph\":[{\"@type\":\"WebPage\",\"@id\":\"https:\/\/taboofashion.com\/hu\/shop\/bc-inspire-wedding-t-men_-men-organic-medium-fit-wedding-half\/\",\"url\":\"https:\/\/taboofashion.com\/hu\/shop\/bc-inspire-wedding-t-men_-men-organic-medium-fit-wedding-half\/\",\"name\":\"Inspire Organikus f\u00e9rfi p\u00f3l\u00f3 &#8211; Fashion shop\",\"isPartOf\":{\"@id\":\"https:\/\/taboofashion.com\/hu\/#website\"},\"datePublished\":\"2022-08-24T18:39:04+00:00\",\"dateModified\":\"2023-05-24T14:45:30+00:00\",\"breadcrumb\":{\"@id\":\"https:\/\/taboofashion.com\/hu\/shop\/bc-inspire-wedding-t-men_-men-organic-medium-fit-wedding-half\/#breadcrumb\"},\"inLanguage\":\"hu\",\"potentialAction\":[{\"@type\":\"ReadAction\",\"target\":[\"https:\/\/taboofashion.com\/hu\/shop\/bc-inspire-wedding-t-men_-men-organic-medium-fit-wedding-half\/\"]}]},{\"@type\":\"BreadcrumbList\",\"@id\":\"https:\/\/taboofashion.com\/hu\/shop\/bc-inspire-wedding-t-men_-men-organic-medium-fit-wedding-half\/#breadcrumb\",\"itemListElement\":[{\"@type\":\"ListItem\",\"position\":1,\"name\":\"Home\",\"item\":\"https:\/\/taboofashion.com\/hu\/\"},{\"@type\":\"ListItem\",\"position\":2,\"name\":\"Bolt\",\"item\":\"https:\/\/taboofashion.com\/hu\/\"},{\"@type\":\"ListItem\",\"position\":3,\"name\":\"Inspire Organikus f\u00e9rfi p\u00f3l\u00f3\"}]},{\"@type\":\"WebSite\",\"@id\":\"https:\/\/taboofashion.com\/hu\/#website\",\"url\":\"https:\/\/taboofashion.com\/hu\/\",\"name\":\"Fashion shop\",\"description\":\"\",\"publisher\":{\"@id\":\"https:\/\/taboofashion.com\/hu\/#organization\"},\"potentialAction\":[{\"@type\":\"SearchAction\",\"target\":{\"@type\":\"EntryPoint\",\"urlTemplate\":\"https:\/\/taboofashion.com\/hu\/?s={search_term_string}\"},\"query-input\":\"required name=search_term_string\"}],\"inLanguage\":\"hu\"},{\"@type\":\"Organization\",\"@id\":\"https:\/\/taboofashion.com\/hu\/#organization\",\"name\":\"Taboo Slovakia s.r.o.\",\"url\":\"https:\/\/taboofashion.com\/hu\/\",\"logo\":{\"@type\":\"ImageObject\",\"inLanguage\":\"hu\",\"@id\":\"https:\/\/taboofashion.com\/hu\/#\/schema\/logo\/image\/\",\"url\":\"https:\/\/taboofashion.com\/wp-content\/uploads\/2022\/12\/taboologo2100-002.png\",\"contentUrl\":\"https:\/\/taboofashion.com\/wp-content\/uploads\/2022\/12\/taboologo2100-002.png\",\"width\":2100,\"height\":1050,\"caption\":\"Taboo Slovakia s.r.o.\"},\"image\":{\"@id\":\"https:\/\/taboofashion.com\/hu\/#\/schema\/logo\/image\/\"},\"sameAs\":[\"https:\/\/www.facebook.com\/TabooSlovakia\",\"https:\/\/www.linkedin.com\/company\/541747\/\",\"https:\/\/www.instagram.com\/taboofashion.com1\/\"]}]}<\/script>\n<meta property=\"product:brand\" content=\"B&amp;C Collection\" \/>\n<meta property=\"og:availability\" content=\"instock\" \/>\n<meta property=\"product:availability\" content=\"instock\" \/>\n<meta property=\"product:retailer_item_id\" content=\"01TM4675101\" \/>\n<meta property=\"product:condition\" content=\"new\" \/>\n<!-- \/ Yoast SEO plugin. -->","yoast_head_json":{"title":"Inspire Organikus f\u00e9rfi p\u00f3l\u00f3 &#8211; Fashion shop","robots":{"index":"index","follow":"follow","max-snippet":"max-snippet:-1","max-image-preview":"max-image-preview:large","max-video-preview":"max-video-preview:-1"},"canonical":"https:\/\/taboofashion.com\/hu\/shop\/bc-inspire-wedding-t-men_-men-organic-medium-fit-wedding-half\/","og_locale":"hu_HU","og_type":"article","og_title":"Inspire Organikus f\u00e9rfi p\u00f3l\u00f3 &#8211; Fashion shop","og_description":"120g\/m\u00b2, 100% f\u00e9s\u00fclt, gy\u0171r\u0171s fon\u00e1s\u00fa, min\u0151s\u00edtett biopamut, slub single jersey","og_url":"https:\/\/taboofashion.com\/hu\/shop\/bc-inspire-wedding-t-men_-men-organic-medium-fit-wedding-half\/","og_site_name":"Fashion shop","article_publisher":"https:\/\/www.facebook.com\/TabooSlovakia","article_modified_time":"2023-05-24T14:45:30+00:00","og_image":[{"width":1000,"height":1000,"url":"https:\/\/taboofashion.com\/wp-content\/uploads\/2022\/08\/BC_01_TM46_Men.jpg","type":"image\/jpeg"}],"twitter_card":"summary_large_image","schema":{"@context":"https:\/\/schema.org","@graph":[{"@type":"WebPage","@id":"https:\/\/taboofashion.com\/hu\/shop\/bc-inspire-wedding-t-men_-men-organic-medium-fit-wedding-half\/","url":"https:\/\/taboofashion.com\/hu\/shop\/bc-inspire-wedding-t-men_-men-organic-medium-fit-wedding-half\/","name":"Inspire Organikus f\u00e9rfi p\u00f3l\u00f3 &#8211; Fashion shop","isPartOf":{"@id":"https:\/\/taboofashion.com\/hu\/#website"},"datePublished":"2022-08-24T18:39:04+00:00","dateModified":"2023-05-24T14:45:30+00:00","breadcrumb":{"@id":"https:\/\/taboofashion.com\/hu\/shop\/bc-inspire-wedding-t-men_-men-organic-medium-fit-wedding-half\/#breadcrumb"},"inLanguage":"hu","potentialAction":[{"@type":"ReadAction","target":["https:\/\/taboofashion.com\/hu\/shop\/bc-inspire-wedding-t-men_-men-organic-medium-fit-wedding-half\/"]}]},{"@type":"BreadcrumbList","@id":"https:\/\/taboofashion.com\/hu\/shop\/bc-inspire-wedding-t-men_-men-organic-medium-fit-wedding-half\/#breadcrumb","itemListElement":[{"@type":"ListItem","position":1,"name":"Home","item":"https:\/\/taboofashion.com\/hu\/"},{"@type":"ListItem","position":2,"name":"Bolt","item":"https:\/\/taboofashion.com\/hu\/"},{"@type":"ListItem","position":3,"name":"Inspire Organikus f\u00e9rfi p\u00f3l\u00f3"}]},{"@type":"WebSite","@id":"https:\/\/taboofashion.com\/hu\/#website","url":"https:\/\/taboofashion.com\/hu\/","name":"Fashion shop","description":"","publisher":{"@id":"https:\/\/taboofashion.com\/hu\/#organization"},"potentialAction":[{"@type":"SearchAction","target":{"@type":"EntryPoint","urlTemplate":"https:\/\/taboofashion.com\/hu\/?s={search_term_string}"},"query-input":"required name=search_term_string"}],"inLanguage":"hu"},{"@type":"Organization","@id":"https:\/\/taboofashion.com\/hu\/#organization","name":"Taboo Slovakia s.r.o.","url":"https:\/\/taboofashion.com\/hu\/","logo":{"@type":"ImageObject","inLanguage":"hu","@id":"https:\/\/taboofashion.com\/hu\/#\/schema\/logo\/image\/","url":"https:\/\/taboofashion.com\/wp-content\/uploads\/2022\/12\/taboologo2100-002.png","contentUrl":"https:\/\/taboofashion.com\/wp-content\/uploads\/2022\/12\/taboologo2100-002.png","width":2100,"height":1050,"caption":"Taboo Slovakia s.r.o."},"image":{"@id":"https:\/\/taboofashion.com\/hu\/#\/schema\/logo\/image\/"},"sameAs":["https:\/\/www.facebook.com\/TabooSlovakia","https:\/\/www.linkedin.com\/company\/541747\/","https:\/\/www.instagram.com\/taboofashion.com1\/"]}]},"product_brand":"B&amp;C Collection","og_availability":"instock","product_availability":"instock","product_retailer_item_id":"01TM4675101","product_condition":"new"},"_links":{"self":[{"href":"https:\/\/taboofashion.com\/hu\/wp-json\/wp\/v2\/product\/619867","targetHints":{"allow":["GET"]}}],"collection":[{"href":"https:\/\/taboofashion.com\/hu\/wp-json\/wp\/v2\/product"}],"about":[{"href":"https:\/\/taboofashion.com\/hu\/wp-json\/wp\/v2\/types\/product"}],"wp:featuredmedia":[{"embeddable":true,"href":"https:\/\/taboofashion.com\/hu\/wp-json\/wp\/v2\/media\/610356"}],"wp:attachment":[{"href":"https:\/\/taboofashion.com\/hu\/wp-json\/wp\/v2\/media?parent=619867"}],"wp:term":[{"taxonomy":"product_cat","embeddable":true,"href":"https:\/\/taboofashion.com\/hu\/wp-json\/wp\/v2\/product_cat?post=619867"},{"taxonomy":"product_tag","embeddable":true,"href":"https:\/\/taboofashion.com\/hu\/wp-json\/wp\/v2\/product_tag?post=619867"}],"curies":[{"name":"wp","href":"https:\/\/api.w.org\/{rel}","templated":true}]}}